{"id":3456,"date":"2022-09-22T13:34:30","date_gmt":"2022-09-22T09:34:30","guid":{"rendered":"https:\/\/pro-mauritius.com\/home\/?page_id=3456"},"modified":"2022-10-03T08:30:53","modified_gmt":"2022-10-03T04:30:53","slug":"referenzen","status":"publish","type":"page","link":"https:\/\/pro-mauritius.com\/home\/ueber-uns\/referenzen\/","title":{"rendered":"Referenzen"},"content":{"rendered":"<p>[et_pb_section fb_built=&#8221;1&#8243; admin_label=&#8221;Testimonials&#8221; _builder_version=&#8221;3.22&#8243; custom_padding=&#8221;30px|0px|54px|0px|false|false&#8221;][et_pb_row _builder_version=&#8221;3.25&#8243; custom_padding=&#8221;0px|0px|54px|0px|false|false&#8221; locked=&#8221;off&#8221;][et_pb_column type=&#8221;4_4&#8243; _builder_version=&#8221;3.25&#8243; custom_padding=&#8221;|||&#8221; custom_padding__hover=&#8221;|||&#8221;][et_pb_text module_id=&#8221;corp-tax&#8221; _builder_version=&#8221;4.8.1&#8243; text_font=&#8221;||||||||&#8221; header_font=&#8221;||||||||&#8221; header_line_height=&#8221;1.3em&#8221; header_2_font=&#8221;Times New Roman|600|||||||&#8221; header_2_font_size=&#8221;30px&#8221; header_2_letter_spacing=&#8221;1px&#8221; header_2_line_height=&#8221;1.3em&#8221; header_3_font=&#8221;Verdana|700||on|||||&#8221; header_3_text_color=&#8221;#edbb5f&#8221; header_3_font_size=&#8221;14px&#8221; header_3_letter_spacing=&#8221;1px&#8221; header_3_line_height=&#8221;2em&#8221; header_4_font=&#8221;||||||||&#8221; header_5_font=&#8221;||||||||&#8221; header_6_font=&#8221;||||||||&#8221; text_orientation=&#8221;center&#8221; max_width=&#8221;550px&#8221; module_alignment=&#8221;center&#8221;]<\/p>\n<h1><strong>Referenzen von Kunden \/ Testimonials<\/strong><\/h1>\n<p>[\/et_pb_text][\/et_pb_column][\/et_pb_row][et_pb_row use_custom_gutter=&#8221;on&#8221; gutter_width=&#8221;4&#8243; _builder_version=&#8221;3.25&#8243; custom_margin=&#8221;|auto|28px|auto||&#8221; custom_padding=&#8221;2px|0px|15px|0px|false|false&#8221; locked=&#8221;off&#8221;][et_pb_column type=&#8221;4_4&#8243; _builder_version=&#8221;3.25&#8243; custom_padding=&#8221;|||&#8221; custom_padding__hover=&#8221;|||&#8221;][et_pb_testimonial author=&#8221;Ivonne B. und Thorbj\u00f6rn T.&#8221; job_title=&#8221;Unternehmensgr\u00fcnder und Auswanderer aus Deutschland&#8221; quote_icon_color=&#8221;#3550a0&#8243; _builder_version=&#8221;4.8.1&#8243; body_font=&#8221;||||||||&#8221; body_font_size=&#8221;16px&#8221; body_line_height=&#8221;1.9em&#8221; use_background_color=&#8221;off&#8221; text_orientation=&#8221;center&#8221; min_height=&#8221;548px&#8221; custom_padding=&#8221;|20px|20px|20px|false|false&#8221; box_shadow_style=&#8221;preset2&#8243;]<\/p>\n<p style=\"text-align: left;\">Wir haben Hartmut Sieper als sehr professionellen und hilfreichen Partner bei der Auswanderung nach Mauritius wahrgenommen.<\/p>\n<p style=\"text-align: left;\">\u00dcber erste Skype- Gespr\u00e4che, die wir noch aus Hamburg f\u00fchrten, hat Hartmut uns detailliert beraten und uns von Umzugsfirma, der Firmengr\u00fcndung bis hin zur Management-Company und Steuercoaching alles aus einer Hand erkl\u00e4ren und beraten k\u00f6nnen.<\/p>\n<p style=\"text-align: left;\">Alle Informationen haben zu 100% zugetroffen, teilweise war Hartmut aktueller und besser informiert, als das Personal in den \u00c4mtern selbst.<\/p>\n<p style=\"text-align: left;\">So waren wir f\u00fcr Amtsg\u00e4nge (z.B die Visums-Beantragung) perfekt vorbereitet und alles lief ohne Probleme.<\/p>\n<p style=\"text-align: left;\">Zus\u00e4tzlich zu der rein formalen Beratung, hilft er uns auch heute noch stets mit Praxis und Alltags- Mauritius- Tipps sowie weiterhin mit professioneller Unternehmensberatung. Sodass aus einer zun\u00e4chst gesch\u00e4ftlichen Beziehung mittlerweile eine freundschaftliche Verbindung entstanden ist.<\/p>\n<p style=\"text-align: left;\">Wir k\u00f6nnen daher nur jedem ans Herz legen, wenn er oder sie mit dem Gedanken einer Auswanderung \/ Firmengr\u00fcndung auf Mauritius spielen sollte, sich an Hartmut zu wenden!<\/p>\n<p>[\/et_pb_testimonial][et_pb_testimonial author=&#8221;Daniel Takriti&#8221; job_title=&#8221;Unternehmer aus M\u00fcnchen&#8221; quote_icon_color=&#8221;#3550a0&#8243; _builder_version=&#8221;4.8.1&#8243; body_font=&#8221;||||||||&#8221; body_font_size=&#8221;16px&#8221; body_line_height=&#8221;1.9em&#8221; use_background_color=&#8221;off&#8221; text_orientation=&#8221;center&#8221; min_height=&#8221;182px&#8221; custom_padding=&#8221;|20px|20px|20px|false|false&#8221; hover_enabled=&#8221;0&#8243; box_shadow_style=&#8221;preset2&#8243; sticky_enabled=&#8221;0&#8243;]<\/p>\n<p>Ich wurde auf Herrn Sieper \u00fcber eine Recherche im Internet zum Thema \u201eArbeiten auf Mauritius\u201c aufmerksam. Die Kontaktaufnahme war einfach und nach einigen Gespr\u00e4chen per Skype war ich \u00fcberzeugt, den richtigen Partner f\u00fcr alle Fragen zur Immobiliensuche und meiner Firmengr\u00fcndung gefunden zu haben.<\/p>\n<p>Durch Herrn Sieper habe ich schon beim ersten Besuch der Insel eine passende Immobilie gefunden, die ich nun f\u00fcr 12 Monate gemietet habe. Seine gute Kenntnis \u00fcber Vor- und Nachteile der geografischen Lagen, aber auch der \u00f6rtlichen Gepflogenheiten, hat mir sehr geholfen. Alles verlief reibungslos und ich beabsichtige nun eine Immobilie zu kaufen. Herr Sieper unterst\u00fctzt mich auch in diesem Prozess.<\/p>\n<p>Ich freue mich \u00fcber die gute Zusammenarbeit und kann eine klare Empfehlung f\u00fcr jeden geben, der in Mauritius ein Unternehmen gr\u00fcnden will oder eine Miet- oder Kaufimmobilie\u00a0 sucht.<\/p>\n<p>[\/et_pb_testimonial][et_pb_testimonial author=&#8221;Rainer S.&#8221; job_title=&#8221;Unternehmer aus Deutschland&#8221; quote_icon_color=&#8221;#3550a0&#8243; _builder_version=&#8221;4.8.1&#8243; body_font=&#8221;||||||||&#8221; body_font_size=&#8221;16px&#8221; body_line_height=&#8221;1.9em&#8221; use_background_color=&#8221;off&#8221; text_orientation=&#8221;center&#8221; min_height=&#8221;182px&#8221; custom_padding=&#8221;|20px|20px|20px|false|false&#8221; box_shadow_style=&#8221;preset2&#8243;]<\/p>\n<p style=\"text-align: left;\">Innerhalb meines zweiw\u00f6chigen Aufenthalts in Mauritius hatte ich ein sehr ehrgeiziges Programm: Erhalt einer Daueraufenthaltsgenehmigung als Retired Non-Citizen, Er\u00f6ffnung eines Bankkontos, und Besichtigung von Kaufimmobilien. Dank einer perfekten und im Detail mit Herrn Sieper abgestimmten Vorbereitung sowie einer effizienten, strukturierten Durchf\u00fchrung hat alles gut geklappt, und auch unerwartete H\u00fcrden konnten wir mit seiner tatkr\u00e4ftigen Hilfe \u00fcberwinden. Seine guten Kontakte zu Beh\u00f6rden, Banken und lokalen Dienstleistern waren dabei sehr hilfreich.<\/p>\n<p style=\"text-align: left;\">Ich kann Herrn Sieper uneingeschr\u00e4nkt empfehlen.<\/p>\n<p>[\/et_pb_testimonial][\/et_pb_column][\/et_pb_row][et_pb_row column_structure=&#8221;1_2,1_2&#8243; use_custom_gutter=&#8221;on&#8221; gutter_width=&#8221;4&#8243; _builder_version=&#8221;3.25&#8243; custom_padding=&#8221;2px|0px|15px|0px|false|false&#8221; locked=&#8221;off&#8221;][et_pb_column type=&#8221;1_2&#8243; _builder_version=&#8221;3.25&#8243; custom_padding=&#8221;|||&#8221; custom_padding__hover=&#8221;|||&#8221;][et_pb_testimonial author=&#8221;Bryan Sidders&#8221; job_title=&#8221;Gr\u00fcnder und CEO, Prior Mobile Health, S\u00fcdafrika&#8221; quote_icon_color=&#8221;#3550a0&#8243; _builder_version=&#8221;4.8.1&#8243; body_font=&#8221;||||||||&#8221; body_font_size=&#8221;16px&#8221; body_line_height=&#8221;1.9em&#8221; use_background_color=&#8221;off&#8221; text_orientation=&#8221;center&#8221; custom_padding=&#8221;|20px|20px|20px|false|false&#8221; box_shadow_style=&#8221;preset2&#8243;]<\/p>\n<p>Hartmut has accompanied our South Africa based company for the last 11 years. His strategic advice, his comprehensive knowledge and practical experience in business development and financial planning, and his valuable participation in negotiations with investors and stakeholders was highly welcome and very important to us.<\/p>\n<p>I can recommend him whole-heartedly.<\/p>\n<p>[\/et_pb_testimonial][\/et_pb_column][et_pb_column type=&#8221;1_2&#8243; _builder_version=&#8221;3.25&#8243; custom_padding=&#8221;|||&#8221; custom_padding__hover=&#8221;|||&#8221;][et_pb_testimonial author=&#8221;Klaus Zorn&#8221; job_title=&#8221;Zorn Consulting &#038; Management Services, \u00d6sterreich&#8221; quote_icon_color=&#8221;#3550a0&#8243; _builder_version=&#8221;4.8.1&#8243; body_font=&#8221;||||||||&#8221; body_font_size=&#8221;16px&#8221; body_line_height=&#8221;1.9em&#8221; use_background_color=&#8221;off&#8221; text_orientation=&#8221;center&#8221; custom_padding=&#8221;|20px|20px|20px|false|false&#8221; box_shadow_style=&#8221;preset2&#8243;]<\/p>\n<p>Im vergangenen Jahr hatte ich die Gelegenheit, mehrere von Hartmut Sieper erstellte Businesspl\u00e4ne zu lesen und kann mit \u00dcberzeugung sagen, dass ich in \u00fcber 20 Jahren als selbst\u00e4ndiger Unternehmensberater keine professionelleren Arbeiten als diese gesehen habe.<\/p>\n<p>[\/et_pb_testimonial][\/et_pb_column][\/et_pb_row][\/et_pb_section]<\/p>\n","protected":false},"excerpt":{"rendered":"<p>Referenzen von Kunden \/ TestimonialsWir haben Hartmut Sieper als sehr professionellen und hilfreichen Partner bei der Auswanderung nach Mauritius wahrgenommen. \u00dcber erste Skype- Gespr\u00e4che, die wir noch aus Hamburg f\u00fchrten, hat Hartmut uns detailliert beraten und uns von Umzugsfirma, der Firmengr\u00fcndung bis hin zur Management-Company und Steuercoaching alles aus einer Hand erkl\u00e4ren und beraten k\u00f6nnen. [&hellip;]<\/p>\n","protected":false},"author":1,"featured_media":0,"parent":1270,"menu_order":0,"comment_status":"closed","ping_status":"closed","template":"","meta":{"_et_pb_use_builder":"on","_et_pb_old_content":"","_et_gb_content_width":""},"yoast_head":"<!-- This site is optimized with the Yoast SEO plugin v17.9 - https:\/\/yoast.com\/wordpress\/plugins\/seo\/ -->\n<title>Referenzen und Testimonials - Pro Mauritius<\/title>\n<meta name=\"description\" content=\"Referenzen und Testimonials von Kunden, die von Hartmut Sieper von Pro Mauritius beraten wurden\" \/>\n<meta name=\"robots\" content=\"index, follow, max-snippet:-1, max-image-preview:large, max-video-preview:-1\" \/>\n<link rel=\"canonical\" href=\"https:\/\/pro-mauritius.com\/home\/ueber-uns\/referenzen\/\" \/>\n<meta property=\"og:locale\" content=\"en_US\" \/>\n<meta property=\"og:type\" content=\"article\" \/>\n<meta property=\"og:title\" content=\"Referenzen und Testimonials - Pro Mauritius\" \/>\n<meta property=\"og:description\" content=\"Referenzen und Testimonials von Kunden, die von Hartmut Sieper von Pro Mauritius beraten wurden\" \/>\n<meta property=\"og:url\" content=\"https:\/\/pro-mauritius.com\/home\/ueber-uns\/referenzen\/\" \/>\n<meta property=\"og:site_name\" content=\"Pro Mauritius\" \/>\n<meta property=\"article:modified_time\" content=\"2022-10-03T04:30:53+00:00\" \/>\n<meta name=\"twitter:card\" content=\"summary_large_image\" \/>\n<meta name=\"twitter:label1\" content=\"Est. reading time\" \/>\n\t<meta name=\"twitter:data1\" content=\"3 minutes\" \/>\n<script type=\"application\/ld+json\" class=\"yoast-schema-graph\">{\"@context\":\"https:\/\/schema.org\",\"@graph\":[{\"@type\":\"WebSite\",\"@id\":\"https:\/\/pro-mauritius.com\/home\/#website\",\"url\":\"https:\/\/pro-mauritius.com\/home\/\",\"name\":\"Pro Mauritius\",\"description\":\"One-stop Consulting for companies, entrepreneurs and expats relocating to Mauritius\",\"potentialAction\":[{\"@type\":\"SearchAction\",\"target\":{\"@type\":\"EntryPoint\",\"urlTemplate\":\"https:\/\/pro-mauritius.com\/home\/?s={search_term_string}\"},\"query-input\":\"required name=search_term_string\"}],\"inLanguage\":\"en-US\"},{\"@type\":\"WebPage\",\"@id\":\"https:\/\/pro-mauritius.com\/home\/ueber-uns\/referenzen\/#webpage\",\"url\":\"https:\/\/pro-mauritius.com\/home\/ueber-uns\/referenzen\/\",\"name\":\"Referenzen und Testimonials - Pro Mauritius\",\"isPartOf\":{\"@id\":\"https:\/\/pro-mauritius.com\/home\/#website\"},\"datePublished\":\"2022-09-22T09:34:30+00:00\",\"dateModified\":\"2022-10-03T04:30:53+00:00\",\"description\":\"Referenzen und Testimonials von Kunden, die von Hartmut Sieper von Pro Mauritius beraten wurden\",\"breadcrumb\":{\"@id\":\"https:\/\/pro-mauritius.com\/home\/ueber-uns\/referenzen\/#breadcrumb\"},\"inLanguage\":\"en-US\",\"potentialAction\":[{\"@type\":\"ReadAction\",\"target\":[\"https:\/\/pro-mauritius.com\/home\/ueber-uns\/referenzen\/\"]}]},{\"@type\":\"BreadcrumbList\",\"@id\":\"https:\/\/pro-mauritius.com\/home\/ueber-uns\/referenzen\/#breadcrumb\",\"itemListElement\":[{\"@type\":\"ListItem\",\"position\":1,\"name\":\"Home\",\"item\":\"https:\/\/pro-mauritius.com\/home\/\"},{\"@type\":\"ListItem\",\"position\":2,\"name\":\"\\u00dcber uns\",\"item\":\"https:\/\/pro-mauritius.com\/home\/ueber-uns\/\"},{\"@type\":\"ListItem\",\"position\":3,\"name\":\"Referenzen\"}]}]}<\/script>\n<!-- \/ Yoast SEO plugin. -->","yoast_head_json":{"title":"Referenzen und Testimonials - Pro Mauritius","description":"Referenzen und Testimonials von Kunden, die von Hartmut Sieper von Pro Mauritius beraten wurden","robots":{"index":"index","follow":"follow","max-snippet":"max-snippet:-1","max-image-preview":"max-image-preview:large","max-video-preview":"max-video-preview:-1"},"canonical":"https:\/\/pro-mauritius.com\/home\/ueber-uns\/referenzen\/","og_locale":"en_US","og_type":"article","og_title":"Referenzen und Testimonials - Pro Mauritius","og_description":"Referenzen und Testimonials von Kunden, die von Hartmut Sieper von Pro Mauritius beraten wurden","og_url":"https:\/\/pro-mauritius.com\/home\/ueber-uns\/referenzen\/","og_site_name":"Pro Mauritius","article_modified_time":"2022-10-03T04:30:53+00:00","twitter_card":"summary_large_image","twitter_misc":{"Est. reading time":"3 minutes"},"schema":{"@context":"https:\/\/schema.org","@graph":[{"@type":"WebSite","@id":"https:\/\/pro-mauritius.com\/home\/#website","url":"https:\/\/pro-mauritius.com\/home\/","name":"Pro Mauritius","description":"One-stop Consulting for companies, entrepreneurs and expats relocating to Mauritius","potentialAction":[{"@type":"SearchAction","target":{"@type":"EntryPoint","urlTemplate":"https:\/\/pro-mauritius.com\/home\/?s={search_term_string}"},"query-input":"required name=search_term_string"}],"inLanguage":"en-US"},{"@type":"WebPage","@id":"https:\/\/pro-mauritius.com\/home\/ueber-uns\/referenzen\/#webpage","url":"https:\/\/pro-mauritius.com\/home\/ueber-uns\/referenzen\/","name":"Referenzen und Testimonials - Pro Mauritius","isPartOf":{"@id":"https:\/\/pro-mauritius.com\/home\/#website"},"datePublished":"2022-09-22T09:34:30+00:00","dateModified":"2022-10-03T04:30:53+00:00","description":"Referenzen und Testimonials von Kunden, die von Hartmut Sieper von Pro Mauritius beraten wurden","breadcrumb":{"@id":"https:\/\/pro-mauritius.com\/home\/ueber-uns\/referenzen\/#breadcrumb"},"inLanguage":"en-US","potentialAction":[{"@type":"ReadAction","target":["https:\/\/pro-mauritius.com\/home\/ueber-uns\/referenzen\/"]}]},{"@type":"BreadcrumbList","@id":"https:\/\/pro-mauritius.com\/home\/ueber-uns\/referenzen\/#breadcrumb","itemListElement":[{"@type":"ListItem","position":1,"name":"Home","item":"https:\/\/pro-mauritius.com\/home\/"},{"@type":"ListItem","position":2,"name":"\u00dcber uns","item":"https:\/\/pro-mauritius.com\/home\/ueber-uns\/"},{"@type":"ListItem","position":3,"name":"Referenzen"}]}]}},"_links":{"self":[{"href":"https:\/\/pro-mauritius.com\/home\/wp-json\/wp\/v2\/pages\/3456"}],"collection":[{"href":"https:\/\/pro-mauritius.com\/home\/wp-json\/wp\/v2\/pages"}],"about":[{"href":"https:\/\/pro-mauritius.com\/home\/wp-json\/wp\/v2\/types\/page"}],"author":[{"embeddable":true,"href":"https:\/\/pro-mauritius.com\/home\/wp-json\/wp\/v2\/users\/1"}],"replies":[{"embeddable":true,"href":"https:\/\/pro-mauritius.com\/home\/wp-json\/wp\/v2\/comments?post=3456"}],"version-history":[{"count":5,"href":"https:\/\/pro-mauritius.com\/home\/wp-json\/wp\/v2\/pages\/3456\/revisions"}],"predecessor-version":[{"id":3494,"href":"https:\/\/pro-mauritius.com\/home\/wp-json\/wp\/v2\/pages\/3456\/revisions\/3494"}],"up":[{"embeddable":true,"href":"https:\/\/pro-mauritius.com\/home\/wp-json\/wp\/v2\/pages\/1270"}],"wp:attachment":[{"href":"https:\/\/pro-mauritius.com\/home\/wp-json\/wp\/v2\/media?parent=3456"}],"curies":[{"name":"wp","href":"https:\/\/api.w.org\/{rel}","templated":true}]}}