{"id":3265,"date":"2022-07-20T12:22:58","date_gmt":"2022-07-20T08:22:58","guid":{"rendered":"https:\/\/pro-mauritius.com\/home\/?page_id=3265"},"modified":"2025-10-15T11:10:40","modified_gmt":"2025-10-15T07:10:40","slug":"bankkonto-coaching","status":"publish","type":"page","link":"https:\/\/pro-mauritius.com\/home\/dienstleistungen\/bankkonto-coaching\/","title":{"rendered":"Kontoer\u00f6ffnungs-Coaching"},"content":{"rendered":"<p>[et_pb_section fb_built=&#8221;1&#8243; _builder_version=&#8221;4.16&#8243; _module_preset=&#8221;default&#8221; global_colors_info=&#8221;{}&#8221;][et_pb_row _builder_version=&#8221;4.16&#8243; _module_preset=&#8221;default&#8221; custom_padding=&#8221;||2px|||&#8221; global_colors_info=&#8221;{}&#8221;][et_pb_column type=&#8221;4_4&#8243; _builder_version=&#8221;4.16&#8243; _module_preset=&#8221;default&#8221; global_colors_info=&#8221;{}&#8221;][et_pb_text _builder_version=&#8221;4.16&#8243; _module_preset=&#8221;default&#8221; global_colors_info=&#8221;{}&#8221;]<\/p>\n<h1>Kontoer\u00f6ffnungs-Coaching<\/h1>\n<p>[\/et_pb_text][\/et_pb_column][\/et_pb_row][et_pb_row column_structure=&#8221;1_3,2_3&#8243; _builder_version=&#8221;4.16&#8243; _module_preset=&#8221;default&#8221; custom_padding=&#8221;||51px|||&#8221; global_colors_info=&#8221;{}&#8221;][et_pb_column type=&#8221;1_3&#8243; _builder_version=&#8221;4.16&#8243; _module_preset=&#8221;default&#8221; global_colors_info=&#8221;{}&#8221;][et_pb_image src=&#8221;https:\/\/pro-mauritius.com\/wp-content\/uploads\/2025\/10\/Bank-of-Mauritius-klein.jpg&#8221; title_text=&#8221;Bank of Mauritius klein&#8221; _builder_version=&#8221;4.19.5&#8243; _module_preset=&#8221;default&#8221; global_colors_info=&#8221;{}&#8221;][\/et_pb_image][\/et_pb_column][et_pb_column type=&#8221;2_3&#8243; _builder_version=&#8221;4.16&#8243; _module_preset=&#8221;default&#8221; global_colors_info=&#8221;{}&#8221;][et_pb_text _builder_version=&#8221;4.19.5&#8243; _module_preset=&#8221;default&#8221; global_colors_info=&#8221;{}&#8221;]<\/p>\n<p>Ganz egal ob Sie nach Mauritius auswandern, eine Immobilie kaufen, ein Unternehmen gr\u00fcnden oder einen Plan B realisieren wollen: Ein privates Bankkonto brauchen Sie in jedem Fall.<\/p>\n<p>Dar\u00fcber hinaus ist es im aktuellen politischen und regulatorischen Umfeld eine sinnvolle und zeitgem\u00e4\u00dfe Strategie, Teile Ihres liquiden Verm\u00f6gens aus der EU heraus zu verlagern.<\/p>\n<p>Hierbei sollten Sie keine Zeit verlieren, denn wenn in Europa Kapitalverkehrsbeschr\u00e4nkungen eingef\u00fchrt werden, k\u00f6nnte es bereits zu sp\u00e4t sein.<\/p>\n<p>[\/et_pb_text][\/et_pb_column][\/et_pb_row][et_pb_row _builder_version=&#8221;4.19.5&#8243; _module_preset=&#8221;default&#8221; custom_padding=&#8221;13px||15px|||&#8221; global_colors_info=&#8221;{}&#8221;][et_pb_column type=&#8221;4_4&#8243; _builder_version=&#8221;4.19.5&#8243; _module_preset=&#8221;default&#8221; global_colors_info=&#8221;{}&#8221;][et_pb_text _builder_version=&#8221;4.19.5&#8243; _module_preset=&#8221;default&#8221; custom_margin=&#8221;||14px|||&#8221; hover_enabled=&#8221;0&#8243; global_colors_info=&#8221;{}&#8221; sticky_enabled=&#8221;0&#8243;]<\/p>\n<h2>Unser strukturierter 5-Stufen-Prozess, der alle kritischen Aspekte nahtlos integriert:<\/h2>\n<p>[\/et_pb_text][et_pb_text _builder_version=&#8221;4.19.5&#8243; _module_preset=&#8221;default&#8221; global_colors_info=&#8221;{}&#8221;]<\/p>\n<p>In einem kostenlosen Vorgespr\u00e4ch er\u00f6rtern wir Ihr Vorhaben und kl\u00e4ren die Machbarkeit.<\/p>\n<p>[\/et_pb_text][\/et_pb_column][\/et_pb_row][et_pb_row column_structure=&#8221;1_5,1_5,1_5,1_5,1_5&#8243; _builder_version=&#8221;4.19.5&#8243; _module_preset=&#8221;default&#8221; background_color=&#8221;#6c00cc&#8221; custom_margin=&#8221;|auto|27px|auto||&#8221; custom_padding=&#8221;10px|10px|10px|10px|false|false&#8221; global_colors_info=&#8221;{}&#8221;][et_pb_column type=&#8221;1_5&#8243; _builder_version=&#8221;4.19.5&#8243; _module_preset=&#8221;default&#8221; global_colors_info=&#8221;{}&#8221;][et_pb_text _builder_version=&#8221;4.19.5&#8243; _module_preset=&#8221;default&#8221; global_colors_info=&#8221;{}&#8221;]<\/p>\n<p style=\"text-align: center;\"><span style=\"color: #ffffff;\"><strong>Stufe 1<\/strong><\/span><\/p>\n<p>[\/et_pb_text][et_pb_text _builder_version=&#8221;4.19.5&#8243; _module_preset=&#8221;default&#8221; background_color=&#8221;#FFFFFF&#8221; custom_padding=&#8221;5px|5px|5px|8px|false|false&#8221; global_colors_info=&#8221;{}&#8221;]<\/p>\n<p>Die richtige Bank finden (Tool: Ausf\u00fchrlicher Bankenvergleich)<\/p>\n<p>Kl\u00e4rung der Einstiegsvoraussetzungen (z. B. Mindestsaldo, Mindest-Transaktionsvolumen)<\/p>\n<p>[\/et_pb_text][\/et_pb_column][et_pb_column type=&#8221;1_5&#8243; _builder_version=&#8221;4.19.5&#8243; _module_preset=&#8221;default&#8221; global_colors_info=&#8221;{}&#8221;][et_pb_text _builder_version=&#8221;4.19.5&#8243; _module_preset=&#8221;default&#8221; global_colors_info=&#8221;{}&#8221;]<\/p>\n<p style=\"text-align: center;\"><span style=\"color: #ffffff;\"><strong>Stufe 2<\/strong><\/span><\/p>\n<p>[\/et_pb_text][et_pb_text _builder_version=&#8221;4.19.5&#8243; _module_preset=&#8221;default&#8221; background_color=&#8221;#FFFFFF&#8221; custom_padding=&#8221;5px|5px|5px|8px|false|false&#8221; global_colors_info=&#8221;{}&#8221;]<\/p>\n<p>Wichtigste Dokumente bereitstellen<\/p>\n<p>Voranfrage an die Bank stellen<\/p>\n<p>[\/et_pb_text][\/et_pb_column][et_pb_column type=&#8221;1_5&#8243; _builder_version=&#8221;4.19.5&#8243; _module_preset=&#8221;default&#8221; global_colors_info=&#8221;{}&#8221;][et_pb_text _builder_version=&#8221;4.19.5&#8243; _module_preset=&#8221;default&#8221; global_colors_info=&#8221;{}&#8221;]<\/p>\n<p style=\"text-align: center;\"><span style=\"color: #ffffff;\"><strong>Stufe 3<\/strong><\/span><\/p>\n<p>[\/et_pb_text][et_pb_text _builder_version=&#8221;4.19.5&#8243; _module_preset=&#8221;default&#8221; background_color=&#8221;#FFFFFF&#8221; custom_padding=&#8221;5px|5px|5px|8px|false|false&#8221; global_colors_info=&#8221;{}&#8221;]<\/p>\n<p>Dokumente zusammenstellen<\/p>\n<p>Kontoer\u00f6ffnungsformulare vorausf\u00fcllen<\/p>\n<p>[\/et_pb_text][\/et_pb_column][et_pb_column type=&#8221;1_5&#8243; _builder_version=&#8221;4.19.5&#8243; _module_preset=&#8221;default&#8221; global_colors_info=&#8221;{}&#8221;][et_pb_text _builder_version=&#8221;4.19.5&#8243; _module_preset=&#8221;default&#8221; global_colors_info=&#8221;{}&#8221;]<\/p>\n<p style=\"text-align: center;\"><span style=\"color: #ffffff;\"><strong>Stufe 4<\/strong><\/span><strong><\/strong><\/p>\n<p>[\/et_pb_text][et_pb_text _builder_version=&#8221;4.19.5&#8243; _module_preset=&#8221;default&#8221; background_color=&#8221;#FFFFFF&#8221; custom_padding=&#8221;5px|5px|5px|8px|false|false&#8221; global_colors_info=&#8221;{}&#8221;]<\/p>\n<p>Banktermin mit Begleitung durch Pro Mauritius (per Videocall oder physisch in Mauritius)<\/p>\n<p>Im Falle eines Videocalls: Dokumente bei einem Notar im Wohnsitzstaat beglaubigen lassen und an die Bank zur\u00fcckschicken<\/p>\n<p>Im Falle eines pers\u00f6nlichen Gespr\u00e4chs vor Ort: Evtl. noch fehlende Dokumente nachreichen<\/p>\n<p>[\/et_pb_text][\/et_pb_column][et_pb_column type=&#8221;1_5&#8243; _builder_version=&#8221;4.19.5&#8243; _module_preset=&#8221;default&#8221; global_colors_info=&#8221;{}&#8221;][et_pb_text _builder_version=&#8221;4.19.5&#8243; _module_preset=&#8221;default&#8221; global_colors_info=&#8221;{}&#8221;]<\/p>\n<p style=\"text-align: center;\"><span style=\"color: #ffffff;\"><strong>Stufe 5<\/strong><\/span><\/p>\n<p>[\/et_pb_text][et_pb_text _builder_version=&#8221;4.19.5&#8243; _module_preset=&#8221;default&#8221; background_color=&#8221;#FFFFFF&#8221; custom_padding=&#8221;5px|5px|5px|8px|false|false&#8221; global_colors_info=&#8221;{}&#8221;]<\/p>\n<p>Sie erhalten die Kontodaten von der Bank f\u00fcr Ihre s\u00e4mtlichen W\u00e4hrungskonten<\/p>\n<p>Sie erhalten die Zugangsdaten f\u00fcr das Internet-Banking<\/p>\n<p>Ggf. Inanspruchnahme weiterer Bankdienstleistungen (Ferstgeld, Wertpapierdepot, Kreditkarte)<\/p>\n<p>[\/et_pb_text][\/et_pb_column][\/et_pb_row][et_pb_row _builder_version=&#8221;4.16&#8243; _module_preset=&#8221;default&#8221; global_colors_info=&#8221;{}&#8221;][et_pb_column type=&#8221;4_4&#8243; _builder_version=&#8221;4.16&#8243; _module_preset=&#8221;default&#8221; global_colors_info=&#8221;{}&#8221;][et_pb_text _builder_version=&#8221;4.19.5&#8243; _module_preset=&#8221;default&#8221; custom_margin=&#8221;||12px|||&#8221; global_colors_info=&#8221;{}&#8221;]<\/p>\n<h2>Dienstleistungspakete<\/h2>\n<p>[\/et_pb_text][et_pb_text _builder_version=&#8221;4.16&#8243; _module_preset=&#8221;default&#8221; global_colors_info=&#8221;{}&#8221;]<\/p>\n<p>Bei der Beratung zur Bankkonto-Er\u00f6ffnung in Mauritius biete ich folgende Pakete an:<\/p>\n<p>[\/et_pb_text][\/et_pb_column][\/et_pb_row][et_pb_row _builder_version=&#8221;4.16&#8243; _module_preset=&#8221;default&#8221; custom_padding=&#8221;0px||1px|||&#8221; global_colors_info=&#8221;{}&#8221;][et_pb_column type=&#8221;4_4&#8243; _builder_version=&#8221;4.16&#8243; _module_preset=&#8221;default&#8221; global_colors_info=&#8221;{}&#8221;][et_pb_image src=&#8221;https:\/\/pro-mauritius.com\/wp-content\/uploads\/2025\/05\/preise-bk-Mai-2025.png&#8221; alt=&#8221;Bankkontoer\u00f6ffnungs-Coaching Preise&#8221; title_text=&#8221;preise-bk Mai 2025&#8243; _builder_version=&#8221;4.19.5&#8243; _module_preset=&#8221;default&#8221; global_colors_info=&#8221;{}&#8221;][\/et_pb_image][\/et_pb_column][\/et_pb_row][et_pb_row _builder_version=&#8221;4.16&#8243; _module_preset=&#8221;default&#8221; global_colors_info=&#8221;{}&#8221;][et_pb_column type=&#8221;4_4&#8243; _builder_version=&#8221;4.16&#8243; _module_preset=&#8221;default&#8221; global_colors_info=&#8221;{}&#8221;][et_pb_text _builder_version=&#8221;4.19.5&#8243; _module_preset=&#8221;default&#8221; global_colors_info=&#8221;{}&#8221;]<\/p>\n<p><strong>Habe ich Ihr Interesse geweckt? Dann schreiben Sie mir bitte eine Nachricht an info(at)pro-mauritius.com.<\/strong><\/p>\n<p>Ein Orientierungsgespr\u00e4ch zum Kennenlernen (Dauer: 15 bis 30 Minuten via Zoom, Teams, Telegram oder Signal) ist kostenlos.<\/p>\n<p>[\/et_pb_text][\/et_pb_column][\/et_pb_row][et_pb_row _builder_version=&#8221;4.19.5&#8243; _module_preset=&#8221;default&#8221; global_colors_info=&#8221;{}&#8221;][et_pb_column type=&#8221;4_4&#8243; _builder_version=&#8221;4.19.5&#8243; _module_preset=&#8221;default&#8221; global_colors_info=&#8221;{}&#8221;][et_pb_text _builder_version=&#8221;4.19.5&#8243; _module_preset=&#8221;default&#8221; global_colors_info=&#8221;{}&#8221;]<\/p>\n<h2>Videos zum Thema Bankkonten:<\/h2>\n<p>[\/et_pb_text][\/et_pb_column][\/et_pb_row][et_pb_row column_structure=&#8221;1_3,1_3,1_3&#8243; _builder_version=&#8221;4.19.5&#8243; _module_preset=&#8221;default&#8221; global_colors_info=&#8221;{}&#8221;][et_pb_column type=&#8221;1_3&#8243; _builder_version=&#8221;4.19.5&#8243; _module_preset=&#8221;default&#8221; global_colors_info=&#8221;{}&#8221;][et_pb_image src=&#8221;https:\/\/pro-mauritius.com\/wp-content\/uploads\/2024\/03\/Thumbnail-BK1.jpg&#8221; title_text=&#8221;Thumbnail BK1&#8243; url=&#8221;https:\/\/youtu.be\/LfmLigqH8AA&#8221; url_new_window=&#8221;on&#8221; _builder_version=&#8221;4.19.5&#8243; _module_preset=&#8221;default&#8221; global_colors_info=&#8221;{}&#8221;][\/et_pb_image][\/et_pb_column][et_pb_column type=&#8221;1_3&#8243; _builder_version=&#8221;4.19.5&#8243; _module_preset=&#8221;default&#8221; global_colors_info=&#8221;{}&#8221;][et_pb_image src=&#8221;https:\/\/pro-mauritius.com\/wp-content\/uploads\/2024\/03\/Thumbnail-BK2.jpg&#8221; title_text=&#8221;Thumbnail BK2&#8243; url=&#8221;https:\/\/youtu.be\/I6VFRG7rlEg&#8221; url_new_window=&#8221;on&#8221; _builder_version=&#8221;4.19.5&#8243; _module_preset=&#8221;default&#8221; global_colors_info=&#8221;{}&#8221;][\/et_pb_image][\/et_pb_column][et_pb_column type=&#8221;1_3&#8243; _builder_version=&#8221;4.19.5&#8243; _module_preset=&#8221;default&#8221; global_colors_info=&#8221;{}&#8221;][\/et_pb_column][\/et_pb_row][\/et_pb_section]<\/p>\n","protected":false},"excerpt":{"rendered":"<p>Kontoer\u00f6ffnungs-CoachingGanz egal ob Sie nach Mauritius auswandern, eine Immobilie kaufen, ein Unternehmen gr\u00fcnden oder einen Plan B realisieren wollen: Ein privates Bankkonto brauchen Sie in jedem Fall. Dar\u00fcber hinaus ist es im aktuellen politischen und regulatorischen Umfeld eine sinnvolle und zeitgem\u00e4\u00dfe Strategie, Teile Ihres liquiden Verm\u00f6gens aus der EU heraus zu verlagern. Hierbei sollten Sie [&hellip;]<\/p>\n","protected":false},"author":1,"featured_media":0,"parent":1274,"menu_order":0,"comment_status":"closed","ping_status":"closed","template":"","meta":{"_et_pb_use_builder":"on","_et_pb_old_content":"","_et_gb_content_width":""},"yoast_head":"<!-- This site is optimized with the Yoast SEO plugin v17.9 - https:\/\/yoast.com\/wordpress\/plugins\/seo\/ -->\n<title>Kontoer\u00f6ffnungs-Coaching - Pro Mauritius<\/title>\n<meta name=\"description\" content=\"Beratung und Unterst\u00fctzung bei der Bankkonto-Er\u00f6ffnung in Mauritius: Strukturiert und prozessorientiert zum Erfolg\" \/>\n<meta name=\"robots\" content=\"index, follow, max-snippet:-1, max-image-preview:large, max-video-preview:-1\" \/>\n<link rel=\"canonical\" href=\"https:\/\/pro-mauritius.com\/home\/dienstleistungen\/bankkonto-coaching\/\" \/>\n<meta property=\"og:locale\" content=\"en_US\" \/>\n<meta property=\"og:type\" content=\"article\" \/>\n<meta property=\"og:title\" content=\"Kontoer\u00f6ffnungs-Coaching - Pro Mauritius\" \/>\n<meta property=\"og:description\" content=\"Beratung und Unterst\u00fctzung bei der Bankkonto-Er\u00f6ffnung in Mauritius: Strukturiert und prozessorientiert zum Erfolg\" \/>\n<meta property=\"og:url\" content=\"https:\/\/pro-mauritius.com\/home\/dienstleistungen\/bankkonto-coaching\/\" \/>\n<meta property=\"og:site_name\" content=\"Pro Mauritius\" \/>\n<meta property=\"article:modified_time\" content=\"2025-10-15T07:10:40+00:00\" \/>\n<meta name=\"twitter:card\" content=\"summary_large_image\" \/>\n<meta name=\"twitter:label1\" content=\"Est. reading time\" \/>\n\t<meta name=\"twitter:data1\" content=\"1 minute\" \/>\n<script type=\"application\/ld+json\" class=\"yoast-schema-graph\">{\"@context\":\"https:\/\/schema.org\",\"@graph\":[{\"@type\":\"WebSite\",\"@id\":\"https:\/\/pro-mauritius.com\/home\/#website\",\"url\":\"https:\/\/pro-mauritius.com\/home\/\",\"name\":\"Pro Mauritius\",\"description\":\"One-stop Consulting for companies, entrepreneurs and expats relocating to Mauritius\",\"potentialAction\":[{\"@type\":\"SearchAction\",\"target\":{\"@type\":\"EntryPoint\",\"urlTemplate\":\"https:\/\/pro-mauritius.com\/home\/?s={search_term_string}\"},\"query-input\":\"required name=search_term_string\"}],\"inLanguage\":\"en-US\"},{\"@type\":\"WebPage\",\"@id\":\"https:\/\/pro-mauritius.com\/home\/dienstleistungen\/bankkonto-coaching\/#webpage\",\"url\":\"https:\/\/pro-mauritius.com\/home\/dienstleistungen\/bankkonto-coaching\/\",\"name\":\"Kontoer\\u00f6ffnungs-Coaching - Pro Mauritius\",\"isPartOf\":{\"@id\":\"https:\/\/pro-mauritius.com\/home\/#website\"},\"datePublished\":\"2022-07-20T08:22:58+00:00\",\"dateModified\":\"2025-10-15T07:10:40+00:00\",\"description\":\"Beratung und Unterst\\u00fctzung bei der Bankkonto-Er\\u00f6ffnung in Mauritius: Strukturiert und prozessorientiert zum Erfolg\",\"breadcrumb\":{\"@id\":\"https:\/\/pro-mauritius.com\/home\/dienstleistungen\/bankkonto-coaching\/#breadcrumb\"},\"inLanguage\":\"en-US\",\"potentialAction\":[{\"@type\":\"ReadAction\",\"target\":[\"https:\/\/pro-mauritius.com\/home\/dienstleistungen\/bankkonto-coaching\/\"]}]},{\"@type\":\"BreadcrumbList\",\"@id\":\"https:\/\/pro-mauritius.com\/home\/dienstleistungen\/bankkonto-coaching\/#breadcrumb\",\"itemListElement\":[{\"@type\":\"ListItem\",\"position\":1,\"name\":\"Home\",\"item\":\"https:\/\/pro-mauritius.com\/home\/\"},{\"@type\":\"ListItem\",\"position\":2,\"name\":\"Dienstleistungen\",\"item\":\"https:\/\/pro-mauritius.com\/home\/dienstleistungen\/\"},{\"@type\":\"ListItem\",\"position\":3,\"name\":\"Kontoer\\u00f6ffnungs-Coaching\"}]}]}<\/script>\n<!-- \/ Yoast SEO plugin. -->","yoast_head_json":{"title":"Kontoer\u00f6ffnungs-Coaching - Pro Mauritius","description":"Beratung und Unterst\u00fctzung bei der Bankkonto-Er\u00f6ffnung in Mauritius: Strukturiert und prozessorientiert zum Erfolg","robots":{"index":"index","follow":"follow","max-snippet":"max-snippet:-1","max-image-preview":"max-image-preview:large","max-video-preview":"max-video-preview:-1"},"canonical":"https:\/\/pro-mauritius.com\/home\/dienstleistungen\/bankkonto-coaching\/","og_locale":"en_US","og_type":"article","og_title":"Kontoer\u00f6ffnungs-Coaching - Pro Mauritius","og_description":"Beratung und Unterst\u00fctzung bei der Bankkonto-Er\u00f6ffnung in Mauritius: Strukturiert und prozessorientiert zum Erfolg","og_url":"https:\/\/pro-mauritius.com\/home\/dienstleistungen\/bankkonto-coaching\/","og_site_name":"Pro Mauritius","article_modified_time":"2025-10-15T07:10:40+00:00","twitter_card":"summary_large_image","twitter_misc":{"Est. reading time":"1 minute"},"schema":{"@context":"https:\/\/schema.org","@graph":[{"@type":"WebSite","@id":"https:\/\/pro-mauritius.com\/home\/#website","url":"https:\/\/pro-mauritius.com\/home\/","name":"Pro Mauritius","description":"One-stop Consulting for companies, entrepreneurs and expats relocating to Mauritius","potentialAction":[{"@type":"SearchAction","target":{"@type":"EntryPoint","urlTemplate":"https:\/\/pro-mauritius.com\/home\/?s={search_term_string}"},"query-input":"required name=search_term_string"}],"inLanguage":"en-US"},{"@type":"WebPage","@id":"https:\/\/pro-mauritius.com\/home\/dienstleistungen\/bankkonto-coaching\/#webpage","url":"https:\/\/pro-mauritius.com\/home\/dienstleistungen\/bankkonto-coaching\/","name":"Kontoer\u00f6ffnungs-Coaching - Pro Mauritius","isPartOf":{"@id":"https:\/\/pro-mauritius.com\/home\/#website"},"datePublished":"2022-07-20T08:22:58+00:00","dateModified":"2025-10-15T07:10:40+00:00","description":"Beratung und Unterst\u00fctzung bei der Bankkonto-Er\u00f6ffnung in Mauritius: Strukturiert und prozessorientiert zum Erfolg","breadcrumb":{"@id":"https:\/\/pro-mauritius.com\/home\/dienstleistungen\/bankkonto-coaching\/#breadcrumb"},"inLanguage":"en-US","potentialAction":[{"@type":"ReadAction","target":["https:\/\/pro-mauritius.com\/home\/dienstleistungen\/bankkonto-coaching\/"]}]},{"@type":"BreadcrumbList","@id":"https:\/\/pro-mauritius.com\/home\/dienstleistungen\/bankkonto-coaching\/#breadcrumb","itemListElement":[{"@type":"ListItem","position":1,"name":"Home","item":"https:\/\/pro-mauritius.com\/home\/"},{"@type":"ListItem","position":2,"name":"Dienstleistungen","item":"https:\/\/pro-mauritius.com\/home\/dienstleistungen\/"},{"@type":"ListItem","position":3,"name":"Kontoer\u00f6ffnungs-Coaching"}]}]}},"_links":{"self":[{"href":"https:\/\/pro-mauritius.com\/home\/wp-json\/wp\/v2\/pages\/3265"}],"collection":[{"href":"https:\/\/pro-mauritius.com\/home\/wp-json\/wp\/v2\/pages"}],"about":[{"href":"https:\/\/pro-mauritius.com\/home\/wp-json\/wp\/v2\/types\/page"}],"author":[{"embeddable":true,"href":"https:\/\/pro-mauritius.com\/home\/wp-json\/wp\/v2\/users\/1"}],"replies":[{"embeddable":true,"href":"https:\/\/pro-mauritius.com\/home\/wp-json\/wp\/v2\/comments?post=3265"}],"version-history":[{"count":9,"href":"https:\/\/pro-mauritius.com\/home\/wp-json\/wp\/v2\/pages\/3265\/revisions"}],"predecessor-version":[{"id":4626,"href":"https:\/\/pro-mauritius.com\/home\/wp-json\/wp\/v2\/pages\/3265\/revisions\/4626"}],"up":[{"embeddable":true,"href":"https:\/\/pro-mauritius.com\/home\/wp-json\/wp\/v2\/pages\/1274"}],"wp:attachment":[{"href":"https:\/\/pro-mauritius.com\/home\/wp-json\/wp\/v2\/media?parent=3265"}],"curies":[{"name":"wp","href":"https:\/\/api.w.org\/{rel}","templated":true}]}}