{"id":3250,"date":"2022-07-20T11:58:57","date_gmt":"2022-07-20T07:58:57","guid":{"rendered":"https:\/\/pro-mauritius.com\/home\/?page_id=3250"},"modified":"2025-10-15T11:11:26","modified_gmt":"2025-10-15T07:11:26","slug":"unternehmensgruendung","status":"publish","type":"page","link":"https:\/\/pro-mauritius.com\/home\/dienstleistungen\/unternehmensgruendung\/","title":{"rendered":"Unternehmensgr\u00fcndung"},"content":{"rendered":"<p>[et_pb_section fb_built=&#8221;1&#8243; _builder_version=&#8221;4.16&#8243; _module_preset=&#8221;default&#8221; global_colors_info=&#8221;{}&#8221;][et_pb_row column_structure=&#8221;2_5,3_5&#8243; _builder_version=&#8221;4.16&#8243; _module_preset=&#8221;default&#8221; global_colors_info=&#8221;{}&#8221;][et_pb_column type=&#8221;2_5&#8243; _builder_version=&#8221;4.16&#8243; _module_preset=&#8221;default&#8221; global_colors_info=&#8221;{}&#8221;][et_pb_text _builder_version=&#8221;4.19.5&#8243; _module_preset=&#8221;default&#8221; global_colors_info=&#8221;{}&#8221;]<\/p>\n<h1>Gr\u00fcndungs-Coaching<\/h1>\n<p>[\/et_pb_text][et_pb_text _builder_version=&#8221;4.16&#8243; _module_preset=&#8221;default&#8221; global_colors_info=&#8221;{}&#8221;]<\/p>\n<p>Worum geht es?<\/p>\n<p>Was haben Sie davon, sich bei der strategischen Planung und praktischen Durchf\u00fchrung einer Unternehmensgr\u00fcndung von mir beraten zu lassen?<\/p>\n<p>Dieses Kurzvideo bringt es auf den Punkt.<\/p>\n<p>[\/et_pb_text][\/et_pb_column][et_pb_column type=&#8221;3_5&#8243; _builder_version=&#8221;4.16&#8243; _module_preset=&#8221;default&#8221; global_colors_info=&#8221;{}&#8221;][et_pb_video src=&#8221;https:\/\/youtu.be\/XHhkW-hrBlU&#8221; image_src=&#8221;https:\/\/pro-mauritius.com\/wp-content\/uploads\/2022\/12\/Unternehmensgrundung-Intro-Thumbnail.jpg&#8221; _builder_version=&#8221;4.16&#8243; _module_preset=&#8221;default&#8221; global_colors_info=&#8221;{}&#8221;][\/et_pb_video][\/et_pb_column][\/et_pb_row][et_pb_row _builder_version=&#8221;4.19.5&#8243; _module_preset=&#8221;default&#8221; custom_padding=&#8221;||15px|||&#8221; global_colors_info=&#8221;{}&#8221;][et_pb_column type=&#8221;4_4&#8243; _builder_version=&#8221;4.19.5&#8243; _module_preset=&#8221;default&#8221; global_colors_info=&#8221;{}&#8221;][et_pb_text _builder_version=&#8221;4.19.5&#8243; _module_preset=&#8221;default&#8221; custom_margin=&#8221;||14px|||&#8221; global_colors_info=&#8221;{}&#8221; theme_builder_area=&#8221;post_content&#8221;]<\/p>\n<h2>Unser strukturierter 5-Stufen-Prozess, der alle kritischen Aspekte nahtlos integriert:<\/h2>\n<p>[\/et_pb_text][et_pb_text _builder_version=&#8221;4.19.5&#8243; _module_preset=&#8221;default&#8221; global_colors_info=&#8221;{}&#8221;]<\/p>\n<p>In einem kostenlosen Vorgespr\u00e4ch er\u00f6rtern wir Ihr Vorhaben und kl\u00e4ren die Machbarkeit.<\/p>\n<p>[\/et_pb_text][\/et_pb_column][\/et_pb_row][et_pb_row column_structure=&#8221;1_5,1_5,1_5,1_5,1_5&#8243; _builder_version=&#8221;4.19.5&#8243; _module_preset=&#8221;default&#8221; background_color=&#8221;#C50D16&#8243; custom_margin=&#8221;|auto|27px|auto||&#8221; custom_padding=&#8221;10px|10px|10px|10px|false|false&#8221; global_colors_info=&#8221;{}&#8221;][et_pb_column type=&#8221;1_5&#8243; _builder_version=&#8221;4.19.5&#8243; _module_preset=&#8221;default&#8221; global_colors_info=&#8221;{}&#8221;][et_pb_text _builder_version=&#8221;4.19.5&#8243; _module_preset=&#8221;default&#8221; global_colors_info=&#8221;{}&#8221;]<\/p>\n<p style=\"text-align: center;\"><span style=\"color: #ffffff;\"><strong>Stufe 1<\/strong><\/span><\/p>\n<p>[\/et_pb_text][et_pb_text _builder_version=&#8221;4.19.5&#8243; _module_preset=&#8221;default&#8221; background_color=&#8221;#FFFFFF&#8221; custom_padding=&#8221;5px|5px|5px|8px|false|false&#8221; global_colors_info=&#8221;{}&#8221;]<\/p>\n<p>Erstes Beratungsgespr\u00e4ch:<\/p>\n<ul>\n<li>Die richtige Rechtsform finden<\/li>\n<li>Vor- und Nachteile abkl\u00e4ren<\/li>\n<\/ul>\n<p>[\/et_pb_text][\/et_pb_column][et_pb_column type=&#8221;1_5&#8243; _builder_version=&#8221;4.19.5&#8243; _module_preset=&#8221;default&#8221; global_colors_info=&#8221;{}&#8221;][et_pb_text _builder_version=&#8221;4.19.5&#8243; _module_preset=&#8221;default&#8221; global_colors_info=&#8221;{}&#8221;]<\/p>\n<p style=\"text-align: center;\"><span style=\"color: #ffffff;\"><strong>Stufe 2<\/strong><\/span><\/p>\n<p>[\/et_pb_text][et_pb_text _builder_version=&#8221;4.19.5&#8243; _module_preset=&#8221;default&#8221; background_color=&#8221;#FFFFFF&#8221; custom_padding=&#8221;5px|5px|5px|8px|false|false&#8221; global_colors_info=&#8221;{}&#8221;]<\/p>\n<p>Videocall mit unserem spezialisierten Dienstleister<\/p>\n<p>Start des Onboardings<\/p>\n<p>[\/et_pb_text][\/et_pb_column][et_pb_column type=&#8221;1_5&#8243; _builder_version=&#8221;4.19.5&#8243; _module_preset=&#8221;default&#8221; global_colors_info=&#8221;{}&#8221;][et_pb_text _builder_version=&#8221;4.19.5&#8243; _module_preset=&#8221;default&#8221; global_colors_info=&#8221;{}&#8221;]<\/p>\n<p style=\"text-align: center;\"><span style=\"color: #ffffff;\"><strong>Stufe 3<\/strong><\/span><\/p>\n<p>[\/et_pb_text][et_pb_text _builder_version=&#8221;4.19.5&#8243; _module_preset=&#8221;default&#8221; background_color=&#8221;#FFFFFF&#8221; custom_padding=&#8221;5px|5px|5px|8px|false|false&#8221; global_colors_info=&#8221;{}&#8221;]<\/p>\n<p>Dokumente zusammenstellen, ggf. \u00fcbersetzen lassen<\/p>\n<p>Businessplan (grob) erstellen f\u00fcr die Unternehmensgr\u00fcndung<\/p>\n<p>[\/et_pb_text][\/et_pb_column][et_pb_column type=&#8221;1_5&#8243; _builder_version=&#8221;4.19.5&#8243; _module_preset=&#8221;default&#8221; global_colors_info=&#8221;{}&#8221;][et_pb_text _builder_version=&#8221;4.19.5&#8243; _module_preset=&#8221;default&#8221; global_colors_info=&#8221;{}&#8221;]<\/p>\n<p style=\"text-align: center;\"><span style=\"color: #ffffff;\"><strong>Stufe 4<\/strong><\/span><strong><\/strong><\/p>\n<p>[\/et_pb_text][et_pb_text _builder_version=&#8221;4.19.5&#8243; _module_preset=&#8221;default&#8221; background_color=&#8221;#FFFFFF&#8221; custom_padding=&#8221;5px|5px|5px|8px|false|false&#8221; global_colors_info=&#8221;{}&#8221;]<\/p>\n<p>Nach erfolgter Gr\u00fcndung:<\/p>\n<ul>\n<li>Er\u00f6ffnung des Firmenkontos<\/li>\n<li>ggf.: Businessplan (detailliert) f\u00fcr die Beantragung des Investor-Permits <br \/>(&#8211;&gt; weiter mit Stufe 3 des Einwanderungsprozesses)<\/li>\n<\/ul>\n<p>[\/et_pb_text][\/et_pb_column][et_pb_column type=&#8221;1_5&#8243; _builder_version=&#8221;4.19.5&#8243; _module_preset=&#8221;default&#8221; global_colors_info=&#8221;{}&#8221;][et_pb_text _builder_version=&#8221;4.19.5&#8243; _module_preset=&#8221;default&#8221; global_colors_info=&#8221;{}&#8221;]<\/p>\n<p style=\"text-align: center;\"><span style=\"color: #ffffff;\"><strong>Stufe 5<\/strong><\/span><\/p>\n<p>[\/et_pb_text][et_pb_text _builder_version=&#8221;4.19.5&#8243; _module_preset=&#8221;default&#8221; background_color=&#8221;#FFFFFF&#8221; custom_padding=&#8221;5px|5px|5px|8px|false|false&#8221; global_colors_info=&#8221;{}&#8221;]<\/p>\n<p>\u00dcberweisung des Startkapitals auf das Firmenkonto<\/p>\n<p>Trouble Shootin<\/p>\n<p>[\/et_pb_text][\/et_pb_column][\/et_pb_row][et_pb_row _builder_version=&#8221;4.16&#8243; _module_preset=&#8221;default&#8221; global_colors_info=&#8221;{}&#8221;][et_pb_column type=&#8221;4_4&#8243; _builder_version=&#8221;4.16&#8243; _module_preset=&#8221;default&#8221; global_colors_info=&#8221;{}&#8221;][et_pb_text _builder_version=&#8221;4.19.5&#8243; _module_preset=&#8221;default&#8221; custom_margin=&#8221;||12px|||&#8221; global_colors_info=&#8221;{}&#8221;]<\/p>\n<h2>Dienstleistungspakete<\/h2>\n<p>[\/et_pb_text][et_pb_text _builder_version=&#8221;4.16&#8243; _module_preset=&#8221;default&#8221; global_colors_info=&#8221;{}&#8221;]<\/p>\n<p>Bei der Beratung zur Gr\u00fcndung eines Unternehmens, einer Holdinggesellschaft oder eines Finanzvehikels, bzw. zur Errichtung einer Stiftung oder eines Trusts in Mauritius biete ich folgende Pakete an:<\/p>\n<p>[\/et_pb_text][\/et_pb_column][\/et_pb_row][et_pb_row _builder_version=&#8221;4.16&#8243; _module_preset=&#8221;default&#8221; custom_padding=&#8221;0px||1px|||&#8221; global_colors_info=&#8221;{}&#8221;][et_pb_column type=&#8221;4_4&#8243; _builder_version=&#8221;4.16&#8243; _module_preset=&#8221;default&#8221; global_colors_info=&#8221;{}&#8221;][et_pb_image src=&#8221;https:\/\/pro-mauritius.com\/wp-content\/uploads\/2025\/05\/preise-ug-Mai-2025.png&#8221; alt=&#8221;Gr\u00fcndungs-Coaching&#8221; title_text=&#8221;preise-ug Mai 2025&#8243; _builder_version=&#8221;4.19.5&#8243; _module_preset=&#8221;default&#8221; global_colors_info=&#8221;{}&#8221;][\/et_pb_image][\/et_pb_column][\/et_pb_row][\/et_pb_section][et_pb_section fb_built=&#8221;1&#8243; _builder_version=&#8221;4.19.5&#8243; _module_preset=&#8221;default&#8221; custom_padding=&#8221;0px||33px|||&#8221; global_colors_info=&#8221;{}&#8221;][et_pb_row _builder_version=&#8221;4.16&#8243; _module_preset=&#8221;default&#8221; global_colors_info=&#8221;{}&#8221;][et_pb_column type=&#8221;4_4&#8243; _builder_version=&#8221;4.16&#8243; _module_preset=&#8221;default&#8221; global_colors_info=&#8221;{}&#8221;][et_pb_text _builder_version=&#8221;4.16&#8243; _module_preset=&#8221;default&#8221; global_colors_info=&#8221;{}&#8221;]<\/p>\n<p>Habe ich Ihr Interesse geweckt? Dann schreiben Sie mir bitte eine Nachricht an info(at)pro-mauritius.com.<\/p>\n<p>Ein Orientierungsgespr\u00e4ch zum Kennenlernen (Dauer: 15 bis 30 Minuten via Zoom, Teams, Telegram oder Signal) ist kostenlos.<\/p>\n<p>[\/et_pb_text][\/et_pb_column][\/et_pb_row][\/et_pb_section]<\/p>\n","protected":false},"excerpt":{"rendered":"<p>Gr\u00fcndungs-CoachingWorum geht es? Was haben Sie davon, sich bei der strategischen Planung und praktischen Durchf\u00fchrung einer Unternehmensgr\u00fcndung von mir beraten zu lassen? Dieses Kurzvideo bringt es auf den Punkt.Unser strukturierter 5-Stufen-Prozess, der alle kritischen Aspekte nahtlos integriert:In einem kostenlosen Vorgespr\u00e4ch er\u00f6rtern wir Ihr Vorhaben und kl\u00e4ren die Machbarkeit.Stufe 1Erstes Beratungsgespr\u00e4ch: Die richtige Rechtsform finden Vor- [&hellip;]<\/p>\n","protected":false},"author":1,"featured_media":0,"parent":1274,"menu_order":0,"comment_status":"closed","ping_status":"closed","template":"","meta":{"_et_pb_use_builder":"on","_et_pb_old_content":"","_et_gb_content_width":""},"yoast_head":"<!-- This site is optimized with the Yoast SEO plugin v17.9 - https:\/\/yoast.com\/wordpress\/plugins\/seo\/ -->\n<title>Unternehmensgr\u00fcndung - Pro Mauritius<\/title>\n<meta name=\"description\" content=\"Beratung und Unterst\u00fctzung bei der Unternehmensgr\u00fcndung in Mauritius: Strukturiert und prozessorientiert zum Erfolg\" \/>\n<meta name=\"robots\" content=\"index, follow, max-snippet:-1, max-image-preview:large, max-video-preview:-1\" \/>\n<link rel=\"canonical\" href=\"https:\/\/pro-mauritius.com\/home\/dienstleistungen\/unternehmensgruendung\/\" \/>\n<meta property=\"og:locale\" content=\"en_US\" \/>\n<meta property=\"og:type\" content=\"article\" \/>\n<meta property=\"og:title\" content=\"Unternehmensgr\u00fcndung - Pro Mauritius\" \/>\n<meta property=\"og:description\" content=\"Beratung und Unterst\u00fctzung bei der Unternehmensgr\u00fcndung in Mauritius: Strukturiert und prozessorientiert zum Erfolg\" \/>\n<meta property=\"og:url\" content=\"https:\/\/pro-mauritius.com\/home\/dienstleistungen\/unternehmensgruendung\/\" \/>\n<meta property=\"og:site_name\" content=\"Pro Mauritius\" \/>\n<meta property=\"article:modified_time\" content=\"2025-10-15T07:11:26+00:00\" \/>\n<meta name=\"twitter:card\" content=\"summary_large_image\" \/>\n<meta name=\"twitter:label1\" content=\"Est. reading time\" \/>\n\t<meta name=\"twitter:data1\" content=\"1 minute\" \/>\n<script type=\"application\/ld+json\" class=\"yoast-schema-graph\">{\"@context\":\"https:\/\/schema.org\",\"@graph\":[{\"@type\":\"WebSite\",\"@id\":\"https:\/\/pro-mauritius.com\/home\/#website\",\"url\":\"https:\/\/pro-mauritius.com\/home\/\",\"name\":\"Pro Mauritius\",\"description\":\"One-stop Consulting for companies, entrepreneurs and expats relocating to Mauritius\",\"potentialAction\":[{\"@type\":\"SearchAction\",\"target\":{\"@type\":\"EntryPoint\",\"urlTemplate\":\"https:\/\/pro-mauritius.com\/home\/?s={search_term_string}\"},\"query-input\":\"required name=search_term_string\"}],\"inLanguage\":\"en-US\"},{\"@type\":\"WebPage\",\"@id\":\"https:\/\/pro-mauritius.com\/home\/dienstleistungen\/unternehmensgruendung\/#webpage\",\"url\":\"https:\/\/pro-mauritius.com\/home\/dienstleistungen\/unternehmensgruendung\/\",\"name\":\"Unternehmensgr\\u00fcndung - Pro Mauritius\",\"isPartOf\":{\"@id\":\"https:\/\/pro-mauritius.com\/home\/#website\"},\"datePublished\":\"2022-07-20T07:58:57+00:00\",\"dateModified\":\"2025-10-15T07:11:26+00:00\",\"description\":\"Beratung und Unterst\\u00fctzung bei der Unternehmensgr\\u00fcndung in Mauritius: Strukturiert und prozessorientiert zum Erfolg\",\"breadcrumb\":{\"@id\":\"https:\/\/pro-mauritius.com\/home\/dienstleistungen\/unternehmensgruendung\/#breadcrumb\"},\"inLanguage\":\"en-US\",\"potentialAction\":[{\"@type\":\"ReadAction\",\"target\":[\"https:\/\/pro-mauritius.com\/home\/dienstleistungen\/unternehmensgruendung\/\"]}]},{\"@type\":\"BreadcrumbList\",\"@id\":\"https:\/\/pro-mauritius.com\/home\/dienstleistungen\/unternehmensgruendung\/#breadcrumb\",\"itemListElement\":[{\"@type\":\"ListItem\",\"position\":1,\"name\":\"Home\",\"item\":\"https:\/\/pro-mauritius.com\/home\/\"},{\"@type\":\"ListItem\",\"position\":2,\"name\":\"Dienstleistungen\",\"item\":\"https:\/\/pro-mauritius.com\/home\/dienstleistungen\/\"},{\"@type\":\"ListItem\",\"position\":3,\"name\":\"Unternehmensgr\\u00fcndung\"}]}]}<\/script>\n<!-- \/ Yoast SEO plugin. -->","yoast_head_json":{"title":"Unternehmensgr\u00fcndung - Pro Mauritius","description":"Beratung und Unterst\u00fctzung bei der Unternehmensgr\u00fcndung in Mauritius: Strukturiert und prozessorientiert zum Erfolg","robots":{"index":"index","follow":"follow","max-snippet":"max-snippet:-1","max-image-preview":"max-image-preview:large","max-video-preview":"max-video-preview:-1"},"canonical":"https:\/\/pro-mauritius.com\/home\/dienstleistungen\/unternehmensgruendung\/","og_locale":"en_US","og_type":"article","og_title":"Unternehmensgr\u00fcndung - Pro Mauritius","og_description":"Beratung und Unterst\u00fctzung bei der Unternehmensgr\u00fcndung in Mauritius: Strukturiert und prozessorientiert zum Erfolg","og_url":"https:\/\/pro-mauritius.com\/home\/dienstleistungen\/unternehmensgruendung\/","og_site_name":"Pro Mauritius","article_modified_time":"2025-10-15T07:11:26+00:00","twitter_card":"summary_large_image","twitter_misc":{"Est. reading time":"1 minute"},"schema":{"@context":"https:\/\/schema.org","@graph":[{"@type":"WebSite","@id":"https:\/\/pro-mauritius.com\/home\/#website","url":"https:\/\/pro-mauritius.com\/home\/","name":"Pro Mauritius","description":"One-stop Consulting for companies, entrepreneurs and expats relocating to Mauritius","potentialAction":[{"@type":"SearchAction","target":{"@type":"EntryPoint","urlTemplate":"https:\/\/pro-mauritius.com\/home\/?s={search_term_string}"},"query-input":"required name=search_term_string"}],"inLanguage":"en-US"},{"@type":"WebPage","@id":"https:\/\/pro-mauritius.com\/home\/dienstleistungen\/unternehmensgruendung\/#webpage","url":"https:\/\/pro-mauritius.com\/home\/dienstleistungen\/unternehmensgruendung\/","name":"Unternehmensgr\u00fcndung - Pro Mauritius","isPartOf":{"@id":"https:\/\/pro-mauritius.com\/home\/#website"},"datePublished":"2022-07-20T07:58:57+00:00","dateModified":"2025-10-15T07:11:26+00:00","description":"Beratung und Unterst\u00fctzung bei der Unternehmensgr\u00fcndung in Mauritius: Strukturiert und prozessorientiert zum Erfolg","breadcrumb":{"@id":"https:\/\/pro-mauritius.com\/home\/dienstleistungen\/unternehmensgruendung\/#breadcrumb"},"inLanguage":"en-US","potentialAction":[{"@type":"ReadAction","target":["https:\/\/pro-mauritius.com\/home\/dienstleistungen\/unternehmensgruendung\/"]}]},{"@type":"BreadcrumbList","@id":"https:\/\/pro-mauritius.com\/home\/dienstleistungen\/unternehmensgruendung\/#breadcrumb","itemListElement":[{"@type":"ListItem","position":1,"name":"Home","item":"https:\/\/pro-mauritius.com\/home\/"},{"@type":"ListItem","position":2,"name":"Dienstleistungen","item":"https:\/\/pro-mauritius.com\/home\/dienstleistungen\/"},{"@type":"ListItem","position":3,"name":"Unternehmensgr\u00fcndung"}]}]}},"_links":{"self":[{"href":"https:\/\/pro-mauritius.com\/home\/wp-json\/wp\/v2\/pages\/3250"}],"collection":[{"href":"https:\/\/pro-mauritius.com\/home\/wp-json\/wp\/v2\/pages"}],"about":[{"href":"https:\/\/pro-mauritius.com\/home\/wp-json\/wp\/v2\/types\/page"}],"author":[{"embeddable":true,"href":"https:\/\/pro-mauritius.com\/home\/wp-json\/wp\/v2\/users\/1"}],"replies":[{"embeddable":true,"href":"https:\/\/pro-mauritius.com\/home\/wp-json\/wp\/v2\/comments?post=3250"}],"version-history":[{"count":14,"href":"https:\/\/pro-mauritius.com\/home\/wp-json\/wp\/v2\/pages\/3250\/revisions"}],"predecessor-version":[{"id":4627,"href":"https:\/\/pro-mauritius.com\/home\/wp-json\/wp\/v2\/pages\/3250\/revisions\/4627"}],"up":[{"embeddable":true,"href":"https:\/\/pro-mauritius.com\/home\/wp-json\/wp\/v2\/pages\/1274"}],"wp:attachment":[{"href":"https:\/\/pro-mauritius.com\/home\/wp-json\/wp\/v2\/media?parent=3250"}],"curies":[{"name":"wp","href":"https:\/\/api.w.org\/{rel}","templated":true}]}}