{"id":3156,"date":"2022-02-24T08:32:56","date_gmt":"2022-02-24T04:32:56","guid":{"rendered":"https:\/\/pro-mauritius.com\/home\/?page_id=3156"},"modified":"2022-02-24T08:38:57","modified_gmt":"2022-02-24T04:38:57","slug":"weise-liste","status":"publish","type":"page","link":"https:\/\/pro-mauritius.com\/home\/weise-liste\/","title":{"rendered":"Wei\u00dfe Liste"},"content":{"rendered":"<p>[et_pb_section fb_built=&#8221;1&#8243; _builder_version=&#8221;3.22&#8243; custom_padding=&#8221;18px|0px|3px|0px|false|false&#8221;][et_pb_row _builder_version=&#8221;3.25&#8243; module_alignment=&#8221;center&#8221; custom_margin=&#8221;|||&#8221; custom_padding=&#8221;|0px|0|0px|false|false&#8221; animation_style=&#8221;fade&#8221;][et_pb_column type=&#8221;4_4&#8243; _builder_version=&#8221;3.25&#8243; custom_padding=&#8221;||30px|6%&#8221; custom_padding__hover=&#8221;|||&#8221;][et_pb_text _builder_version=&#8221;4.8.1&#8243; text_font=&#8221;||||||||&#8221; text_font_size=&#8221;30px&#8221; header_font=&#8221;|600|||||||&#8221; header_2_font=&#8221;Times New Roman|700|||||||&#8221; header_2_font_size=&#8221;38px&#8221; header_2_letter_spacing=&#8221;1px&#8221; header_2_line_height=&#8221;1.4em&#8221; header_3_font=&#8221;Verdana|700||on|||||&#8221; header_3_text_color=&#8221;#edbb5f&#8221; header_3_font_size=&#8221;14px&#8221; header_3_letter_spacing=&#8221;1px&#8221; header_3_line_height=&#8221;2em&#8221; max_width=&#8221;1080px&#8221; custom_margin=&#8221;||10px||false|false&#8221; hover_enabled=&#8221;0&#8243; sticky_enabled=&#8221;0&#8243; header_line_height=&#8221;1.3em&#8221;]<\/p>\n<h1 style=\"text-align: center;\">Mauritius: Auf der Wei\u00dfen Liste der FATF, EU und OECD<\/h1>\n<p>[\/et_pb_text][et_pb_divider color=&#8221;#edbb5f&#8221; divider_weight=&#8221;2px&#8221; _builder_version=&#8221;3.15&#8243; max_width=&#8221;60px&#8221; module_alignment=&#8221;center&#8221; height=&#8221;2px&#8221;][\/et_pb_divider][\/et_pb_column][\/et_pb_row][et_pb_row column_structure=&#8221;1_4,3_4&#8243; use_custom_gutter=&#8221;on&#8221; gutter_width=&#8221;1&#8243; _builder_version=&#8221;3.26.3&#8243; module_alignment=&#8221;center&#8221; custom_margin=&#8221;|||&#8221; custom_padding=&#8221;14px|0px|0px|0px|false|false&#8221; animation_style=&#8221;fade&#8221;][et_pb_column type=&#8221;1_4&#8243; _builder_version=&#8221;3.25&#8243; custom_padding=&#8221;||30px|6%&#8221; custom_padding__hover=&#8221;|||&#8221;][et_pb_image src=&#8221;https:\/\/pro-mauritius.com\/wp-content\/uploads\/2018\/12\/mu_flag.jpg&#8221; alt=&#8221;Mauritius flag&#8221; show_bottom_space=&#8221;off&#8221; _builder_version=&#8221;3.26.3&#8243; custom_margin=&#8221;|0px||0px|false|false&#8221; custom_padding=&#8221;|0px||0px|false|false&#8221;][\/et_pb_image][\/et_pb_column][et_pb_column type=&#8221;3_4&#8243; _builder_version=&#8221;3.25&#8243; custom_padding=&#8221;||30px|6%&#8221; custom_padding__hover=&#8221;|||&#8221;][et_pb_text _builder_version=&#8221;4.8.1&#8243; _module_preset=&#8221;default&#8221; hover_enabled=&#8221;0&#8243; sticky_enabled=&#8221;0&#8243; custom_padding=&#8221;0px|||||&#8221;]<\/p>\n<p><strong>Die Europ\u00e4ische Kommission hat am 7. Januar 2022 best\u00e4tigt, dass Mauritius von der EU-Liste der &#8220;Hochrisiko-Drittl\u00e4nder&#8221; gestrichen wurde<\/strong>, nachdem Mauritius Ma\u00dfnahmen zur Verbesserung seiner Regelungen zur Bek\u00e4mpfung von Geldw\u00e4sche und Terrorismusfinanzierung ergriffen hat.<\/p>\n<p>[\/et_pb_text][et_pb_text _builder_version=&#8221;4.8.1&#8243; min_height=&#8221;95px&#8221; hover_enabled=&#8221;0&#8243; sticky_enabled=&#8221;0&#8243;]<\/p>\n<p><strong><\/strong><\/p>\n<p><strong><\/strong><\/p>\n<p><strong>Mauritius wurde am 21.10.2021 von der Grauen Liste der Financial Action Task Force (FATF) entfernt und steht jetzt auf der Wei\u00dfen Liste. <\/strong><\/p>\n<p>Aus dem Protokoll der Kabinettsbeschl\u00fcsse:<\/p>\n<p>&#8220;Cabinet has taken note of the Public Statement issued by the Financial Action Task Force (FATF) with regard to Mauritius after its Plenary that ended on 21 October 2021, wherein Mauritius\u2019 significant progress in improving its AML\/CFT regime has been highlighted. The FATF has indicated that Mauritius has strengthened the effectiveness of its AML\/CFT regime and addressed related technical deficiencies to meet the commitments in its action plan regarding the strategic deficiencies identified in February 2020. Mauritius is therefore no longer subject to the FATF\u2019s increased monitoring process. Mauritius will continue to work with ESAAMLG to further improve its AML\/CFT system. Cabinet has also taken note of the congratulations extended to Mauritius by several fellow countries upon Mauritius successfully completing the FATF Action Plan ahead of the timelines despite the challenges posed by the COVID-19 pandemic and for the significant progress achieved within the short period of time and, in turn, expressed its special thanks in respect of the technical support lent by international agencies and friendly countries.&#8221;<\/p>\n<p>[\/et_pb_text][et_pb_text _builder_version=&#8221;4.8.1&#8243; _module_preset=&#8221;default&#8221; hover_enabled=&#8221;0&#8243; sticky_enabled=&#8221;0&#8243; custom_padding=&#8221;21px|||||&#8221;]<\/p>\n<p><strong>Mauritius steht seit 2018 auf der &#8220;wei\u00dfen Liste&#8221; der OECD.<\/strong> Damit gilt es nicht mehr als unkooperatives Steuergebiet.<\/p>\n<p>[\/et_pb_text][\/et_pb_column][\/et_pb_row][\/et_pb_section][et_pb_section fb_built=&#8221;1&#8243; admin_label=&#8221;Quote&#8221; _builder_version=&#8221;3.22&#8243; background_position=&#8221;top_right&#8221; custom_margin=&#8221;|||&#8221; custom_padding=&#8221;10px|0px|30px|0px|false|false&#8221;][\/et_pb_section]<\/p>\n","protected":false},"excerpt":{"rendered":"<p>Mauritius: Auf der Wei\u00dfen Liste der FATF, EU und OECD Die Europ\u00e4ische Kommission hat am 7. Januar 2022 best\u00e4tigt, dass Mauritius von der EU-Liste der &#8220;Hochrisiko-Drittl\u00e4nder&#8221; gestrichen wurde, nachdem Mauritius Ma\u00dfnahmen zur Verbesserung seiner Regelungen zur Bek\u00e4mpfung von Geldw\u00e4sche und Terrorismusfinanzierung ergriffen hat. Mauritius wurde am 21.10.2021 von der Grauen Liste der Financial Action Task [&hellip;]<\/p>\n","protected":false},"author":1,"featured_media":0,"parent":0,"menu_order":0,"comment_status":"closed","ping_status":"closed","template":"","meta":{"_et_pb_use_builder":"on","_et_pb_old_content":"","_et_gb_content_width":""},"yoast_head":"<!-- This site is optimized with the Yoast SEO plugin v17.9 - https:\/\/yoast.com\/wordpress\/plugins\/seo\/ -->\n<title>Gesetzliche \u00c4nderungen in Mauritius 2021\/22: Zahlreiche Verbesserungen<\/title>\n<meta name=\"description\" content=\"Die gesetzlichen \u00c4nderungen f\u00fcr das Fiskaljahr 2021\/22 sehen zahlreiche Verbesserungen f\u00fcr Unternehmen, Investoren und Einwanderer vor\" \/>\n<meta name=\"robots\" content=\"index, follow, max-snippet:-1, max-image-preview:large, max-video-preview:-1\" \/>\n<link rel=\"canonical\" href=\"https:\/\/pro-mauritius.com\/home\/weise-liste\/\" \/>\n<meta property=\"og:locale\" content=\"en_US\" \/>\n<meta property=\"og:type\" content=\"article\" \/>\n<meta property=\"og:title\" content=\"Gesetzliche \u00c4nderungen in Mauritius 2021\/22: Zahlreiche Verbesserungen\" \/>\n<meta property=\"og:description\" content=\"Die gesetzlichen \u00c4nderungen f\u00fcr das Fiskaljahr 2021\/22 sehen zahlreiche Verbesserungen f\u00fcr Unternehmen, Investoren und Einwanderer vor\" \/>\n<meta property=\"og:url\" content=\"https:\/\/pro-mauritius.com\/home\/weise-liste\/\" \/>\n<meta property=\"og:site_name\" content=\"Pro Mauritius\" \/>\n<meta property=\"article:modified_time\" content=\"2022-02-24T04:38:57+00:00\" \/>\n<meta name=\"twitter:card\" content=\"summary_large_image\" \/>\n<meta name=\"twitter:label1\" content=\"Est. reading time\" \/>\n\t<meta name=\"twitter:data1\" content=\"2 minutes\" \/>\n<script type=\"application\/ld+json\" class=\"yoast-schema-graph\">{\"@context\":\"https:\/\/schema.org\",\"@graph\":[{\"@type\":\"WebSite\",\"@id\":\"https:\/\/pro-mauritius.com\/home\/#website\",\"url\":\"https:\/\/pro-mauritius.com\/home\/\",\"name\":\"Pro Mauritius\",\"description\":\"One-stop Consulting for companies, entrepreneurs and expats relocating to Mauritius\",\"potentialAction\":[{\"@type\":\"SearchAction\",\"target\":{\"@type\":\"EntryPoint\",\"urlTemplate\":\"https:\/\/pro-mauritius.com\/home\/?s={search_term_string}\"},\"query-input\":\"required name=search_term_string\"}],\"inLanguage\":\"en-US\"},{\"@type\":\"WebPage\",\"@id\":\"https:\/\/pro-mauritius.com\/home\/weise-liste\/#webpage\",\"url\":\"https:\/\/pro-mauritius.com\/home\/weise-liste\/\",\"name\":\"Gesetzliche \\u00c4nderungen in Mauritius 2021\/22: Zahlreiche Verbesserungen\",\"isPartOf\":{\"@id\":\"https:\/\/pro-mauritius.com\/home\/#website\"},\"datePublished\":\"2022-02-24T04:32:56+00:00\",\"dateModified\":\"2022-02-24T04:38:57+00:00\",\"description\":\"Die gesetzlichen \\u00c4nderungen f\\u00fcr das Fiskaljahr 2021\/22 sehen zahlreiche Verbesserungen f\\u00fcr Unternehmen, Investoren und Einwanderer vor\",\"breadcrumb\":{\"@id\":\"https:\/\/pro-mauritius.com\/home\/weise-liste\/#breadcrumb\"},\"inLanguage\":\"en-US\",\"potentialAction\":[{\"@type\":\"ReadAction\",\"target\":[\"https:\/\/pro-mauritius.com\/home\/weise-liste\/\"]}]},{\"@type\":\"BreadcrumbList\",\"@id\":\"https:\/\/pro-mauritius.com\/home\/weise-liste\/#breadcrumb\",\"itemListElement\":[{\"@type\":\"ListItem\",\"position\":1,\"name\":\"Home\",\"item\":\"https:\/\/pro-mauritius.com\/home\/\"},{\"@type\":\"ListItem\",\"position\":2,\"name\":\"Wei\\u00dfe Liste\"}]}]}<\/script>\n<!-- \/ Yoast SEO plugin. -->","yoast_head_json":{"title":"Gesetzliche \u00c4nderungen in Mauritius 2021\/22: Zahlreiche Verbesserungen","description":"Die gesetzlichen \u00c4nderungen f\u00fcr das Fiskaljahr 2021\/22 sehen zahlreiche Verbesserungen f\u00fcr Unternehmen, Investoren und Einwanderer vor","robots":{"index":"index","follow":"follow","max-snippet":"max-snippet:-1","max-image-preview":"max-image-preview:large","max-video-preview":"max-video-preview:-1"},"canonical":"https:\/\/pro-mauritius.com\/home\/weise-liste\/","og_locale":"en_US","og_type":"article","og_title":"Gesetzliche \u00c4nderungen in Mauritius 2021\/22: Zahlreiche Verbesserungen","og_description":"Die gesetzlichen \u00c4nderungen f\u00fcr das Fiskaljahr 2021\/22 sehen zahlreiche Verbesserungen f\u00fcr Unternehmen, Investoren und Einwanderer vor","og_url":"https:\/\/pro-mauritius.com\/home\/weise-liste\/","og_site_name":"Pro Mauritius","article_modified_time":"2022-02-24T04:38:57+00:00","twitter_card":"summary_large_image","twitter_misc":{"Est. reading time":"2 minutes"},"schema":{"@context":"https:\/\/schema.org","@graph":[{"@type":"WebSite","@id":"https:\/\/pro-mauritius.com\/home\/#website","url":"https:\/\/pro-mauritius.com\/home\/","name":"Pro Mauritius","description":"One-stop Consulting for companies, entrepreneurs and expats relocating to Mauritius","potentialAction":[{"@type":"SearchAction","target":{"@type":"EntryPoint","urlTemplate":"https:\/\/pro-mauritius.com\/home\/?s={search_term_string}"},"query-input":"required name=search_term_string"}],"inLanguage":"en-US"},{"@type":"WebPage","@id":"https:\/\/pro-mauritius.com\/home\/weise-liste\/#webpage","url":"https:\/\/pro-mauritius.com\/home\/weise-liste\/","name":"Gesetzliche \u00c4nderungen in Mauritius 2021\/22: Zahlreiche Verbesserungen","isPartOf":{"@id":"https:\/\/pro-mauritius.com\/home\/#website"},"datePublished":"2022-02-24T04:32:56+00:00","dateModified":"2022-02-24T04:38:57+00:00","description":"Die gesetzlichen \u00c4nderungen f\u00fcr das Fiskaljahr 2021\/22 sehen zahlreiche Verbesserungen f\u00fcr Unternehmen, Investoren und Einwanderer vor","breadcrumb":{"@id":"https:\/\/pro-mauritius.com\/home\/weise-liste\/#breadcrumb"},"inLanguage":"en-US","potentialAction":[{"@type":"ReadAction","target":["https:\/\/pro-mauritius.com\/home\/weise-liste\/"]}]},{"@type":"BreadcrumbList","@id":"https:\/\/pro-mauritius.com\/home\/weise-liste\/#breadcrumb","itemListElement":[{"@type":"ListItem","position":1,"name":"Home","item":"https:\/\/pro-mauritius.com\/home\/"},{"@type":"ListItem","position":2,"name":"Wei\u00dfe Liste"}]}]}},"_links":{"self":[{"href":"https:\/\/pro-mauritius.com\/home\/wp-json\/wp\/v2\/pages\/3156"}],"collection":[{"href":"https:\/\/pro-mauritius.com\/home\/wp-json\/wp\/v2\/pages"}],"about":[{"href":"https:\/\/pro-mauritius.com\/home\/wp-json\/wp\/v2\/types\/page"}],"author":[{"embeddable":true,"href":"https:\/\/pro-mauritius.com\/home\/wp-json\/wp\/v2\/users\/1"}],"replies":[{"embeddable":true,"href":"https:\/\/pro-mauritius.com\/home\/wp-json\/wp\/v2\/comments?post=3156"}],"version-history":[{"count":2,"href":"https:\/\/pro-mauritius.com\/home\/wp-json\/wp\/v2\/pages\/3156\/revisions"}],"predecessor-version":[{"id":3159,"href":"https:\/\/pro-mauritius.com\/home\/wp-json\/wp\/v2\/pages\/3156\/revisions\/3159"}],"wp:attachment":[{"href":"https:\/\/pro-mauritius.com\/home\/wp-json\/wp\/v2\/media?parent=3156"}],"curies":[{"name":"wp","href":"https:\/\/api.w.org\/{rel}","templated":true}]}}