{"id":3010,"date":"2021-07-02T15:12:35","date_gmt":"2021-07-02T11:12:35","guid":{"rendered":"https:\/\/pro-mauritius.com\/home\/?page_id=3010"},"modified":"2021-07-02T15:51:56","modified_gmt":"2021-07-02T11:51:56","slug":"freihandelsabkommen","status":"publish","type":"page","link":"https:\/\/pro-mauritius.com\/home\/mauritius\/freihandelsabkommen\/","title":{"rendered":"Freihandelsabkommen"},"content":{"rendered":"<p>[et_pb_section fb_built=&#8221;1&#8243; _builder_version=&#8221;3.22&#8243; custom_padding=&#8221;18px|0px|3px|0px|false|false&#8221;][et_pb_row _builder_version=&#8221;3.25&#8243; module_alignment=&#8221;center&#8221; custom_margin=&#8221;|||&#8221; custom_padding=&#8221;|0px|0|0px|false|false&#8221; animation_style=&#8221;fade&#8221;][et_pb_column type=&#8221;4_4&#8243; _builder_version=&#8221;3.25&#8243; custom_padding=&#8221;||30px|6%&#8221; custom_padding__hover=&#8221;|||&#8221;][et_pb_text _builder_version=&#8221;4.8.1&#8243; text_font=&#8221;||||||||&#8221; text_font_size=&#8221;30px&#8221; header_font=&#8221;|600|||||||&#8221; header_2_font=&#8221;Times New Roman|700|||||||&#8221; header_2_font_size=&#8221;38px&#8221; header_2_letter_spacing=&#8221;1px&#8221; header_2_line_height=&#8221;1.4em&#8221; header_3_font=&#8221;Verdana|700||on|||||&#8221; header_3_text_color=&#8221;#edbb5f&#8221; header_3_font_size=&#8221;14px&#8221; header_3_letter_spacing=&#8221;1px&#8221; header_3_line_height=&#8221;2em&#8221; max_width=&#8221;1080px&#8221; custom_margin=&#8221;||10px||false|false&#8221;]<\/p>\n<h1 style=\"text-align: center;\">Freihandelsabkommen<\/h1>\n<p>[\/et_pb_text][et_pb_divider color=&#8221;#edbb5f&#8221; divider_weight=&#8221;2px&#8221; _builder_version=&#8221;3.15&#8243; max_width=&#8221;60px&#8221; module_alignment=&#8221;center&#8221; height=&#8221;2px&#8221;][\/et_pb_divider][\/et_pb_column][\/et_pb_row][et_pb_row use_custom_gutter=&#8221;on&#8221; gutter_width=&#8221;1&#8243; _builder_version=&#8221;3.26.3&#8243; module_alignment=&#8221;center&#8221; custom_margin=&#8221;||-10px||false|false&#8221; custom_padding=&#8221;14px|0px|0px|0px|false|false&#8221; animation_style=&#8221;fade&#8221;][et_pb_column type=&#8221;4_4&#8243; _builder_version=&#8221;3.25&#8243; custom_padding=&#8221;||30px|6%&#8221; custom_padding__hover=&#8221;|||&#8221;][et_pb_text _builder_version=&#8221;4.8.1&#8243; text_line_height=&#8221;1em&#8221;]<\/p>\n<h2 style=\"text-align: center;\">Mauritius profitiert von Handelserleichterungen<\/h2>\n<p>[\/et_pb_text][\/et_pb_column][\/et_pb_row][et_pb_row column_structure=&#8221;1_3,2_3&#8243; use_custom_gutter=&#8221;on&#8221; gutter_width=&#8221;1&#8243; _builder_version=&#8221;3.26.3&#8243; module_alignment=&#8221;center&#8221; custom_margin=&#8221;|||&#8221; custom_padding=&#8221;14px|0px|0px|0px|false|false&#8221; animation_style=&#8221;fade&#8221;][et_pb_column type=&#8221;1_3&#8243; _builder_version=&#8221;3.25&#8243; custom_padding=&#8221;||30px|6%&#8221; custom_padding__hover=&#8221;|||&#8221;][et_pb_text _builder_version=&#8221;4.8.1&#8243; hover_enabled=&#8221;0&#8243; sticky_enabled=&#8221;0&#8243;]<\/p>\n<p>Am 1.1.2021 ist ein Freihandelsabkommen zwischen Mauritius und der Volksrepublik China in Kraft getreten: Das <strong>Mauritius-China Free Trade Agreement<\/strong> (FTA). Zuk\u00fcnftig werden rund 95% aller Produktkategorien von s\u00e4mtlichen Z\u00f6llen ausgenommen.<\/p>\n<p><span style=\"font-size: 14px;\">Am 1.4.2021 trat au\u00dferdem ein umfangreiches Abkommen mit Indien in Kraft: Das <\/span><strong style=\"font-size: 14px;\">Comprehensive Economic Cooperation and Partnership Agreement (CECPA).<\/strong><\/p>\n<p>Diese Abkommen werden die Warenstr\u00f6me von und nach Mauritius beg\u00fcnstigen und d\u00fcrften f\u00fcr erhebliche Impulse im Land sorgen.\u00a0<\/p>\n<p>[\/et_pb_text][\/et_pb_column][et_pb_column type=&#8221;2_3&#8243; _builder_version=&#8221;3.25&#8243; custom_padding=&#8221;||30px|6%&#8221; custom_padding__hover=&#8221;|||&#8221;][et_pb_image src=&#8221;https:\/\/pro-mauritius.com\/wp-content\/uploads\/2021\/07\/MU-IND-VRC-FTA-ohne-Legende.png&#8221; alt=&#8221;Freihandelsabkommen mit Indien und China&#8221; title_text=&#8221;Freihandelsabkommen mit Indien und China&#8221; _builder_version=&#8221;4.8.1&#8243; _module_preset=&#8221;default&#8221;][\/et_pb_image][\/et_pb_column][\/et_pb_row][et_pb_row column_structure=&#8221;1_3,2_3&#8243; use_custom_gutter=&#8221;on&#8221; gutter_width=&#8221;1&#8243; _builder_version=&#8221;3.26.3&#8243; module_alignment=&#8221;center&#8221; custom_margin=&#8221;|||&#8221; custom_padding=&#8221;14px|0px|0px|0px|false|false&#8221; animation_style=&#8221;fade&#8221;][et_pb_column type=&#8221;1_3&#8243; _builder_version=&#8221;3.25&#8243; custom_padding=&#8221;||30px|6%&#8221; custom_padding__hover=&#8221;|||&#8221;][et_pb_text _builder_version=&#8221;4.8.1&#8243;]<\/p>\n<p>Am 1.1.2021 trat auch das <strong>African Continental Free Trade Agreement (AfCFTA)<\/strong>\u00a0in Kraft, das bisher von 36 afrikanischen Staaten ratifiziert wurde.<\/p>\n<p>Eritrea ist der einzige afrikanische Staat, der dem Abkommen nicht beigetreten ist.<\/p>\n<p>Die Implementierung der gr\u00f6\u00dften Freihandelszone der Welt wird schrittweise erfolgen und sich vermutlich \u00fcber einen l\u00e4ngeren Zeitraum hinziehen.<\/p>\n<p>Da in der Vergangenheit Handelsbarrieren der Hauptgrund f\u00fcr den sehr niedrigen\u00a0innerafrikanischen Handel waren, ist davon auszugehen, dass grenz\u00fcberschreitende Transaktionen innerhalb Afrikas erheblich an Gewicht gewinnen werden. Dies k\u00f6nnte durchaus zu einer &#8220;afrikanischen Sonderkonjunktur&#8221; f\u00fchren.\u00a0<\/p>\n<p>[\/et_pb_text][\/et_pb_column][et_pb_column type=&#8221;2_3&#8243; _builder_version=&#8221;3.25&#8243; custom_padding=&#8221;||30px|6%&#8221; custom_padding__hover=&#8221;|||&#8221;][et_pb_image src=&#8221;https:\/\/pro-mauritius.com\/wp-content\/uploads\/2021\/07\/AfCFTA-ratified.png&#8221; alt=&#8221;AfCFTA L\u00e4nder&#8221; title_text=&#8221;AfCFTA L\u00e4nder&#8221; _builder_version=&#8221;4.8.1&#8243; _module_preset=&#8221;default&#8221;][\/et_pb_image][\/et_pb_column][\/et_pb_row][\/et_pb_section][et_pb_section fb_built=&#8221;1&#8243; admin_label=&#8221;Quote&#8221; _builder_version=&#8221;3.22&#8243; background_position=&#8221;top_right&#8221; custom_margin=&#8221;|||&#8221; custom_padding=&#8221;10px|0px|30px|0px|false|false&#8221;][\/et_pb_section]<\/p>\n","protected":false},"excerpt":{"rendered":"<p>FreihandelsabkommenMauritius profitiert von HandelserleichterungenAm 1.1.2021 ist ein Freihandelsabkommen zwischen Mauritius und der Volksrepublik China in Kraft getreten: Das Mauritius-China Free Trade Agreement (FTA). Zuk\u00fcnftig werden rund 95% aller Produktkategorien von s\u00e4mtlichen Z\u00f6llen ausgenommen. Am 1.4.2021 trat au\u00dferdem ein umfangreiches Abkommen mit Indien in Kraft: Das Comprehensive Economic Cooperation and Partnership Agreement (CECPA). Diese Abkommen werden [&hellip;]<\/p>\n","protected":false},"author":1,"featured_media":0,"parent":1338,"menu_order":0,"comment_status":"closed","ping_status":"closed","template":"","meta":{"_et_pb_use_builder":"on","_et_pb_old_content":"","_et_gb_content_width":""},"yoast_head":"<!-- This site is optimized with the Yoast SEO plugin v17.9 - https:\/\/yoast.com\/wordpress\/plugins\/seo\/ -->\n<title>Freihandelsabkommen von Mauritius mit Afrika, China und Indien 2021<\/title>\n<meta name=\"description\" content=\"Mauritius hat in 2021 neue Freihandelsabkommen mit Afrika, China und Indien geschlossen. Das d\u00fcrfte den Warenverkehr erheblich beg\u00fcnstigen.\" \/>\n<meta name=\"robots\" content=\"index, follow, max-snippet:-1, max-image-preview:large, max-video-preview:-1\" \/>\n<link rel=\"canonical\" href=\"https:\/\/pro-mauritius.com\/home\/mauritius\/freihandelsabkommen\/\" \/>\n<meta property=\"og:locale\" content=\"en_US\" \/>\n<meta property=\"og:type\" content=\"article\" \/>\n<meta property=\"og:title\" content=\"Freihandelsabkommen von Mauritius mit Afrika, China und Indien 2021\" \/>\n<meta property=\"og:description\" content=\"Mauritius hat in 2021 neue Freihandelsabkommen mit Afrika, China und Indien geschlossen. Das d\u00fcrfte den Warenverkehr erheblich beg\u00fcnstigen.\" \/>\n<meta property=\"og:url\" content=\"https:\/\/pro-mauritius.com\/home\/mauritius\/freihandelsabkommen\/\" \/>\n<meta property=\"og:site_name\" content=\"Pro Mauritius\" \/>\n<meta property=\"article:modified_time\" content=\"2021-07-02T11:51:56+00:00\" \/>\n<meta name=\"twitter:card\" content=\"summary_large_image\" \/>\n<script type=\"application\/ld+json\" class=\"yoast-schema-graph\">{\"@context\":\"https:\/\/schema.org\",\"@graph\":[{\"@type\":\"WebSite\",\"@id\":\"https:\/\/pro-mauritius.com\/home\/#website\",\"url\":\"https:\/\/pro-mauritius.com\/home\/\",\"name\":\"Pro Mauritius\",\"description\":\"One-stop Consulting for companies, entrepreneurs and expats relocating to Mauritius\",\"potentialAction\":[{\"@type\":\"SearchAction\",\"target\":{\"@type\":\"EntryPoint\",\"urlTemplate\":\"https:\/\/pro-mauritius.com\/home\/?s={search_term_string}\"},\"query-input\":\"required name=search_term_string\"}],\"inLanguage\":\"en-US\"},{\"@type\":\"WebPage\",\"@id\":\"https:\/\/pro-mauritius.com\/home\/mauritius\/freihandelsabkommen\/#webpage\",\"url\":\"https:\/\/pro-mauritius.com\/home\/mauritius\/freihandelsabkommen\/\",\"name\":\"Freihandelsabkommen von Mauritius mit Afrika, China und Indien 2021\",\"isPartOf\":{\"@id\":\"https:\/\/pro-mauritius.com\/home\/#website\"},\"datePublished\":\"2021-07-02T11:12:35+00:00\",\"dateModified\":\"2021-07-02T11:51:56+00:00\",\"description\":\"Mauritius hat in 2021 neue Freihandelsabkommen mit Afrika, China und Indien geschlossen. Das d\\u00fcrfte den Warenverkehr erheblich beg\\u00fcnstigen.\",\"breadcrumb\":{\"@id\":\"https:\/\/pro-mauritius.com\/home\/mauritius\/freihandelsabkommen\/#breadcrumb\"},\"inLanguage\":\"en-US\",\"potentialAction\":[{\"@type\":\"ReadAction\",\"target\":[\"https:\/\/pro-mauritius.com\/home\/mauritius\/freihandelsabkommen\/\"]}]},{\"@type\":\"BreadcrumbList\",\"@id\":\"https:\/\/pro-mauritius.com\/home\/mauritius\/freihandelsabkommen\/#breadcrumb\",\"itemListElement\":[{\"@type\":\"ListItem\",\"position\":1,\"name\":\"Home\",\"item\":\"https:\/\/pro-mauritius.com\/home\/\"},{\"@type\":\"ListItem\",\"position\":2,\"name\":\"Mauritius\",\"item\":\"https:\/\/pro-mauritius.com\/home\/mauritius\/\"},{\"@type\":\"ListItem\",\"position\":3,\"name\":\"Freihandelsabkommen\"}]}]}<\/script>\n<!-- \/ Yoast SEO plugin. -->","yoast_head_json":{"title":"Freihandelsabkommen von Mauritius mit Afrika, China und Indien 2021","description":"Mauritius hat in 2021 neue Freihandelsabkommen mit Afrika, China und Indien geschlossen. Das d\u00fcrfte den Warenverkehr erheblich beg\u00fcnstigen.","robots":{"index":"index","follow":"follow","max-snippet":"max-snippet:-1","max-image-preview":"max-image-preview:large","max-video-preview":"max-video-preview:-1"},"canonical":"https:\/\/pro-mauritius.com\/home\/mauritius\/freihandelsabkommen\/","og_locale":"en_US","og_type":"article","og_title":"Freihandelsabkommen von Mauritius mit Afrika, China und Indien 2021","og_description":"Mauritius hat in 2021 neue Freihandelsabkommen mit Afrika, China und Indien geschlossen. Das d\u00fcrfte den Warenverkehr erheblich beg\u00fcnstigen.","og_url":"https:\/\/pro-mauritius.com\/home\/mauritius\/freihandelsabkommen\/","og_site_name":"Pro Mauritius","article_modified_time":"2021-07-02T11:51:56+00:00","twitter_card":"summary_large_image","schema":{"@context":"https:\/\/schema.org","@graph":[{"@type":"WebSite","@id":"https:\/\/pro-mauritius.com\/home\/#website","url":"https:\/\/pro-mauritius.com\/home\/","name":"Pro Mauritius","description":"One-stop Consulting for companies, entrepreneurs and expats relocating to Mauritius","potentialAction":[{"@type":"SearchAction","target":{"@type":"EntryPoint","urlTemplate":"https:\/\/pro-mauritius.com\/home\/?s={search_term_string}"},"query-input":"required name=search_term_string"}],"inLanguage":"en-US"},{"@type":"WebPage","@id":"https:\/\/pro-mauritius.com\/home\/mauritius\/freihandelsabkommen\/#webpage","url":"https:\/\/pro-mauritius.com\/home\/mauritius\/freihandelsabkommen\/","name":"Freihandelsabkommen von Mauritius mit Afrika, China und Indien 2021","isPartOf":{"@id":"https:\/\/pro-mauritius.com\/home\/#website"},"datePublished":"2021-07-02T11:12:35+00:00","dateModified":"2021-07-02T11:51:56+00:00","description":"Mauritius hat in 2021 neue Freihandelsabkommen mit Afrika, China und Indien geschlossen. Das d\u00fcrfte den Warenverkehr erheblich beg\u00fcnstigen.","breadcrumb":{"@id":"https:\/\/pro-mauritius.com\/home\/mauritius\/freihandelsabkommen\/#breadcrumb"},"inLanguage":"en-US","potentialAction":[{"@type":"ReadAction","target":["https:\/\/pro-mauritius.com\/home\/mauritius\/freihandelsabkommen\/"]}]},{"@type":"BreadcrumbList","@id":"https:\/\/pro-mauritius.com\/home\/mauritius\/freihandelsabkommen\/#breadcrumb","itemListElement":[{"@type":"ListItem","position":1,"name":"Home","item":"https:\/\/pro-mauritius.com\/home\/"},{"@type":"ListItem","position":2,"name":"Mauritius","item":"https:\/\/pro-mauritius.com\/home\/mauritius\/"},{"@type":"ListItem","position":3,"name":"Freihandelsabkommen"}]}]}},"_links":{"self":[{"href":"https:\/\/pro-mauritius.com\/home\/wp-json\/wp\/v2\/pages\/3010"}],"collection":[{"href":"https:\/\/pro-mauritius.com\/home\/wp-json\/wp\/v2\/pages"}],"about":[{"href":"https:\/\/pro-mauritius.com\/home\/wp-json\/wp\/v2\/types\/page"}],"author":[{"embeddable":true,"href":"https:\/\/pro-mauritius.com\/home\/wp-json\/wp\/v2\/users\/1"}],"replies":[{"embeddable":true,"href":"https:\/\/pro-mauritius.com\/home\/wp-json\/wp\/v2\/comments?post=3010"}],"version-history":[{"count":8,"href":"https:\/\/pro-mauritius.com\/home\/wp-json\/wp\/v2\/pages\/3010\/revisions"}],"predecessor-version":[{"id":3033,"href":"https:\/\/pro-mauritius.com\/home\/wp-json\/wp\/v2\/pages\/3010\/revisions\/3033"}],"up":[{"embeddable":true,"href":"https:\/\/pro-mauritius.com\/home\/wp-json\/wp\/v2\/pages\/1338"}],"wp:attachment":[{"href":"https:\/\/pro-mauritius.com\/home\/wp-json\/wp\/v2\/media?parent=3010"}],"curies":[{"name":"wp","href":"https:\/\/api.w.org\/{rel}","templated":true}]}}