{"id":2951,"date":"2021-06-26T09:05:57","date_gmt":"2021-06-26T05:05:57","guid":{"rendered":"https:\/\/pro-mauritius.com\/home\/?page_id=2951"},"modified":"2022-03-19T10:00:50","modified_gmt":"2022-03-19T06:00:50","slug":"lebenshaltungskosten","status":"publish","type":"page","link":"https:\/\/pro-mauritius.com\/home\/leben\/lebenshaltungskosten\/","title":{"rendered":"Lebenshaltungskosten"},"content":{"rendered":"<p>[et_pb_section fb_built=&#8221;1&#8243; admin_label=&#8221;FAQ&#8221; _builder_version=&#8221;3.22&#8243; custom_padding=&#8221;30px|0px|0|0px|false|false&#8221;][et_pb_row use_custom_gutter=&#8221;on&#8221; gutter_width=&#8221;4&#8243; _builder_version=&#8221;3.25&#8243; custom_padding=&#8221;0|0px|13px|0px|false|false&#8221; animation_style=&#8221;fade&#8221; locked=&#8221;off&#8221;][et_pb_column type=&#8221;4_4&#8243; _builder_version=&#8221;3.25&#8243; custom_padding=&#8221;|||&#8221; custom_padding__hover=&#8221;|||&#8221;][et_pb_text _builder_version=&#8221;4.8.1&#8243; text_font=&#8221;||||||||&#8221; header_font=&#8221;|700|||||||&#8221; header_font_size=&#8221;38px&#8221; header_line_height=&#8221;1.3em&#8221; header_2_font=&#8221;Times New Roman|600|||||||&#8221; header_2_font_size=&#8221;30px&#8221; header_2_letter_spacing=&#8221;1px&#8221; header_2_line_height=&#8221;1.3em&#8221; header_3_font=&#8221;Verdana|700||on|||||&#8221; header_3_text_color=&#8221;#edbb5f&#8221; header_3_font_size=&#8221;14px&#8221; header_3_letter_spacing=&#8221;1px&#8221; header_3_line_height=&#8221;2em&#8221; header_4_font=&#8221;||||||||&#8221; header_5_font=&#8221;||||||||&#8221; header_6_font=&#8221;||||||||&#8221; text_orientation=&#8221;center&#8221; max_width=&#8221;1080px&#8221; module_alignment=&#8221;center&#8221; custom_margin=&#8221;0px||10px||false|false&#8221; custom_padding=&#8221;0px||0px|&#8221;]<\/p>\n<h1>Lebenshaltungskosten in Mauritius<\/h1>\n<h2>Was kostet es, im Paradies zu leben?<\/h2>\n<p>[\/et_pb_text][et_pb_divider color=&#8221;#edbb5f&#8221; divider_weight=&#8221;2px&#8221; _builder_version=&#8221;3.15&#8243; max_width=&#8221;60px&#8221; module_alignment=&#8221;center&#8221; height=&#8221;2px&#8221; custom_margin=&#8221;0px|||&#8221; custom_padding=&#8221;1px|||&#8221;][\/et_pb_divider][\/et_pb_column][\/et_pb_row][et_pb_row _builder_version=&#8221;3.25&#8243; custom_padding=&#8221;13px|0px|0|0px|false|false&#8221;][et_pb_column type=&#8221;4_4&#8243; _builder_version=&#8221;3.25&#8243; custom_padding=&#8221;|||&#8221; custom_padding__hover=&#8221;|||&#8221;][et_pb_divider _builder_version=&#8221;3.15&#8243;][\/et_pb_divider][\/et_pb_column][\/et_pb_row][et_pb_row _builder_version=&#8221;3.25&#8243; column_structure=&#8221;2_5,3_5&#8243;][et_pb_column type=&#8221;2_5&#8243; _builder_version=&#8221;3.25&#8243; custom_padding=&#8221;|||&#8221; custom_padding__hover=&#8221;|||&#8221;][et_pb_text _builder_version=&#8221;4.8.1&#8243; text_font=&#8221;||||||||&#8221; ul_font=&#8221;||||||||&#8221; ul_line_height=&#8221;1.5em&#8221; ol_font=&#8221;||||||||&#8221; ol_line_height=&#8221;1.5em&#8221; header_2_font=&#8221;Times New Roman|600|||||||&#8221; header_2_font_size=&#8221;30px&#8221; hover_enabled=&#8221;0&#8243; sticky_enabled=&#8221;0&#8243;]<\/p>\n<p><strong>Erfahren Sie in diesem Video, mit welchen Lebenshaltungskosten Sie in Mauritius rechnen m\u00fcssen.<\/strong><\/p>\n<p>F\u00fcr viele \u00fcberraschend, die die Insel als Tourist eher als hochpreisig kennen: Das Leben in Mauritius ist deutlich g\u00fcnstiger als in Deutschland!<\/p>\n<p>[\/et_pb_text][\/et_pb_column][et_pb_column type=&#8221;3_5&#8243; _builder_version=&#8221;3.25&#8243; custom_padding=&#8221;|||&#8221; custom_padding__hover=&#8221;|||&#8221;][et_pb_video src=&#8221;https:\/\/pro-mauritius.com\/wp-content\/uploads\/2022\/03\/Kostenvergleich.mp4&#8243; _builder_version=&#8221;4.8.1&#8243; _module_preset=&#8221;default&#8221; hover_enabled=&#8221;0&#8243; sticky_enabled=&#8221;0&#8243; title_text=&#8221;Lebenshaltungskosten Thumbnail&#8221; image_src=&#8221;https:\/\/pro-mauritius.com\/wp-content\/uploads\/2022\/03\/Lebenshaltungskosten-Thumbnail.jpg&#8221; custom_margin=&#8221;||0px||false|false&#8221; custom_padding=&#8221;||0px||false|false&#8221;][\/et_pb_video][et_pb_text _builder_version=&#8221;4.8.1&#8243; _module_preset=&#8221;default&#8221; hover_enabled=&#8221;0&#8243; sticky_enabled=&#8221;0&#8243; custom_margin=&#8221;0px||||false|false&#8221;]<\/p>\n<p style=\"text-align: right;\">Dieses Video auf <a href=\"https:\/\/youtu.be\/CTKKzqRdpi8\">YouTube<\/a> ansehen<\/p>\n<p>[\/et_pb_text][\/et_pb_column][\/et_pb_row][et_pb_row _builder_version=&#8221;3.25&#8243;][et_pb_column type=&#8221;4_4&#8243; _builder_version=&#8221;3.25&#8243; custom_padding=&#8221;|||&#8221; custom_padding__hover=&#8221;|||&#8221;][et_pb_text _builder_version=&#8221;4.8.1&#8243; text_font=&#8221;||||||||&#8221; ul_font=&#8221;||||||||&#8221; ul_line_height=&#8221;1.5em&#8221; ol_font=&#8221;||||||||&#8221; ol_line_height=&#8221;1.5em&#8221; header_2_font=&#8221;Times New Roman|600|||||||&#8221; header_2_font_size=&#8221;30px&#8221;]<\/p>\n<p><strong>Die Lebenshaltungskosten sind deutlich niedriger als in Deutschland!<\/strong><\/p>\n<p>Die nachfolgenden Grafiken beruhen auf Daten von <a href=\"https:\/\/www.numbeo.com\">numbeo.com<\/a>, wo die Kosten in den L\u00e4ndern der Welt mit den Kosten in New York City verglichen werden. Die Daten eines Landes beruhen auf einem Durchschnitt aller St\u00e4dte.<\/p>\n<p>F\u00fcr die folgenden L\u00e4ndervergleiche wurde die Basis f\u00fcr Deutschland mit 100 gew\u00e4hlt und die Indices der Vergleichsl\u00e4nder dazu in Relation gesetzt.\u00a0<\/p>\n<p>Weiter unten werden die Lebenshaltungskosten in Mauritius mit denen in anderen Niedrigsteuerstandorten verglichen.<\/p>\n<p><span style=\"font-size: 14px;\"><\/span><\/p>\n<p>[\/et_pb_text][\/et_pb_column][\/et_pb_row][et_pb_row column_structure=&#8221;2_3,1_3&#8243; _builder_version=&#8221;4.8.1&#8243; _module_preset=&#8221;default&#8221;][et_pb_column type=&#8221;2_3&#8243; _builder_version=&#8221;4.8.1&#8243; _module_preset=&#8221;default&#8221;][et_pb_image src=&#8221;https:\/\/pro-mauritius.com\/wp-content\/uploads\/2021\/06\/Rent-Index-de.png&#8221; alt=&#8221;Mietpreisindex in Mauritius&#8221; title_text=&#8221;Mietpreisindex in Mauritius&#8221; _builder_version=&#8221;4.8.1&#8243; _module_preset=&#8221;default&#8221;][\/et_pb_image][\/et_pb_column][et_pb_column type=&#8221;1_3&#8243; _builder_version=&#8221;4.8.1&#8243; _module_preset=&#8221;default&#8221;][et_pb_text _builder_version=&#8221;4.8.1&#8243; _module_preset=&#8221;default&#8221;]<\/p>\n<p><span style=\"font-size: 14px;\">In Mauritius liegt das <strong>Mietniveau<\/strong> um 58% niedriger als in Deutschland.\u00a0<\/span><\/p>\n<p>Das kommt f\u00fcr viele \u00fcberraschend, da Reisende Mauritius als eine Hochpreis-Destination kennen mit teuren bis sehr teuren Hotels.<\/p>\n<p>Es gibt jedoch einen gewaltigen Unterschied zwischen der f\u00fcr Touristen relevanten Kurzzeitmiete und langfristigen Mietvertr\u00e4gen, die \u00fcber mindestens ein Jahr gehen. Letztere sind wesentlich g\u00fcnstiger als Kurzzeitmieten.\u00a0Das kann bedeuten, dass man f\u00fcr ein alleinstehendes Haus in Mauritius weniger Miete bezahlen muss als f\u00fcr eine 3-Zimmer-Wohnung in Deutschland.\u00a0<span>\u00a0<\/span><\/p>\n<p>&nbsp;<\/p>\n<p>&nbsp;<\/p>\n<p>[\/et_pb_text][\/et_pb_column][\/et_pb_row][et_pb_row column_structure=&#8221;2_3,1_3&#8243; _builder_version=&#8221;4.8.1&#8243; _module_preset=&#8221;default&#8221;][et_pb_column type=&#8221;2_3&#8243; _builder_version=&#8221;4.8.1&#8243; _module_preset=&#8221;default&#8221;][et_pb_image src=&#8221;https:\/\/pro-mauritius.com\/wp-content\/uploads\/2021\/06\/CoL-Index-de.png&#8221; alt=&#8221;Lebenshaltungskostenindex in Mauritius&#8221; title_text=&#8221;Lebenshaltungskostenindex in Mauritius&#8221; _builder_version=&#8221;4.8.1&#8243; _module_preset=&#8221;default&#8221;][\/et_pb_image][\/et_pb_column][et_pb_column type=&#8221;1_3&#8243; _builder_version=&#8221;4.8.1&#8243; _module_preset=&#8221;default&#8221;][et_pb_text _builder_version=&#8221;4.8.1&#8243; _module_preset=&#8221;default&#8221;]<\/p>\n<p>Der <strong>Lebenshaltungskosten-Index<\/strong> (ohne Miete) ist ein relativer Indikator f\u00fcr die Preise von Konsumg\u00fctern, einschlie\u00dflich Lebensmitteln, Restaurants, Transportmitteln und Versorgungsleistungen. Er enth\u00e4lt keine Unterkunftskosten wie Miete oder Hypothekenzahlungen.<\/p>\n<p>Das Leben in Mauritius ist um etwa ein Viertel g\u00fcnstiger als in Deutschland.<\/p>\n<p>&nbsp;<\/p>\n<p>&nbsp;<\/p>\n<p>[\/et_pb_text][\/et_pb_column][\/et_pb_row][et_pb_row column_structure=&#8221;2_3,1_3&#8243; _builder_version=&#8221;4.8.1&#8243; _module_preset=&#8221;default&#8221;][et_pb_column type=&#8221;2_3&#8243; _builder_version=&#8221;4.8.1&#8243; _module_preset=&#8221;default&#8221;][et_pb_image src=&#8221;https:\/\/pro-mauritius.com\/wp-content\/uploads\/2021\/06\/Restaurant-Index-de.png&#8221; alt=&#8221;Restaurant-Preisindex in Mauritius&#8221; title_text=&#8221;Restaurant-Preisindex in Mauritius&#8221; _builder_version=&#8221;4.8.1&#8243; _module_preset=&#8221;default&#8221;][\/et_pb_image][\/et_pb_column][et_pb_column type=&#8221;1_3&#8243; _builder_version=&#8221;4.8.1&#8243; _module_preset=&#8221;default&#8221;][et_pb_text _builder_version=&#8221;4.8.1&#8243; _module_preset=&#8221;default&#8221;]<\/p>\n<p>Der <strong>Restaurant-Index<\/strong> ist ein Vergleich der Preise f\u00fcr Speisen und Getr\u00e4nke in Restaurants und Bars.<\/p>\n<p><span style=\"font-size: 14px;\">Wer in Mauritius Essen geht, zahlt im Restaurant ca. 42% weniger als in Deutschland.\u00a0<\/span><\/p>\n<p>[\/et_pb_text][\/et_pb_column][\/et_pb_row][et_pb_row column_structure=&#8221;2_3,1_3&#8243; _builder_version=&#8221;4.8.1&#8243; _module_preset=&#8221;default&#8221;][et_pb_column type=&#8221;2_3&#8243; _builder_version=&#8221;4.8.1&#8243; _module_preset=&#8221;default&#8221;][et_pb_image src=&#8221;https:\/\/pro-mauritius.com\/wp-content\/uploads\/2021\/06\/Groceries-Index-de.png&#8221; alt=&#8221;Lebensmittelpreise in Mauritius&#8221; title_text=&#8221;Lebensmittelpreise in Mauritius&#8221; _builder_version=&#8221;4.8.1&#8243; _module_preset=&#8221;default&#8221;][\/et_pb_image][\/et_pb_column][et_pb_column type=&#8221;1_3&#8243; _builder_version=&#8221;4.8.1&#8243; _module_preset=&#8221;default&#8221;][et_pb_text _builder_version=&#8221;4.8.1&#8243; _module_preset=&#8221;default&#8221;]<\/p>\n<p><strong>Lebensmittel<\/strong> kosten in Mauritius im Durchschnitt in etwa so viel wie in Deutschland.<\/p>\n<p>Dabei gibt es aber gro\u00dfe Unterschiede bei den Kategorien:\u00a0<\/p>\n<ul>\n<li>Grundnahrungsmittel (z. B. Reis) und Brot sind in Mauritius wesentlich g\u00fcnstiger als in Deutschland. Ein langes franz\u00f6sisches Baguette kostet nur ca. 0,20 Euro.\u00a0<\/li>\n<li>Importierte Lebensmittel, darunter vor allem Wurst, K\u00e4se und Schinken, kosten zwei- bis dreimal so viel wie in Deutschland.\u00a0<\/li>\n<li>Fisch ist hingegen deutlich billiger.<\/li>\n<\/ul>\n<p>[\/et_pb_text][\/et_pb_column][\/et_pb_row][et_pb_row _builder_version=&#8221;3.25&#8243;][et_pb_column type=&#8221;4_4&#8243; _builder_version=&#8221;3.25&#8243; custom_padding=&#8221;|||&#8221; custom_padding__hover=&#8221;|||&#8221;][et_pb_text _builder_version=&#8221;4.8.1&#8243; text_font=&#8221;||||||||&#8221; ul_font=&#8221;||||||||&#8221; ul_line_height=&#8221;1.5em&#8221; ol_font=&#8221;||||||||&#8221; ol_line_height=&#8221;1.5em&#8221; header_2_font=&#8221;Times New Roman|600|||||||&#8221; header_2_font_size=&#8221;30px&#8221;]<\/p>\n<p><strong>Die Miet- und Lebenshaltungskosten in Mauritius sind wesentlich niedriger als in anderen Niedrigsteuerstandorten:<\/strong><\/p>\n<p><span style=\"font-size: 14px;\"><\/span><\/p>\n<p>[\/et_pb_text][\/et_pb_column][\/et_pb_row][et_pb_row column_structure=&#8221;1_3,2_3&#8243; _builder_version=&#8221;4.8.1&#8243; _module_preset=&#8221;default&#8221;][et_pb_column type=&#8221;1_3&#8243; _builder_version=&#8221;4.8.1&#8243; _module_preset=&#8221;default&#8221;][et_pb_text _builder_version=&#8221;4.8.1&#8243; _module_preset=&#8221;default&#8221;]<\/p>\n<p>In den meisten popul\u00e4ren Niedrigsteuerstandorten liegen die <strong>Mietpreise<\/strong>\u00a0mindestens doppelt oder dreimal so hoch wie in Mauritius.\u00a0<\/p>\n<p>Bei der Gr\u00fcndung von Global Business Companies in den meisten Niedrigsteuerl\u00e4ndern muss zum Nachweis der erforderlichen \u00f6konomischen Substanz ein ordentliches B\u00fcro unterhalten werden, wodurch alleine die Mietkosten zu einem erheblichen Kostenfaktor werden.<\/p>\n<p>In Mauritius muss zum Nachweis der erforderlichen \u00f6konomischen Substanz hingegen <em>kein<\/em> B\u00fcro angemietet werden.\u00a0<\/p>\n<p>&nbsp;<\/p>\n<p>[\/et_pb_text][\/et_pb_column][et_pb_column type=&#8221;2_3&#8243; _builder_version=&#8221;4.8.1&#8243; _module_preset=&#8221;default&#8221;][et_pb_image src=&#8221;https:\/\/pro-mauritius.com\/wp-content\/uploads\/2021\/06\/Rent-Index-2-de.png&#8221; alt=&#8221;Mietpreisindex Mauritius und Steueroasen&#8221; title_text=&#8221;Mietpreisindex Mauritius und Steueroasen&#8221; _builder_version=&#8221;4.8.1&#8243; _module_preset=&#8221;default&#8221;][\/et_pb_image][\/et_pb_column][\/et_pb_row][et_pb_row column_structure=&#8221;1_3,2_3&#8243; _builder_version=&#8221;4.8.1&#8243; _module_preset=&#8221;default&#8221;][et_pb_column type=&#8221;1_3&#8243; _builder_version=&#8221;4.8.1&#8243; _module_preset=&#8221;default&#8221;][et_pb_text _builder_version=&#8221;4.8.1&#8243; _module_preset=&#8221;default&#8221;]<\/p>\n<p>Die <strong>Lebenshaltungskosten<\/strong>\u00a0in Mauritius sind deutlich niedriger als in den meisten beliebten Niedrigsteuerl\u00e4ndern.<\/p>\n<ul><\/ul>\n<p>[\/et_pb_text][\/et_pb_column][et_pb_column type=&#8221;2_3&#8243; _builder_version=&#8221;4.8.1&#8243; _module_preset=&#8221;default&#8221;][et_pb_image src=&#8221;https:\/\/pro-mauritius.com\/wp-content\/uploads\/2021\/06\/CoL-Index-2-de.png&#8221; alt=&#8221;Lebenshaltungskostenindex Mauritius und Steueroasen&#8221; title_text=&#8221;Lebenshaltungskostenindex in Mauritius und Niedrigsteuerl\u00e4ndern&#8221; _builder_version=&#8221;4.8.1&#8243; _module_preset=&#8221;default&#8221;][\/et_pb_image][\/et_pb_column][\/et_pb_row][\/et_pb_section]<\/p>\n","protected":false},"excerpt":{"rendered":"<p>Lebenshaltungskosten in Mauritius Was kostet es, im Paradies zu leben?Erfahren Sie in diesem Video, mit welchen Lebenshaltungskosten Sie in Mauritius rechnen m\u00fcssen. F\u00fcr viele \u00fcberraschend, die die Insel als Tourist eher als hochpreisig kennen: Das Leben in Mauritius ist deutlich g\u00fcnstiger als in Deutschland! Dieses Video auf YouTube ansehen Die Lebenshaltungskosten sind deutlich niedriger als [&hellip;]<\/p>\n","protected":false},"author":1,"featured_media":0,"parent":1431,"menu_order":0,"comment_status":"closed","ping_status":"closed","template":"","meta":{"_et_pb_use_builder":"on","_et_pb_old_content":"","_et_gb_content_width":""},"yoast_head":"<!-- This site is optimized with the Yoast SEO plugin v17.9 - https:\/\/yoast.com\/wordpress\/plugins\/seo\/ -->\n<title>Lebenshaltungskosten: Mauritius vs. andere L\u00e4nder - Pro Mauritius<\/title>\n<meta name=\"description\" content=\"Die Lebenshaltungskosten in Mauritius sind wesentlich g\u00fcnstiger als in Deutschland, westeurop\u00e4ischen L\u00e4ndern und Niedrigsteuerstandorten\" \/>\n<meta name=\"robots\" content=\"index, follow, max-snippet:-1, max-image-preview:large, max-video-preview:-1\" \/>\n<link rel=\"canonical\" href=\"https:\/\/pro-mauritius.com\/home\/leben\/lebenshaltungskosten\/\" \/>\n<meta property=\"og:locale\" content=\"en_US\" \/>\n<meta property=\"og:type\" content=\"article\" \/>\n<meta property=\"og:title\" content=\"Lebenshaltungskosten: Mauritius vs. andere L\u00e4nder - Pro Mauritius\" \/>\n<meta property=\"og:description\" content=\"Die Lebenshaltungskosten in Mauritius sind wesentlich g\u00fcnstiger als in Deutschland, westeurop\u00e4ischen L\u00e4ndern und Niedrigsteuerstandorten\" \/>\n<meta property=\"og:url\" content=\"https:\/\/pro-mauritius.com\/home\/leben\/lebenshaltungskosten\/\" \/>\n<meta property=\"og:site_name\" content=\"Pro Mauritius\" \/>\n<meta property=\"article:modified_time\" content=\"2022-03-19T06:00:50+00:00\" \/>\n<meta name=\"twitter:card\" content=\"summary_large_image\" \/>\n<meta name=\"twitter:label1\" content=\"Est. reading time\" \/>\n\t<meta name=\"twitter:data1\" content=\"3 minutes\" \/>\n<script type=\"application\/ld+json\" class=\"yoast-schema-graph\">{\"@context\":\"https:\/\/schema.org\",\"@graph\":[{\"@type\":\"WebSite\",\"@id\":\"https:\/\/pro-mauritius.com\/home\/#website\",\"url\":\"https:\/\/pro-mauritius.com\/home\/\",\"name\":\"Pro Mauritius\",\"description\":\"One-stop Consulting for companies, entrepreneurs and expats relocating to Mauritius\",\"potentialAction\":[{\"@type\":\"SearchAction\",\"target\":{\"@type\":\"EntryPoint\",\"urlTemplate\":\"https:\/\/pro-mauritius.com\/home\/?s={search_term_string}\"},\"query-input\":\"required name=search_term_string\"}],\"inLanguage\":\"en-US\"},{\"@type\":\"WebPage\",\"@id\":\"https:\/\/pro-mauritius.com\/home\/leben\/lebenshaltungskosten\/#webpage\",\"url\":\"https:\/\/pro-mauritius.com\/home\/leben\/lebenshaltungskosten\/\",\"name\":\"Lebenshaltungskosten: Mauritius vs. andere L\\u00e4nder - Pro Mauritius\",\"isPartOf\":{\"@id\":\"https:\/\/pro-mauritius.com\/home\/#website\"},\"datePublished\":\"2021-06-26T05:05:57+00:00\",\"dateModified\":\"2022-03-19T06:00:50+00:00\",\"description\":\"Die Lebenshaltungskosten in Mauritius sind wesentlich g\\u00fcnstiger als in Deutschland, westeurop\\u00e4ischen L\\u00e4ndern und Niedrigsteuerstandorten\",\"breadcrumb\":{\"@id\":\"https:\/\/pro-mauritius.com\/home\/leben\/lebenshaltungskosten\/#breadcrumb\"},\"inLanguage\":\"en-US\",\"potentialAction\":[{\"@type\":\"ReadAction\",\"target\":[\"https:\/\/pro-mauritius.com\/home\/leben\/lebenshaltungskosten\/\"]}]},{\"@type\":\"BreadcrumbList\",\"@id\":\"https:\/\/pro-mauritius.com\/home\/leben\/lebenshaltungskosten\/#breadcrumb\",\"itemListElement\":[{\"@type\":\"ListItem\",\"position\":1,\"name\":\"Home\",\"item\":\"https:\/\/pro-mauritius.com\/home\/\"},{\"@type\":\"ListItem\",\"position\":2,\"name\":\"Leben\",\"item\":\"https:\/\/pro-mauritius.com\/home\/leben\/\"},{\"@type\":\"ListItem\",\"position\":3,\"name\":\"Lebenshaltungskosten\"}]}]}<\/script>\n<!-- \/ Yoast SEO plugin. -->","yoast_head_json":{"title":"Lebenshaltungskosten: Mauritius vs. andere L\u00e4nder - Pro Mauritius","description":"Die Lebenshaltungskosten in Mauritius sind wesentlich g\u00fcnstiger als in Deutschland, westeurop\u00e4ischen L\u00e4ndern und Niedrigsteuerstandorten","robots":{"index":"index","follow":"follow","max-snippet":"max-snippet:-1","max-image-preview":"max-image-preview:large","max-video-preview":"max-video-preview:-1"},"canonical":"https:\/\/pro-mauritius.com\/home\/leben\/lebenshaltungskosten\/","og_locale":"en_US","og_type":"article","og_title":"Lebenshaltungskosten: Mauritius vs. andere L\u00e4nder - Pro Mauritius","og_description":"Die Lebenshaltungskosten in Mauritius sind wesentlich g\u00fcnstiger als in Deutschland, westeurop\u00e4ischen L\u00e4ndern und Niedrigsteuerstandorten","og_url":"https:\/\/pro-mauritius.com\/home\/leben\/lebenshaltungskosten\/","og_site_name":"Pro Mauritius","article_modified_time":"2022-03-19T06:00:50+00:00","twitter_card":"summary_large_image","twitter_misc":{"Est. reading time":"3 minutes"},"schema":{"@context":"https:\/\/schema.org","@graph":[{"@type":"WebSite","@id":"https:\/\/pro-mauritius.com\/home\/#website","url":"https:\/\/pro-mauritius.com\/home\/","name":"Pro Mauritius","description":"One-stop Consulting for companies, entrepreneurs and expats relocating to Mauritius","potentialAction":[{"@type":"SearchAction","target":{"@type":"EntryPoint","urlTemplate":"https:\/\/pro-mauritius.com\/home\/?s={search_term_string}"},"query-input":"required name=search_term_string"}],"inLanguage":"en-US"},{"@type":"WebPage","@id":"https:\/\/pro-mauritius.com\/home\/leben\/lebenshaltungskosten\/#webpage","url":"https:\/\/pro-mauritius.com\/home\/leben\/lebenshaltungskosten\/","name":"Lebenshaltungskosten: Mauritius vs. andere L\u00e4nder - Pro Mauritius","isPartOf":{"@id":"https:\/\/pro-mauritius.com\/home\/#website"},"datePublished":"2021-06-26T05:05:57+00:00","dateModified":"2022-03-19T06:00:50+00:00","description":"Die Lebenshaltungskosten in Mauritius sind wesentlich g\u00fcnstiger als in Deutschland, westeurop\u00e4ischen L\u00e4ndern und Niedrigsteuerstandorten","breadcrumb":{"@id":"https:\/\/pro-mauritius.com\/home\/leben\/lebenshaltungskosten\/#breadcrumb"},"inLanguage":"en-US","potentialAction":[{"@type":"ReadAction","target":["https:\/\/pro-mauritius.com\/home\/leben\/lebenshaltungskosten\/"]}]},{"@type":"BreadcrumbList","@id":"https:\/\/pro-mauritius.com\/home\/leben\/lebenshaltungskosten\/#breadcrumb","itemListElement":[{"@type":"ListItem","position":1,"name":"Home","item":"https:\/\/pro-mauritius.com\/home\/"},{"@type":"ListItem","position":2,"name":"Leben","item":"https:\/\/pro-mauritius.com\/home\/leben\/"},{"@type":"ListItem","position":3,"name":"Lebenshaltungskosten"}]}]}},"_links":{"self":[{"href":"https:\/\/pro-mauritius.com\/home\/wp-json\/wp\/v2\/pages\/2951"}],"collection":[{"href":"https:\/\/pro-mauritius.com\/home\/wp-json\/wp\/v2\/pages"}],"about":[{"href":"https:\/\/pro-mauritius.com\/home\/wp-json\/wp\/v2\/types\/page"}],"author":[{"embeddable":true,"href":"https:\/\/pro-mauritius.com\/home\/wp-json\/wp\/v2\/users\/1"}],"replies":[{"embeddable":true,"href":"https:\/\/pro-mauritius.com\/home\/wp-json\/wp\/v2\/comments?post=2951"}],"version-history":[{"count":12,"href":"https:\/\/pro-mauritius.com\/home\/wp-json\/wp\/v2\/pages\/2951\/revisions"}],"predecessor-version":[{"id":3189,"href":"https:\/\/pro-mauritius.com\/home\/wp-json\/wp\/v2\/pages\/2951\/revisions\/3189"}],"up":[{"embeddable":true,"href":"https:\/\/pro-mauritius.com\/home\/wp-json\/wp\/v2\/pages\/1431"}],"wp:attachment":[{"href":"https:\/\/pro-mauritius.com\/home\/wp-json\/wp\/v2\/media?parent=2951"}],"curies":[{"name":"wp","href":"https:\/\/api.w.org\/{rel}","templated":true}]}}