{"id":2837,"date":"2021-02-14T14:50:02","date_gmt":"2021-02-14T10:50:02","guid":{"rendered":"https:\/\/pro-mauritius.com\/home\/?page_id=2837"},"modified":"2021-02-27T10:32:18","modified_gmt":"2021-02-27T06:32:18","slug":"gsi-en","status":"publish","type":"page","link":"https:\/\/pro-mauritius.com\/home\/covid-19\/gsi-en\/","title":{"rendered":"Corona Measures: Mauritius Compared With Other Countries"},"content":{"rendered":"<p>[et_pb_section fb_built=&#8221;1&#8243; _builder_version=&#8221;3.22&#8243; custom_padding=&#8221;18px|0px|3px|0px|false|false&#8221;][et_pb_row _builder_version=&#8221;3.25&#8243; module_alignment=&#8221;center&#8221; custom_margin=&#8221;|||&#8221; custom_padding=&#8221;|0px|0|0px|false|false&#8221; animation_style=&#8221;fade&#8221;][et_pb_column type=&#8221;4_4&#8243; _builder_version=&#8221;3.25&#8243; custom_padding=&#8221;||30px|6%&#8221; custom_padding__hover=&#8221;|||&#8221;][et_pb_text _builder_version=&#8221;4.8.1&#8243; text_font=&#8221;||||||||&#8221; text_font_size=&#8221;30px&#8221; header_font=&#8221;|600|||||||&#8221; header_line_height=&#8221;1.4em&#8221; header_2_font=&#8221;Times New Roman|700|||||||&#8221; header_2_font_size=&#8221;38px&#8221; header_2_letter_spacing=&#8221;1px&#8221; header_2_line_height=&#8221;1.4em&#8221; header_3_font=&#8221;Verdana|700||on|||||&#8221; header_3_text_color=&#8221;#edbb5f&#8221; header_3_font_size=&#8221;14px&#8221; header_3_letter_spacing=&#8221;1px&#8221; header_3_line_height=&#8221;2em&#8221; max_width=&#8221;1080px&#8221; custom_margin=&#8221;||10px||false|false&#8221;]<\/p>\n<h1 style=\"text-align: center;\">Corona Measures: Mauritius Compared With Other Countries<\/h1>\n<p>[\/et_pb_text][et_pb_divider color=&#8221;#edbb5f&#8221; divider_weight=&#8221;2px&#8221; _builder_version=&#8221;3.15&#8243; max_width=&#8221;60px&#8221; module_alignment=&#8221;center&#8221; height=&#8221;2px&#8221;][\/et_pb_divider][\/et_pb_column][\/et_pb_row][et_pb_row use_custom_gutter=&#8221;on&#8221; gutter_width=&#8221;1&#8243; _builder_version=&#8221;3.26.3&#8243; module_alignment=&#8221;center&#8221; custom_margin=&#8221;||-10px||false|false&#8221; custom_padding=&#8221;14px|0px|0px|0px|false|false&#8221; animation_style=&#8221;fade&#8221;][et_pb_column type=&#8221;4_4&#8243; _builder_version=&#8221;3.25&#8243; custom_padding=&#8221;||30px|6%&#8221; custom_padding__hover=&#8221;|||&#8221;][et_pb_text _builder_version=&#8221;4.8.1&#8243; min_height=&#8221;30px&#8221;]<\/p>\n<p>The <em>Oxford Coronavirus Government Response Tracker (OxCGRT) project<\/em> calculate a <a href=\"https:\/\/ourworldindata.org\/covid-government-stringency-index\"><strong>Government Stringency Index<\/strong><\/a>, a composite measure of nine of the response metrics.<\/p>\n<p>The nine metrics used to calculate the Government Stringency Index are: school closures; workplace closures; cancellation of public events; restrictions on public gatherings; closures of public transport; stay-at-home requirements; public information campaigns; restrictions on internal movements; and international travel controls.<\/p>\n<p>The index on any given day is calculated as the mean score of the nine metrics, each taking a value between 0 and 100. <o:p><\/o:p><\/p>\n<p>[\/et_pb_text][\/et_pb_column][\/et_pb_row][et_pb_row use_custom_gutter=&#8221;on&#8221; gutter_width=&#8221;1&#8243; _builder_version=&#8221;3.26.3&#8243; module_alignment=&#8221;center&#8221; custom_margin=&#8221;||-10px||false|false&#8221; custom_padding=&#8221;14px|0px|0px|0px|false|false&#8221; animation_style=&#8221;fade&#8221;][et_pb_column type=&#8221;4_4&#8243; _builder_version=&#8221;3.25&#8243; custom_padding=&#8221;||30px|6%&#8221; custom_padding__hover=&#8221;|||&#8221;][et_pb_text _builder_version=&#8221;4.8.1&#8243; text_line_height=&#8221;1em&#8221; min_height=&#8221;29px&#8221; custom_padding=&#8221;||0px|||&#8221;]<\/p>\n<h2>Corona Measures in different regions of the world<\/h2>\n<p>[\/et_pb_text][\/et_pb_column][\/et_pb_row][et_pb_row column_structure=&#8221;1_2,1_2&#8243; use_custom_gutter=&#8221;on&#8221; gutter_width=&#8221;1&#8243; _builder_version=&#8221;3.26.3&#8243; module_alignment=&#8221;center&#8221; custom_margin=&#8221;||-10px||false|false&#8221; custom_padding=&#8221;14px|0px|0px|0px|false|false&#8221; animation_style=&#8221;fade&#8221;][et_pb_column type=&#8221;1_2&#8243; _builder_version=&#8221;3.25&#8243; custom_padding=&#8221;||30px|6%&#8221; custom_padding__hover=&#8221;|||&#8221;][et_pb_text _builder_version=&#8221;4.8.1&#8243; min_height=&#8221;30px&#8221; custom_padding=&#8221;0px||16px|||&#8221;]<\/p>\n<p><strong>Mauritius &#8211; Central Europe<\/strong><\/p>\n<p>[\/et_pb_text][et_pb_image src=&#8221;https:\/\/pro-mauritius.com\/wp-content\/uploads\/2021\/02\/GSI_MU_Central_Europe.png&#8221; title_text=&#8221;GSI_MU_Central_Europe&#8221; _builder_version=&#8221;4.8.1&#8243; _module_preset=&#8221;default&#8221;][\/et_pb_image][\/et_pb_column][et_pb_column type=&#8221;1_2&#8243; _builder_version=&#8221;3.25&#8243; custom_padding=&#8221;||30px|6%&#8221; custom_padding__hover=&#8221;|||&#8221;][et_pb_text _builder_version=&#8221;4.8.1&#8243; min_height=&#8221;30px&#8221; custom_padding=&#8221;0px||16px|||&#8221;]<\/p>\n<p><strong>Mauritius &#8211; Mediterranean riparian states<\/strong><\/p>\n<p>[\/et_pb_text][et_pb_image src=&#8221;https:\/\/pro-mauritius.com\/wp-content\/uploads\/2021\/02\/GSI_MU_Mediterranean.png&#8221; title_text=&#8221;GSI_MU_Mediterranean&#8221; _builder_version=&#8221;4.8.1&#8243; _module_preset=&#8221;default&#8221;][\/et_pb_image][\/et_pb_column][\/et_pb_row][et_pb_row column_structure=&#8221;1_2,1_2&#8243; use_custom_gutter=&#8221;on&#8221; gutter_width=&#8221;1&#8243; _builder_version=&#8221;3.26.3&#8243; module_alignment=&#8221;center&#8221; custom_margin=&#8221;||-10px||false|false&#8221; custom_padding=&#8221;14px|0px|0px|0px|false|false&#8221; animation_style=&#8221;fade&#8221;][et_pb_column type=&#8221;1_2&#8243; _builder_version=&#8221;3.25&#8243; custom_padding=&#8221;||30px|6%&#8221; custom_padding__hover=&#8221;|||&#8221;][et_pb_text _builder_version=&#8221;4.8.1&#8243; min_height=&#8221;30px&#8221; custom_padding=&#8221;0px||16px|||&#8221;]<\/p>\n<p><strong>Mauritius &#8211; North America<\/strong><\/p>\n<p>[\/et_pb_text][et_pb_image src=&#8221;https:\/\/pro-mauritius.com\/wp-content\/uploads\/2021\/02\/GSI_MU_North_America.png&#8221; title_text=&#8221;GSI_MU_North_America&#8221; _builder_version=&#8221;4.8.1&#8243; _module_preset=&#8221;default&#8221;][\/et_pb_image][\/et_pb_column][et_pb_column type=&#8221;1_2&#8243; _builder_version=&#8221;3.25&#8243; custom_padding=&#8221;||30px|6%&#8221; custom_padding__hover=&#8221;|||&#8221;][et_pb_text _builder_version=&#8221;4.8.1&#8243; min_height=&#8221;30px&#8221; custom_padding=&#8221;0px||16px|||&#8221;]<\/p>\n<p><strong>Mauritius &#8211; South America<\/strong><\/p>\n<p>[\/et_pb_text][et_pb_image src=&#8221;https:\/\/pro-mauritius.com\/wp-content\/uploads\/2021\/02\/GSI_MU_South_America.png&#8221; title_text=&#8221;GSI_MU_South_America&#8221; _builder_version=&#8221;4.8.1&#8243; _module_preset=&#8221;default&#8221;][\/et_pb_image][\/et_pb_column][\/et_pb_row][et_pb_row column_structure=&#8221;1_2,1_2&#8243; use_custom_gutter=&#8221;on&#8221; gutter_width=&#8221;1&#8243; _builder_version=&#8221;3.26.3&#8243; module_alignment=&#8221;center&#8221; custom_margin=&#8221;||-10px||false|false&#8221; custom_padding=&#8221;14px|0px|0px|0px|false|false&#8221; animation_style=&#8221;fade&#8221;][et_pb_column type=&#8221;1_2&#8243; _builder_version=&#8221;3.25&#8243; custom_padding=&#8221;||30px|6%&#8221; custom_padding__hover=&#8221;|||&#8221;][et_pb_text _builder_version=&#8221;4.8.1&#8243; min_height=&#8221;30px&#8221; custom_padding=&#8221;0px||16px|||&#8221;]<\/p>\n<p><strong>\u00a0Mauritius &#8211; Middle East, South Asia and Southeast Asia<br \/><\/strong><\/p>\n<p>[\/et_pb_text][et_pb_image src=&#8221;https:\/\/pro-mauritius.com\/wp-content\/uploads\/2021\/02\/GSI_MU_Asia.png&#8221; title_text=&#8221;GSI_MU_Asia&#8221; _builder_version=&#8221;4.8.1&#8243; _module_preset=&#8221;default&#8221;][\/et_pb_image][\/et_pb_column][et_pb_column type=&#8221;1_2&#8243; _builder_version=&#8221;3.25&#8243; custom_padding=&#8221;||30px|6%&#8221; custom_padding__hover=&#8221;|||&#8221;][et_pb_text _builder_version=&#8221;4.8.1&#8243; min_height=&#8221;30px&#8221; custom_padding=&#8221;0px||16px|||&#8221;]<\/p>\n<p><strong>Mauritius &#8211; East Asia and Pacific<br \/><\/strong><\/p>\n<p>[\/et_pb_text][et_pb_image src=&#8221;https:\/\/pro-mauritius.com\/wp-content\/uploads\/2021\/02\/GSI_MU_Asia-Pacific.png&#8221; title_text=&#8221;GSI_MU_Asia-Pacific&#8221; _builder_version=&#8221;4.8.1&#8243; _module_preset=&#8221;default&#8221;][\/et_pb_image][\/et_pb_column][\/et_pb_row][et_pb_row use_custom_gutter=&#8221;on&#8221; gutter_width=&#8221;1&#8243; _builder_version=&#8221;3.26.3&#8243; module_alignment=&#8221;center&#8221; custom_margin=&#8221;||-10px||false|false&#8221; custom_padding=&#8221;14px|0px|0px|0px|false|false&#8221; animation_style=&#8221;fade&#8221;][et_pb_column type=&#8221;4_4&#8243; _builder_version=&#8221;3.25&#8243; custom_padding=&#8221;||30px|6%&#8221; custom_padding__hover=&#8221;|||&#8221;][et_pb_text _builder_version=&#8221;4.8.1&#8243; text_line_height=&#8221;1em&#8221; min_height=&#8221;29px&#8221; custom_padding=&#8221;||0px|||&#8221;]<\/p>\n<h2>Corona Measures in other country groups<\/h2>\n<p>[\/et_pb_text][\/et_pb_column][\/et_pb_row][et_pb_row column_structure=&#8221;1_2,1_2&#8243; use_custom_gutter=&#8221;on&#8221; gutter_width=&#8221;1&#8243; _builder_version=&#8221;3.26.3&#8243; module_alignment=&#8221;center&#8221; custom_margin=&#8221;||-10px||false|false&#8221; custom_padding=&#8221;14px|0px|0px|0px|false|false&#8221; animation_style=&#8221;fade&#8221;][et_pb_column type=&#8221;1_2&#8243; _builder_version=&#8221;3.25&#8243; custom_padding=&#8221;||30px|6%&#8221; custom_padding__hover=&#8221;|||&#8221;][et_pb_text _builder_version=&#8221;4.8.1&#8243; min_height=&#8221;30px&#8221; custom_padding=&#8221;0px||16px|||&#8221;]<\/p>\n<p><strong>Mauritius &#8211; &#8220;Measure Denial Countries&#8221;<br \/><\/strong><\/p>\n<p>[\/et_pb_text][et_pb_image src=&#8221;https:\/\/pro-mauritius.com\/wp-content\/uploads\/2021\/02\/GSI_MU_Sceptics-1.png&#8221; title_text=&#8221;GSI_MU_Sceptics&#8221; _builder_version=&#8221;4.8.1&#8243; _module_preset=&#8221;default&#8221; hover_enabled=&#8221;0&#8243; sticky_enabled=&#8221;0&#8243;][\/et_pb_image][\/et_pb_column][et_pb_column type=&#8221;1_2&#8243; _builder_version=&#8221;3.25&#8243; custom_padding=&#8221;||30px|6%&#8221; custom_padding__hover=&#8221;|||&#8221;][et_pb_text _builder_version=&#8221;4.8.1&#8243; min_height=&#8221;30px&#8221; custom_padding=&#8221;0px||16px|||&#8221;]<\/p>\n<p><strong>Mauritius &#8211; Island nations<br \/><\/strong><\/p>\n<p>[\/et_pb_text][et_pb_image src=&#8221;https:\/\/pro-mauritius.com\/wp-content\/uploads\/2021\/02\/GSI_MU_Island_Nations.png&#8221; title_text=&#8221;GSI_MU_Island_Nations&#8221; _builder_version=&#8221;4.8.1&#8243; _module_preset=&#8221;default&#8221;][\/et_pb_image][\/et_pb_column][\/et_pb_row][et_pb_row use_custom_gutter=&#8221;on&#8221; gutter_width=&#8221;1&#8243; _builder_version=&#8221;3.26.3&#8243; module_alignment=&#8221;center&#8221; custom_margin=&#8221;||-10px||false|false&#8221; custom_padding=&#8221;14px|0px|0px|0px|false|false&#8221; animation_style=&#8221;fade&#8221;][et_pb_column type=&#8221;4_4&#8243; _builder_version=&#8221;3.25&#8243; custom_padding=&#8221;||30px|6%&#8221; custom_padding__hover=&#8221;|||&#8221;][et_pb_text _builder_version=&#8221;4.8.1&#8243; text_line_height=&#8221;1em&#8221; min_height=&#8221;29px&#8221; custom_padding=&#8221;||0px|||&#8221;]<\/p>\n<h2>Corona Measures in favorite emigrant countries<\/h2>\n<p>[\/et_pb_text][\/et_pb_column][\/et_pb_row][et_pb_row column_structure=&#8221;1_2,1_2&#8243; use_custom_gutter=&#8221;on&#8221; gutter_width=&#8221;1&#8243; _builder_version=&#8221;3.26.3&#8243; module_alignment=&#8221;center&#8221; custom_margin=&#8221;||-10px||false|false&#8221; custom_padding=&#8221;14px|0px|0px|0px|false|false&#8221; animation_style=&#8221;fade&#8221;][et_pb_column type=&#8221;1_2&#8243; _builder_version=&#8221;3.25&#8243; custom_padding=&#8221;||30px|6%&#8221; custom_padding__hover=&#8221;|||&#8221;][et_pb_text _builder_version=&#8221;4.8.1&#8243; min_height=&#8221;30px&#8221; custom_padding=&#8221;0px||16px|||&#8221;]<\/p>\n<p><strong>Mauritius &#8211; Tax havens<br \/> <\/strong><\/p>\n<p>[\/et_pb_text][et_pb_image src=&#8221;https:\/\/pro-mauritius.com\/wp-content\/uploads\/2021\/02\/GSI_MU_Tax_Havens.png&#8221; title_text=&#8221;GSI_MU_Tax_Havens&#8221; _builder_version=&#8221;4.8.1&#8243; _module_preset=&#8221;default&#8221;][\/et_pb_image][\/et_pb_column][et_pb_column type=&#8221;1_2&#8243; _builder_version=&#8221;3.25&#8243; custom_padding=&#8221;||30px|6%&#8221; custom_padding__hover=&#8221;|||&#8221;][et_pb_text _builder_version=&#8221;4.8.1&#8243; min_height=&#8221;30px&#8221; custom_padding=&#8221;0px||16px|||&#8221;]<\/p>\n<p><strong>Mauritius &#8211; Popular emigration destinations<br \/><\/strong><\/p>\n<p>[\/et_pb_text][et_pb_image src=&#8221;https:\/\/pro-mauritius.com\/wp-content\/uploads\/2021\/02\/GSI_MU_Emigrant_Countries.png&#8221; title_text=&#8221;GSI_MU_Emigrant_Countries&#8221; _builder_version=&#8221;4.8.1&#8243; _module_preset=&#8221;default&#8221;][\/et_pb_image][\/et_pb_column][\/et_pb_row][et_pb_row column_structure=&#8221;1_2,1_2&#8243; use_custom_gutter=&#8221;on&#8221; gutter_width=&#8221;1&#8243; _builder_version=&#8221;3.26.3&#8243; module_alignment=&#8221;center&#8221; custom_margin=&#8221;||-10px||false|false&#8221; custom_padding=&#8221;14px|0px|0px|0px|false|false&#8221; animation_style=&#8221;fade&#8221;][et_pb_column type=&#8221;1_2&#8243; _builder_version=&#8221;3.25&#8243; custom_padding=&#8221;||30px|6%&#8221; custom_padding__hover=&#8221;|||&#8221;][et_pb_text _builder_version=&#8221;4.8.1&#8243; min_height=&#8221;30px&#8221; custom_padding=&#8221;0px||16px|||&#8221;]<\/p>\n<p><strong>Mauritius &#8211; Popular destinations of digital nomads<br \/><\/strong><\/p>\n<p>[\/et_pb_text][et_pb_image src=&#8221;https:\/\/pro-mauritius.com\/wp-content\/uploads\/2021\/02\/GSI_MU_Digital_Nomads.png&#8221; title_text=&#8221;GSI_MU_Digital_Nomads&#8221; _builder_version=&#8221;4.8.1&#8243; _module_preset=&#8221;default&#8221;][\/et_pb_image][\/et_pb_column][et_pb_column type=&#8221;1_2&#8243; _builder_version=&#8221;3.25&#8243; custom_padding=&#8221;||30px|6%&#8221; custom_padding__hover=&#8221;|||&#8221;][\/et_pb_column][\/et_pb_row][\/et_pb_section][et_pb_section fb_built=&#8221;1&#8243; admin_label=&#8221;Quote&#8221; _builder_version=&#8221;3.22&#8243; background_position=&#8221;top_right&#8221; custom_margin=&#8221;|||&#8221; custom_padding=&#8221;10px|0px|30px|0px|false|false&#8221;][\/et_pb_section]<\/p>\n","protected":false},"excerpt":{"rendered":"<p>Corona Measures: Mauritius Compared With Other CountriesThe Oxford Coronavirus Government Response Tracker (OxCGRT) project calculate a Government Stringency Index, a composite measure of nine of the response metrics. The nine metrics used to calculate the Government Stringency Index are: school closures; workplace closures; cancellation of public events; restrictions on public gatherings; closures of public transport; [&hellip;]<\/p>\n","protected":false},"author":1,"featured_media":0,"parent":2339,"menu_order":0,"comment_status":"closed","ping_status":"closed","template":"","meta":{"_et_pb_use_builder":"on","_et_pb_old_content":"","_et_gb_content_width":""},"yoast_head":"<!-- This site is optimized with the Yoast SEO plugin v17.9 - https:\/\/yoast.com\/wordpress\/plugins\/seo\/ -->\n<title>Mauritius und Covid-19: Wie der Inselstaat die Krise bew\u00e4ltigte<\/title>\n<meta name=\"description\" content=\"Wie verhielt sich die Regierung von Mauritius w\u00e4hrend der Covid-19-Krise, welche Ma\u00dfnahmen ergriff sie, und wie steht das Land heute da?\" \/>\n<meta name=\"robots\" content=\"index, follow, max-snippet:-1, max-image-preview:large, max-video-preview:-1\" \/>\n<link rel=\"canonical\" href=\"https:\/\/pro-mauritius.com\/home\/covid-19\/gsi-en\/\" \/>\n<meta property=\"og:locale\" content=\"en_US\" \/>\n<meta property=\"og:type\" content=\"article\" \/>\n<meta property=\"og:title\" content=\"Mauritius und Covid-19: Wie der Inselstaat die Krise bew\u00e4ltigte\" \/>\n<meta property=\"og:description\" content=\"Wie verhielt sich die Regierung von Mauritius w\u00e4hrend der Covid-19-Krise, welche Ma\u00dfnahmen ergriff sie, und wie steht das Land heute da?\" \/>\n<meta property=\"og:url\" content=\"https:\/\/pro-mauritius.com\/home\/covid-19\/gsi-en\/\" \/>\n<meta property=\"og:site_name\" content=\"Pro Mauritius\" \/>\n<meta property=\"article:modified_time\" content=\"2021-02-27T06:32:18+00:00\" \/>\n<meta name=\"twitter:card\" content=\"summary_large_image\" \/>\n<meta name=\"twitter:label1\" content=\"Est. reading time\" \/>\n\t<meta name=\"twitter:data1\" content=\"3 minutes\" \/>\n<script type=\"application\/ld+json\" class=\"yoast-schema-graph\">{\"@context\":\"https:\/\/schema.org\",\"@graph\":[{\"@type\":\"WebSite\",\"@id\":\"https:\/\/pro-mauritius.com\/home\/#website\",\"url\":\"https:\/\/pro-mauritius.com\/home\/\",\"name\":\"Pro Mauritius\",\"description\":\"One-stop Consulting for companies, entrepreneurs and expats relocating to Mauritius\",\"potentialAction\":[{\"@type\":\"SearchAction\",\"target\":{\"@type\":\"EntryPoint\",\"urlTemplate\":\"https:\/\/pro-mauritius.com\/home\/?s={search_term_string}\"},\"query-input\":\"required name=search_term_string\"}],\"inLanguage\":\"en-US\"},{\"@type\":\"WebPage\",\"@id\":\"https:\/\/pro-mauritius.com\/home\/covid-19\/gsi-en\/#webpage\",\"url\":\"https:\/\/pro-mauritius.com\/home\/covid-19\/gsi-en\/\",\"name\":\"Mauritius und Covid-19: Wie der Inselstaat die Krise bew\\u00e4ltigte\",\"isPartOf\":{\"@id\":\"https:\/\/pro-mauritius.com\/home\/#website\"},\"datePublished\":\"2021-02-14T10:50:02+00:00\",\"dateModified\":\"2021-02-27T06:32:18+00:00\",\"description\":\"Wie verhielt sich die Regierung von Mauritius w\\u00e4hrend der Covid-19-Krise, welche Ma\\u00dfnahmen ergriff sie, und wie steht das Land heute da?\",\"breadcrumb\":{\"@id\":\"https:\/\/pro-mauritius.com\/home\/covid-19\/gsi-en\/#breadcrumb\"},\"inLanguage\":\"en-US\",\"potentialAction\":[{\"@type\":\"ReadAction\",\"target\":[\"https:\/\/pro-mauritius.com\/home\/covid-19\/gsi-en\/\"]}]},{\"@type\":\"BreadcrumbList\",\"@id\":\"https:\/\/pro-mauritius.com\/home\/covid-19\/gsi-en\/#breadcrumb\",\"itemListElement\":[{\"@type\":\"ListItem\",\"position\":1,\"name\":\"Home\",\"item\":\"https:\/\/pro-mauritius.com\/home\/\"},{\"@type\":\"ListItem\",\"position\":2,\"name\":\"COVID-19\",\"item\":\"https:\/\/pro-mauritius.com\/home\/covid-19\/\"},{\"@type\":\"ListItem\",\"position\":3,\"name\":\"Corona Measures: Mauritius Compared With Other Countries\"}]}]}<\/script>\n<!-- \/ Yoast SEO plugin. -->","yoast_head_json":{"title":"Mauritius und Covid-19: Wie der Inselstaat die Krise bew\u00e4ltigte","description":"Wie verhielt sich die Regierung von Mauritius w\u00e4hrend der Covid-19-Krise, welche Ma\u00dfnahmen ergriff sie, und wie steht das Land heute da?","robots":{"index":"index","follow":"follow","max-snippet":"max-snippet:-1","max-image-preview":"max-image-preview:large","max-video-preview":"max-video-preview:-1"},"canonical":"https:\/\/pro-mauritius.com\/home\/covid-19\/gsi-en\/","og_locale":"en_US","og_type":"article","og_title":"Mauritius und Covid-19: Wie der Inselstaat die Krise bew\u00e4ltigte","og_description":"Wie verhielt sich die Regierung von Mauritius w\u00e4hrend der Covid-19-Krise, welche Ma\u00dfnahmen ergriff sie, und wie steht das Land heute da?","og_url":"https:\/\/pro-mauritius.com\/home\/covid-19\/gsi-en\/","og_site_name":"Pro Mauritius","article_modified_time":"2021-02-27T06:32:18+00:00","twitter_card":"summary_large_image","twitter_misc":{"Est. reading time":"3 minutes"},"schema":{"@context":"https:\/\/schema.org","@graph":[{"@type":"WebSite","@id":"https:\/\/pro-mauritius.com\/home\/#website","url":"https:\/\/pro-mauritius.com\/home\/","name":"Pro Mauritius","description":"One-stop Consulting for companies, entrepreneurs and expats relocating to Mauritius","potentialAction":[{"@type":"SearchAction","target":{"@type":"EntryPoint","urlTemplate":"https:\/\/pro-mauritius.com\/home\/?s={search_term_string}"},"query-input":"required name=search_term_string"}],"inLanguage":"en-US"},{"@type":"WebPage","@id":"https:\/\/pro-mauritius.com\/home\/covid-19\/gsi-en\/#webpage","url":"https:\/\/pro-mauritius.com\/home\/covid-19\/gsi-en\/","name":"Mauritius und Covid-19: Wie der Inselstaat die Krise bew\u00e4ltigte","isPartOf":{"@id":"https:\/\/pro-mauritius.com\/home\/#website"},"datePublished":"2021-02-14T10:50:02+00:00","dateModified":"2021-02-27T06:32:18+00:00","description":"Wie verhielt sich die Regierung von Mauritius w\u00e4hrend der Covid-19-Krise, welche Ma\u00dfnahmen ergriff sie, und wie steht das Land heute da?","breadcrumb":{"@id":"https:\/\/pro-mauritius.com\/home\/covid-19\/gsi-en\/#breadcrumb"},"inLanguage":"en-US","potentialAction":[{"@type":"ReadAction","target":["https:\/\/pro-mauritius.com\/home\/covid-19\/gsi-en\/"]}]},{"@type":"BreadcrumbList","@id":"https:\/\/pro-mauritius.com\/home\/covid-19\/gsi-en\/#breadcrumb","itemListElement":[{"@type":"ListItem","position":1,"name":"Home","item":"https:\/\/pro-mauritius.com\/home\/"},{"@type":"ListItem","position":2,"name":"COVID-19","item":"https:\/\/pro-mauritius.com\/home\/covid-19\/"},{"@type":"ListItem","position":3,"name":"Corona Measures: Mauritius Compared With Other Countries"}]}]}},"_links":{"self":[{"href":"https:\/\/pro-mauritius.com\/home\/wp-json\/wp\/v2\/pages\/2837"}],"collection":[{"href":"https:\/\/pro-mauritius.com\/home\/wp-json\/wp\/v2\/pages"}],"about":[{"href":"https:\/\/pro-mauritius.com\/home\/wp-json\/wp\/v2\/types\/page"}],"author":[{"embeddable":true,"href":"https:\/\/pro-mauritius.com\/home\/wp-json\/wp\/v2\/users\/1"}],"replies":[{"embeddable":true,"href":"https:\/\/pro-mauritius.com\/home\/wp-json\/wp\/v2\/comments?post=2837"}],"version-history":[{"count":5,"href":"https:\/\/pro-mauritius.com\/home\/wp-json\/wp\/v2\/pages\/2837\/revisions"}],"predecessor-version":[{"id":2851,"href":"https:\/\/pro-mauritius.com\/home\/wp-json\/wp\/v2\/pages\/2837\/revisions\/2851"}],"up":[{"embeddable":true,"href":"https:\/\/pro-mauritius.com\/home\/wp-json\/wp\/v2\/pages\/2339"}],"wp:attachment":[{"href":"https:\/\/pro-mauritius.com\/home\/wp-json\/wp\/v2\/media?parent=2837"}],"curies":[{"name":"wp","href":"https:\/\/api.w.org\/{rel}","templated":true}]}}