{"id":2588,"date":"2020-12-10T16:19:09","date_gmt":"2020-12-10T12:19:09","guid":{"rendered":"https:\/\/pro-mauritius.com\/home\/?page_id=2588"},"modified":"2022-08-16T17:11:48","modified_gmt":"2022-08-16T13:11:48","slug":"rechtssicher-auswandern","status":"publish","type":"page","link":"https:\/\/pro-mauritius.com\/home\/steuern\/rechtssicher-auswandern\/","title":{"rendered":"Rechtssicher auswandern"},"content":{"rendered":"<p>[et_pb_section fb_built=&#8221;1&#8243; admin_label=&#8221;FAQ&#8221; _builder_version=&#8221;3.22&#8243; custom_padding=&#8221;30px|0px|0|0px|false|false&#8221;][et_pb_row use_custom_gutter=&#8221;on&#8221; gutter_width=&#8221;4&#8243; _builder_version=&#8221;3.25&#8243; custom_padding=&#8221;0|0px|13px|0px|false|false&#8221; animation_style=&#8221;fade&#8221; locked=&#8221;off&#8221;][et_pb_column type=&#8221;4_4&#8243; _builder_version=&#8221;3.25&#8243; custom_padding=&#8221;|||&#8221; custom_padding__hover=&#8221;|||&#8221;][et_pb_text _builder_version=&#8221;4.6.5&#8243; text_font=&#8221;||||||||&#8221; header_font=&#8221;|700|||||||&#8221; header_font_size=&#8221;38px&#8221; header_line_height=&#8221;1.3em&#8221; header_2_font=&#8221;Times New Roman|700|||||||&#8221; header_2_font_size=&#8221;38px&#8221; header_2_letter_spacing=&#8221;1px&#8221; header_2_line_height=&#8221;1.4em&#8221; header_3_font=&#8221;Verdana|700||on|||||&#8221; header_3_text_color=&#8221;#edbb5f&#8221; header_3_font_size=&#8221;14px&#8221; header_3_letter_spacing=&#8221;1px&#8221; header_3_line_height=&#8221;2em&#8221; header_4_font=&#8221;||||||||&#8221; header_5_font=&#8221;||||||||&#8221; header_6_font=&#8221;||||||||&#8221; text_orientation=&#8221;center&#8221; max_width=&#8221;1080px&#8221; module_alignment=&#8221;center&#8221; custom_margin=&#8221;0px||2px|&#8221; custom_padding=&#8221;0px||0px|&#8221;]<\/p>\n<h1>Rechtssicher auswandern<\/h1>\n<p>[\/et_pb_text][et_pb_divider color=&#8221;#edbb5f&#8221; divider_weight=&#8221;2px&#8221; _builder_version=&#8221;3.15&#8243; max_width=&#8221;60px&#8221; module_alignment=&#8221;center&#8221; height=&#8221;2px&#8221; custom_margin=&#8221;0px|||&#8221; custom_padding=&#8221;1px|||&#8221;][\/et_pb_divider][\/et_pb_column][\/et_pb_row][et_pb_row column_structure=&#8221;1_4,3_4&#8243; _builder_version=&#8221;3.25&#8243;][et_pb_column type=&#8221;1_4&#8243; _builder_version=&#8221;3.25&#8243; custom_padding=&#8221;|||&#8221; custom_padding__hover=&#8221;|||&#8221;][et_pb_image src=&#8221;https:\/\/pro-mauritius.com\/wp-content\/uploads\/2020\/12\/K\u00fcstenlinie-Le-Morne-H.jpg&#8221; title_text=&#8221;K\u00fcstenlinie Le Morne H&#8221; _builder_version=&#8221;4.6.5&#8243; _module_preset=&#8221;default&#8221;][\/et_pb_image][\/et_pb_column][et_pb_column type=&#8221;3_4&#8243; _builder_version=&#8221;3.25&#8243; custom_padding=&#8221;|||&#8221; custom_padding__hover=&#8221;|||&#8221;][et_pb_text _builder_version=&#8221;4.6.5&#8243; text_font=&#8221;||||||||&#8221;]<\/p>\n<p>Der Traum vom Leben und Arbeiten im Ausland ist so beliebt wie nie zuvor. Immer mehr digitale Unternehmer sehen ihre Chance in der Digitalisierung und damit die M\u00f6glichkeit, ihren eigenen Arbeitsplatz in internationale Gefilde zu verlegen. Dabei sollten die steuerlichen Verpflichtungen stets besonders gr\u00fcndlich bedacht werden.<\/p>\n<p>Jedes Jahr wandern laut Bundesinstitut f\u00fcr Bev\u00f6lkerungsforschung ca. 180.000 Deutsche aus. Die Digitalisierung macht es einfacher denn je: immer mehr Unternehmer, Selbst\u00e4ndige und Freelancer k\u00f6nnen ortsunabh\u00e4ngig und ohne feste Bindung an Deutschland arbeiten. Sie alle k\u00f6nnen ihr Unternehmen von jedem beliebigen Ort der Welt f\u00fchren. Wegen der aktuellen Zust\u00e4nde in Deutschland und der d\u00fcsteren Aussichten d\u00fcrften in Zukunft deutliche mehr Menschen die Heimat verlassen und an einen Ort ziehen, der bessere wirtschaftliche, finanzielle, soziale und klimatische Rahmenbedingungen (auch im \u00fcbertragenen Sinne!) bietet.<\/p>\n<p>Wer als Unternehmer auswandert und seinen Firmensitz ins Ausland verlegt, spart in einigen L\u00e4ndern sehr viele Steuern. Vor allem digitale Unternehmer, die von \u00fcberall auf der Welt arbeiten k\u00f6nnen, wandern daher gerne in steuerg\u00fcnstige Staaten aus.<\/p>\n<p>Mauritius ist einer der am besten geeigneten Standorte weltweit.<\/p>\n<p>[\/et_pb_text][\/et_pb_column][\/et_pb_row][et_pb_row _builder_version=&#8221;3.25&#8243;][et_pb_column type=&#8221;4_4&#8243; _builder_version=&#8221;3.25&#8243; custom_padding=&#8221;|||&#8221; custom_padding__hover=&#8221;|||&#8221;][et_pb_text _builder_version=&#8221;4.8.1&#8243; text_font=&#8221;||||||||&#8221; hover_enabled=&#8221;0&#8243; sticky_enabled=&#8221;0&#8243;]<\/p>\n<p><strong>Qualifizierte Steuerberatung<br \/> <\/strong><\/p>\n<p>Da pro-mauritius.com selbst keine Steuerberatung anbietet, arbeiten wir mit ausgewiesenen Experten zusammen. Auf deutscher Seite ist dies Steuerberater Michael Wohlfart. Der Experte im Internationalen Steuerrecht ist selbst erfolgreich ausgewandert und operiert von Zypern aus. Sein Standort au\u00dferhalb Deutschlands erlaubt es ihm, seine Klienten auch in steuerlichen Sachverhalten von spezifischen Auslandsstandorten zu beraten. In Deutschland ans\u00e4ssigen Steuerberatern ist dies aus standesrechtlichen Gr\u00fcnden verboten.<\/p>\n<p>Michael Wohlfart bietet hervorragende Online-Produkte zu diesem komplexen Thema an:<\/p>\n<ul>\n<li>Quick-Check: <strong>Steuern sparen &amp; Auswanderung<\/strong><\/li>\n<li>Online-Programm: <strong>Sicher Auswandern und legal Steuern sparen<\/strong><\/li>\n<\/ul>\n<p>[\/et_pb_text][\/et_pb_column][\/et_pb_row][et_pb_row use_custom_gutter=&#8221;on&#8221; gutter_width=&#8221;1&#8243; _builder_version=&#8221;3.26.3&#8243; custom_padding=&#8221;19px|0px|0|0px|false|false&#8221;][et_pb_column type=&#8221;4_4&#8243; _builder_version=&#8221;3.25&#8243; custom_padding=&#8221;|||&#8221; custom_padding__hover=&#8221;|||&#8221;][et_pb_text _builder_version=&#8221;4.8.1&#8243; text_font=&#8221;||||||||&#8221; text_font_size=&#8221;16px&#8221; header_2_font_size=&#8221;20px&#8221; header_2_line_height=&#8221;1.3em&#8221;]<\/p>\n<h2>Quick-Check: <strong>Steuern sparen &amp; Auswanderung<\/strong><\/h2>\n<p>[\/et_pb_text][\/et_pb_column][\/et_pb_row][et_pb_row column_structure=&#8221;3_5,2_5&#8243; use_custom_gutter=&#8221;on&#8221; gutter_width=&#8221;2&#8243; _builder_version=&#8221;4.6.5&#8243; custom_padding=&#8221;15px|0px|0|0px|false|false&#8221;][et_pb_column type=&#8221;3_5&#8243; _builder_version=&#8221;3.25&#8243; custom_padding=&#8221;|||&#8221; custom_padding__hover=&#8221;|||&#8221;][et_pb_text _builder_version=&#8221;4.8.1&#8243; text_font=&#8221;||||||||&#8221; ul_font=&#8221;||||||||&#8221; ul_line_height=&#8221;1.5em&#8221; hover_enabled=&#8221;0&#8243; sticky_enabled=&#8221;0&#8243;]<\/p>\n<div class=\"elementor-element elementor-element-6610d28 elementor-widget elementor-widget-text-editor\" data-id=\"6610d28\" data-element_type=\"widget\" data-widget_type=\"text-editor.default\">\n<div class=\"elementor-widget-container\">\n<div class=\"elementor-text-editor elementor-clearfix\">\n<h3 class=\"elementor-heading-title elementor-size-default\">Auswandern Ja oder Nein?<\/h3>\n<p>Du wei\u00dft noch nicht, ob eine Auswanderung das Richtige f\u00fcr dich ist? Du m\u00f6chtest etwas in deinem Leben \u00e4ndern, aber bist dir nicht sicher, was die n\u00e4chsten Schritte sind oder wo die Reise hingeht?<\/p>\n<p>Der Quick-Check hilft dir bei deiner Entscheidung, f\u00fcr oder gegen eine Auswanderung. Du findest heraus, ob eine Auswanderung f\u00fcr dich steuerlich und finanziell Sinn macht. Du lernst, wie du in Deutschland keine Steuern mehr zahlst, wie viel du sparst und was du beachten solltest; auch bei nicht-steuerlichen Themen, wie Krankenversicherung, Bankkonten, Depots, etc.<\/p>\n<\/div>\n<\/div>\n<\/div>\n<p>[\/et_pb_text][\/et_pb_column][et_pb_column type=&#8221;2_5&#8243; _builder_version=&#8221;3.25&#8243; custom_padding=&#8221;|||&#8221; custom_padding__hover=&#8221;|||&#8221;][et_pb_button button_url=&#8221;https:\/\/elopage.com\/s\/easydigitax\/steuern-sparen-und-auswanderung\/payment?pid=23787&#038;prid=4831&#8243; url_new_window=&#8221;on&#8221; button_text=&#8221;Zum Quick-Check&#8221; button_alignment=&#8221;center&#8221; _builder_version=&#8221;4.8.1&#8243; _module_preset=&#8221;default&#8221; custom_button=&#8221;on&#8221; button_text_color=&#8221;#ffffff&#8221; button_bg_color=&#8221;#007fe0&#8243; button_border_width=&#8221;0px&#8221; hover_enabled=&#8221;0&#8243; sticky_enabled=&#8221;0&#8243;][\/et_pb_button][\/et_pb_column][\/et_pb_row][et_pb_row _builder_version=&#8221;3.25&#8243; custom_margin=&#8221;25px|auto||auto||&#8221; custom_padding=&#8221;5px|0px|0|0px|false|false&#8221;][et_pb_column type=&#8221;4_4&#8243; _builder_version=&#8221;3.25&#8243; custom_padding=&#8221;|||&#8221; custom_padding__hover=&#8221;|||&#8221;][et_pb_divider divider_weight=&#8221;3px&#8221; _builder_version=&#8221;4.6.5&#8243; custom_margin=&#8221;0px||0px|&#8221;][\/et_pb_divider][et_pb_text _builder_version=&#8221;4.8.1&#8243; text_font=&#8221;||||||||&#8221; text_font_size=&#8221;16px&#8221; header_2_font_size=&#8221;20px&#8221; header_2_line_height=&#8221;1.3em&#8221; hover_enabled=&#8221;0&#8243; sticky_enabled=&#8221;0&#8243;]<\/p>\n<h2>Online-Programm:<strong> Sicher Auswandern &amp; Legal Steuern Sparen<br \/> <\/strong><\/h2>\n<p>[\/et_pb_text][\/et_pb_column][\/et_pb_row][et_pb_row column_structure=&#8221;3_5,2_5&#8243; use_custom_gutter=&#8221;on&#8221; gutter_width=&#8221;2&#8243; _builder_version=&#8221;4.6.5&#8243; custom_padding=&#8221;15px|0px|0|0px|false|false&#8221;][et_pb_column type=&#8221;3_5&#8243; _builder_version=&#8221;3.25&#8243; custom_padding=&#8221;|||&#8221; custom_padding__hover=&#8221;|||&#8221;][et_pb_text _builder_version=&#8221;4.8.1&#8243; text_font=&#8221;||||||||&#8221; ul_font=&#8221;||||||||&#8221; ul_line_height=&#8221;1.5em&#8221; hover_enabled=&#8221;0&#8243; sticky_enabled=&#8221;0&#8243;]<\/p>\n<div class=\"elementor-element elementor-element-699f49d elementor-widget elementor-widget-heading\" data-id=\"699f49d\" data-element_type=\"widget\" data-widget_type=\"heading.default\">\n<div class=\"elementor-widget-container\">\n<h3 class=\"elementor-heading-title elementor-size-default\">Das ganzheitliche Programm f\u00fcr alle Auswanderer<\/h3>\n<\/div>\n<\/div>\n<div class=\"elementor-element elementor-element-360071b elementor-widget elementor-widget-text-editor\" data-id=\"360071b\" data-element_type=\"widget\" data-widget_type=\"text-editor.default\">\n<div class=\"elementor-widget-container\">\n<div class=\"elementor-text-editor elementor-clearfix\">\n<p>Du m\u00f6chtest auswandern und bist Unternehmer, Investor, Angestellter oder Rentner? Du m\u00f6chtest deine Auswanderung sicher durchf\u00fchren und legal Steuern sparen?<\/p>\n<p>Das Online-Programm mit dem umfassenden Expertenwissen von Michael Wohlfart hilft dir bei der Planung deiner rechtssicheren Auswanderung und der entspannten Umsetzung. Lerne, wie du deine unbeschr\u00e4nkte Steuerpflicht wirksam beendest und wie du unn\u00f6tige (Wegzugs-)Steuern vermeidest. Profitiere durch deine Auswanderung von Erleichterungen und niedrigeren Steuern im Ausland und sch\u00fctze dein Verm\u00f6gen.<\/p>\n<\/div>\n<\/div>\n<\/div>\n<p>[\/et_pb_text][\/et_pb_column][et_pb_column type=&#8221;2_5&#8243; _builder_version=&#8221;3.25&#8243; custom_padding=&#8221;|||&#8221; custom_padding__hover=&#8221;|||&#8221;][et_pb_button button_url=&#8221;https:\/\/elopage.com\/s\/easydigitax\/auswandern\/payment?pid=23787&#038;prid=4831&#8243; url_new_window=&#8221;on&#8221; button_text=&#8221;Zum Online-Programm&#8221; button_alignment=&#8221;center&#8221; _builder_version=&#8221;4.8.1&#8243; _module_preset=&#8221;default&#8221; custom_button=&#8221;on&#8221; button_text_color=&#8221;#ffffff&#8221; button_bg_color=&#8221;#007fe0&#8243; button_border_width=&#8221;0px&#8221; hover_enabled=&#8221;0&#8243; sticky_enabled=&#8221;0&#8243;][\/et_pb_button][\/et_pb_column][\/et_pb_row][et_pb_row _builder_version=&#8221;3.25&#8243; custom_margin=&#8221;25px|auto||auto||&#8221; custom_padding=&#8221;5px|0px|0|0px|false|false&#8221;][et_pb_column type=&#8221;4_4&#8243; _builder_version=&#8221;3.25&#8243; custom_padding=&#8221;|||&#8221; custom_padding__hover=&#8221;|||&#8221;][et_pb_divider divider_weight=&#8221;3px&#8221; _builder_version=&#8221;4.6.5&#8243; custom_margin=&#8221;0px||0px|&#8221;][\/et_pb_divider][\/et_pb_column][\/et_pb_row][et_pb_row column_structure=&#8221;1_5,1_5,3_5&#8243; _builder_version=&#8221;3.25&#8243;][et_pb_column type=&#8221;1_5&#8243; _builder_version=&#8221;3.25&#8243; custom_padding=&#8221;|||&#8221; custom_padding__hover=&#8221;|||&#8221;][\/et_pb_column][et_pb_column type=&#8221;1_5&#8243; _builder_version=&#8221;3.25&#8243; custom_padding=&#8221;|||&#8221; custom_padding__hover=&#8221;|||&#8221;][\/et_pb_column][et_pb_column type=&#8221;3_5&#8243; _builder_version=&#8221;3.25&#8243; custom_padding=&#8221;|||&#8221; custom_padding__hover=&#8221;|||&#8221;][et_pb_button button_url=&#8221;https:\/\/pro-mauritius.com\/steuern\/&#8221; button_text=&#8221;Zur\u00fcck zu Steuern&#8221; _builder_version=&#8221;3.19.4&#8243; button_text_size__hover_enabled=&#8221;off&#8221; button_one_text_size__hover_enabled=&#8221;off&#8221; button_two_text_size__hover_enabled=&#8221;off&#8221; button_text_color__hover_enabled=&#8221;off&#8221; button_one_text_color__hover_enabled=&#8221;off&#8221; button_two_text_color__hover_enabled=&#8221;off&#8221; button_border_width__hover_enabled=&#8221;off&#8221; button_one_border_width__hover_enabled=&#8221;off&#8221; button_two_border_width__hover_enabled=&#8221;off&#8221; button_border_color__hover_enabled=&#8221;off&#8221; button_one_border_color__hover_enabled=&#8221;off&#8221; button_two_border_color__hover_enabled=&#8221;off&#8221; button_border_radius__hover_enabled=&#8221;off&#8221; button_one_border_radius__hover_enabled=&#8221;off&#8221; button_two_border_radius__hover_enabled=&#8221;off&#8221; button_letter_spacing__hover_enabled=&#8221;off&#8221; button_one_letter_spacing__hover_enabled=&#8221;off&#8221; button_two_letter_spacing__hover_enabled=&#8221;off&#8221; button_bg_color__hover_enabled=&#8221;off&#8221; button_one_bg_color__hover_enabled=&#8221;off&#8221; button_two_bg_color__hover_enabled=&#8221;off&#8221;][\/et_pb_button][\/et_pb_column][\/et_pb_row][\/et_pb_section]<\/p>\n","protected":false},"excerpt":{"rendered":"<p>Rechtssicher auswandernDer Traum vom Leben und Arbeiten im Ausland ist so beliebt wie nie zuvor. Immer mehr digitale Unternehmer sehen ihre Chance in der Digitalisierung und damit die M\u00f6glichkeit, ihren eigenen Arbeitsplatz in internationale Gefilde zu verlegen. Dabei sollten die steuerlichen Verpflichtungen stets besonders gr\u00fcndlich bedacht werden. Jedes Jahr wandern laut Bundesinstitut f\u00fcr Bev\u00f6lkerungsforschung ca. [&hellip;]<\/p>\n","protected":false},"author":1,"featured_media":0,"parent":1576,"menu_order":0,"comment_status":"closed","ping_status":"closed","template":"","meta":{"_et_pb_use_builder":"on","_et_pb_old_content":"","_et_gb_content_width":""},"yoast_head":"<!-- This site is optimized with the Yoast SEO plugin v17.9 - https:\/\/yoast.com\/wordpress\/plugins\/seo\/ -->\n<title>Rechtssicher auswandern aus Deutschland - Pro Mauritius<\/title>\n<meta name=\"description\" content=\"Die 7 Schritte zum rechtssicheren und entspannten Auswandern: Wie du unn\u00f6tige Steuern in Deutschland vermeidest und die optimale Struktur im Ausland w\u00e4hlst\" \/>\n<meta name=\"robots\" content=\"index, follow, max-snippet:-1, max-image-preview:large, max-video-preview:-1\" \/>\n<link rel=\"canonical\" href=\"https:\/\/pro-mauritius.com\/home\/steuern\/rechtssicher-auswandern\/\" \/>\n<meta property=\"og:locale\" content=\"en_US\" \/>\n<meta property=\"og:type\" content=\"article\" \/>\n<meta property=\"og:title\" content=\"Rechtssicher auswandern aus Deutschland - Pro Mauritius\" \/>\n<meta property=\"og:description\" content=\"Die 7 Schritte zum rechtssicheren und entspannten Auswandern: Wie du unn\u00f6tige Steuern in Deutschland vermeidest und die optimale Struktur im Ausland w\u00e4hlst\" \/>\n<meta property=\"og:url\" content=\"https:\/\/pro-mauritius.com\/home\/steuern\/rechtssicher-auswandern\/\" \/>\n<meta property=\"og:site_name\" content=\"Pro Mauritius\" \/>\n<meta property=\"article:modified_time\" content=\"2022-08-16T13:11:48+00:00\" \/>\n<meta name=\"twitter:card\" content=\"summary_large_image\" \/>\n<meta name=\"twitter:label1\" content=\"Est. reading time\" \/>\n\t<meta name=\"twitter:data1\" content=\"7 minutes\" \/>\n<script type=\"application\/ld+json\" class=\"yoast-schema-graph\">{\"@context\":\"https:\/\/schema.org\",\"@graph\":[{\"@type\":\"WebSite\",\"@id\":\"https:\/\/pro-mauritius.com\/home\/#website\",\"url\":\"https:\/\/pro-mauritius.com\/home\/\",\"name\":\"Pro Mauritius\",\"description\":\"One-stop Consulting for companies, entrepreneurs and expats relocating to Mauritius\",\"potentialAction\":[{\"@type\":\"SearchAction\",\"target\":{\"@type\":\"EntryPoint\",\"urlTemplate\":\"https:\/\/pro-mauritius.com\/home\/?s={search_term_string}\"},\"query-input\":\"required name=search_term_string\"}],\"inLanguage\":\"en-US\"},{\"@type\":\"WebPage\",\"@id\":\"https:\/\/pro-mauritius.com\/home\/steuern\/rechtssicher-auswandern\/#webpage\",\"url\":\"https:\/\/pro-mauritius.com\/home\/steuern\/rechtssicher-auswandern\/\",\"name\":\"Rechtssicher auswandern aus Deutschland - Pro Mauritius\",\"isPartOf\":{\"@id\":\"https:\/\/pro-mauritius.com\/home\/#website\"},\"datePublished\":\"2020-12-10T12:19:09+00:00\",\"dateModified\":\"2022-08-16T13:11:48+00:00\",\"description\":\"Die 7 Schritte zum rechtssicheren und entspannten Auswandern: Wie du unn\\u00f6tige Steuern in Deutschland vermeidest und die optimale Struktur im Ausland w\\u00e4hlst\",\"breadcrumb\":{\"@id\":\"https:\/\/pro-mauritius.com\/home\/steuern\/rechtssicher-auswandern\/#breadcrumb\"},\"inLanguage\":\"en-US\",\"potentialAction\":[{\"@type\":\"ReadAction\",\"target\":[\"https:\/\/pro-mauritius.com\/home\/steuern\/rechtssicher-auswandern\/\"]}]},{\"@type\":\"BreadcrumbList\",\"@id\":\"https:\/\/pro-mauritius.com\/home\/steuern\/rechtssicher-auswandern\/#breadcrumb\",\"itemListElement\":[{\"@type\":\"ListItem\",\"position\":1,\"name\":\"Home\",\"item\":\"https:\/\/pro-mauritius.com\/home\/\"},{\"@type\":\"ListItem\",\"position\":2,\"name\":\"Steuern\",\"item\":\"https:\/\/pro-mauritius.com\/home\/steuern\/\"},{\"@type\":\"ListItem\",\"position\":3,\"name\":\"Rechtssicher auswandern\"}]}]}<\/script>\n<!-- \/ Yoast SEO plugin. -->","yoast_head_json":{"title":"Rechtssicher auswandern aus Deutschland - Pro Mauritius","description":"Die 7 Schritte zum rechtssicheren und entspannten Auswandern: Wie du unn\u00f6tige Steuern in Deutschland vermeidest und die optimale Struktur im Ausland w\u00e4hlst","robots":{"index":"index","follow":"follow","max-snippet":"max-snippet:-1","max-image-preview":"max-image-preview:large","max-video-preview":"max-video-preview:-1"},"canonical":"https:\/\/pro-mauritius.com\/home\/steuern\/rechtssicher-auswandern\/","og_locale":"en_US","og_type":"article","og_title":"Rechtssicher auswandern aus Deutschland - Pro Mauritius","og_description":"Die 7 Schritte zum rechtssicheren und entspannten Auswandern: Wie du unn\u00f6tige Steuern in Deutschland vermeidest und die optimale Struktur im Ausland w\u00e4hlst","og_url":"https:\/\/pro-mauritius.com\/home\/steuern\/rechtssicher-auswandern\/","og_site_name":"Pro Mauritius","article_modified_time":"2022-08-16T13:11:48+00:00","twitter_card":"summary_large_image","twitter_misc":{"Est. reading time":"7 minutes"},"schema":{"@context":"https:\/\/schema.org","@graph":[{"@type":"WebSite","@id":"https:\/\/pro-mauritius.com\/home\/#website","url":"https:\/\/pro-mauritius.com\/home\/","name":"Pro Mauritius","description":"One-stop Consulting for companies, entrepreneurs and expats relocating to Mauritius","potentialAction":[{"@type":"SearchAction","target":{"@type":"EntryPoint","urlTemplate":"https:\/\/pro-mauritius.com\/home\/?s={search_term_string}"},"query-input":"required name=search_term_string"}],"inLanguage":"en-US"},{"@type":"WebPage","@id":"https:\/\/pro-mauritius.com\/home\/steuern\/rechtssicher-auswandern\/#webpage","url":"https:\/\/pro-mauritius.com\/home\/steuern\/rechtssicher-auswandern\/","name":"Rechtssicher auswandern aus Deutschland - Pro Mauritius","isPartOf":{"@id":"https:\/\/pro-mauritius.com\/home\/#website"},"datePublished":"2020-12-10T12:19:09+00:00","dateModified":"2022-08-16T13:11:48+00:00","description":"Die 7 Schritte zum rechtssicheren und entspannten Auswandern: Wie du unn\u00f6tige Steuern in Deutschland vermeidest und die optimale Struktur im Ausland w\u00e4hlst","breadcrumb":{"@id":"https:\/\/pro-mauritius.com\/home\/steuern\/rechtssicher-auswandern\/#breadcrumb"},"inLanguage":"en-US","potentialAction":[{"@type":"ReadAction","target":["https:\/\/pro-mauritius.com\/home\/steuern\/rechtssicher-auswandern\/"]}]},{"@type":"BreadcrumbList","@id":"https:\/\/pro-mauritius.com\/home\/steuern\/rechtssicher-auswandern\/#breadcrumb","itemListElement":[{"@type":"ListItem","position":1,"name":"Home","item":"https:\/\/pro-mauritius.com\/home\/"},{"@type":"ListItem","position":2,"name":"Steuern","item":"https:\/\/pro-mauritius.com\/home\/steuern\/"},{"@type":"ListItem","position":3,"name":"Rechtssicher auswandern"}]}]}},"_links":{"self":[{"href":"https:\/\/pro-mauritius.com\/home\/wp-json\/wp\/v2\/pages\/2588"}],"collection":[{"href":"https:\/\/pro-mauritius.com\/home\/wp-json\/wp\/v2\/pages"}],"about":[{"href":"https:\/\/pro-mauritius.com\/home\/wp-json\/wp\/v2\/types\/page"}],"author":[{"embeddable":true,"href":"https:\/\/pro-mauritius.com\/home\/wp-json\/wp\/v2\/users\/1"}],"replies":[{"embeddable":true,"href":"https:\/\/pro-mauritius.com\/home\/wp-json\/wp\/v2\/comments?post=2588"}],"version-history":[{"count":14,"href":"https:\/\/pro-mauritius.com\/home\/wp-json\/wp\/v2\/pages\/2588\/revisions"}],"predecessor-version":[{"id":3434,"href":"https:\/\/pro-mauritius.com\/home\/wp-json\/wp\/v2\/pages\/2588\/revisions\/3434"}],"up":[{"embeddable":true,"href":"https:\/\/pro-mauritius.com\/home\/wp-json\/wp\/v2\/pages\/1576"}],"wp:attachment":[{"href":"https:\/\/pro-mauritius.com\/home\/wp-json\/wp\/v2\/media?parent=2588"}],"curies":[{"name":"wp","href":"https:\/\/api.w.org\/{rel}","templated":true}]}}