{"id":2270,"date":"2020-02-25T10:44:34","date_gmt":"2020-02-25T06:44:34","guid":{"rendered":"https:\/\/pro-mauritius.com\/home\/?page_id=2270"},"modified":"2024-04-15T16:20:42","modified_gmt":"2024-04-15T12:20:42","slug":"spezialdossier","status":"publish","type":"page","link":"https:\/\/pro-mauritius.com\/home\/immobilien\/spezialdossier\/","title":{"rendered":"Spezialdossier Immobilien"},"content":{"rendered":"<p>[et_pb_section fb_built=&#8221;1&#8243; _builder_version=&#8221;4.19.5&#8243; _module_preset=&#8221;default&#8221; custom_padding=&#8221;30px||10px|||&#8221; global_colors_info=&#8221;{}&#8221;][et_pb_row _builder_version=&#8221;4.19.5&#8243; _module_preset=&#8221;default&#8221; custom_padding=&#8221;||9px|||&#8221; global_colors_info=&#8221;{}&#8221;][et_pb_column type=&#8221;4_4&#8243; _builder_version=&#8221;4.19.5&#8243; _module_preset=&#8221;default&#8221; global_colors_info=&#8221;{}&#8221;][et_pb_text _builder_version=&#8221;4.19.5&#8243; _module_preset=&#8221;default&#8221; text_font=&#8221;|700|||||||&#8221; text_text_color=&#8221;#000000&#8243; text_font_size=&#8221;29px&#8221; header_text_color=&#8221;#000000&#8243; hover_enabled=&#8221;0&#8243; global_colors_info=&#8221;{}&#8221; sticky_enabled=&#8221;0&#8243;]<\/p>\n<h1 style=\"text-align: center;\"><strong>Spezialdossier Immobilienmarkt in Mauritius.\u00a0<\/strong><\/h1>\n<p style=\"text-align: center;\"><strong>Kostenlos.<\/strong><\/p>\n<p>[\/et_pb_text][\/et_pb_column][\/et_pb_row][et_pb_row _builder_version=&#8221;4.19.5&#8243; _module_preset=&#8221;default&#8221;][et_pb_column _builder_version=&#8221;4.19.5&#8243; _module_preset=&#8221;default&#8221; type=&#8221;4_4&#8243;][et_pb_text ul_type=&#8221;none&#8221; module_class=&#8221;pa-bullet-list-1&#8243; _builder_version=&#8221;4.19.5&#8243; _module_preset=&#8221;default&#8221; text_font=&#8221;|600|||||||&#8221; text_text_color=&#8221;#000000&#8243; ul_text_align=&#8221;left&#8221; custom_padding=&#8221;||||false|false&#8221; hover_enabled=&#8221;0&#8243; global_colors_info=&#8221;{}&#8221; sticky_enabled=&#8221;0&#8243;]<\/p>\n<p style=\"text-align: center;\">Erfahre alle Punkte, auf die es beim Kauf und bei der Miete\/Vermietung von Immobilien in Mauritius ankommt!<\/p>\n<p>[\/et_pb_text][\/et_pb_column][\/et_pb_row][\/et_pb_section][et_pb_section fb_built=&#8221;1&#8243; _builder_version=&#8221;4.19.5&#8243; _module_preset=&#8221;default&#8221; custom_padding=&#8221;7px||20px|||&#8221; saved_tabs=&#8221;all&#8221; global_colors_info=&#8221;{}&#8221;][et_pb_row _builder_version=&#8221;4.19.5&#8243; _module_preset=&#8221;default&#8221; global_colors_info=&#8221;{}&#8221;][et_pb_column type=&#8221;4_4&#8243; _builder_version=&#8221;4.19.5&#8243; _module_preset=&#8221;default&#8221; global_colors_info=&#8221;{}&#8221;][et_pb_text _builder_version=&#8221;4.19.5&#8243; _module_preset=&#8221;default&#8221; text_text_color=&#8221;#000000&#8243; text_font_size=&#8221;20px&#8221; hover_enabled=&#8221;0&#8243; global_colors_info=&#8221;{}&#8221; sticky_enabled=&#8221;0&#8243;]<\/p>\n<p style=\"text-align: center;\"><b>Aus dem Inhalt<\/b><\/p>\n<p>[\/et_pb_text][\/et_pb_column][\/et_pb_row][et_pb_row column_structure=&#8221;1_3,1_3,1_3&#8243; _builder_version=&#8221;4.16&#8243; min_height=&#8221;303px&#8221; global_colors_info=&#8221;{}&#8221;][et_pb_column type=&#8221;1_3&#8243; _builder_version=&#8221;4.16&#8243; global_colors_info=&#8221;{}&#8221;][et_pb_icon font_icon=&#8221;&#xf0ce;||fa||900&#8243; icon_color=&#8221;#00cc99&#8243; _builder_version=&#8221;4.19.5&#8243; _module_preset=&#8221;default&#8221; hover_enabled=&#8221;0&#8243; global_colors_info=&#8221;{}&#8221; sticky_enabled=&#8221;0&#8243;][\/et_pb_icon][et_pb_text _builder_version=&#8221;4.19.5&#8243; hover_enabled=&#8221;0&#8243; global_colors_info=&#8221;{}&#8221; sticky_enabled=&#8221;0&#8243;]<\/p>\n<p><strong>Wissen<\/strong><\/p>\n<p><strong><\/strong><\/p>\n<ul>\n<li>Wohnimmobilien<\/li>\n<li>Gewerbeimmobilien<\/li>\n<li>Bautr\u00e4gergesch\u00e4ft<\/li>\n<li>Aufenthaltsgenehmigung in Verbindung mit einem Immobilienkauf<\/li>\n<li>Steuerliche Ans\u00e4ssigkeit in Verbindung mit einem Immobilienkauf<\/li>\n<\/ul>\n<p>[\/et_pb_text][\/et_pb_column][et_pb_column type=&#8221;1_3&#8243; _builder_version=&#8221;4.16&#8243; global_colors_info=&#8221;{}&#8221;][et_pb_icon font_icon=&#8221;&#xf279;||fa||400&#8243; icon_color=&#8221;#996600&#8243; _builder_version=&#8221;4.19.5&#8243; _module_preset=&#8221;default&#8221; hover_enabled=&#8221;0&#8243; global_colors_info=&#8221;{}&#8221; sticky_enabled=&#8221;0&#8243;][\/et_pb_icon][et_pb_text _builder_version=&#8221;4.19.5&#8243; hover_enabled=&#8221;0&#8243; global_colors_info=&#8221;{}&#8221; sticky_enabled=&#8221;0&#8243;]<\/p>\n<p><strong>Standort<\/strong><\/p>\n<p><strong><\/strong><\/p>\n<ul>\n<li>Die besten Standorte an der K\u00fcste<\/li>\n<li>Die besten Standorte im Landesinneren<\/li>\n<li>Standortfaktoren f\u00fcr die Wohn- und Lebensqualit\u00e4t<\/li>\n<li>Standortfaktoren, die nur Insidern bekannt sind<\/li>\n<\/ul>\n<p>[\/et_pb_text][\/et_pb_column][et_pb_column type=&#8221;1_3&#8243; _builder_version=&#8221;4.16&#8243; global_colors_info=&#8221;{}&#8221;][et_pb_icon icon_color=&#8221;#fcbf3e&#8221; _builder_version=&#8221;4.19.5&#8243; _module_preset=&#8221;default&#8221; global_colors_info=&#8221;{}&#8221; font_icon=&#8221;&#xf015;||fa||900&#8243; hover_enabled=&#8221;0&#8243; sticky_enabled=&#8221;0&#8243;][\/et_pb_icon][et_pb_text _builder_version=&#8221;4.19.5&#8243; hover_enabled=&#8221;0&#8243; global_colors_info=&#8221;{}&#8221; sticky_enabled=&#8221;0&#8243;]<\/p>\n<p><strong>Immobilienarten<\/strong><\/p>\n<p><strong><\/strong><\/p>\n<ul>\n<li>Luxusvilla<\/li>\n<li>Einfamilienhaus<\/li>\n<li>Doppelhaush\u00e4lfte<\/li>\n<li>Appartement<\/li>\n<li>Penthouse-Wohnung<\/li>\n<li>B\u00fcrohaus<\/li>\n<li>Spezialimmobilien<\/li>\n<\/ul>\n<p>[\/et_pb_text][\/et_pb_column][\/et_pb_row][\/et_pb_section][et_pb_section fb_built=&#8221;1&#8243; _builder_version=&#8221;4.19.5&#8243; _module_preset=&#8221;default&#8221; custom_padding=&#8221;30px||28px|||&#8221; global_colors_info=&#8221;{}&#8221;][et_pb_row column_structure=&#8221;1_2,1_2&#8243; _builder_version=&#8221;4.19.5&#8243; _module_preset=&#8221;default&#8221; custom_padding=&#8221;5px||50px|||&#8221; global_colors_info=&#8221;{}&#8221;][et_pb_column type=&#8221;1_2&#8243; _builder_version=&#8221;4.19.5&#8243; _module_preset=&#8221;default&#8221; global_colors_info=&#8221;{}&#8221;][et_pb_image src=&#8221;https:\/\/pro-mauritius.com\/wp-content\/uploads\/2022\/07\/realestate-title.jpg&#8221; title_text=&#8221;realestate-title&#8221; _builder_version=&#8221;4.19.5&#8243; _module_preset=&#8221;default&#8221; custom_margin=&#8221;||50px|||&#8221; hover_enabled=&#8221;0&#8243; global_colors_info=&#8221;{}&#8221; sticky_enabled=&#8221;0&#8243;][\/et_pb_image][et_pb_text _builder_version=&#8221;4.19.5&#8243; _module_preset=&#8221;default&#8221; custom_margin=&#8221;||8px|||&#8221; global_colors_info=&#8221;{}&#8221;]<\/p>\n<p>Partnerschaften:<\/p>\n<p>[\/et_pb_text][et_pb_image src=&#8221;https:\/\/pro-mauritius.com\/wp-content\/uploads\/2024\/04\/Partnerschaften-2.jpg&#8221; title_text=&#8221;Partnerschaften-2&#8243; _builder_version=&#8221;4.20.0&#8243; _module_preset=&#8221;default&#8221; custom_margin=&#8221;|30px|||false|false&#8221; global_colors_info=&#8221;{}&#8221;][\/et_pb_image][\/et_pb_column][et_pb_column type=&#8221;1_2&#8243; _builder_version=&#8221;4.19.5&#8243; _module_preset=&#8221;default&#8221; global_colors_info=&#8221;{}&#8221;][et_pb_signup provider=&#8221;getresponse&#8221; getresponse_list=&#8221;Spezialdossier|ONqqH&#8221; success_message=&#8221;Vielen Dank f\u00fcr Deine Anmeldung! Bitte schaue in Deinen E-Mail-Briefkasten!&#8221; title=&#8221;Spezialdossier herunterladen&#8221; button_text=&#8221;Jetzt kostenlos herunterladen!&#8221; description=&#8221;<\/p>\n<p style=%22text-align: left;%22>Klicke <span style=%22text-decoration: underline;%22>jetzt<\/span> auf den Button und sichere dir mein exklusives Spezialdossier, und abonniere meinen kostenlosen Mauritius-Newsletter.<\/p>\n<p>&#8221; footer_content=&#8221;<\/p>\n<p><span>Mit Deiner Anmeldung erkl\u00e4rst Du Dich damit einverstanden, dass Deine eingegebenen Daten an unseren Newsletteranbieter GetResponse \u00fcbermittelt werden. Die Anmeldung ist f\u00fcr Dich kostenfrei und erfolgt \u00fcber das Double-Opt-In-Verfahren. Du kannst Dich jederzeit wieder abmelden. Hinweise zum Datenschutz, Widerruf, Protokollierung sowie von der Einwilligung umfassten Erfolgsmessung erh\u00e4ltst du in der <\/span><a href=%22https:\/\/auswandern-mit-plan.com\/datenschutzerklaerung%22><span>Datenschutzerkl\u00e4rung<\/span><\/a><span>.<\/span><\/p>\n<p>&#8221; _builder_version=&#8221;4.19.5&#8243; _module_preset=&#8221;default&#8221; header_text_color=&#8221;#000000&#8243; header_font_size=&#8221;20px&#8221; body_text_color=&#8221;#000000&#8243; background_color=&#8221;#fcbf3e&#8221; custom_button=&#8221;on&#8221; button_text_color=&#8221;#FFFFFF&#8221; button_bg_color=&#8221;#00cc99&#8243; button_border_radius=&#8221;25px&#8221; button_font=&#8221;|700|||||||&#8221; background_layout=&#8221;light&#8221; hover_enabled=&#8221;0&#8243; global_colors_info=&#8221;{}&#8221; sticky_enabled=&#8221;0&#8243;][\/et_pb_signup][\/et_pb_column][\/et_pb_row][\/et_pb_section]<\/p>\n","protected":false},"excerpt":{"rendered":"<p>Spezialdossier Immobilienmarkt in Mauritius.\u00a0 Kostenlos.Erfahre alle Punkte, auf die es beim Kauf und bei der Miete\/Vermietung von Immobilien in Mauritius ankommt!Aus dem InhaltWissen Wohnimmobilien Gewerbeimmobilien Bautr\u00e4gergesch\u00e4ft Aufenthaltsgenehmigung in Verbindung mit einem Immobilienkauf Steuerliche Ans\u00e4ssigkeit in Verbindung mit einem Immobilienkauf Standort Die besten Standorte an der K\u00fcste Die besten Standorte im Landesinneren Standortfaktoren f\u00fcr die Wohn- [&hellip;]<\/p>\n","protected":false},"author":1,"featured_media":0,"parent":1506,"menu_order":0,"comment_status":"closed","ping_status":"closed","template":"","meta":{"_et_pb_use_builder":"on","_et_pb_old_content":"","_et_gb_content_width":""},"yoast_head":"<!-- This site is optimized with the Yoast SEO plugin v17.9 - https:\/\/yoast.com\/wordpress\/plugins\/seo\/ -->\n<title>Spezialdossier Immobilien - Pro Mauritius<\/title>\n<meta name=\"robots\" content=\"noindex, follow\" \/>\n<meta property=\"og:locale\" content=\"en_US\" \/>\n<meta property=\"og:type\" content=\"article\" \/>\n<meta property=\"og:title\" content=\"Spezialdossier Immobilien - Pro Mauritius\" \/>\n<meta property=\"og:description\" content=\"Spezialdossier Immobilienmarkt in Mauritius.\u00a0 Kostenlos.Erfahre alle Punkte, auf die es beim Kauf und bei der Miete\/Vermietung von Immobilien in Mauritius ankommt!Aus dem InhaltWissen Wohnimmobilien Gewerbeimmobilien Bautr\u00e4gergesch\u00e4ft Aufenthaltsgenehmigung in Verbindung mit einem Immobilienkauf Steuerliche Ans\u00e4ssigkeit in Verbindung mit einem Immobilienkauf Standort Die besten Standorte an der K\u00fcste Die besten Standorte im Landesinneren Standortfaktoren f\u00fcr die Wohn- [&hellip;]\" \/>\n<meta property=\"og:url\" content=\"https:\/\/pro-mauritius.com\/home\/immobilien\/spezialdossier\/\" \/>\n<meta property=\"og:site_name\" content=\"Pro Mauritius\" \/>\n<meta property=\"article:modified_time\" content=\"2024-04-15T12:20:42+00:00\" \/>\n<meta name=\"twitter:card\" content=\"summary_large_image\" \/>\n<meta name=\"twitter:label1\" content=\"Est. reading time\" \/>\n\t<meta name=\"twitter:data1\" content=\"4 minutes\" \/>\n<script type=\"application\/ld+json\" class=\"yoast-schema-graph\">{\"@context\":\"https:\/\/schema.org\",\"@graph\":[{\"@type\":\"WebSite\",\"@id\":\"https:\/\/pro-mauritius.com\/home\/#website\",\"url\":\"https:\/\/pro-mauritius.com\/home\/\",\"name\":\"Pro Mauritius\",\"description\":\"One-stop Consulting for companies, entrepreneurs and expats relocating to Mauritius\",\"potentialAction\":[{\"@type\":\"SearchAction\",\"target\":{\"@type\":\"EntryPoint\",\"urlTemplate\":\"https:\/\/pro-mauritius.com\/home\/?s={search_term_string}\"},\"query-input\":\"required name=search_term_string\"}],\"inLanguage\":\"en-US\"},{\"@type\":\"WebPage\",\"@id\":\"https:\/\/pro-mauritius.com\/home\/immobilien\/spezialdossier\/#webpage\",\"url\":\"https:\/\/pro-mauritius.com\/home\/immobilien\/spezialdossier\/\",\"name\":\"Spezialdossier Immobilien - Pro Mauritius\",\"isPartOf\":{\"@id\":\"https:\/\/pro-mauritius.com\/home\/#website\"},\"datePublished\":\"2020-02-25T06:44:34+00:00\",\"dateModified\":\"2024-04-15T12:20:42+00:00\",\"breadcrumb\":{\"@id\":\"https:\/\/pro-mauritius.com\/home\/immobilien\/spezialdossier\/#breadcrumb\"},\"inLanguage\":\"en-US\",\"potentialAction\":[{\"@type\":\"ReadAction\",\"target\":[\"https:\/\/pro-mauritius.com\/home\/immobilien\/spezialdossier\/\"]}]},{\"@type\":\"BreadcrumbList\",\"@id\":\"https:\/\/pro-mauritius.com\/home\/immobilien\/spezialdossier\/#breadcrumb\",\"itemListElement\":[{\"@type\":\"ListItem\",\"position\":1,\"name\":\"Home\",\"item\":\"https:\/\/pro-mauritius.com\/home\/\"},{\"@type\":\"ListItem\",\"position\":2,\"name\":\"Immobilien\",\"item\":\"https:\/\/pro-mauritius.com\/home\/immobilien\/\"},{\"@type\":\"ListItem\",\"position\":3,\"name\":\"Spezialdossier Immobilien\"}]}]}<\/script>\n<!-- \/ Yoast SEO plugin. -->","yoast_head_json":{"title":"Spezialdossier Immobilien - Pro Mauritius","robots":{"index":"noindex","follow":"follow"},"og_locale":"en_US","og_type":"article","og_title":"Spezialdossier Immobilien - Pro Mauritius","og_description":"Spezialdossier Immobilienmarkt in Mauritius.\u00a0 Kostenlos.Erfahre alle Punkte, auf die es beim Kauf und bei der Miete\/Vermietung von Immobilien in Mauritius ankommt!Aus dem InhaltWissen Wohnimmobilien Gewerbeimmobilien Bautr\u00e4gergesch\u00e4ft Aufenthaltsgenehmigung in Verbindung mit einem Immobilienkauf Steuerliche Ans\u00e4ssigkeit in Verbindung mit einem Immobilienkauf Standort Die besten Standorte an der K\u00fcste Die besten Standorte im Landesinneren Standortfaktoren f\u00fcr die Wohn- [&hellip;]","og_url":"https:\/\/pro-mauritius.com\/home\/immobilien\/spezialdossier\/","og_site_name":"Pro Mauritius","article_modified_time":"2024-04-15T12:20:42+00:00","twitter_card":"summary_large_image","twitter_misc":{"Est. reading time":"4 minutes"},"schema":{"@context":"https:\/\/schema.org","@graph":[{"@type":"WebSite","@id":"https:\/\/pro-mauritius.com\/home\/#website","url":"https:\/\/pro-mauritius.com\/home\/","name":"Pro Mauritius","description":"One-stop Consulting for companies, entrepreneurs and expats relocating to Mauritius","potentialAction":[{"@type":"SearchAction","target":{"@type":"EntryPoint","urlTemplate":"https:\/\/pro-mauritius.com\/home\/?s={search_term_string}"},"query-input":"required name=search_term_string"}],"inLanguage":"en-US"},{"@type":"WebPage","@id":"https:\/\/pro-mauritius.com\/home\/immobilien\/spezialdossier\/#webpage","url":"https:\/\/pro-mauritius.com\/home\/immobilien\/spezialdossier\/","name":"Spezialdossier Immobilien - Pro Mauritius","isPartOf":{"@id":"https:\/\/pro-mauritius.com\/home\/#website"},"datePublished":"2020-02-25T06:44:34+00:00","dateModified":"2024-04-15T12:20:42+00:00","breadcrumb":{"@id":"https:\/\/pro-mauritius.com\/home\/immobilien\/spezialdossier\/#breadcrumb"},"inLanguage":"en-US","potentialAction":[{"@type":"ReadAction","target":["https:\/\/pro-mauritius.com\/home\/immobilien\/spezialdossier\/"]}]},{"@type":"BreadcrumbList","@id":"https:\/\/pro-mauritius.com\/home\/immobilien\/spezialdossier\/#breadcrumb","itemListElement":[{"@type":"ListItem","position":1,"name":"Home","item":"https:\/\/pro-mauritius.com\/home\/"},{"@type":"ListItem","position":2,"name":"Immobilien","item":"https:\/\/pro-mauritius.com\/home\/immobilien\/"},{"@type":"ListItem","position":3,"name":"Spezialdossier Immobilien"}]}]}},"_links":{"self":[{"href":"https:\/\/pro-mauritius.com\/home\/wp-json\/wp\/v2\/pages\/2270"}],"collection":[{"href":"https:\/\/pro-mauritius.com\/home\/wp-json\/wp\/v2\/pages"}],"about":[{"href":"https:\/\/pro-mauritius.com\/home\/wp-json\/wp\/v2\/types\/page"}],"author":[{"embeddable":true,"href":"https:\/\/pro-mauritius.com\/home\/wp-json\/wp\/v2\/users\/1"}],"replies":[{"embeddable":true,"href":"https:\/\/pro-mauritius.com\/home\/wp-json\/wp\/v2\/comments?post=2270"}],"version-history":[{"count":12,"href":"https:\/\/pro-mauritius.com\/home\/wp-json\/wp\/v2\/pages\/2270\/revisions"}],"predecessor-version":[{"id":4462,"href":"https:\/\/pro-mauritius.com\/home\/wp-json\/wp\/v2\/pages\/2270\/revisions\/4462"}],"up":[{"embeddable":true,"href":"https:\/\/pro-mauritius.com\/home\/wp-json\/wp\/v2\/pages\/1506"}],"wp:attachment":[{"href":"https:\/\/pro-mauritius.com\/home\/wp-json\/wp\/v2\/media?parent=2270"}],"curies":[{"name":"wp","href":"https:\/\/api.w.org\/{rel}","templated":true}]}}