{"id":1555,"date":"2019-01-15T11:52:05","date_gmt":"2019-01-15T07:52:05","guid":{"rendered":"https:\/\/pro-mauritius.com\/?page_id=1555"},"modified":"2019-11-22T18:08:19","modified_gmt":"2019-11-22T14:08:19","slug":"innovationszentrum","status":"publish","type":"page","link":"https:\/\/pro-mauritius.com\/home\/mauritius\/innovationszentrum\/","title":{"rendered":"Innovationszentrum"},"content":{"rendered":"\n\n[et_pb_section fb_built=&#8221;1&#8243; fullwidth=&#8221;on&#8221; admin_label=&#8221;Hero Section&#8221; _builder_version=&#8221;3.15&#8243;][et_pb_fullwidth_header title=&#8221;Fit f\u00fcr die Zukunft&#8221; subhead=&#8221;Technologie &#038; Innovationszentrum&#8221; background_overlay_color=&#8221;rgba(0,0,0,0.53)&#8221; content_max_width=&#8221;550px&#8221; _builder_version=&#8221;3.16&#8243; title_level=&#8221;h3&#8243; title_font=&#8221;Verdana|700||on|||||&#8221; title_text_color=&#8221;#edbb5f&#8221; title_font_size=&#8221;14px&#8221; title_letter_spacing=&#8221;2px&#8221; title_line_height=&#8221;1.4em&#8221; content_font=&#8221;Verdana|600|||||||&#8221; content_font_size=&#8221;16px&#8221; content_line_height=&#8221;2em&#8221; subhead_font=&#8221;Times New Roman|700||on|||||&#8221; subhead_font_size=&#8221;48px&#8221; subhead_letter_spacing=&#8221;3px&#8221; subhead_line_height=&#8221;1.4em&#8221; background_color=&#8221;rgba(255,255,255,0)&#8221; background_image=&#8221;https:\/\/pro-mauritius.com\/wp-content\/uploads\/2018\/12\/disruptive_tech.jpg&#8221; parallax=&#8221;on&#8221; parallax_method=&#8221;on&#8221; custom_button_two=&#8221;on&#8221; button_two_border_width=&#8221;1px&#8221; button_two_border_color=&#8221;rgba(255,255,255,0.3)&#8221; button_two_border_radius=&#8221;0px&#8221; button_two_letter_spacing=&#8221;1px&#8221; button_two_font=&#8221;Saira Extra Condensed|600||on|||||&#8221; button_two_icon=&#8221;%%3%%&#8221; button_two_icon_color=&#8221;#edbb5f&#8221; custom_button_one=&#8221;on&#8221; button_one_border_width=&#8221;1px&#8221; button_one_border_color=&#8221;rgba(255,255,255,0.3)&#8221; button_one_border_radius=&#8221;0px&#8221; button_one_letter_spacing=&#8221;1px&#8221; button_one_font=&#8221;Saira Extra Condensed|600||on|||||&#8221; button_one_icon=&#8221;%%3%%&#8221; button_one_icon_color=&#8221;#edbb5f&#8221; module_alignment=&#8221;right&#8221; custom_margin=&#8221;|||&#8221; custom_padding=&#8221;8%||260px|&#8221; button_one_text_color_hover=&#8221;#edbb5f&#8221; button_two_text_color_hover=&#8221;#edbb5f&#8221; button_one_bg_color_hover=&#8221;rgba(0,0,0,0)&#8221; button_two_bg_color_hover=&#8221;rgba(0,0,0,0)&#8221; button_one_text_size__hover_enabled=&#8221;off&#8221; button_two_text_size__hover_enabled=&#8221;off&#8221; button_one_text_color__hover_enabled=&#8221;on&#8221; button_one_text_color__hover=&#8221;#edbb5f&#8221; button_two_text_color__hover_enabled=&#8221;on&#8221; button_two_text_color__hover=&#8221;#edbb5f&#8221; button_one_border_width__hover_enabled=&#8221;off&#8221; button_two_border_width__hover_enabled=&#8221;off&#8221; button_one_border_color__hover_enabled=&#8221;off&#8221; button_two_border_color__hover_enabled=&#8221;off&#8221; button_one_border_radius__hover_enabled=&#8221;off&#8221; button_two_border_radius__hover_enabled=&#8221;off&#8221; button_one_letter_spacing__hover_enabled=&#8221;off&#8221; button_two_letter_spacing__hover_enabled=&#8221;off&#8221; button_one_bg_color__hover_enabled=&#8221;on&#8221; button_one_bg_color__hover=&#8221;rgba(0,0,0,0)&#8221; button_two_bg_color__hover_enabled=&#8221;on&#8221; button_two_bg_color__hover=&#8221;rgba(0,0,0,0)&#8221;]<p>&nbsp;<\/p>\n<p>Mauritius ermutigt Innovatoren, Technologieunternehmen und FinTechs unter dem Regulatory Sandbox License Scheme aufzusetzen.<\/p>\n<p>Dar\u00fcber hinaus bietet das Mauritius Research Council verschiedene <span>Innovation and Commercialisation Schemes an.<\/span><\/p>\n<h2><\/h2>[\/et_pb_fullwidth_header][\/et_pb_section][et_pb_section fb_built=&#8221;1&#8243; admin_label=&#8221;FAQ&#8221; _builder_version=&#8221;3.0.98&#8243; custom_padding=&#8221;30px|0px|0|0px|false|false&#8221;][et_pb_row use_custom_gutter=&#8221;on&#8221; gutter_width=&#8221;4&#8243; custom_padding=&#8221;27px|0px|11px|0px|false|false&#8221; padding_top_2=&#8221;5%&#8221; _builder_version=&#8221;3.0.98&#8243; animation_style=&#8221;fade&#8221; locked=&#8221;off&#8221;][et_pb_column type=&#8221;4_4&#8243; _builder_version=&#8221;3.0.47&#8243; parallax=&#8221;off&#8221; parallax_method=&#8221;on&#8221;][et_pb_text _builder_version=&#8221;3.19.4&#8243; text_font=&#8221;||||||||&#8221; header_font=&#8221;||||||||&#8221; header_2_font=&#8221;Times New Roman|700|||||||&#8221; header_2_font_size=&#8221;38px&#8221; header_2_letter_spacing=&#8221;1px&#8221; header_2_line_height=&#8221;1.4em&#8221; header_3_font=&#8221;Verdana|700||on|||||&#8221; header_3_text_color=&#8221;#edbb5f&#8221; header_3_font_size=&#8221;14px&#8221; header_3_letter_spacing=&#8221;1px&#8221; header_3_line_height=&#8221;2em&#8221; header_4_font=&#8221;||||||||&#8221; header_5_font=&#8221;||||||||&#8221; header_6_font=&#8221;||||||||&#8221; text_orientation=&#8221;center&#8221; max_width=&#8221;550px&#8221; module_alignment=&#8221;center&#8221;]<h2>Regulatory Sandbox Licence (RSL)<\/h2>\n[\/et_pb_text][et_pb_text _builder_version=&#8221;3.15&#8243; text_font=&#8221;||||||||&#8221; ul_font=&#8221;||||||||&#8221; ul_line_height=&#8221;1.5em&#8221; ol_font=&#8221;||||||||&#8221; ol_line_height=&#8221;1.5em&#8221;]<p>Das Rahmenwerk der <strong>Regulatory Sandbox License<\/strong> ist entscheidend f\u00fcr die Entwicklung innovativer Produkte und Dienstleistungen, inklusive FinTech-Dienstleistungen, f\u00fcr die es gegenw\u00e4rtig keine gesetzlichen Regelungen in Mauritius gibt. Die Lizenz wird vom <a href=\"https:\/\/pro-mauritius.com\/why-mauritius\/financial-center\/#edb\/\">Economic Development Board<\/a> erteilt.<\/p>\n<p>Aktuell wird die RSL vor allem von neu gegr\u00fcndeten Unternehmen nachgefragt, deren Gesch\u00e4ftsmodell auf der Blockchain-Technologie basieren. Innovative Unternehmen k\u00f6nnen damit ihren operativen Gesch\u00e4ften nachgehen, ohne einem Risiko resultierend aus unklaren Gesetzen oder mangelnden Regulierungsvorschriften ausgesetzt zu sein.<\/p>\n<p>Die <a href=\"http:\/\/www.edbmauritius.org\/media\/1995\/fintech-rsl-application-guidelines.pdf\">Mauritius Sandbox License<\/a> stellt eines der besten Abschirmungsgesetze in der Welt dar. Sie bietet dem Unternehmer die Rechtssicherheit und \u00f6konomische Freiheit, die er ben\u00f6tigt.<\/p>[\/et_pb_text][\/et_pb_column][\/et_pb_row][et_pb_row _builder_version=&#8221;3.15&#8243;][et_pb_column type=&#8221;4_4&#8243; _builder_version=&#8221;3.15&#8243; parallax=&#8221;off&#8221; parallax_method=&#8221;on&#8221;][et_pb_divider _builder_version=&#8221;3.15&#8243;][\/et_pb_divider][\/et_pb_column][\/et_pb_row][et_pb_row use_custom_gutter=&#8221;on&#8221; gutter_width=&#8221;4&#8243; custom_padding=&#8221;20px|0px|0px|0px|false|false&#8221; _builder_version=&#8221;3.15&#8243; animation_style=&#8221;fade&#8221; locked=&#8221;off&#8221;][et_pb_column type=&#8221;3_4&#8243; _builder_version=&#8221;3.0.47&#8243; parallax=&#8221;off&#8221; parallax_method=&#8221;on&#8221;][et_pb_text _builder_version=&#8221;3.19.4&#8243; text_font=&#8221;||||||||&#8221; header_font=&#8221;||||||||&#8221; header_2_font=&#8221;Times New Roman|700|||||||&#8221; header_2_font_size=&#8221;38px&#8221; header_2_letter_spacing=&#8221;1px&#8221; header_2_line_height=&#8221;1.4em&#8221; header_3_font=&#8221;Verdana|700||on|||||&#8221; header_3_text_color=&#8221;#edbb5f&#8221; header_3_font_size=&#8221;14px&#8221; header_3_letter_spacing=&#8221;1px&#8221; header_3_line_height=&#8221;2em&#8221; header_4_font=&#8221;||||||||&#8221; header_5_font=&#8221;||||||||&#8221; header_6_font=&#8221;||||||||&#8221; text_orientation=&#8221;center&#8221; max_width=&#8221;550px&#8221; module_alignment=&#8221;center&#8221; custom_margin=&#8221;0px||2px|&#8221; custom_padding=&#8221;0px||0px|&#8221;]<h3>F\u00f6rderung von technologischer Innovation<\/h3>\n<h2>Mauritius Research Council<\/h2>[\/et_pb_text][et_pb_divider color=&#8221;#edbb5f&#8221; divider_weight=&#8221;2px&#8221; height=&#8221;2px&#8221; _builder_version=&#8221;3.15&#8243; max_width=&#8221;60px&#8221; module_alignment=&#8221;center&#8221; custom_margin=&#8221;0px|||&#8221; custom_padding=&#8221;1px|||&#8221;][\/et_pb_divider][et_pb_text _builder_version=&#8221;3.15&#8243; text_font=&#8221;||||||||&#8221; text_font_size=&#8221;16px&#8221; text_orientation=&#8221;center&#8221;]<p>&#8220;<span class=\"ms-rteFontSize-2\">Shaping up the Mauritius of tomorrow through research, technology and innovation<\/span>&#8220;<\/p>[\/et_pb_text][\/et_pb_column][et_pb_column type=&#8221;1_4&#8243; _builder_version=&#8221;3.0.47&#8243; parallax=&#8221;off&#8221; parallax_method=&#8221;on&#8221;][et_pb_image src=&#8221;https:\/\/pro-mauritius.com\/wp-content\/uploads\/2018\/12\/mrc_logo.png&#8221; show_bottom_space=&#8221;off&#8221; align=&#8221;right&#8221; _builder_version=&#8221;3.15&#8243; custom_margin=&#8221;0px|||&#8221; custom_padding=&#8221;0px|||&#8221;][\/et_pb_image][\/et_pb_column][\/et_pb_row][et_pb_row custom_padding=&#8221;8px|0px|27px|0px|false|false&#8221; _builder_version=&#8221;3.15&#8243;][et_pb_column type=&#8221;4_4&#8243; _builder_version=&#8221;3.15&#8243; parallax=&#8221;off&#8221; parallax_method=&#8221;on&#8221;][et_pb_text _builder_version=&#8221;3.15&#8243;]<p>Das <strong>Mauritius Research Council (MRC) <\/strong>ber\u00e4t als zentrale K\u00f6rperschaft die Regierung in Angelegenheiten von Wissenschaft und Technologie und beeinflusst die Richtung technologischer Innovationen, indem Forschungsprojekte auf Gebieten strategischer Priorit\u00e4t finanziell gef\u00f6rdert werden. Au\u00dferdem werden \u00f6ffentliche und private Marktteilnehmer ermutigt, strategische Partnerschaften einzugehen.<\/p>\n<p>Das <span>MRC bietet mehrere <strong>F\u00f6rderungsprogramme<\/strong> an:<\/span><\/p>[\/et_pb_text][\/et_pb_column][\/et_pb_row][et_pb_row padding_right_3=&#8221;20px&#8221; padding_left_1=&#8221;20px&#8221; _builder_version=&#8221;3.15&#8243; box_shadow_style=&#8221;preset1&#8243;][et_pb_column type=&#8221;1_4&#8243; _builder_version=&#8221;3.15&#8243; padding_left=&#8221;20px&#8221; parallax=&#8221;off&#8221; parallax_method=&#8221;on&#8221;][et_pb_text _builder_version=&#8221;3.15&#8243;]<p><strong>Intellectual Property Promotion Scheme (IPPS)<\/strong><\/p>\n<p>Die Aufgabe dieses Programms ist die Ermutigung von Privatpersonen, Unternehmen, Forschungs- und Entwicklungsinstitutionen sowie die Industrie, eigene Innovationen patentrechtlich sch\u00fctzen zu lassen.<\/p>[\/et_pb_text][\/et_pb_column][et_pb_column type=&#8221;1_4&#8243; _builder_version=&#8221;3.15&#8243; parallax=&#8221;off&#8221; parallax_method=&#8221;on&#8221;][et_pb_text _builder_version=&#8221;3.15&#8243;]<p><strong><span class=\"ms-rteThemeForeColor-2-2\"><span class=\"ms-rteThemeForeColor-5-0\">National SME Incubator Scheme (NSIS)<\/span><\/span><\/strong><\/p>\n<p><span class=\"ms-rteFontSize-2 ms-rteThemeForeColor-2-2\">Das Hauptziel des Inkubatorsystems f\u00fcr kleine und mittlere Unternehmen ist die Gr\u00fcndung innovativer Unternehmen zum sozio\u00f6konomischen Vorteil von Mauritius. Dies geschieht durch Ausbildungs- und Trainingsprozesse, die in einer f\u00f6rdernden Umgebung durch akkreditierte Inkubatoren des Privatsektors durchgef\u00fchrt und zu 50 % bezuschusst werden. Gr\u00fcndungsvorhaben k\u00f6nnen bereits im Stadium der Gesch\u00e4ftsidee gef\u00f6rdert werden.<\/span><\/p>[\/et_pb_text][\/et_pb_column][et_pb_column type=&#8221;1_4&#8243; _builder_version=&#8221;3.15&#8243; padding_right=&#8221;20px&#8221; parallax=&#8221;off&#8221; parallax_method=&#8221;on&#8221;][et_pb_text _builder_version=&#8221;3.15&#8243;]<p><strong><span class=\"ms-rteFontSize-2 ms-rteThemeForeColor-2-2\"><span class=\"ms-rteThemeForeColor-2-2\"><span class=\"ms-rteThemeForeColor-5-0\">Proof of Concept Scheme (PCS)<\/span><\/span><\/span><\/strong><\/p>\n<div>Gesch\u00e4ftsinhaber, Forscher, Unternehmen und Institutionen aus folgenden Priorit\u00e4tsbranchen sind antragsberechtigt:<\/div>\n<div>\u00a0<\/div>\n<div>Renewable Energy; Ocean Technology, Ocean Resources and Ocean Services; ICT\/BPO\/Telecommunications; Life Sciences (Health, Medical and Pharmaceutical); Manufacturing; Traffic Management; Social Issues; and Agro-Industry.<\/div>\n<p>&nbsp;<\/p>[\/et_pb_text][\/et_pb_column][et_pb_column type=&#8221;1_4&#8243; _builder_version=&#8221;3.15&#8243; parallax=&#8221;off&#8221; parallax_method=&#8221;on&#8221;][et_pb_text _builder_version=&#8221;3.15&#8243;]<p><strong><span class=\"ms-rteFontSize-2 ms-rteThemeForeColor-2-2\"><span class=\"ms-rteThemeForeColor-2-2\"><span class=\"ms-rteThemeForeColor-5-0\"><span>Research and Innovation Bridges<\/span><\/span><\/span><\/span><\/strong><\/p>\n<p><span class=\"ms-rteFontSize-2 ms-rteThemeForeColor-2-2\"><span>Gemeinsame Antr\u00e4ge von Konsortien bestehend aus Unternehmen, Forschungseinrichtungen und akademischen Institutionen von Mauritius und Partnerl\u00e4ndern f\u00fcr gemeinsame, innovative Forschungs- und Entwicklungsprojekte aus folgenden Priorit\u00e4tsbranchen k\u00f6nnen eingereicht werden:<\/span><\/span><\/p>\n<p>1. Renewable Energy<br \/>2. Ocean\/Marine Technology, Resources and Services<br \/>3. ICT\/BPO\/Telecommunications<br \/>4. Life Sciences<br \/>5. Manufacturing<\/p>\n<p>&nbsp;<\/p>[\/et_pb_text][\/et_pb_column][\/et_pb_row][et_pb_row _builder_version=&#8221;3.15&#8243;][et_pb_column type=&#8221;4_4&#8243; _builder_version=&#8221;3.15&#8243; parallax=&#8221;off&#8221; parallax_method=&#8221;on&#8221;][et_pb_divider show_divider=&#8221;off&#8221; _builder_version=&#8221;3.15&#8243;][\/et_pb_divider][\/et_pb_column][\/et_pb_row][\/et_pb_section]\n\n","protected":false},"excerpt":{"rendered":"<p>&nbsp; Mauritius ermutigt Innovatoren, Technologieunternehmen und FinTechs unter dem Regulatory Sandbox License Scheme aufzusetzen. Dar\u00fcber hinaus bietet das Mauritius Research Council verschiedene Innovation and Commercialisation Schemes an. Regulatory Sandbox Licence (RSL) Das Rahmenwerk der Regulatory Sandbox License ist entscheidend f\u00fcr die Entwicklung innovativer Produkte und Dienstleistungen, inklusive FinTech-Dienstleistungen, f\u00fcr die es gegenw\u00e4rtig keine gesetzlichen Regelungen [&hellip;]<\/p>\n","protected":false},"author":1,"featured_media":0,"parent":1338,"menu_order":0,"comment_status":"closed","ping_status":"closed","template":"","meta":{"_et_pb_use_builder":"on","_et_pb_old_content":"","_et_gb_content_width":""},"yoast_head":"<!-- This site is optimized with the Yoast SEO plugin v17.9 - https:\/\/yoast.com\/wordpress\/plugins\/seo\/ -->\n<title>Finanz-Innovationszentrum mit Sandbox License - Pro Mauritius<\/title>\n<meta name=\"description\" content=\"Mauritius erm\u00f6glicht Unternehmen und Fintechs die Realisierung kommerzieller Gesch\u00e4ftsmodelle unter dem Schutzschirm der Regulatory Sandbox License\" \/>\n<meta name=\"robots\" content=\"index, follow, max-snippet:-1, max-image-preview:large, max-video-preview:-1\" \/>\n<link rel=\"canonical\" href=\"https:\/\/pro-mauritius.com\/home\/mauritius\/innovationszentrum\/\" \/>\n<meta property=\"og:locale\" content=\"en_US\" \/>\n<meta property=\"og:type\" content=\"article\" \/>\n<meta property=\"og:title\" content=\"Finanz-Innovationszentrum mit Sandbox License - Pro Mauritius\" \/>\n<meta property=\"og:description\" content=\"Mauritius erm\u00f6glicht Unternehmen und Fintechs die Realisierung kommerzieller Gesch\u00e4ftsmodelle unter dem Schutzschirm der Regulatory Sandbox License\" \/>\n<meta property=\"og:url\" content=\"https:\/\/pro-mauritius.com\/home\/mauritius\/innovationszentrum\/\" \/>\n<meta property=\"og:site_name\" content=\"Pro Mauritius\" \/>\n<meta property=\"article:modified_time\" content=\"2019-11-22T14:08:19+00:00\" \/>\n<meta name=\"twitter:card\" content=\"summary_large_image\" \/>\n<meta name=\"twitter:label1\" content=\"Est. reading time\" \/>\n\t<meta name=\"twitter:data1\" content=\"7 minutes\" \/>\n<script type=\"application\/ld+json\" class=\"yoast-schema-graph\">{\"@context\":\"https:\/\/schema.org\",\"@graph\":[{\"@type\":\"WebSite\",\"@id\":\"https:\/\/pro-mauritius.com\/home\/#website\",\"url\":\"https:\/\/pro-mauritius.com\/home\/\",\"name\":\"Pro Mauritius\",\"description\":\"One-stop Consulting for companies, entrepreneurs and expats relocating to Mauritius\",\"potentialAction\":[{\"@type\":\"SearchAction\",\"target\":{\"@type\":\"EntryPoint\",\"urlTemplate\":\"https:\/\/pro-mauritius.com\/home\/?s={search_term_string}\"},\"query-input\":\"required name=search_term_string\"}],\"inLanguage\":\"en-US\"},{\"@type\":\"WebPage\",\"@id\":\"https:\/\/pro-mauritius.com\/home\/mauritius\/innovationszentrum\/#webpage\",\"url\":\"https:\/\/pro-mauritius.com\/home\/mauritius\/innovationszentrum\/\",\"name\":\"Finanz-Innovationszentrum mit Sandbox License - Pro Mauritius\",\"isPartOf\":{\"@id\":\"https:\/\/pro-mauritius.com\/home\/#website\"},\"datePublished\":\"2019-01-15T07:52:05+00:00\",\"dateModified\":\"2019-11-22T14:08:19+00:00\",\"description\":\"Mauritius erm\\u00f6glicht Unternehmen und Fintechs die Realisierung kommerzieller Gesch\\u00e4ftsmodelle unter dem Schutzschirm der Regulatory Sandbox License\",\"breadcrumb\":{\"@id\":\"https:\/\/pro-mauritius.com\/home\/mauritius\/innovationszentrum\/#breadcrumb\"},\"inLanguage\":\"en-US\",\"potentialAction\":[{\"@type\":\"ReadAction\",\"target\":[\"https:\/\/pro-mauritius.com\/home\/mauritius\/innovationszentrum\/\"]}]},{\"@type\":\"BreadcrumbList\",\"@id\":\"https:\/\/pro-mauritius.com\/home\/mauritius\/innovationszentrum\/#breadcrumb\",\"itemListElement\":[{\"@type\":\"ListItem\",\"position\":1,\"name\":\"Home\",\"item\":\"https:\/\/pro-mauritius.com\/home\/\"},{\"@type\":\"ListItem\",\"position\":2,\"name\":\"Mauritius\",\"item\":\"https:\/\/pro-mauritius.com\/home\/mauritius\/\"},{\"@type\":\"ListItem\",\"position\":3,\"name\":\"Innovationszentrum\"}]}]}<\/script>\n<!-- \/ Yoast SEO plugin. -->","yoast_head_json":{"title":"Finanz-Innovationszentrum mit Sandbox License - Pro Mauritius","description":"Mauritius erm\u00f6glicht Unternehmen und Fintechs die Realisierung kommerzieller Gesch\u00e4ftsmodelle unter dem Schutzschirm der Regulatory Sandbox License","robots":{"index":"index","follow":"follow","max-snippet":"max-snippet:-1","max-image-preview":"max-image-preview:large","max-video-preview":"max-video-preview:-1"},"canonical":"https:\/\/pro-mauritius.com\/home\/mauritius\/innovationszentrum\/","og_locale":"en_US","og_type":"article","og_title":"Finanz-Innovationszentrum mit Sandbox License - Pro Mauritius","og_description":"Mauritius erm\u00f6glicht Unternehmen und Fintechs die Realisierung kommerzieller Gesch\u00e4ftsmodelle unter dem Schutzschirm der Regulatory Sandbox License","og_url":"https:\/\/pro-mauritius.com\/home\/mauritius\/innovationszentrum\/","og_site_name":"Pro Mauritius","article_modified_time":"2019-11-22T14:08:19+00:00","twitter_card":"summary_large_image","twitter_misc":{"Est. reading time":"7 minutes"},"schema":{"@context":"https:\/\/schema.org","@graph":[{"@type":"WebSite","@id":"https:\/\/pro-mauritius.com\/home\/#website","url":"https:\/\/pro-mauritius.com\/home\/","name":"Pro Mauritius","description":"One-stop Consulting for companies, entrepreneurs and expats relocating to Mauritius","potentialAction":[{"@type":"SearchAction","target":{"@type":"EntryPoint","urlTemplate":"https:\/\/pro-mauritius.com\/home\/?s={search_term_string}"},"query-input":"required name=search_term_string"}],"inLanguage":"en-US"},{"@type":"WebPage","@id":"https:\/\/pro-mauritius.com\/home\/mauritius\/innovationszentrum\/#webpage","url":"https:\/\/pro-mauritius.com\/home\/mauritius\/innovationszentrum\/","name":"Finanz-Innovationszentrum mit Sandbox License - Pro Mauritius","isPartOf":{"@id":"https:\/\/pro-mauritius.com\/home\/#website"},"datePublished":"2019-01-15T07:52:05+00:00","dateModified":"2019-11-22T14:08:19+00:00","description":"Mauritius erm\u00f6glicht Unternehmen und Fintechs die Realisierung kommerzieller Gesch\u00e4ftsmodelle unter dem Schutzschirm der Regulatory Sandbox License","breadcrumb":{"@id":"https:\/\/pro-mauritius.com\/home\/mauritius\/innovationszentrum\/#breadcrumb"},"inLanguage":"en-US","potentialAction":[{"@type":"ReadAction","target":["https:\/\/pro-mauritius.com\/home\/mauritius\/innovationszentrum\/"]}]},{"@type":"BreadcrumbList","@id":"https:\/\/pro-mauritius.com\/home\/mauritius\/innovationszentrum\/#breadcrumb","itemListElement":[{"@type":"ListItem","position":1,"name":"Home","item":"https:\/\/pro-mauritius.com\/home\/"},{"@type":"ListItem","position":2,"name":"Mauritius","item":"https:\/\/pro-mauritius.com\/home\/mauritius\/"},{"@type":"ListItem","position":3,"name":"Innovationszentrum"}]}]}},"_links":{"self":[{"href":"https:\/\/pro-mauritius.com\/home\/wp-json\/wp\/v2\/pages\/1555"}],"collection":[{"href":"https:\/\/pro-mauritius.com\/home\/wp-json\/wp\/v2\/pages"}],"about":[{"href":"https:\/\/pro-mauritius.com\/home\/wp-json\/wp\/v2\/types\/page"}],"author":[{"embeddable":true,"href":"https:\/\/pro-mauritius.com\/home\/wp-json\/wp\/v2\/users\/1"}],"replies":[{"embeddable":true,"href":"https:\/\/pro-mauritius.com\/home\/wp-json\/wp\/v2\/comments?post=1555"}],"version-history":[{"count":3,"href":"https:\/\/pro-mauritius.com\/home\/wp-json\/wp\/v2\/pages\/1555\/revisions"}],"predecessor-version":[{"id":1559,"href":"https:\/\/pro-mauritius.com\/home\/wp-json\/wp\/v2\/pages\/1555\/revisions\/1559"}],"up":[{"embeddable":true,"href":"https:\/\/pro-mauritius.com\/home\/wp-json\/wp\/v2\/pages\/1338"}],"wp:attachment":[{"href":"https:\/\/pro-mauritius.com\/home\/wp-json\/wp\/v2\/media?parent=1555"}],"curies":[{"name":"wp","href":"https:\/\/api.w.org\/{rel}","templated":true}]}}