{"id":1512,"date":"2019-01-15T10:49:35","date_gmt":"2019-01-15T06:49:35","guid":{"rendered":"https:\/\/pro-mauritius.com\/?page_id=1512"},"modified":"2020-01-29T09:07:46","modified_gmt":"2020-01-29T05:07:46","slug":"attraktionen","status":"publish","type":"page","link":"https:\/\/pro-mauritius.com\/home\/leben\/attraktionen\/","title":{"rendered":"Attraktionen"},"content":{"rendered":"<p>[et_pb_section fb_built=&#8221;1&#8243; fullwidth=&#8221;on&#8221; admin_label=&#8221;Hero Section&#8221; _builder_version=&#8221;3.22&#8243;][et_pb_fullwidth_header title=&#8221;F\u00fcr Erstbesucher&#8221; subhead=&#8221;Die gr\u00f6\u00dften Touristen- Attraktionen&#8221; text_orientation=&#8221;right&#8221; background_overlay_color=&#8221;rgba(12,12,12,0.61)&#8221; content_max_width=&#8221;550px&#8221; _builder_version=&#8221;3.16&#8243; title_level=&#8221;h3&#8243; title_font=&#8221;Verdana|700||on|||||&#8221; title_text_color=&#8221;#edbb5f&#8221; title_font_size=&#8221;14px&#8221; title_letter_spacing=&#8221;2px&#8221; title_line_height=&#8221;1.4em&#8221; content_font=&#8221;Verdana|600|||||||&#8221; content_font_size=&#8221;16px&#8221; content_line_height=&#8221;2em&#8221; subhead_font=&#8221;Times New Roman|700||on|||||&#8221; subhead_font_size=&#8221;48px&#8221; subhead_letter_spacing=&#8221;3px&#8221; subhead_line_height=&#8221;1.4em&#8221; background_color=&#8221;rgba(255,255,255,0)&#8221; background_color_gradient_direction=&#8221;46deg&#8221; background_image=&#8221;https:\/\/pro-mauritius.com\/wp-content\/uploads\/2018\/12\/chamarel_fall_2.jpg&#8221; parallax=&#8221;on&#8221; parallax_method=&#8221;on&#8221; custom_button_one=&#8221;on&#8221; button_one_border_width=&#8221;1px&#8221; button_one_border_color=&#8221;rgba(255,255,255,0.3)&#8221; button_one_border_radius=&#8221;0px&#8221; button_one_letter_spacing=&#8221;1px&#8221; button_one_font=&#8221;Saira Extra Condensed|600||on|||||&#8221; button_one_icon=&#8221;%%3%%&#8221; button_one_icon_color=&#8221;#edbb5f&#8221; custom_button_two=&#8221;on&#8221; button_two_border_width=&#8221;1px&#8221; button_two_border_color=&#8221;rgba(255,255,255,0.3)&#8221; button_two_border_radius=&#8221;0px&#8221; button_two_letter_spacing=&#8221;1px&#8221; button_two_font=&#8221;Saira Extra Condensed|600||on|||||&#8221; button_two_icon=&#8221;%%3%%&#8221; button_two_icon_color=&#8221;#edbb5f&#8221; module_alignment=&#8221;right&#8221; custom_margin=&#8221;|||&#8221; custom_padding=&#8221;8%||260px|&#8221; button_one_text_color_hover=&#8221;#edbb5f&#8221; button_two_text_color_hover=&#8221;#edbb5f&#8221; button_one_bg_color_hover=&#8221;rgba(0,0,0,0)&#8221; button_two_bg_color_hover=&#8221;rgba(0,0,0,0)&#8221; button_one_text_size__hover_enabled=&#8221;off&#8221; button_two_text_size__hover_enabled=&#8221;off&#8221; button_one_text_color__hover_enabled=&#8221;on&#8221; button_one_text_color__hover=&#8221;#edbb5f&#8221; button_two_text_color__hover_enabled=&#8221;on&#8221; button_two_text_color__hover=&#8221;#edbb5f&#8221; button_one_border_width__hover_enabled=&#8221;off&#8221; button_two_border_width__hover_enabled=&#8221;off&#8221; button_one_border_color__hover_enabled=&#8221;off&#8221; button_two_border_color__hover_enabled=&#8221;off&#8221; button_one_border_radius__hover_enabled=&#8221;off&#8221; button_two_border_radius__hover_enabled=&#8221;off&#8221; button_one_letter_spacing__hover_enabled=&#8221;off&#8221; button_two_letter_spacing__hover_enabled=&#8221;off&#8221; button_one_bg_color__hover_enabled=&#8221;on&#8221; button_one_bg_color__hover=&#8221;rgba(0,0,0,0)&#8221; button_two_bg_color__hover_enabled=&#8221;on&#8221; button_two_bg_color__hover=&#8221;rgba(0,0,0,0)&#8221;]<\/p>\n<p>&nbsp;<\/p>\n<p>Was man in Mauritius gesehen haben sollte<\/p>\n<p><em><\/em><\/p>\n<p><em>\u00a0<\/em><\/p>\n<p>[\/et_pb_fullwidth_header][\/et_pb_section][et_pb_section fb_built=&#8221;1&#8243; admin_label=&#8221;FAQ&#8221; _builder_version=&#8221;3.22&#8243; custom_padding=&#8221;30px|0px|0|0px|false|false&#8221;][et_pb_row custom_padding=&#8221;27px|0px|32px|0px|false|false&#8221; _builder_version=&#8221;3.25&#8243;][et_pb_column type=&#8221;4_4&#8243; _builder_version=&#8221;3.25&#8243; custom_padding=&#8221;|||&#8221; custom_padding__hover=&#8221;|||&#8221;][et_pb_text _builder_version=&#8221;3.26.3&#8243; text_font=&#8221;||||||||&#8221; header_font=&#8221;|700|||||||&#8221; header_font_size=&#8221;38px&#8221; header_line_height=&#8221;1.3em&#8221;]<\/p>\n<h1>Touristenattraktionen von Mauritius<\/h1>\n<p>[\/et_pb_text][et_pb_text _builder_version=&#8221;3.26.3&#8243; text_font=&#8221;||||||||&#8221;]<\/p>\n<p>Mauritius verf\u00fcgt \u00fcber viele Touristenattraktionen, die einen Besuch wert sind. Die folgende Auswahl deckt einige der wichtigsten ab. Seien Sie sicher: es gibt noch viel mehr!<\/p>\n<p>[\/et_pb_text][\/et_pb_column][\/et_pb_row][et_pb_row column_structure=&#8221;1_4,1_4,1_4,1_4&#8243; _builder_version=&#8221;3.25&#8243;][et_pb_column type=&#8221;1_4&#8243; _builder_version=&#8221;3.25&#8243; custom_padding=&#8221;|||&#8221; custom_padding__hover=&#8221;|||&#8221;][et_pb_blurb title=&#8221;Port Louis&#8221; image=&#8221;https:\/\/pro-mauritius.com\/wp-content\/uploads\/2018\/12\/Port-Louis.jpg&#8221; alt=&#8221;Hafen von Port Louis&#8221; _builder_version=&#8221;3.26.3&#8243;]<\/p>\n<p>Der Hafen, die Zitadelle, Aapravasi Ghat, das Postmuseum und Le Caudan Waterfront bilden das Pflichtprogramm in der Hauptstadt von Mauritius.<\/p>\n<p>[\/et_pb_blurb][\/et_pb_column][et_pb_column type=&#8221;1_4&#8243; _builder_version=&#8221;3.25&#8243; custom_padding=&#8221;|||&#8221; custom_padding__hover=&#8221;|||&#8221;][et_pb_blurb title=&#8221;Le Caudan Waterfront&#8221; image=&#8221;https:\/\/pro-mauritius.com\/wp-content\/uploads\/2018\/12\/Le-Caudan-Waterfront-1.jpg&#8221; alt=&#8221;Abendstimmung an der Le Caudan Waterfront&#8221; _builder_version=&#8221;3.26.3&#8243;]<\/p>\n<p>Das neugestaltete Gebiet am Hafen besteht aus Einkaufsarkaden, netten Restaurants und Caf\u00e9s direkt am Wasser, ein Spielcasino und das Postmuseum.<\/p>\n<p>[\/et_pb_blurb][\/et_pb_column][et_pb_column type=&#8221;1_4&#8243; _builder_version=&#8221;3.25&#8243; custom_padding=&#8221;|||&#8221; custom_padding__hover=&#8221;|||&#8221;][et_pb_blurb title=&#8221;Vieux Grand Port&#8221; image=&#8221;https:\/\/pro-mauritius.com\/wp-content\/uploads\/2018\/12\/history-1.jpg&#8221; alt=&#8221;Vieux Grand Port an der S\u00fcdostk\u00fcste von Mauritius&#8221; _builder_version=&#8221;3.26.3&#8243;]<\/p>\n<p>Das ruhige und abgelegene Vieux Grand Port an der S\u00fcdostk\u00fcste gilt als Wiege der mauritischen Geschichte. Zwei historische Pl\u00e4tze und ein Museum erinnern an die erste Landung holl\u00e4ndischer Seeleute im Jahr 1598.<\/p>\n<p>[\/et_pb_blurb][\/et_pb_column][et_pb_column type=&#8221;1_4&#8243; _builder_version=&#8221;3.25&#8243; custom_padding=&#8221;|||&#8221; custom_padding__hover=&#8221;|||&#8221;][et_pb_blurb title=&#8221;Cap Malheureux&#8221; image=&#8221;https:\/\/pro-mauritius.com\/wp-content\/uploads\/2018\/12\/Cap-Malheureux.jpg&#8221; alt=&#8221;Notre Dame bei Cap Malheureux&#8221; _builder_version=&#8221;3.26.3&#8243;]<\/p>\n<p>Das kleine Dorf im \u00e4u\u00dfersten Norden mutet mit seinen Str\u00e4nden, den Fischern und der katholischen Kirche Notre Dame Auxiliatrice Chapel mit dem ber\u00fchmten roten Dach sehr pittoresk an.<\/p>\n<p>[\/et_pb_blurb][\/et_pb_column][\/et_pb_row][et_pb_row column_structure=&#8221;1_4,1_4,1_4,1_4&#8243; _builder_version=&#8221;3.25&#8243;][et_pb_column type=&#8221;1_4&#8243; _builder_version=&#8221;3.25&#8243; custom_padding=&#8221;|||&#8221; custom_padding__hover=&#8221;|||&#8221;][et_pb_blurb title=&#8221;Blue Bay&#8221; image=&#8221;https:\/\/pro-mauritius.com\/wp-content\/uploads\/2018\/12\/Blue-Bay-Marine-Park.jpg&#8221; alt=&#8221;Strand bei Blue Bay&#8221; _builder_version=&#8221;3.26.3&#8243;]<\/p>\n<p>Der Blue Bay Marine Park ist einer der sch\u00f6nsten Str\u00e4nde, mit hervorragenden Stellen f\u00fcr das Schnorcheln und Tauchen.<\/p>\n<p>[\/et_pb_blurb][\/et_pb_column][et_pb_column type=&#8221;1_4&#8243; _builder_version=&#8221;3.25&#8243; custom_padding=&#8221;|||&#8221; custom_padding__hover=&#8221;|||&#8221;][et_pb_blurb title=&#8221;Eb\u00e8ne Cybercity&#8221; image=&#8221;https:\/\/pro-mauritius.com\/wp-content\/uploads\/2018\/12\/Eb\u00e8ne-Cybercity-1.jpg&#8221; alt=&#8221;Die Cybercity von Mauritius&#8221; _builder_version=&#8221;3.26.3&#8243;]<\/p>\n<p>Im Finanzzentrum von Mauritius kann man etliche Geb\u00e4ude mit interessanten architektonischen Konzepten bewundern.<\/p>\n<p>[\/et_pb_blurb][\/et_pb_column][et_pb_column type=&#8221;1_4&#8243; _builder_version=&#8221;3.25&#8243; custom_padding=&#8221;|||&#8221; custom_padding__hover=&#8221;|||&#8221;][et_pb_blurb title=&#8221;Baie du Cap&#8221; image=&#8221;https:\/\/pro-mauritius.com\/wp-content\/uploads\/2018\/12\/Macond\u00e9-Baie-du-Cap.jpg&#8221; alt=&#8221;Haarnadelkurve am Baie du Cap&#8221; _builder_version=&#8221;3.26.3&#8243;]<\/p>\n<p>Dieses kleine Dorf an der S\u00fcdk\u00fcste hat eine ber\u00fchmte Haarnadelkurve, Macond\u00e9 genannt. Von dort hat man einen spektakul\u00e4ren Blick entlang der K\u00fcste und auf die nahe gelegenen Berge.<\/p>\n<p>[\/et_pb_blurb][\/et_pb_column][et_pb_column type=&#8221;1_4&#8243; _builder_version=&#8221;3.25&#8243; custom_padding=&#8221;|||&#8221; custom_padding__hover=&#8221;|||&#8221;][et_pb_blurb title=&#8221;Chamarel Falls&#8221; image=&#8221;https:\/\/pro-mauritius.com\/wp-content\/uploads\/2018\/12\/Chamarel-Falls.jpg&#8221; alt=&#8221;Chamarel Wasserfall&#8221; _builder_version=&#8221;3.26.3&#8243;]<\/p>\n<p>Einer der sch\u00f6nsten Wasserf\u00e4lle von Mauritius f\u00e4llt \u00fcber eine steile Klippe in einer unber\u00fchrten Natur in die Tiefe.<\/p>\n<p>[\/et_pb_blurb][\/et_pb_column][\/et_pb_row][et_pb_row column_structure=&#8221;1_4,1_4,1_4,1_4&#8243; _builder_version=&#8221;3.25&#8243;][et_pb_column type=&#8221;1_4&#8243; _builder_version=&#8221;3.25&#8243; custom_padding=&#8221;|||&#8221; custom_padding__hover=&#8221;|||&#8221;][et_pb_blurb title=&#8221;Black River Gorge&#8221; image=&#8221;https:\/\/pro-mauritius.com\/wp-content\/uploads\/2018\/12\/Black-River-Gorge.jpg&#8221; alt=&#8221;Aussichtspunkt im Nationalpark Black River Gorge&#8221; _builder_version=&#8221;3.26.3&#8243;]<\/p>\n<p>Der Nationalpark Black River Gorge bietet atemberaubende Aussichtspunkte, Wanderwege und Picknickpl\u00e4tze rund um die gr\u00f6\u00dfte Schlucht von Mauritius.<\/p>\n<p>[\/et_pb_blurb][\/et_pb_column][et_pb_column type=&#8221;1_4&#8243; _builder_version=&#8221;3.25&#8243; custom_padding=&#8221;|||&#8221; custom_padding__hover=&#8221;|||&#8221;][et_pb_blurb title=&#8221;Seven-Coloured Earth&#8221; image=&#8221;https:\/\/pro-mauritius.com\/wp-content\/uploads\/2018\/12\/Seven-coloured-earth.jpg&#8221; alt=&#8221;Siebenfarbige Erde bei Chamarel&#8221; _builder_version=&#8221;3.26.3&#8243;]<\/p>\n<p>Die Siebenfarbige Erde bei Chamarel ist ein einzigartiger Ort, wo Erde mit einem hohen Anteil an Schwermetallen nat\u00fcrlichen Ursprungs keine Vegetation erlaubt.<\/p>\n<p>[\/et_pb_blurb][\/et_pb_column][et_pb_column type=&#8221;1_4&#8243; _builder_version=&#8221;3.25&#8243; custom_padding=&#8221;|||&#8221; custom_padding__hover=&#8221;|||&#8221;][et_pb_blurb title=&#8221;Le Pouce&#8221; image=&#8221;https:\/\/pro-mauritius.com\/wp-content\/uploads\/2018\/12\/Le-Pouce-820-m.jpg&#8221; alt=&#8221;Aussichtsberg Le Pouce&#8221; _builder_version=&#8221;3.26.3&#8243;]<\/p>\n<p>Der Gipfel von Le Pouce, 820 m \u00fcber dem Meeresspiegel, ist der am einfachsten zu besteigende Berg mit einer fantastischen Panoramasicht von seinem Gipfel.<\/p>\n<p>[\/et_pb_blurb][\/et_pb_column][et_pb_column type=&#8221;1_4&#8243; _builder_version=&#8221;3.25&#8243; custom_padding=&#8221;|||&#8221; custom_padding__hover=&#8221;|||&#8221;][et_pb_blurb title=&#8221;Le Morne Brabant&#8221; image=&#8221;https:\/\/pro-mauritius.com\/wp-content\/uploads\/2018\/12\/Le-Morne-Brabant.jpg&#8221; alt=&#8221;Le Morne Brabant im S\u00fcdosten von Mauritius&#8221; _builder_version=&#8221;3.26.3&#8243;]<\/p>\n<p>Dieser alleinstehende Felsen in der S\u00fcdwestecke von Mauritius ist zwar nicht besonders hoch, doch ziemlich schwer zu ersteigen. Man braucht hierzu einen F\u00fchrer.<\/p>\n<p>[\/et_pb_blurb][\/et_pb_column][\/et_pb_row][et_pb_row column_structure=&#8221;1_4,1_4,1_4,1_4&#8243; _builder_version=&#8221;3.25&#8243;][et_pb_column type=&#8221;1_4&#8243; _builder_version=&#8221;3.25&#8243; custom_padding=&#8221;|||&#8221; custom_padding__hover=&#8221;|||&#8221;][et_pb_blurb title=&#8221;Fischerd\u00f6rfer&#8221; image=&#8221;https:\/\/pro-mauritius.com\/wp-content\/uploads\/2018\/12\/Fishing-villages.jpg&#8221; alt=&#8221;Fischerdorf in Mauritius&#8221; _builder_version=&#8221;3.26.3&#8243;]<\/p>\n<p>Es gibt viele malerische Fischerd\u00f6rfer mit einer entspannten Atmosph\u00e4re entlang der K\u00fcstenlinien im S\u00fcdwesten, S\u00fcden, Osten und Nordosten.<\/p>\n<p>[\/et_pb_blurb][\/et_pb_column][et_pb_column type=&#8221;1_4&#8243; _builder_version=&#8221;3.25&#8243; custom_padding=&#8221;|||&#8221; custom_padding__hover=&#8221;|||&#8221;][et_pb_blurb title=&#8221;La Vanille Nature Park&#8221; image=&#8221;https:\/\/pro-mauritius.com\/wp-content\/uploads\/2018\/12\/La-Vanille-Nature-Park.jpg&#8221; alt=&#8221;La Vanille Naturpark in Mauritius&#8221; _builder_version=&#8221;3.26.3&#8243;]<\/p>\n<p>Riesenschildkr\u00f6ten, Krokodile, Lemuren und andere Tiere k\u00f6nnen in diesem Naturpark in der N\u00e4he der S\u00fcdk\u00fcste beobachtet werden.<\/p>\n<p>[\/et_pb_blurb][\/et_pb_column][et_pb_column type=&#8221;1_4&#8243; _builder_version=&#8221;3.25&#8243; custom_padding=&#8221;|||&#8221; custom_padding__hover=&#8221;|||&#8221;][et_pb_blurb title=&#8221;Botanischer Garten&#8221; image=&#8221;https:\/\/pro-mauritius.com\/wp-content\/uploads\/2018\/12\/National-Botanic-Garden-Pamplemousse.jpg&#8221; alt=&#8221;Botanischer Garten bei Pamplemousse, Mauritius&#8221; _builder_version=&#8221;3.26.3&#8243;]<\/p>\n<p>Der ber\u00fchmte Seewoosagur Ramgoolam Botanical Garden in Pamplemousses pr\u00e4sentiert die Pflanzenwelt von Mauritius mit vielen endemischen Spezies in einer sch\u00f6nen Landschaft.<\/p>\n<p>[\/et_pb_blurb][\/et_pb_column][et_pb_column type=&#8221;1_4&#8243; _builder_version=&#8221;3.25&#8243; custom_padding=&#8221;|||&#8221; custom_padding__hover=&#8221;|||&#8221;][et_pb_blurb title=&#8221;Casela Nature Park&#8221; image=&#8221;https:\/\/pro-mauritius.com\/wp-content\/uploads\/2018\/12\/Casela-Nature-Park.jpg&#8221; alt=&#8221;Afrikanische Wildtiere im Casela Nature Park, Mauritius&#8221; _builder_version=&#8221;3.26.3&#8243;]<\/p>\n<p>Der Casela Nature &amp; Leisure Park bietet Freiluft-Attraktionen in einer spektakul\u00e4ren Berglandschaft: Safaris, Fahrten auf Quads, Interaktionen mit wilden Tieren und vieles mehr \u2026.<\/p>\n<p>[\/et_pb_blurb][\/et_pb_column][\/et_pb_row][et_pb_row custom_padding=&#8221;12px|0px|4px|0px|false|false&#8221; _builder_version=&#8221;3.25&#8243;][et_pb_column type=&#8221;4_4&#8243; _builder_version=&#8221;3.25&#8243; custom_padding=&#8221;|||&#8221; custom_padding__hover=&#8221;|||&#8221;][et_pb_divider _builder_version=&#8221;3.15&#8243;][\/et_pb_divider][\/et_pb_column][\/et_pb_row][\/et_pb_section][et_pb_section fb_built=&#8221;1&#8243; admin_label=&#8221;Feature &#8211; Image Left&#8221; _builder_version=&#8221;3.22&#8243; custom_margin=&#8221;|||&#8221; custom_padding=&#8221;23px|0px|100px|0px|false|false&#8221;][et_pb_row column_structure=&#8221;1_3,2_3&#8243; use_custom_gutter=&#8221;on&#8221; _builder_version=&#8221;3.25&#8243; animation_style=&#8221;fade&#8221;][et_pb_column type=&#8221;1_3&#8243; _builder_version=&#8221;3.25&#8243; custom_padding=&#8221;|||&#8221; custom_padding__hover=&#8221;|||&#8221;][et_pb_text module_id=&#8221;7&#8243; _builder_version=&#8221;3.26.3&#8243; text_font=&#8221;||||||||&#8221; header_font=&#8221;||||||||&#8221; header_2_font=&#8221;|600|||||||&#8221; header_2_font_size=&#8221;30px&#8221; header_2_letter_spacing=&#8221;1px&#8221; header_2_line_height=&#8221;1.3em&#8221; header_3_font=&#8221;|700||on|||||&#8221; header_3_text_color=&#8221;#edbb5f&#8221; header_3_font_size=&#8221;14px&#8221; header_3_letter_spacing=&#8221;1px&#8221; header_3_line_height=&#8221;2em&#8221;]<\/p>\n<h3>Mein Geheimtipp<\/h3>\n<h2>Sept Cascades<\/h2>\n<p>[\/et_pb_text][et_pb_divider color=&#8221;#edbb5f&#8221; divider_weight=&#8221;2px&#8221; _builder_version=&#8221;3.2&#8243; max_width=&#8221;60px&#8221; module_alignment=&#8221;left&#8221; height=&#8221;2px&#8221;][\/et_pb_divider][et_pb_text _builder_version=&#8221;3.15&#8243; text_font=&#8221;||||||||&#8221; text_font_size=&#8221;16px&#8221; max_width=&#8221;550px&#8221;]<\/p>\n<p>Die Schlucht der Sieben Kaskaden, wie der Sept Cascades Canyon auf Deutsch hei\u00dft, ist pure Natur, so wild und unber\u00fchrt wie Gott sie geschaffen hat.<\/p>\n<p>Es gibt einige schmale Pfade, auf denen man wandern kann, wenn man trittsicher ist, doch keinerlei Hinweisschilder, kein ausgeschilderter Parkplatz, und keine Markierung der wenigen Zutrittspunkte. Es gibt keine touristischen Einrichtungen und praktisch keinen Mobilfunkempfang in der tiefen Schlucht. Es kann passieren, dass man das gesamte obere Tal durchwandert (mindestens 3-4 Stunden Gehzeit) und nur einem oder zwei Menschen begegnet.<\/p>\n<p>Klingt unglaublich? Finden Sie es heraus!<\/p>\n<p>[\/et_pb_text][\/et_pb_column][et_pb_column type=&#8221;2_3&#8243; _builder_version=&#8221;3.25&#8243; custom_padding=&#8221;|||&#8221; custom_padding__hover=&#8221;|||&#8221;][et_pb_video _builder_version=&#8221;3.15&#8243;][\/et_pb_video][et_pb_image src=&#8221;https:\/\/pro-mauritius.com\/wp-content\/uploads\/2018\/12\/7cascades.jpg&#8221; _builder_version=&#8221;3.26.3&#8243;][\/et_pb_image][\/et_pb_column][\/et_pb_row][\/et_pb_section]<\/p>\n","protected":false},"excerpt":{"rendered":"<p>&nbsp; Was man in Mauritius gesehen haben sollte \u00a0Touristenattraktionen von MauritiusMauritius verf\u00fcgt \u00fcber viele Touristenattraktionen, die einen Besuch wert sind. Die folgende Auswahl deckt einige der wichtigsten ab. Seien Sie sicher: es gibt noch viel mehr!Der Hafen, die Zitadelle, Aapravasi Ghat, das Postmuseum und Le Caudan Waterfront bilden das Pflichtprogramm in der Hauptstadt von Mauritius.Das [&hellip;]<\/p>\n","protected":false},"author":1,"featured_media":0,"parent":1431,"menu_order":0,"comment_status":"closed","ping_status":"closed","template":"","meta":{"_et_pb_use_builder":"on","_et_pb_old_content":"","_et_gb_content_width":""},"yoast_head":"<!-- This site is optimized with the Yoast SEO plugin v17.9 - https:\/\/yoast.com\/wordpress\/plugins\/seo\/ -->\n<title>Sehensw\u00fcrdigkeiten, Freizeitangebote und Attraktionen - Pro Mauritius<\/title>\n<meta name=\"description\" content=\"Sehensw\u00fcrdigkeiten und Touristenattraktionen von Mauritius in einem kurzen \u00dcberblick\" \/>\n<meta name=\"robots\" content=\"index, follow, max-snippet:-1, max-image-preview:large, max-video-preview:-1\" \/>\n<link rel=\"canonical\" href=\"https:\/\/pro-mauritius.com\/home\/leben\/attraktionen\/\" \/>\n<meta property=\"og:locale\" content=\"en_US\" \/>\n<meta property=\"og:type\" content=\"article\" \/>\n<meta property=\"og:title\" content=\"Sehensw\u00fcrdigkeiten, Freizeitangebote und Attraktionen - Pro Mauritius\" \/>\n<meta property=\"og:description\" content=\"Sehensw\u00fcrdigkeiten und Touristenattraktionen von Mauritius in einem kurzen \u00dcberblick\" \/>\n<meta property=\"og:url\" content=\"https:\/\/pro-mauritius.com\/home\/leben\/attraktionen\/\" \/>\n<meta property=\"og:site_name\" content=\"Pro Mauritius\" \/>\n<meta property=\"article:modified_time\" content=\"2020-01-29T05:07:46+00:00\" \/>\n<meta name=\"twitter:card\" content=\"summary_large_image\" \/>\n<meta name=\"twitter:label1\" content=\"Est. reading time\" \/>\n\t<meta name=\"twitter:data1\" content=\"9 minutes\" \/>\n<script type=\"application\/ld+json\" class=\"yoast-schema-graph\">{\"@context\":\"https:\/\/schema.org\",\"@graph\":[{\"@type\":\"WebSite\",\"@id\":\"https:\/\/pro-mauritius.com\/home\/#website\",\"url\":\"https:\/\/pro-mauritius.com\/home\/\",\"name\":\"Pro Mauritius\",\"description\":\"One-stop Consulting for companies, entrepreneurs and expats relocating to Mauritius\",\"potentialAction\":[{\"@type\":\"SearchAction\",\"target\":{\"@type\":\"EntryPoint\",\"urlTemplate\":\"https:\/\/pro-mauritius.com\/home\/?s={search_term_string}\"},\"query-input\":\"required name=search_term_string\"}],\"inLanguage\":\"en-US\"},{\"@type\":\"WebPage\",\"@id\":\"https:\/\/pro-mauritius.com\/home\/leben\/attraktionen\/#webpage\",\"url\":\"https:\/\/pro-mauritius.com\/home\/leben\/attraktionen\/\",\"name\":\"Sehensw\\u00fcrdigkeiten, Freizeitangebote und Attraktionen - Pro Mauritius\",\"isPartOf\":{\"@id\":\"https:\/\/pro-mauritius.com\/home\/#website\"},\"datePublished\":\"2019-01-15T06:49:35+00:00\",\"dateModified\":\"2020-01-29T05:07:46+00:00\",\"description\":\"Sehensw\\u00fcrdigkeiten und Touristenattraktionen von Mauritius in einem kurzen \\u00dcberblick\",\"breadcrumb\":{\"@id\":\"https:\/\/pro-mauritius.com\/home\/leben\/attraktionen\/#breadcrumb\"},\"inLanguage\":\"en-US\",\"potentialAction\":[{\"@type\":\"ReadAction\",\"target\":[\"https:\/\/pro-mauritius.com\/home\/leben\/attraktionen\/\"]}]},{\"@type\":\"BreadcrumbList\",\"@id\":\"https:\/\/pro-mauritius.com\/home\/leben\/attraktionen\/#breadcrumb\",\"itemListElement\":[{\"@type\":\"ListItem\",\"position\":1,\"name\":\"Home\",\"item\":\"https:\/\/pro-mauritius.com\/home\/\"},{\"@type\":\"ListItem\",\"position\":2,\"name\":\"Leben\",\"item\":\"https:\/\/pro-mauritius.com\/home\/leben\/\"},{\"@type\":\"ListItem\",\"position\":3,\"name\":\"Attraktionen\"}]}]}<\/script>\n<!-- \/ Yoast SEO plugin. -->","yoast_head_json":{"title":"Sehensw\u00fcrdigkeiten, Freizeitangebote und Attraktionen - Pro Mauritius","description":"Sehensw\u00fcrdigkeiten und Touristenattraktionen von Mauritius in einem kurzen \u00dcberblick","robots":{"index":"index","follow":"follow","max-snippet":"max-snippet:-1","max-image-preview":"max-image-preview:large","max-video-preview":"max-video-preview:-1"},"canonical":"https:\/\/pro-mauritius.com\/home\/leben\/attraktionen\/","og_locale":"en_US","og_type":"article","og_title":"Sehensw\u00fcrdigkeiten, Freizeitangebote und Attraktionen - Pro Mauritius","og_description":"Sehensw\u00fcrdigkeiten und Touristenattraktionen von Mauritius in einem kurzen \u00dcberblick","og_url":"https:\/\/pro-mauritius.com\/home\/leben\/attraktionen\/","og_site_name":"Pro Mauritius","article_modified_time":"2020-01-29T05:07:46+00:00","twitter_card":"summary_large_image","twitter_misc":{"Est. reading time":"9 minutes"},"schema":{"@context":"https:\/\/schema.org","@graph":[{"@type":"WebSite","@id":"https:\/\/pro-mauritius.com\/home\/#website","url":"https:\/\/pro-mauritius.com\/home\/","name":"Pro Mauritius","description":"One-stop Consulting for companies, entrepreneurs and expats relocating to Mauritius","potentialAction":[{"@type":"SearchAction","target":{"@type":"EntryPoint","urlTemplate":"https:\/\/pro-mauritius.com\/home\/?s={search_term_string}"},"query-input":"required name=search_term_string"}],"inLanguage":"en-US"},{"@type":"WebPage","@id":"https:\/\/pro-mauritius.com\/home\/leben\/attraktionen\/#webpage","url":"https:\/\/pro-mauritius.com\/home\/leben\/attraktionen\/","name":"Sehensw\u00fcrdigkeiten, Freizeitangebote und Attraktionen - Pro Mauritius","isPartOf":{"@id":"https:\/\/pro-mauritius.com\/home\/#website"},"datePublished":"2019-01-15T06:49:35+00:00","dateModified":"2020-01-29T05:07:46+00:00","description":"Sehensw\u00fcrdigkeiten und Touristenattraktionen von Mauritius in einem kurzen \u00dcberblick","breadcrumb":{"@id":"https:\/\/pro-mauritius.com\/home\/leben\/attraktionen\/#breadcrumb"},"inLanguage":"en-US","potentialAction":[{"@type":"ReadAction","target":["https:\/\/pro-mauritius.com\/home\/leben\/attraktionen\/"]}]},{"@type":"BreadcrumbList","@id":"https:\/\/pro-mauritius.com\/home\/leben\/attraktionen\/#breadcrumb","itemListElement":[{"@type":"ListItem","position":1,"name":"Home","item":"https:\/\/pro-mauritius.com\/home\/"},{"@type":"ListItem","position":2,"name":"Leben","item":"https:\/\/pro-mauritius.com\/home\/leben\/"},{"@type":"ListItem","position":3,"name":"Attraktionen"}]}]}},"_links":{"self":[{"href":"https:\/\/pro-mauritius.com\/home\/wp-json\/wp\/v2\/pages\/1512"}],"collection":[{"href":"https:\/\/pro-mauritius.com\/home\/wp-json\/wp\/v2\/pages"}],"about":[{"href":"https:\/\/pro-mauritius.com\/home\/wp-json\/wp\/v2\/types\/page"}],"author":[{"embeddable":true,"href":"https:\/\/pro-mauritius.com\/home\/wp-json\/wp\/v2\/users\/1"}],"replies":[{"embeddable":true,"href":"https:\/\/pro-mauritius.com\/home\/wp-json\/wp\/v2\/comments?post=1512"}],"version-history":[{"count":7,"href":"https:\/\/pro-mauritius.com\/home\/wp-json\/wp\/v2\/pages\/1512\/revisions"}],"predecessor-version":[{"id":2248,"href":"https:\/\/pro-mauritius.com\/home\/wp-json\/wp\/v2\/pages\/1512\/revisions\/2248"}],"up":[{"embeddable":true,"href":"https:\/\/pro-mauritius.com\/home\/wp-json\/wp\/v2\/pages\/1431"}],"wp:attachment":[{"href":"https:\/\/pro-mauritius.com\/home\/wp-json\/wp\/v2\/media?parent=1512"}],"curies":[{"name":"wp","href":"https:\/\/api.w.org\/{rel}","templated":true}]}}