{"id":1477,"date":"2019-01-14T18:41:31","date_gmt":"2019-01-14T14:41:31","guid":{"rendered":"https:\/\/pro-mauritius.com\/?page_id=1477"},"modified":"2019-11-22T17:39:31","modified_gmt":"2019-11-22T13:39:31","slug":"geschichte","status":"publish","type":"page","link":"https:\/\/pro-mauritius.com\/home\/leben\/geschichte\/","title":{"rendered":"Geschichte"},"content":{"rendered":"<p>[et_pb_section fb_built=&#8221;1&#8243; admin_label=&#8221;Feature &#8211; Image Right&#8221; _builder_version=&#8221;3.22&#8243; custom_margin=&#8221;|||&#8221; custom_padding=&#8221;5px|0px|6px|0px|false|false&#8221;][et_pb_row _builder_version=&#8221;3.26.3&#8243;][et_pb_column _builder_version=&#8221;3.26.3&#8243; type=&#8221;4_4&#8243;][et_pb_text _builder_version=&#8221;3.26.3&#8243; text_font=&#8221;||||||||&#8221; header_font=&#8221;|700|||||||&#8221; header_font_size=&#8221;38px&#8221; header_line_height=&#8221;1.3em&#8221; header_2_font=&#8221;Times New Roman|700|||||||&#8221; header_2_font_size=&#8221;38px&#8221; header_2_letter_spacing=&#8221;1px&#8221; header_2_line_height=&#8221;1.4em&#8221; header_3_font=&#8221;Verdana|700||on|||||&#8221; header_3_text_color=&#8221;#edbb5f&#8221; header_3_font_size=&#8221;14px&#8221; header_3_letter_spacing=&#8221;1px&#8221; header_3_line_height=&#8221;2em&#8221; max_width=&#8221;1080px&#8221;]<\/p>\n<h1>Die Geschichte von Mauritius<\/h1>\n<p>[\/et_pb_text][\/et_pb_column][\/et_pb_row][et_pb_row column_structure=&#8221;1_2,1_2&#8243; custom_padding=&#8221;27px|0px|3px|0px|false|false&#8221; custom_margin=&#8221;|||&#8221; _builder_version=&#8221;3.25&#8243; width=&#8221;90%&#8221; max_width=&#8221;90%&#8221; module_alignment=&#8221;center&#8221; animation_style=&#8221;fade&#8221; use_custom_width=&#8221;on&#8221; width_unit=&#8221;off&#8221; custom_width_percent=&#8221;90%&#8221;][et_pb_column type=&#8221;1_2&#8243; _builder_version=&#8221;3.25&#8243; custom_padding=&#8221;||40px|6%&#8221; custom_padding__hover=&#8221;|||&#8221;][et_pb_text _builder_version=&#8221;3.15&#8243; text_font=&#8221;Verdana|600|||||||&#8221; text_font_size=&#8221;16px&#8221; text_line_height=&#8221;1.8em&#8221; ul_font=&#8221;||||||||&#8221; ol_font=&#8221;||||||||&#8221; max_width=&#8221;550px&#8221;]<\/p>\n<p>Bevor die unbewohnte Insel erstmals durch die Niederl\u00e4nder besiedelt wurde, ist Mauritius bereits von den Arabern und Portugiesen besucht worden. Anschlie\u00dfend wurde Mauritius zun\u00e4chst von den Franzosen und sp\u00e4ter von den Briten erobert, bevor das Land im Jahr 1968 unabh\u00e4ngig wurde.<\/p>\n<p>[\/et_pb_text][et_pb_image src=&#8221;https:\/\/pro-mauritius.com\/wp-content\/uploads\/2018\/12\/memorial_3.jpg&#8221; alt=&#8221;Gedenkst\u00e4tte bei Grand Port, Mauritius&#8221; show_bottom_space=&#8221;off&#8221; align_tablet=&#8221;center&#8221; align_last_edited=&#8221;on|desktop&#8221; _builder_version=&#8221;3.26.3&#8243;][\/et_pb_image][et_pb_text _builder_version=&#8221;3.26.3&#8243;]<\/p>\n<p><span>Gedenkst\u00e4tte bei<\/span> Grand Port<\/p>\n<p>[\/et_pb_text][\/et_pb_column][et_pb_column type=&#8221;1_2&#8243; _builder_version=&#8221;3.25&#8243; custom_padding=&#8221;|||&#8221; custom_padding__hover=&#8221;|||&#8221;][et_pb_text _builder_version=&#8221;3.26.3&#8243; text_font=&#8221;||||||||&#8221; ul_font=&#8221;||||||||&#8221; ul_line_height=&#8221;1.5em&#8221; header_font=&#8221;Times New Roman|600|||||||&#8221; header_2_font=&#8221;Times New Roman|600|||||||&#8221; header_2_font_size=&#8221;30px&#8221; header_2_line_height=&#8221;1.3em&#8221;]<\/p>\n<h2>Fr\u00fche Besuche durch arabische und portugiesische Segler<\/h2>\n<p>Die Insel Mauritius war unbewohnt, als es im Mittelalter zu den ersten dokumentierten Besuchen durch arabische Seeleute kam. Im Jahr 1507 errichteten portugiesische Seefahrer eine tempor\u00e4re Basis f\u00fcr Besucher.<\/p>\n<h2>Kolonisierung durch die Holl\u00e4nder und Franzosen<\/h2>\n<p>Die Kolonialgeschichte begann allerdings erst in 1598, als eine niederl\u00e4ndische Schwadron in Grand Port landete. Die Niederl\u00e4nder siedelten in Mauritius von 1638 bis 1710 und gaben die Insel dann auf.<\/p>\n<p>Frankreich \u00fcbernahm die Kontrolle von Mauritius im Jahr 1715 und benannte die Insel in \u201eIsle de France\u201c um. Zu dieser Zeit kontrollierten die Franzosen bereits die Nachbarinsel \u00cele Bourbon (heute La R\u00e9union). W\u00e4hrend der napoleonischen Kriege focht die britische Royal Navy gegen die R\u00fcckzugsbasis franz\u00f6sischer Korsaren in Mauritius. 1810 kam es zur erfolgreichen Invasion. Die Franzosen kapitulierten unter der Bedingung, dass den Siedlern erlaubt w\u00fcrde, ihre L\u00e4ndereien zu behalten sowie die franz\u00f6sische Sprache und Frankreichs Gesetze in Straf- und zivilen Angelegenheiten weiter zu benutzen.<\/p>\n<p>Die Tatsache, dass sich gro\u00dfe L\u00e4ndereien in Mauritius immer noch im Eigentum einer kleinen Anzahl alteingesessener franko-mauritischer Familien befinden, kann ebenso auf dieses historische Ereignis zur\u00fcckgef\u00fchrt werden wie die weite Verbreitung der franz\u00f6sischen Sprache im Alltag und in den Medien.<\/p>\n<h2>\u00dcbernahme durch die Briten<\/h2>\n<p>Die britische Administration f\u00fchrte zu schnellen sozialen und wirtschaftlichen Ver\u00e4nderungen. Englisch wurde zur Amtssprache, und der alte Name Mauritius wurde wieder eingef\u00fchrt.<\/p>\n<p>Nachdem die Sklaverei 1835 abgeschafft worden war, ben\u00f6tigten die Pflanzer eine gro\u00dfe Anzahl von Gastarbeitern, die aus Indien herangeschafft und zur Arbeit in den Zuckerrohrfeldern verpflichtet wurden. Die Nachkommen von diesen Gastarbeitern machen heute 50 % der mauritischen Bev\u00f6lkerung aus.<\/p>\n<p>W\u00e4hrend des Ersten Weltkriegs erfuhr Mauritius eine Periode gro\u00dfen Wohlstands aufgrund eines Booms bei den Zuckerpreisen. Im Zweiten Weltkrieg hingegen litt die Bev\u00f6lkerung unter den sich verdoppelnden Rohstoffpreisen, und es kam zu zivilen Unruhen.<\/p>\n<h2>Unabh\u00e4ngigkeit<\/h2>\n<p>Im Jahr 1968 wurde Mauritius unabh\u00e4ngig, wobei die britische K\u00f6nigin Elisabeth II bis zum Jahr 1992 als K\u00f6nigin von Mauritius das Staatsoberhaupt blieb. Seitdem ist Mauritius eine Republik innerhalb des Commonwealth of Nations.<\/p>\n<p>[\/et_pb_text][\/et_pb_column][\/et_pb_row][et_pb_row custom_padding=&#8221;13px|0px|0|0px|false|false&#8221; _builder_version=&#8221;3.25&#8243;][et_pb_column type=&#8221;4_4&#8243; _builder_version=&#8221;3.25&#8243; custom_padding=&#8221;|||&#8221; custom_padding__hover=&#8221;|||&#8221;][et_pb_divider _builder_version=&#8221;3.15&#8243;][\/et_pb_divider][\/et_pb_column][\/et_pb_row][et_pb_row column_structure=&#8221;1_3,1_3,1_3&#8243; use_custom_gutter=&#8221;on&#8221; custom_padding=&#8221;27px|0px|3px|0px|false|false&#8221; custom_margin=&#8221;|||&#8221; _builder_version=&#8221;3.25&#8243; width=&#8221;90%&#8221; max_width=&#8221;90%&#8221; module_alignment=&#8221;center&#8221; animation_style=&#8221;fade&#8221; use_custom_width=&#8221;on&#8221; width_unit=&#8221;off&#8221; custom_width_percent=&#8221;90%&#8221;][et_pb_column type=&#8221;1_3&#8243; _builder_version=&#8221;3.25&#8243; custom_padding=&#8221;||40px|6%&#8221; custom_padding__hover=&#8221;|||&#8221;][et_pb_text _builder_version=&#8221;3.26.3&#8243; text_font=&#8221;||||||||&#8221; header_font=&#8221;||||||||&#8221; header_2_font=&#8221;Times New Roman|600|||||||&#8221; header_2_font_size=&#8221;30px&#8221; header_2_letter_spacing=&#8221;1px&#8221; header_2_line_height=&#8221;1.3em&#8221; header_3_font=&#8221;Verdana|700||on|||||&#8221; header_3_text_color=&#8221;#edbb5f&#8221; header_3_font_size=&#8221;14px&#8221; header_3_letter_spacing=&#8221;1px&#8221; header_3_line_height=&#8221;2em&#8221; max_width=&#8221;550px&#8221;]<\/p>\n<h2>Die Religionen in Mauritius<\/h2>\n<p>[\/et_pb_text][et_pb_divider color=&#8221;#edbb5f&#8221; divider_weight=&#8221;2px&#8221; _builder_version=&#8221;3.15&#8243; max_width=&#8221;60px&#8221; module_alignment=&#8221;left&#8221; height=&#8221;2px&#8221;][\/et_pb_divider][et_pb_text _builder_version=&#8221;3.15&#8243; text_font=&#8221;Verdana|600|||||||&#8221; text_font_size=&#8221;16px&#8221; text_line_height=&#8221;1.8em&#8221; ul_font=&#8221;||||||||&#8221; ul_letter_spacing=&#8221;1px&#8221; ul_line_height=&#8221;1.5em&#8221; ol_font=&#8221;||||||||&#8221; max_width=&#8221;550px&#8221;]<\/p>\n<p>Gl\u00e4ubige von drei Weltreligionen koexistieren friedlich auf einer dicht bev\u00f6lkerten Insel:<\/p>\n<ul>\n<li>Hindus 50 %<\/li>\n<li>Christen 33%<\/li>\n<li>Muslime 16%<\/li>\n<li>Andere 1%<\/li>\n<\/ul>\n<p>&nbsp;<\/p>\n<p>[\/et_pb_text][\/et_pb_column][et_pb_column type=&#8221;1_3&#8243; _builder_version=&#8221;3.25&#8243; custom_padding=&#8221;|||&#8221; custom_padding__hover=&#8221;|||&#8221;][et_pb_image src=&#8221;https:\/\/pro-mauritius.com\/wp-content\/uploads\/2018\/12\/Mangal_Mahadev.jpg&#8221; alt=&#8221;Shiva-Statue in Grand Bassin am Ganga Talao Lake, Mauritius&#8221; show_bottom_space=&#8221;off&#8221; align_tablet=&#8221;center&#8221; align_last_edited=&#8221;on|desktop&#8221; _builder_version=&#8221;3.26.3&#8243;][\/et_pb_image][et_pb_text _builder_version=&#8221;3.26.3&#8243;]<\/p>\n<p><span><\/span>Mangal Mahadev, eine 33 m hohe Statue von Shiva in Grand Bassin am Ganga Talao Lake<\/p>\n<p>[\/et_pb_text][\/et_pb_column][et_pb_column type=&#8221;1_3&#8243; _builder_version=&#8221;3.25&#8243; custom_padding=&#8221;|||&#8221; custom_padding__hover=&#8221;|||&#8221;][et_pb_image src=&#8221;https:\/\/pro-mauritius.com\/wp-content\/uploads\/2018\/12\/cathedral.jpg&#8221; alt=&#8221;Saint Louis Kathedrale in Port Louis&#8221; show_bottom_space=&#8221;off&#8221; align_tablet=&#8221;center&#8221; align_last_edited=&#8221;on|desktop&#8221; _builder_version=&#8221;3.26.3&#8243;][\/et_pb_image][et_pb_text _builder_version=&#8221;3.26.3&#8243;]<\/p>\n<p>Saint Louis Kathedrale in Port Louis, erbaut 1814\/15<\/p>\n<p>[\/et_pb_text][\/et_pb_column][\/et_pb_row][\/et_pb_section]<\/p>\n","protected":false},"excerpt":{"rendered":"<p>Die Geschichte von MauritiusBevor die unbewohnte Insel erstmals durch die Niederl\u00e4nder besiedelt wurde, ist Mauritius bereits von den Arabern und Portugiesen besucht worden. Anschlie\u00dfend wurde Mauritius zun\u00e4chst von den Franzosen und sp\u00e4ter von den Briten erobert, bevor das Land im Jahr 1968 unabh\u00e4ngig wurde.Gedenkst\u00e4tte bei Grand PortFr\u00fche Besuche durch arabische und portugiesische Segler Die Insel [&hellip;]<\/p>\n","protected":false},"author":1,"featured_media":0,"parent":1431,"menu_order":0,"comment_status":"closed","ping_status":"closed","template":"","meta":{"_et_pb_use_builder":"on","_et_pb_old_content":"","_et_gb_content_width":""},"yoast_head":"<!-- This site is optimized with the Yoast SEO plugin v17.9 - https:\/\/yoast.com\/wordpress\/plugins\/seo\/ -->\n<title>Die Geschichte von Mauritius im \u00dcberblick - Pro Mauritius<\/title>\n<meta name=\"description\" content=\"Die Geschichte von Mauritius: Von fr\u00fchen Erkundungen zur ersten Besiedlung, und von der Kolonialzeit zur Unabh\u00e4ngigkeit\" \/>\n<meta name=\"robots\" content=\"index, follow, max-snippet:-1, max-image-preview:large, max-video-preview:-1\" \/>\n<link rel=\"canonical\" href=\"https:\/\/pro-mauritius.com\/home\/leben\/geschichte\/\" \/>\n<meta property=\"og:locale\" content=\"en_US\" \/>\n<meta property=\"og:type\" content=\"article\" \/>\n<meta property=\"og:title\" content=\"Die Geschichte von Mauritius im \u00dcberblick - Pro Mauritius\" \/>\n<meta property=\"og:description\" content=\"Die Geschichte von Mauritius: Von fr\u00fchen Erkundungen zur ersten Besiedlung, und von der Kolonialzeit zur Unabh\u00e4ngigkeit\" \/>\n<meta property=\"og:url\" content=\"https:\/\/pro-mauritius.com\/home\/leben\/geschichte\/\" \/>\n<meta property=\"og:site_name\" content=\"Pro Mauritius\" \/>\n<meta property=\"article:modified_time\" content=\"2019-11-22T13:39:31+00:00\" \/>\n<meta name=\"twitter:card\" content=\"summary_large_image\" \/>\n<meta name=\"twitter:label1\" content=\"Est. reading time\" \/>\n\t<meta name=\"twitter:data1\" content=\"5 minutes\" \/>\n<script type=\"application\/ld+json\" class=\"yoast-schema-graph\">{\"@context\":\"https:\/\/schema.org\",\"@graph\":[{\"@type\":\"WebSite\",\"@id\":\"https:\/\/pro-mauritius.com\/home\/#website\",\"url\":\"https:\/\/pro-mauritius.com\/home\/\",\"name\":\"Pro Mauritius\",\"description\":\"One-stop Consulting for companies, entrepreneurs and expats relocating to Mauritius\",\"potentialAction\":[{\"@type\":\"SearchAction\",\"target\":{\"@type\":\"EntryPoint\",\"urlTemplate\":\"https:\/\/pro-mauritius.com\/home\/?s={search_term_string}\"},\"query-input\":\"required name=search_term_string\"}],\"inLanguage\":\"en-US\"},{\"@type\":\"WebPage\",\"@id\":\"https:\/\/pro-mauritius.com\/home\/leben\/geschichte\/#webpage\",\"url\":\"https:\/\/pro-mauritius.com\/home\/leben\/geschichte\/\",\"name\":\"Die Geschichte von Mauritius im \\u00dcberblick - Pro Mauritius\",\"isPartOf\":{\"@id\":\"https:\/\/pro-mauritius.com\/home\/#website\"},\"datePublished\":\"2019-01-14T14:41:31+00:00\",\"dateModified\":\"2019-11-22T13:39:31+00:00\",\"description\":\"Die Geschichte von Mauritius: Von fr\\u00fchen Erkundungen zur ersten Besiedlung, und von der Kolonialzeit zur Unabh\\u00e4ngigkeit\",\"breadcrumb\":{\"@id\":\"https:\/\/pro-mauritius.com\/home\/leben\/geschichte\/#breadcrumb\"},\"inLanguage\":\"en-US\",\"potentialAction\":[{\"@type\":\"ReadAction\",\"target\":[\"https:\/\/pro-mauritius.com\/home\/leben\/geschichte\/\"]}]},{\"@type\":\"BreadcrumbList\",\"@id\":\"https:\/\/pro-mauritius.com\/home\/leben\/geschichte\/#breadcrumb\",\"itemListElement\":[{\"@type\":\"ListItem\",\"position\":1,\"name\":\"Home\",\"item\":\"https:\/\/pro-mauritius.com\/home\/\"},{\"@type\":\"ListItem\",\"position\":2,\"name\":\"Leben\",\"item\":\"https:\/\/pro-mauritius.com\/home\/leben\/\"},{\"@type\":\"ListItem\",\"position\":3,\"name\":\"Geschichte\"}]}]}<\/script>\n<!-- \/ Yoast SEO plugin. -->","yoast_head_json":{"title":"Die Geschichte von Mauritius im \u00dcberblick - Pro Mauritius","description":"Die Geschichte von Mauritius: Von fr\u00fchen Erkundungen zur ersten Besiedlung, und von der Kolonialzeit zur Unabh\u00e4ngigkeit","robots":{"index":"index","follow":"follow","max-snippet":"max-snippet:-1","max-image-preview":"max-image-preview:large","max-video-preview":"max-video-preview:-1"},"canonical":"https:\/\/pro-mauritius.com\/home\/leben\/geschichte\/","og_locale":"en_US","og_type":"article","og_title":"Die Geschichte von Mauritius im \u00dcberblick - Pro Mauritius","og_description":"Die Geschichte von Mauritius: Von fr\u00fchen Erkundungen zur ersten Besiedlung, und von der Kolonialzeit zur Unabh\u00e4ngigkeit","og_url":"https:\/\/pro-mauritius.com\/home\/leben\/geschichte\/","og_site_name":"Pro Mauritius","article_modified_time":"2019-11-22T13:39:31+00:00","twitter_card":"summary_large_image","twitter_misc":{"Est. reading time":"5 minutes"},"schema":{"@context":"https:\/\/schema.org","@graph":[{"@type":"WebSite","@id":"https:\/\/pro-mauritius.com\/home\/#website","url":"https:\/\/pro-mauritius.com\/home\/","name":"Pro Mauritius","description":"One-stop Consulting for companies, entrepreneurs and expats relocating to Mauritius","potentialAction":[{"@type":"SearchAction","target":{"@type":"EntryPoint","urlTemplate":"https:\/\/pro-mauritius.com\/home\/?s={search_term_string}"},"query-input":"required name=search_term_string"}],"inLanguage":"en-US"},{"@type":"WebPage","@id":"https:\/\/pro-mauritius.com\/home\/leben\/geschichte\/#webpage","url":"https:\/\/pro-mauritius.com\/home\/leben\/geschichte\/","name":"Die Geschichte von Mauritius im \u00dcberblick - Pro Mauritius","isPartOf":{"@id":"https:\/\/pro-mauritius.com\/home\/#website"},"datePublished":"2019-01-14T14:41:31+00:00","dateModified":"2019-11-22T13:39:31+00:00","description":"Die Geschichte von Mauritius: Von fr\u00fchen Erkundungen zur ersten Besiedlung, und von der Kolonialzeit zur Unabh\u00e4ngigkeit","breadcrumb":{"@id":"https:\/\/pro-mauritius.com\/home\/leben\/geschichte\/#breadcrumb"},"inLanguage":"en-US","potentialAction":[{"@type":"ReadAction","target":["https:\/\/pro-mauritius.com\/home\/leben\/geschichte\/"]}]},{"@type":"BreadcrumbList","@id":"https:\/\/pro-mauritius.com\/home\/leben\/geschichte\/#breadcrumb","itemListElement":[{"@type":"ListItem","position":1,"name":"Home","item":"https:\/\/pro-mauritius.com\/home\/"},{"@type":"ListItem","position":2,"name":"Leben","item":"https:\/\/pro-mauritius.com\/home\/leben\/"},{"@type":"ListItem","position":3,"name":"Geschichte"}]}]}},"_links":{"self":[{"href":"https:\/\/pro-mauritius.com\/home\/wp-json\/wp\/v2\/pages\/1477"}],"collection":[{"href":"https:\/\/pro-mauritius.com\/home\/wp-json\/wp\/v2\/pages"}],"about":[{"href":"https:\/\/pro-mauritius.com\/home\/wp-json\/wp\/v2\/types\/page"}],"author":[{"embeddable":true,"href":"https:\/\/pro-mauritius.com\/home\/wp-json\/wp\/v2\/users\/1"}],"replies":[{"embeddable":true,"href":"https:\/\/pro-mauritius.com\/home\/wp-json\/wp\/v2\/comments?post=1477"}],"version-history":[{"count":5,"href":"https:\/\/pro-mauritius.com\/home\/wp-json\/wp\/v2\/pages\/1477\/revisions"}],"predecessor-version":[{"id":1986,"href":"https:\/\/pro-mauritius.com\/home\/wp-json\/wp\/v2\/pages\/1477\/revisions\/1986"}],"up":[{"embeddable":true,"href":"https:\/\/pro-mauritius.com\/home\/wp-json\/wp\/v2\/pages\/1431"}],"wp:attachment":[{"href":"https:\/\/pro-mauritius.com\/home\/wp-json\/wp\/v2\/media?parent=1477"}],"curies":[{"name":"wp","href":"https:\/\/api.w.org\/{rel}","templated":true}]}}