{"id":1473,"date":"2019-01-14T18:38:56","date_gmt":"2019-01-14T14:38:56","guid":{"rendered":"https:\/\/pro-mauritius.com\/?page_id=1473"},"modified":"2020-01-29T07:27:16","modified_gmt":"2020-01-29T03:27:16","slug":"geografie","status":"publish","type":"page","link":"https:\/\/pro-mauritius.com\/home\/leben\/geografie\/","title":{"rendered":"Geografie"},"content":{"rendered":"<p>[et_pb_section fb_built=&#8221;1&#8243; admin_label=&#8221;FAQ&#8221; _builder_version=&#8221;3.22&#8243; custom_padding=&#8221;8px|0px|0|0px|false|false&#8221;][et_pb_row use_custom_gutter=&#8221;on&#8221; gutter_width=&#8221;4&#8243; custom_padding=&#8221;0|0px|3px|0px|false|false&#8221; _builder_version=&#8221;3.25&#8243; animation_style=&#8221;fade&#8221; locked=&#8221;off&#8221;][et_pb_column type=&#8221;4_4&#8243; _builder_version=&#8221;3.25&#8243; custom_padding=&#8221;|||&#8221; custom_padding__hover=&#8221;|||&#8221;][et_pb_text _builder_version=&#8221;3.26.3&#8243; text_font=&#8221;||||||||&#8221; header_font=&#8221;|700|||||||&#8221; header_font_size=&#8221;38px&#8221; header_line_height=&#8221;1.3em&#8221; header_2_font=&#8221;Times New Roman|700|||||||&#8221; header_2_font_size=&#8221;38px&#8221; header_2_letter_spacing=&#8221;1px&#8221; header_2_line_height=&#8221;1.4em&#8221; header_3_font=&#8221;Verdana|700||on|||||&#8221; header_3_text_color=&#8221;#edbb5f&#8221; header_3_font_size=&#8221;14px&#8221; header_3_letter_spacing=&#8221;1px&#8221; header_3_line_height=&#8221;2em&#8221; header_4_font=&#8221;||||||||&#8221; header_5_font=&#8221;||||||||&#8221; header_6_font=&#8221;||||||||&#8221; text_orientation=&#8221;center&#8221; max_width=&#8221;1080px&#8221; module_alignment=&#8221;center&#8221; custom_margin=&#8221;20px||2px||false|false&#8221; custom_padding=&#8221;0px||0px|&#8221;]<\/p>\n<h1>\u00a0Die Geographie von Mauritius<\/h1>\n<p>&nbsp;<\/p>\n<p>[\/et_pb_text][et_pb_divider color=&#8221;#edbb5f&#8221; divider_weight=&#8221;2px&#8221; _builder_version=&#8221;3.15&#8243; max_width=&#8221;60px&#8221; module_alignment=&#8221;center&#8221; height=&#8221;2px&#8221; custom_margin=&#8221;0px|||&#8221; custom_padding=&#8221;1px|||&#8221;][\/et_pb_divider][\/et_pb_column][\/et_pb_row][et_pb_row column_structure=&#8221;3_5,2_5&#8243; use_custom_gutter=&#8221;on&#8221; gutter_width=&#8221;2&#8243; custom_padding=&#8221;|0px|0|0px|false|false&#8221; _builder_version=&#8221;3.25&#8243; animation_style=&#8221;fade&#8221; locked=&#8221;off&#8221;][et_pb_column type=&#8221;3_5&#8243; _builder_version=&#8221;3.25&#8243; custom_padding=&#8221;|||&#8221; custom_padding__hover=&#8221;|||&#8221;][et_pb_image src=&#8221;https:\/\/pro-mauritius.com\/wp-content\/uploads\/2018\/12\/map_1.jpg&#8221; show_bottom_space=&#8221;off&#8221; align_tablet=&#8221;center&#8221; align_last_edited=&#8221;on|desktop&#8221; _builder_version=&#8221;3.23&#8243; custom_margin=&#8221;0px|||&#8221;][\/et_pb_image][et_pb_text _builder_version=&#8221;3.26.3&#8243;]<\/p>\n<p>Karte von Mauritius (Quelle: <a href=\"https:\/\/www.lib.utexas.edu\/maps\/islands_oceans_poles\/mauritius_rel90.jpg\">University of Texas<\/a>)<\/p>\n<p>[\/et_pb_text][\/et_pb_column][et_pb_column type=&#8221;2_5&#8243; _builder_version=&#8221;3.25&#8243; custom_padding=&#8221;|||&#8221; custom_padding__hover=&#8221;|||&#8221;][et_pb_text _builder_version=&#8221;3.26.3&#8243; text_font=&#8221;||||||||&#8221; text_font_size=&#8221;16px&#8221; ul_font=&#8221;||||||||&#8221; ul_line_height=&#8221;1.5em&#8221; ol_font=&#8221;||||||||&#8221; ol_line_height=&#8221;1.5em&#8221;]<\/p>\n<p>Die <strong>Republik Mauritius<\/strong> ist eine Inselnation im indischen Ozean. Die Hauptinsel Mauritius liegt etwa 2000 km \u00f6stlich der S\u00fcdostk\u00fcste des afrikanischen Kontinents, bzw. 800 km \u00f6stlich von Madagaskar. Die Hauptstadt und gr\u00f6\u00dfte Stadt Port Louis liegt auf der Hauptinsel.<\/p>\n<p>S\u00fcdlich von Port Louis erstreckt sich eine Linie von St\u00e4dten von Beau Bassin \u00fcber Rose Hill und Vacoas-Phoenix bis nach Curepipe. Mehr als 80 % aller wirtschaftlichen Aktivit\u00e4ten finden in diesem schmalen Streifen statt.<\/p>\n<p>Plaisance International Airport, der internationale Flughafen, liegt im S\u00fcdosten der Insel. Er ist mit Port Louis durch eine zweispurige Autobahn verbunden, wie weiterf\u00fchrt nach Grand Baie ganz im Norden der Insel. Diese Autobahn ist allerdings mit europ\u00e4ischen Autobahnen nicht zu vergleichen: auf den meisten Streckenabschnitten gibt es alle 2-5 km einen Kreisverkehr.<\/p>\n<p>Das Finanzzentrum liegt in Ebene, einer neu errichteten Gesch\u00e4ftsstadt, die an strategisch g\u00fcnstiger Stelle zwischen Rose Hill und Moka liegt.<\/p>\n<p>Der gr\u00f6\u00dfte Teil der K\u00fcstenlinie ist von Korallenriffen umgeben. Die gesch\u00fctzten Lagunen haben seichtes Wasser und sind praktisch komplett frei von Haien. Die letzte nicht provozierte Konfrontation zwischen Mensch und Hai fand in den achtziger Jahren statt.<\/p>\n<p>Dies steht in starkem Kontrast zur Nachbarinsel La R\u00e9union, wo inzwischen an den meisten Str\u00e4nden das Schwimmen und Surfen wegen h\u00e4ufiger Haiattacken verboten wurde. Die geologisch j\u00fcngere Nachbarinsel erhebt sich viel steiler vom Ozeanboden als Mauritius, was offensichtlich Haie anzieht.<span><br \/> <\/span><\/p>\n<p>[\/et_pb_text][\/et_pb_column][\/et_pb_row][et_pb_row column_structure=&#8221;3_5,2_5&#8243; use_custom_gutter=&#8221;on&#8221; gutter_width=&#8221;2&#8243; custom_padding=&#8221;32px|0px||0px|false|false&#8221; _builder_version=&#8221;3.25&#8243; animation_style=&#8221;fade&#8221; locked=&#8221;off&#8221;][et_pb_column type=&#8221;3_5&#8243; _builder_version=&#8221;3.25&#8243; custom_padding=&#8221;|||&#8221; custom_padding__hover=&#8221;|||&#8221;][et_pb_text _builder_version=&#8221;3.26.3&#8243; text_font=&#8221;||||||||&#8221; text_font_size=&#8221;16px&#8221; ul_font=&#8221;||||||||&#8221; ul_line_height=&#8221;1.5em&#8221; ol_font=&#8221;||||||||&#8221; ol_line_height=&#8221;1.5em&#8221;]<\/p>\n<p>Die <strong>Inselgruppe der Maskarenen<\/strong> ist vulkanischen Ursprungs und besteht aus Rodrigues, Mauritius und La R\u00e9union. Die Inseln wurden durch den R\u00e9union Hotspot geformt und sind geologisch extrem jung. Das \u00e4lteste Felsgestein in Mauritius ist nur ungef\u00e4hr 10 Millionen Jahre alt. Die anderen beiden Inseln sind erst vor 2 Millionen Jahren entstanden.<\/p>\n<p>In <strong>Mauritius<\/strong> gibt es keinen aktiven Vulkanismus mehr. Die Berge mit h\u00f6chsten Erhebungen um ca. 820 m \u00fcber dem Meeresspiegel sind \u00dcberbleibsel einer kollabierten Caldera. Trou aux Cerfs, die h\u00f6chste Erhebung in Curepipe, ist ein erloschener Vulkan.<\/p>\n<p><strong>Rodrigues<\/strong> liegt etwa 560 km westlich von Mauritius. Die kleine Insel geh\u00f6rt politisch zur Republik Mauritius, ebenso wie der Archipel von <strong>St. Brandon<\/strong> (auch Cargados Carajos Shoals genannt; 400 km nord\u00f6stlich von Mauritius) und <strong>Agalega Islands<\/strong> (etwa 1000 km n\u00f6rdlich von Mauritius). Mauritius verf\u00fcgt \u00fcber eine sehr ausgediente exklusive Wirtschaftszone (Exclusive Economic Zone) um diese Inseln bzw. Inselgruppe.<\/p>\n<p><strong>La R\u00e9union<\/strong>, etwa 175 km s\u00fcdwestlich von Mauritius, ist j\u00fcnger. Die Insel ist etwa 20 Prozent gr\u00f6\u00dfer als Mauritius und sehr gebirgig mit Erhebungen von \u00fcber 3000 m. Es gibt zwei Vulkane, einer davon (Piton des Neiges) ist schlafend und der andere (Piton de la Fournaise) aktiv. Der letztgenannte ist einer der aktivsten Vulkane weltweit, zuletzt ausgebrochen im August 2015.<\/p>\n<p>Mauritius bem\u00fcht sich um staatliche Souver\u00e4nit\u00e4t \u00fcber den <strong>Chagos Archipel<\/strong>, der etwa 2200 km nord\u00f6stlich der Hauptinsel Mauritius liegt. Der Archipel geh\u00f6rt derzeit zu dem Britischen Territorium im Indischen Ozean, wobei die Hauptinsel, Diego Garcia, an die USA verpachtet ist, die dort nach 1971 einen gro\u00dfen Marine- und Milit\u00e4rst\u00fctzpunkt errichteten.<\/p>\n<p>[\/et_pb_text][\/et_pb_column][et_pb_column type=&#8221;2_5&#8243; _builder_version=&#8221;3.25&#8243; custom_padding=&#8221;|||&#8221; custom_padding__hover=&#8221;|||&#8221;][et_pb_image src=&#8221;https:\/\/pro-mauritius.com\/wp-content\/uploads\/2018\/12\/geography_1.jpg&#8221; alt=&#8221;\u00dcberbleibsel einer ehemaligen Caldera im S\u00fcdosten von Mauritius&#8221; show_bottom_space=&#8221;off&#8221; align_tablet=&#8221;center&#8221; align_last_edited=&#8221;on|desktop&#8221; _builder_version=&#8221;3.26.3&#8243; custom_margin=&#8221;0px|||&#8221;][\/et_pb_image][et_pb_text _builder_version=&#8221;3.15&#8243;]<\/p>\n<p>Mauritius: Low-altitude mountains as remnants of a former caldera<\/p>\n<p>[\/et_pb_text][et_pb_image src=&#8221;https:\/\/pro-mauritius.com\/wp-content\/uploads\/2018\/12\/reunion.jpg&#8221; alt=&#8221;Luftbild vom Piton des Neiges, La R\u00e9union&#8221; show_bottom_space=&#8221;off&#8221; align_tablet=&#8221;center&#8221; align_last_edited=&#8221;on|desktop&#8221; _builder_version=&#8221;3.26.3&#8243;][\/et_pb_image][et_pb_text _builder_version=&#8221;3.15&#8243;]<\/p>\n<p>La R\u00e9union: Piton des Neiges (3070 m) im Mittelpunkt von drei &#8220;Cirques&#8221;<\/p>\n<p>[\/et_pb_text][\/et_pb_column][\/et_pb_row][et_pb_row custom_padding=&#8221;13px|0px|0|0px|false|false&#8221; _builder_version=&#8221;3.25&#8243;][et_pb_column type=&#8221;4_4&#8243; _builder_version=&#8221;3.25&#8243; custom_padding=&#8221;|||&#8221; custom_padding__hover=&#8221;|||&#8221;][et_pb_divider _builder_version=&#8221;3.15&#8243;][\/et_pb_divider][\/et_pb_column][\/et_pb_row][\/et_pb_section]<\/p>\n","protected":false},"excerpt":{"rendered":"<p>\u00a0Die Geographie von Mauritius &nbsp;Karte von Mauritius (Quelle: University of Texas)Die Republik Mauritius ist eine Inselnation im indischen Ozean. Die Hauptinsel Mauritius liegt etwa 2000 km \u00f6stlich der S\u00fcdostk\u00fcste des afrikanischen Kontinents, bzw. 800 km \u00f6stlich von Madagaskar. Die Hauptstadt und gr\u00f6\u00dfte Stadt Port Louis liegt auf der Hauptinsel. S\u00fcdlich von Port Louis erstreckt sich [&hellip;]<\/p>\n","protected":false},"author":1,"featured_media":0,"parent":1431,"menu_order":0,"comment_status":"closed","ping_status":"closed","template":"","meta":{"_et_pb_use_builder":"on","_et_pb_old_content":"","_et_gb_content_width":""},"yoast_head":"<!-- This site is optimized with the Yoast SEO plugin v17.9 - https:\/\/yoast.com\/wordpress\/plugins\/seo\/ -->\n<title>Die Geografie von Mauritius und den Maskarenen - Pro Mauritius<\/title>\n<meta name=\"description\" content=\"Die Geografie von Mauritius: Berge und Meer, Korallenb\u00e4nke und Lagunen, Palmenstr\u00e4nde und Schluchten, Golfpl\u00e4tze und Zuckerrohrplantagen\" \/>\n<meta name=\"robots\" content=\"index, follow, max-snippet:-1, max-image-preview:large, max-video-preview:-1\" \/>\n<link rel=\"canonical\" href=\"https:\/\/pro-mauritius.com\/home\/leben\/geografie\/\" \/>\n<meta property=\"og:locale\" content=\"en_US\" \/>\n<meta property=\"og:type\" content=\"article\" \/>\n<meta property=\"og:title\" content=\"Die Geografie von Mauritius und den Maskarenen - Pro Mauritius\" \/>\n<meta property=\"og:description\" content=\"Die Geografie von Mauritius: Berge und Meer, Korallenb\u00e4nke und Lagunen, Palmenstr\u00e4nde und Schluchten, Golfpl\u00e4tze und Zuckerrohrplantagen\" \/>\n<meta property=\"og:url\" content=\"https:\/\/pro-mauritius.com\/home\/leben\/geografie\/\" \/>\n<meta property=\"og:site_name\" content=\"Pro Mauritius\" \/>\n<meta property=\"article:modified_time\" content=\"2020-01-29T03:27:16+00:00\" \/>\n<meta name=\"twitter:card\" content=\"summary_large_image\" \/>\n<meta name=\"twitter:label1\" content=\"Est. reading time\" \/>\n\t<meta name=\"twitter:data1\" content=\"5 minutes\" \/>\n<script type=\"application\/ld+json\" class=\"yoast-schema-graph\">{\"@context\":\"https:\/\/schema.org\",\"@graph\":[{\"@type\":\"WebSite\",\"@id\":\"https:\/\/pro-mauritius.com\/home\/#website\",\"url\":\"https:\/\/pro-mauritius.com\/home\/\",\"name\":\"Pro Mauritius\",\"description\":\"One-stop Consulting for companies, entrepreneurs and expats relocating to Mauritius\",\"potentialAction\":[{\"@type\":\"SearchAction\",\"target\":{\"@type\":\"EntryPoint\",\"urlTemplate\":\"https:\/\/pro-mauritius.com\/home\/?s={search_term_string}\"},\"query-input\":\"required name=search_term_string\"}],\"inLanguage\":\"en-US\"},{\"@type\":\"WebPage\",\"@id\":\"https:\/\/pro-mauritius.com\/home\/leben\/geografie\/#webpage\",\"url\":\"https:\/\/pro-mauritius.com\/home\/leben\/geografie\/\",\"name\":\"Die Geografie von Mauritius und den Maskarenen - Pro Mauritius\",\"isPartOf\":{\"@id\":\"https:\/\/pro-mauritius.com\/home\/#website\"},\"datePublished\":\"2019-01-14T14:38:56+00:00\",\"dateModified\":\"2020-01-29T03:27:16+00:00\",\"description\":\"Die Geografie von Mauritius: Berge und Meer, Korallenb\\u00e4nke und Lagunen, Palmenstr\\u00e4nde und Schluchten, Golfpl\\u00e4tze und Zuckerrohrplantagen\",\"breadcrumb\":{\"@id\":\"https:\/\/pro-mauritius.com\/home\/leben\/geografie\/#breadcrumb\"},\"inLanguage\":\"en-US\",\"potentialAction\":[{\"@type\":\"ReadAction\",\"target\":[\"https:\/\/pro-mauritius.com\/home\/leben\/geografie\/\"]}]},{\"@type\":\"BreadcrumbList\",\"@id\":\"https:\/\/pro-mauritius.com\/home\/leben\/geografie\/#breadcrumb\",\"itemListElement\":[{\"@type\":\"ListItem\",\"position\":1,\"name\":\"Home\",\"item\":\"https:\/\/pro-mauritius.com\/home\/\"},{\"@type\":\"ListItem\",\"position\":2,\"name\":\"Leben\",\"item\":\"https:\/\/pro-mauritius.com\/home\/leben\/\"},{\"@type\":\"ListItem\",\"position\":3,\"name\":\"Geografie\"}]}]}<\/script>\n<!-- \/ Yoast SEO plugin. -->","yoast_head_json":{"title":"Die Geografie von Mauritius und den Maskarenen - Pro Mauritius","description":"Die Geografie von Mauritius: Berge und Meer, Korallenb\u00e4nke und Lagunen, Palmenstr\u00e4nde und Schluchten, Golfpl\u00e4tze und Zuckerrohrplantagen","robots":{"index":"index","follow":"follow","max-snippet":"max-snippet:-1","max-image-preview":"max-image-preview:large","max-video-preview":"max-video-preview:-1"},"canonical":"https:\/\/pro-mauritius.com\/home\/leben\/geografie\/","og_locale":"en_US","og_type":"article","og_title":"Die Geografie von Mauritius und den Maskarenen - Pro Mauritius","og_description":"Die Geografie von Mauritius: Berge und Meer, Korallenb\u00e4nke und Lagunen, Palmenstr\u00e4nde und Schluchten, Golfpl\u00e4tze und Zuckerrohrplantagen","og_url":"https:\/\/pro-mauritius.com\/home\/leben\/geografie\/","og_site_name":"Pro Mauritius","article_modified_time":"2020-01-29T03:27:16+00:00","twitter_card":"summary_large_image","twitter_misc":{"Est. reading time":"5 minutes"},"schema":{"@context":"https:\/\/schema.org","@graph":[{"@type":"WebSite","@id":"https:\/\/pro-mauritius.com\/home\/#website","url":"https:\/\/pro-mauritius.com\/home\/","name":"Pro Mauritius","description":"One-stop Consulting for companies, entrepreneurs and expats relocating to Mauritius","potentialAction":[{"@type":"SearchAction","target":{"@type":"EntryPoint","urlTemplate":"https:\/\/pro-mauritius.com\/home\/?s={search_term_string}"},"query-input":"required name=search_term_string"}],"inLanguage":"en-US"},{"@type":"WebPage","@id":"https:\/\/pro-mauritius.com\/home\/leben\/geografie\/#webpage","url":"https:\/\/pro-mauritius.com\/home\/leben\/geografie\/","name":"Die Geografie von Mauritius und den Maskarenen - Pro Mauritius","isPartOf":{"@id":"https:\/\/pro-mauritius.com\/home\/#website"},"datePublished":"2019-01-14T14:38:56+00:00","dateModified":"2020-01-29T03:27:16+00:00","description":"Die Geografie von Mauritius: Berge und Meer, Korallenb\u00e4nke und Lagunen, Palmenstr\u00e4nde und Schluchten, Golfpl\u00e4tze und Zuckerrohrplantagen","breadcrumb":{"@id":"https:\/\/pro-mauritius.com\/home\/leben\/geografie\/#breadcrumb"},"inLanguage":"en-US","potentialAction":[{"@type":"ReadAction","target":["https:\/\/pro-mauritius.com\/home\/leben\/geografie\/"]}]},{"@type":"BreadcrumbList","@id":"https:\/\/pro-mauritius.com\/home\/leben\/geografie\/#breadcrumb","itemListElement":[{"@type":"ListItem","position":1,"name":"Home","item":"https:\/\/pro-mauritius.com\/home\/"},{"@type":"ListItem","position":2,"name":"Leben","item":"https:\/\/pro-mauritius.com\/home\/leben\/"},{"@type":"ListItem","position":3,"name":"Geografie"}]}]}},"_links":{"self":[{"href":"https:\/\/pro-mauritius.com\/home\/wp-json\/wp\/v2\/pages\/1473"}],"collection":[{"href":"https:\/\/pro-mauritius.com\/home\/wp-json\/wp\/v2\/pages"}],"about":[{"href":"https:\/\/pro-mauritius.com\/home\/wp-json\/wp\/v2\/types\/page"}],"author":[{"embeddable":true,"href":"https:\/\/pro-mauritius.com\/home\/wp-json\/wp\/v2\/users\/1"}],"replies":[{"embeddable":true,"href":"https:\/\/pro-mauritius.com\/home\/wp-json\/wp\/v2\/comments?post=1473"}],"version-history":[{"count":5,"href":"https:\/\/pro-mauritius.com\/home\/wp-json\/wp\/v2\/pages\/1473\/revisions"}],"predecessor-version":[{"id":2243,"href":"https:\/\/pro-mauritius.com\/home\/wp-json\/wp\/v2\/pages\/1473\/revisions\/2243"}],"up":[{"embeddable":true,"href":"https:\/\/pro-mauritius.com\/home\/wp-json\/wp\/v2\/pages\/1431"}],"wp:attachment":[{"href":"https:\/\/pro-mauritius.com\/home\/wp-json\/wp\/v2\/media?parent=1473"}],"curies":[{"name":"wp","href":"https:\/\/api.w.org\/{rel}","templated":true}]}}