{"id":1434,"date":"2019-01-14T16:38:38","date_gmt":"2019-01-14T12:38:38","guid":{"rendered":"https:\/\/pro-mauritius.com\/?page_id=1434"},"modified":"2023-06-06T18:01:16","modified_gmt":"2023-06-06T14:01:16","slug":"klima","status":"publish","type":"page","link":"https:\/\/pro-mauritius.com\/home\/leben\/klima\/","title":{"rendered":"Klima"},"content":{"rendered":"<p>[et_pb_section fb_built=&#8221;1&#8243; admin_label=&#8221;FAQ&#8221; _builder_version=&#8221;4.16&#8243; custom_padding=&#8221;30px|0px|0|0px|false|false&#8221; global_colors_info=&#8221;{}&#8221;][et_pb_row use_custom_gutter=&#8221;on&#8221; gutter_width=&#8221;4&#8243; _builder_version=&#8221;4.16&#8243; custom_padding=&#8221;0|0px|13px|0px|false|false&#8221; animation_style=&#8221;fade&#8221; locked=&#8221;off&#8221; global_colors_info=&#8221;{}&#8221;][et_pb_column type=&#8221;4_4&#8243; _builder_version=&#8221;4.16&#8243; custom_padding=&#8221;|||&#8221; global_colors_info=&#8221;{}&#8221; custom_padding__hover=&#8221;|||&#8221;][et_pb_text _builder_version=&#8221;4.16&#8243; text_font=&#8221;||||||||&#8221; header_font=&#8221;|700|||||||&#8221; header_font_size=&#8221;38px&#8221; header_line_height=&#8221;1.3em&#8221; header_2_font=&#8221;Times New Roman|600|||||||&#8221; header_2_font_size=&#8221;30px&#8221; header_2_letter_spacing=&#8221;1px&#8221; header_2_line_height=&#8221;1.3em&#8221; header_3_font=&#8221;Verdana|700||on|||||&#8221; header_3_text_color=&#8221;#edbb5f&#8221; header_3_font_size=&#8221;14px&#8221; header_3_letter_spacing=&#8221;1px&#8221; header_3_line_height=&#8221;2em&#8221; header_4_font=&#8221;||||||||&#8221; header_5_font=&#8221;||||||||&#8221; header_6_font=&#8221;||||||||&#8221; text_orientation=&#8221;center&#8221; max_width=&#8221;1080px&#8221; module_alignment=&#8221;center&#8221; custom_margin=&#8221;0px||10px||false|false&#8221; custom_padding=&#8221;0px||0px|&#8221; global_colors_info=&#8221;{}&#8221;]<\/p>\n<h1>Wie f\u00fchlt es sich an im Paradies?<\/h1>\n<h2>Klima und Wetter in Mauritius<\/h2>\n<p>[\/et_pb_text][et_pb_divider color=&#8221;#edbb5f&#8221; divider_weight=&#8221;2px&#8221; _builder_version=&#8221;4.16&#8243; max_width=&#8221;60px&#8221; module_alignment=&#8221;center&#8221; height=&#8221;2px&#8221; custom_margin=&#8221;0px|||&#8221; custom_padding=&#8221;1px|||&#8221; global_colors_info=&#8221;{}&#8221;][\/et_pb_divider][\/et_pb_column][\/et_pb_row][et_pb_row column_structure=&#8221;2_5,3_5&#8243; _builder_version=&#8221;4.19.5&#8243; _module_preset=&#8221;default&#8221; global_colors_info=&#8221;{}&#8221; theme_builder_area=&#8221;post_content&#8221;][et_pb_column type=&#8221;2_5&#8243; _builder_version=&#8221;4.19.5&#8243; _module_preset=&#8221;default&#8221; global_colors_info=&#8221;{}&#8221; theme_builder_area=&#8221;post_content&#8221;][et_pb_text _builder_version=&#8221;4.19.5&#8243; _module_preset=&#8221;default&#8221; global_colors_info=&#8221;{}&#8221; theme_builder_area=&#8221;post_content&#8221;]<\/p>\n<p>In diesem Video sind die wichtigsten Punkte zusammengefasst.<\/p>\n<p>[\/et_pb_text][\/et_pb_column][et_pb_column type=&#8221;3_5&#8243; _builder_version=&#8221;4.19.5&#8243; _module_preset=&#8221;default&#8221; global_colors_info=&#8221;{}&#8221; theme_builder_area=&#8221;post_content&#8221;][et_pb_video src=&#8221;https:\/\/youtu.be\/o4DU-14qoDA&#8221; image_src=&#8221;https:\/\/pro-mauritius.com\/wp-content\/uploads\/2023\/06\/Klima-Thumbnail.jpg&#8221; _builder_version=&#8221;4.19.5&#8243; _module_preset=&#8221;default&#8221; hover_enabled=&#8221;0&#8243; global_colors_info=&#8221;{}&#8221; theme_builder_area=&#8221;post_content&#8221; title_text=&#8221;Klima Thumbnail&#8221; sticky_enabled=&#8221;0&#8243;][\/et_pb_video][\/et_pb_column][\/et_pb_row][et_pb_row _builder_version=&#8221;4.16&#8243; custom_padding=&#8221;13px|0px|0|0px|false|false&#8221; global_colors_info=&#8221;{}&#8221;][et_pb_column type=&#8221;4_4&#8243; _builder_version=&#8221;4.16&#8243; custom_padding=&#8221;|||&#8221; global_colors_info=&#8221;{}&#8221; custom_padding__hover=&#8221;|||&#8221;][et_pb_divider _builder_version=&#8221;4.16&#8243; global_colors_info=&#8221;{}&#8221;][\/et_pb_divider][\/et_pb_column][\/et_pb_row][et_pb_row column_structure=&#8221;2_5,3_5&#8243; _builder_version=&#8221;4.16&#8243; global_colors_info=&#8221;{}&#8221;][et_pb_column type=&#8221;2_5&#8243; _builder_version=&#8221;4.16&#8243; custom_padding=&#8221;|||&#8221; global_colors_info=&#8221;{}&#8221; custom_padding__hover=&#8221;|||&#8221;][et_pb_image src=&#8221;https:\/\/pro-mauritius.com\/wp-content\/uploads\/2018\/12\/climate.jpg&#8221; alt=&#8221;Abendstimmung an der Nordk\u00fcste von Mauritius&#8221; show_bottom_space=&#8221;off&#8221; align_tablet=&#8221;center&#8221; align_phone=&#8221;&#8221; align_last_edited=&#8221;on|desktop&#8221; _builder_version=&#8221;4.16&#8243; global_colors_info=&#8221;{}&#8221;][\/et_pb_image][et_pb_text _builder_version=&#8221;4.16&#8243; global_colors_info=&#8221;{}&#8221;]<\/p>\n<p>Typische Nachmittagswolken an der Nordk\u00fcste<\/p>\n<p>[\/et_pb_text][et_pb_image src=&#8221;https:\/\/pro-mauritius.com\/wp-content\/uploads\/2018\/12\/rainbow.jpg&#8221; alt=&#8221;Voller Regenbogen \u00fcber Floreal, Mauritius&#8221; show_bottom_space=&#8221;off&#8221; align_tablet=&#8221;center&#8221; align_phone=&#8221;&#8221; align_last_edited=&#8221;on|desktop&#8221; _builder_version=&#8221;4.16&#8243; global_colors_info=&#8221;{}&#8221;][\/et_pb_image][et_pb_text _builder_version=&#8221;4.16&#8243; global_colors_info=&#8221;{}&#8221;]<\/p>\n<p>Regenbogen sind im Zentralplateau h\u00e4uig zu sehen<\/p>\n<p>[\/et_pb_text][et_pb_image src=&#8221;https:\/\/pro-mauritius.com\/wp-content\/uploads\/2018\/12\/dusk.jpg&#8221; alt=&#8221;Port Louis nach Sonnenuntergang&#8221; show_bottom_space=&#8221;off&#8221; align_tablet=&#8221;center&#8221; align_phone=&#8221;&#8221; align_last_edited=&#8221;on|desktop&#8221; _builder_version=&#8221;4.16&#8243; global_colors_info=&#8221;{}&#8221;][\/et_pb_image][et_pb_text _builder_version=&#8221;4.16&#8243; global_colors_info=&#8221;{}&#8221;]<\/p>\n<p>Sonnenuntergang an der Le Caudan Waterfront, Port Louis<\/p>\n<p>[\/et_pb_text][\/et_pb_column][et_pb_column type=&#8221;3_5&#8243; _builder_version=&#8221;4.16&#8243; custom_padding=&#8221;|||&#8221; global_colors_info=&#8221;{}&#8221; custom_padding__hover=&#8221;|||&#8221;][et_pb_text _builder_version=&#8221;4.16&#8243; text_font=&#8221;||||||||&#8221; ul_font=&#8221;||||||||&#8221; ul_line_height=&#8221;1.5em&#8221; ol_font=&#8221;||||||||&#8221; ol_line_height=&#8221;1.5em&#8221; header_2_font=&#8221;Times New Roman|600|||||||&#8221; header_2_font_size=&#8221;30px&#8221; global_colors_info=&#8221;{}&#8221;]<\/p>\n<p><strong>Lassen Sie uns mit dem Offensichtlichen beginnen: das Klima in Mauritius ist einfach herrlich!<\/strong><\/p>\n<p>Viel klarer Sonnenschein (ganzj\u00e4hrig 7,5 bis \u00fcber 8 h t\u00e4glich in den K\u00fcstenregionen), milde Temperaturen, und absolut keine Luftverschmutzung. Wenn es auf der n\u00f6rdlichen Hemisph\u00e4re Winter ist, ist es in Mauritius Sommer.<\/p>\n<p>Die Insel hat ganzj\u00e4hrig ein mildes tropisches Meeresklima. Mauritius kennt zwei Jahreszeiten: der warme, feuchte Sommer erstreckt sich von November bis April und der relativ k\u00fchle, trockene Winter von Juni bis September. Die Monate Oktober und Mai gelten als \u00dcbergangsmonate.<\/p>\n<p>Die Temperaturdifferenz zwischen den Jahreszeiten ist niedrig: die mittlere Sommertemperatur liegt bei 24,7 \u00b0C, und die mittlere Wintertemperatur bei 20,4 \u00b0C.<\/p>\n<p>Die w\u00e4rmsten Monate sind Januar und Februar mit durchschnittlichen Tagesh\u00f6chsttemperaturen von 29,2 \u00b0C, und die k\u00fchlsten Monate sind Juli und August mit durchschnittlichen n\u00e4chtlichen Tiefsttemperaturen von 16,4 \u00b0C.<\/p>\n<p>Extreme Tagestemperaturen k\u00f6nnen an der Westk\u00fcste 36 \u00b0C und an der Nordk\u00fcste 34 \u00b0C erreichen. Die Passatwinde, die w\u00e4hrend der meisten Zeit aus \u00f6stlichen Richtungen blasen, bringen den meisten Landesteilen eine angenehme Brise. Im Windschatten der Berge hingegen kann es unangenehm hei\u00df werden, vor allem in der Hauptstadt Port Louis und an der Westk\u00fcste.<\/p>\n<p>Die langj\u00e4hrigen mittleren Niederschl\u00e4ge liegen bei 2010 mm pro Jahr. Der Oktober ist der trockenste Monat. Obwohl es keine ausgepr\u00e4gte Regenzeit gibt, kommt es zu den meisten Regenf\u00e4llen in den Sommermonaten, wobei Februar und M\u00e4rz die niederschlagsreichsten Monate sind.<\/p>\n<p>&nbsp;<\/p>\n<h2><strong>Mikroklima<\/strong><\/h2>\n<p><strong>Mauritius hat ausgepr\u00e4gte Mikroklimas<\/strong>, die st\u00e4rker variieren als man es erwarten w\u00fcrde. Sie k\u00f6nnen innerhalb von einer halben Autostunde leicht eine andere Klimazone erreichen! Nachfolgend einige grobe Regeln, die ich von eigenen Beobachtungen und Erfahrungen abgeleitet habe:<\/p>\n<ul>\n<li>Die Tagestemperaturen an der K\u00fcste sind oftmals 5-6 \u00b0C h\u00f6her als im zentralen Bergland.<\/li>\n<li>Die Nachttemperaturen an der K\u00fcste sind 3-5 \u00b0C h\u00f6her als im zentralen Bergland.<\/li>\n<li>Die Passatwinde sind am st\u00e4rksten im Osten, im Norden und im Zentrum, und am geringsten im Westen zu sp\u00fcren.<\/li>\n<li>Die h\u00f6her gelegenen Regionen erhalten wesentlich mehr Niederschlag als das Tiefland. In der trockenen Jahreszeit hat man vielleicht einen Schauer pro Tag im zentralen Hochland, doch nur einen Schauer pro Woche im Westen und im \u00e4u\u00dfersten Norden.<\/li>\n<li>Die Luftfeuchtigkeit, die ohnehin \u00fcberall in Mauritius ziemlich hoch ist, ist umso h\u00f6her, je n\u00e4her man den Wolken kommt. Wer in der h\u00f6chstgelegenen Stadt von Mauritius, Curepipe (500-600 m \u00fcber dem Meeresspiegel), lebt, braucht in seiner Wohnung Luftentfeuchtungsanlagen im Sommer und eine Heizung im Winter. Viele H\u00e4user im Zentrum verf\u00fcgen \u00fcber keine Klimaanlage, da die Tagesh\u00f6chsttemperaturen an Orten wie Curepipe oder Flor\u00e9al praktisch nur selten \u00fcber 29 \u00b0C steigen.<\/li>\n<\/ul>\n<p>&nbsp;<\/p>\n<h2>Zyklone<\/h2>\n<p><strong><\/strong><\/p>\n<p><strong>Mauritius ist Zyklonen ausgesetzt<\/strong>, wie die tropischen Wirbelst\u00fcrme im indischen Ozean genannt werden. Statistisch wird die Insel alle f\u00fcnf Jahre voll getroffen. Die Ausl\u00e4ufer von Zyklonen, die in der N\u00e4he vorbeiziehen, f\u00fchren etwa 3-5 Mal pro Saison zu kr\u00e4ftigen Winden und sintflutartigen Regenf\u00e4llen. Die Zyklonsaison l\u00e4uft von November bis April.<\/p>\n<p>[\/et_pb_text][et_pb_button button_url=&#8221;http:\/\/metservice.intnet.mu\/index.php&#8221; button_text=&#8221;Mehr \u00fcber das Klima in Mauritius&#8221; button_alignment=&#8221;left&#8221; _builder_version=&#8221;4.16&#8243; custom_margin=&#8221;-10px|||&#8221; global_colors_info=&#8221;{}&#8221; button_text_size__hover_enabled=&#8221;off&#8221; button_one_text_size__hover_enabled=&#8221;off&#8221; button_two_text_size__hover_enabled=&#8221;off&#8221; button_text_color__hover_enabled=&#8221;off&#8221; button_one_text_color__hover_enabled=&#8221;off&#8221; button_two_text_color__hover_enabled=&#8221;off&#8221; button_border_width__hover_enabled=&#8221;off&#8221; button_one_border_width__hover_enabled=&#8221;off&#8221; button_two_border_width__hover_enabled=&#8221;off&#8221; button_border_color__hover_enabled=&#8221;off&#8221; button_one_border_color__hover_enabled=&#8221;off&#8221; button_two_border_color__hover_enabled=&#8221;off&#8221; button_border_radius__hover_enabled=&#8221;off&#8221; button_one_border_radius__hover_enabled=&#8221;off&#8221; button_two_border_radius__hover_enabled=&#8221;off&#8221; button_letter_spacing__hover_enabled=&#8221;off&#8221; button_one_letter_spacing__hover_enabled=&#8221;off&#8221; button_two_letter_spacing__hover_enabled=&#8221;off&#8221; button_bg_color__hover_enabled=&#8221;off&#8221; button_one_bg_color__hover_enabled=&#8221;off&#8221; button_two_bg_color__hover_enabled=&#8221;off&#8221;][\/et_pb_button][\/et_pb_column][\/et_pb_row][\/et_pb_section]<\/p>\n","protected":false},"excerpt":{"rendered":"<p>Wie f\u00fchlt es sich an im Paradies? Klima und Wetter in MauritiusIn diesem Video sind die wichtigsten Punkte zusammengefasst.Typische Nachmittagswolken an der Nordk\u00fcsteRegenbogen sind im Zentralplateau h\u00e4uig zu sehenSonnenuntergang an der Le Caudan Waterfront, Port LouisLassen Sie uns mit dem Offensichtlichen beginnen: das Klima in Mauritius ist einfach herrlich! Viel klarer Sonnenschein (ganzj\u00e4hrig 7,5 bis [&hellip;]<\/p>\n","protected":false},"author":1,"featured_media":0,"parent":1431,"menu_order":0,"comment_status":"closed","ping_status":"closed","template":"","meta":{"_et_pb_use_builder":"on","_et_pb_old_content":"","_et_gb_content_width":""},"yoast_head":"<!-- This site is optimized with the Yoast SEO plugin v17.9 - https:\/\/yoast.com\/wordpress\/plugins\/seo\/ -->\n<title>Das Klima in Mauritius: Eine \u00dcbersicht - Pro Mauritius<\/title>\n<meta name=\"description\" content=\"Das Klima in Mauritius hat viele Facetten: Sonnig und hei\u00df an der K\u00fcste, wolkig und k\u00fchler im Hochland: Wie lebt es sich im Paradies?\" \/>\n<meta name=\"robots\" content=\"index, follow, max-snippet:-1, max-image-preview:large, max-video-preview:-1\" \/>\n<link rel=\"canonical\" href=\"https:\/\/pro-mauritius.com\/home\/leben\/klima\/\" \/>\n<meta property=\"og:locale\" content=\"en_US\" \/>\n<meta property=\"og:type\" content=\"article\" \/>\n<meta property=\"og:title\" content=\"Das Klima in Mauritius: Eine \u00dcbersicht - Pro Mauritius\" \/>\n<meta property=\"og:description\" content=\"Das Klima in Mauritius hat viele Facetten: Sonnig und hei\u00df an der K\u00fcste, wolkig und k\u00fchler im Hochland: Wie lebt es sich im Paradies?\" \/>\n<meta property=\"og:url\" content=\"https:\/\/pro-mauritius.com\/home\/leben\/klima\/\" \/>\n<meta property=\"og:site_name\" content=\"Pro Mauritius\" \/>\n<meta property=\"article:modified_time\" content=\"2023-06-06T14:01:16+00:00\" \/>\n<meta name=\"twitter:card\" content=\"summary_large_image\" \/>\n<meta name=\"twitter:label1\" content=\"Est. reading time\" \/>\n\t<meta name=\"twitter:data1\" content=\"7 minutes\" \/>\n<script type=\"application\/ld+json\" class=\"yoast-schema-graph\">{\"@context\":\"https:\/\/schema.org\",\"@graph\":[{\"@type\":\"WebSite\",\"@id\":\"https:\/\/pro-mauritius.com\/home\/#website\",\"url\":\"https:\/\/pro-mauritius.com\/home\/\",\"name\":\"Pro Mauritius\",\"description\":\"One-stop Consulting for companies, entrepreneurs and expats relocating to Mauritius\",\"potentialAction\":[{\"@type\":\"SearchAction\",\"target\":{\"@type\":\"EntryPoint\",\"urlTemplate\":\"https:\/\/pro-mauritius.com\/home\/?s={search_term_string}\"},\"query-input\":\"required name=search_term_string\"}],\"inLanguage\":\"en-US\"},{\"@type\":\"WebPage\",\"@id\":\"https:\/\/pro-mauritius.com\/home\/leben\/klima\/#webpage\",\"url\":\"https:\/\/pro-mauritius.com\/home\/leben\/klima\/\",\"name\":\"Das Klima in Mauritius: Eine \\u00dcbersicht - Pro Mauritius\",\"isPartOf\":{\"@id\":\"https:\/\/pro-mauritius.com\/home\/#website\"},\"datePublished\":\"2019-01-14T12:38:38+00:00\",\"dateModified\":\"2023-06-06T14:01:16+00:00\",\"description\":\"Das Klima in Mauritius hat viele Facetten: Sonnig und hei\\u00df an der K\\u00fcste, wolkig und k\\u00fchler im Hochland: Wie lebt es sich im Paradies?\",\"breadcrumb\":{\"@id\":\"https:\/\/pro-mauritius.com\/home\/leben\/klima\/#breadcrumb\"},\"inLanguage\":\"en-US\",\"potentialAction\":[{\"@type\":\"ReadAction\",\"target\":[\"https:\/\/pro-mauritius.com\/home\/leben\/klima\/\"]}]},{\"@type\":\"BreadcrumbList\",\"@id\":\"https:\/\/pro-mauritius.com\/home\/leben\/klima\/#breadcrumb\",\"itemListElement\":[{\"@type\":\"ListItem\",\"position\":1,\"name\":\"Home\",\"item\":\"https:\/\/pro-mauritius.com\/home\/\"},{\"@type\":\"ListItem\",\"position\":2,\"name\":\"Leben\",\"item\":\"https:\/\/pro-mauritius.com\/home\/leben\/\"},{\"@type\":\"ListItem\",\"position\":3,\"name\":\"Klima\"}]}]}<\/script>\n<!-- \/ Yoast SEO plugin. -->","yoast_head_json":{"title":"Das Klima in Mauritius: Eine \u00dcbersicht - Pro Mauritius","description":"Das Klima in Mauritius hat viele Facetten: Sonnig und hei\u00df an der K\u00fcste, wolkig und k\u00fchler im Hochland: Wie lebt es sich im Paradies?","robots":{"index":"index","follow":"follow","max-snippet":"max-snippet:-1","max-image-preview":"max-image-preview:large","max-video-preview":"max-video-preview:-1"},"canonical":"https:\/\/pro-mauritius.com\/home\/leben\/klima\/","og_locale":"en_US","og_type":"article","og_title":"Das Klima in Mauritius: Eine \u00dcbersicht - Pro Mauritius","og_description":"Das Klima in Mauritius hat viele Facetten: Sonnig und hei\u00df an der K\u00fcste, wolkig und k\u00fchler im Hochland: Wie lebt es sich im Paradies?","og_url":"https:\/\/pro-mauritius.com\/home\/leben\/klima\/","og_site_name":"Pro Mauritius","article_modified_time":"2023-06-06T14:01:16+00:00","twitter_card":"summary_large_image","twitter_misc":{"Est. reading time":"7 minutes"},"schema":{"@context":"https:\/\/schema.org","@graph":[{"@type":"WebSite","@id":"https:\/\/pro-mauritius.com\/home\/#website","url":"https:\/\/pro-mauritius.com\/home\/","name":"Pro Mauritius","description":"One-stop Consulting for companies, entrepreneurs and expats relocating to Mauritius","potentialAction":[{"@type":"SearchAction","target":{"@type":"EntryPoint","urlTemplate":"https:\/\/pro-mauritius.com\/home\/?s={search_term_string}"},"query-input":"required name=search_term_string"}],"inLanguage":"en-US"},{"@type":"WebPage","@id":"https:\/\/pro-mauritius.com\/home\/leben\/klima\/#webpage","url":"https:\/\/pro-mauritius.com\/home\/leben\/klima\/","name":"Das Klima in Mauritius: Eine \u00dcbersicht - Pro Mauritius","isPartOf":{"@id":"https:\/\/pro-mauritius.com\/home\/#website"},"datePublished":"2019-01-14T12:38:38+00:00","dateModified":"2023-06-06T14:01:16+00:00","description":"Das Klima in Mauritius hat viele Facetten: Sonnig und hei\u00df an der K\u00fcste, wolkig und k\u00fchler im Hochland: Wie lebt es sich im Paradies?","breadcrumb":{"@id":"https:\/\/pro-mauritius.com\/home\/leben\/klima\/#breadcrumb"},"inLanguage":"en-US","potentialAction":[{"@type":"ReadAction","target":["https:\/\/pro-mauritius.com\/home\/leben\/klima\/"]}]},{"@type":"BreadcrumbList","@id":"https:\/\/pro-mauritius.com\/home\/leben\/klima\/#breadcrumb","itemListElement":[{"@type":"ListItem","position":1,"name":"Home","item":"https:\/\/pro-mauritius.com\/home\/"},{"@type":"ListItem","position":2,"name":"Leben","item":"https:\/\/pro-mauritius.com\/home\/leben\/"},{"@type":"ListItem","position":3,"name":"Klima"}]}]}},"_links":{"self":[{"href":"https:\/\/pro-mauritius.com\/home\/wp-json\/wp\/v2\/pages\/1434"}],"collection":[{"href":"https:\/\/pro-mauritius.com\/home\/wp-json\/wp\/v2\/pages"}],"about":[{"href":"https:\/\/pro-mauritius.com\/home\/wp-json\/wp\/v2\/types\/page"}],"author":[{"embeddable":true,"href":"https:\/\/pro-mauritius.com\/home\/wp-json\/wp\/v2\/users\/1"}],"replies":[{"embeddable":true,"href":"https:\/\/pro-mauritius.com\/home\/wp-json\/wp\/v2\/comments?post=1434"}],"version-history":[{"count":11,"href":"https:\/\/pro-mauritius.com\/home\/wp-json\/wp\/v2\/pages\/1434\/revisions"}],"predecessor-version":[{"id":4268,"href":"https:\/\/pro-mauritius.com\/home\/wp-json\/wp\/v2\/pages\/1434\/revisions\/4268"}],"up":[{"embeddable":true,"href":"https:\/\/pro-mauritius.com\/home\/wp-json\/wp\/v2\/pages\/1431"}],"wp:attachment":[{"href":"https:\/\/pro-mauritius.com\/home\/wp-json\/wp\/v2\/media?parent=1434"}],"curies":[{"name":"wp","href":"https:\/\/api.w.org\/{rel}","templated":true}]}}