{"id":1350,"date":"2019-01-12T17:02:21","date_gmt":"2019-01-12T13:02:21","guid":{"rendered":"https:\/\/pro-mauritius.com\/?page_id=1350"},"modified":"2021-08-13T16:32:30","modified_gmt":"2021-08-13T12:32:30","slug":"volkswirtschaft","status":"publish","type":"page","link":"https:\/\/pro-mauritius.com\/home\/mauritius\/volkswirtschaft\/","title":{"rendered":"Volkswirtschaft"},"content":{"rendered":"<p>[et_pb_section fb_built=&#8221;1&#8243; fullwidth=&#8221;on&#8221; admin_label=&#8221;Hero Section&#8221; _builder_version=&#8221;3.22&#8243;][et_pb_fullwidth_header title=&#8221;Makro\u00f6konomisches Profil&#8221; subhead=&#8221;Mauritius, eine starke Volkswirtschaft&#8221; background_overlay_color=&#8221;rgba(0,0,0,0.56)&#8221; content_max_width=&#8221;800px&#8221; _builder_version=&#8221;3.16&#8243; title_level=&#8221;h3&#8243; title_font=&#8221;Verdana|700||on|||||&#8221; title_text_color=&#8221;#edbb5f&#8221; title_font_size=&#8221;14px&#8221; title_letter_spacing=&#8221;2px&#8221; title_line_height=&#8221;1.4em&#8221; content_font=&#8221;Verdana|600|||||||&#8221; content_font_size=&#8221;16px&#8221; content_line_height=&#8221;2em&#8221; subhead_font=&#8221;Times New Roman|700||on|||||&#8221; subhead_font_size=&#8221;48px&#8221; subhead_letter_spacing=&#8221;3px&#8221; subhead_line_height=&#8221;1.4em&#8221; background_color=&#8221;rgba(255,255,255,0)&#8221; background_image=&#8221;https:\/\/pro-mauritius.com\/wp-content\/uploads\/2018\/12\/caudan-3.jpg&#8221; custom_button_one=&#8221;on&#8221; button_one_border_width=&#8221;1px&#8221; button_one_border_color=&#8221;rgba(255,255,255,0.3)&#8221; button_one_border_radius=&#8221;0px&#8221; button_one_letter_spacing=&#8221;1px&#8221; button_one_font=&#8221;Saira Extra Condensed|600||on|||||&#8221; button_one_icon=&#8221;%%3%%&#8221; button_one_icon_color=&#8221;#edbb5f&#8221; custom_button_two=&#8221;on&#8221; button_two_border_width=&#8221;1px&#8221; button_two_border_color=&#8221;rgba(255,255,255,0.3)&#8221; button_two_border_radius=&#8221;0px&#8221; button_two_letter_spacing=&#8221;1px&#8221; button_two_font=&#8221;Saira Extra Condensed|600||on|||||&#8221; button_two_icon=&#8221;%%3%%&#8221; button_two_icon_color=&#8221;#edbb5f&#8221; module_alignment=&#8221;right&#8221; custom_margin=&#8221;|||&#8221; custom_padding=&#8221;8%||260px|&#8221; button_one_text_color_hover=&#8221;#edbb5f&#8221; button_two_text_color_hover=&#8221;#edbb5f&#8221; button_one_bg_color_hover=&#8221;rgba(0,0,0,0)&#8221; button_two_bg_color_hover=&#8221;rgba(0,0,0,0)&#8221; button_one_text_size__hover_enabled=&#8221;off&#8221; button_two_text_size__hover_enabled=&#8221;off&#8221; button_one_text_color__hover_enabled=&#8221;on&#8221; button_one_text_color__hover=&#8221;#edbb5f&#8221; button_two_text_color__hover_enabled=&#8221;on&#8221; button_two_text_color__hover=&#8221;#edbb5f&#8221; button_one_border_width__hover_enabled=&#8221;off&#8221; button_two_border_width__hover_enabled=&#8221;off&#8221; button_one_border_color__hover_enabled=&#8221;off&#8221; button_two_border_color__hover_enabled=&#8221;off&#8221; button_one_border_radius__hover_enabled=&#8221;off&#8221; button_two_border_radius__hover_enabled=&#8221;off&#8221; button_one_letter_spacing__hover_enabled=&#8221;off&#8221; button_two_letter_spacing__hover_enabled=&#8221;off&#8221; button_one_bg_color__hover_enabled=&#8221;on&#8221; button_one_bg_color__hover=&#8221;rgba(0,0,0,0)&#8221; button_two_bg_color__hover_enabled=&#8221;on&#8221; button_two_bg_color__hover=&#8221;rgba(0,0,0,0)&#8221;]<\/p>\n<p>&nbsp;<\/p>\n<p>&nbsp;<\/p>\n<p>Mauritius hat eine dynamische Wirtschaft mit einer eindrucksvollen Historie nachhaltigen Wachstums. Mit seinem technologieorientierten Ansatz setzt sich das Land an die Spitze in Afrika.<\/p>\n<p>&nbsp;<\/p>\n<p>[\/et_pb_fullwidth_header][\/et_pb_section][et_pb_section fb_built=&#8221;1&#8243; admin_label=&#8221;FAQ&#8221; _builder_version=&#8221;3.22&#8243; custom_padding=&#8221;30px|0px|0|0px|false|false&#8221;][et_pb_row use_custom_gutter=&#8221;on&#8221; gutter_width=&#8221;4&#8243; _builder_version=&#8221;3.25&#8243; custom_padding=&#8221;0|0px|13px|0px|false|false&#8221; animation_style=&#8221;fade&#8221; locked=&#8221;off&#8221;][et_pb_column type=&#8221;4_4&#8243; _builder_version=&#8221;3.25&#8243; custom_padding=&#8221;|||&#8221; custom_padding__hover=&#8221;|||&#8221;][et_pb_text module_id=&#8221;indiv-tax&#8221; _builder_version=&#8221;3.27.4&#8243; text_font=&#8221;||||||||&#8221; header_font=&#8221;||||||||&#8221; header_2_font=&#8221;Times New Roman|700|||||||&#8221; header_2_font_size=&#8221;38px&#8221; header_2_letter_spacing=&#8221;1px&#8221; header_2_line_height=&#8221;1.4em&#8221; header_3_font=&#8221;Verdana|700||on|||||&#8221; header_3_text_color=&#8221;#edbb5f&#8221; header_3_font_size=&#8221;14px&#8221; header_3_letter_spacing=&#8221;1px&#8221; header_3_line_height=&#8221;2em&#8221; header_4_font=&#8221;||||||||&#8221; header_5_font=&#8221;||||||||&#8221; header_6_font=&#8221;||||||||&#8221; text_orientation=&#8221;center&#8221; max_width=&#8221;800px&#8221; module_alignment=&#8221;center&#8221; custom_margin=&#8221;0px||2px|&#8221; custom_padding=&#8221;0px||0px|&#8221;]<\/p>\n<h3>Nachhaltiges Wachstum<\/h3>\n<h2>Weltrekord: Keine Rezession in 39 Jahren<\/h2>\n<p>[\/et_pb_text][et_pb_divider color=&#8221;#edbb5f&#8221; divider_weight=&#8221;2px&#8221; _builder_version=&#8221;3.15&#8243; max_width=&#8221;60px&#8221; module_alignment=&#8221;center&#8221; height=&#8221;2px&#8221; custom_margin=&#8221;0px|||&#8221; custom_padding=&#8221;1px|||&#8221;][\/et_pb_divider][\/et_pb_column][\/et_pb_row][et_pb_row _builder_version=&#8221;3.25&#8243;][et_pb_column type=&#8221;4_4&#8243; _builder_version=&#8221;3.25&#8243; custom_padding=&#8221;|||&#8221; custom_padding__hover=&#8221;|||&#8221;][et_pb_text _builder_version=&#8221;4.8.1&#8243; text_font=&#8221;||||||||&#8221;]<\/p>\n<p>Mauritius geh\u00f6rt zu den sehr wenigen L\u00e4ndern in der Welt, die \u00fcber mehr als drei Jahrzehnten ein ununterbrochenes j\u00e4hrliches Wirtschaftswachstum verzeichnen. Von 1981 bis 2019 gab es keine Rezession in Mauritius.<\/p>\n<p>[\/et_pb_text][et_pb_image src=&#8221;https:\/\/pro-mauritius.com\/wp-content\/uploads\/2018\/12\/GDP_growth.png&#8221; align_tablet=&#8221;center&#8221; align_phone=&#8221;&#8221; align_last_edited=&#8221;on|desktop&#8221; _builder_version=&#8221;3.23&#8243; custom_margin=&#8221;4px|||&#8221; custom_padding=&#8221;0px|||&#8221; box_shadow_style=&#8221;preset1&#8243;][\/et_pb_image][et_pb_text _builder_version=&#8221;4.8.1&#8243; text_font=&#8221;||||||||&#8221; ul_font=&#8221;||||||||&#8221; ul_line_height=&#8221;1.5em&#8221; hover_enabled=&#8221;0&#8243; sticky_enabled=&#8221;0&#8243;]<\/p>\n<p>Zwischen den 1980ern und 2000 verzeichnete Mauritius ein robustes Wirtschaftswachstum, welches das Land in die Riege der L\u00e4nder mit Upper Middle-Income Status aufr\u00fccken lie\u00df. In dieser Zeit gab es in Mauritius Vollbesch\u00e4ftigung, und die L\u00f6hne zogen relativ zu anderen L\u00e4ndern an. Dies f\u00fchrte zu einem \u00dcbergang von einem arbeitsintensiven zu einem kapitalintensiven Wirtschaftsmodell.<\/p>\n<p>In den letzten 15 Jahren war die Wachstumsrate im Vergleich zu anderen L\u00e4ndern relativ stabil. Selbst w\u00e4hrend der globalen Finanzkrise des Jahres 2009 war das Wachstum nur geringf\u00fcgig abgeschw\u00e4cht.\u00a0<\/p>\n<p>Als Folge der Covid-19-Pandemie und Corona-Ma\u00dfnahmen haben Wirtschaft und Staatsfinanzen erheblich gelitten. Das Bruttoinlandsprodukt ist um 14,7% gefallen, wof\u00fcr vor allem der massive Einbruch beim Tourismus und Gastst\u00e4ttengewerbe verantwortlich ist. Die Arbeitslosigkeit liegt bei 9,2 % (ohne St\u00fctzungsma\u00dfnahmen l\u00e4ge sie bei ca. 20%). Die Staatsverschuldung hat sich in 2019\/20 von 65% auf 95% des BIP erh\u00f6ht. Die Auslandsverschuldung nahm von 15% auf 20% zu.<\/p>\n<p>Das Haushaltsdefizit im Fiskaljahr 2021\/22 soll 5% betragen, was im derzeitigen Umfeld als positiv zu werten ist. Die Wirtschaft soll sich stark erholen; geplant ist ein BIP-Wachstum von 9%.<\/p>\n<p>F\u00fcr 2021 erwartet der World Economic Outlook des IWF ein Wachstum von 6,6 %. Der African Economic Outlook prognostiziert f\u00fcr die Jahre 2021 und 2022 ein durchschnittliches BIP-Wachstum von 7,1 %.<\/p>\n<p>[\/et_pb_text][\/et_pb_column][\/et_pb_row][\/et_pb_section][et_pb_section fb_built=&#8221;1&#8243; admin_label=&#8221;Feature &#8211; Image Right&#8221; _builder_version=&#8221;3.22&#8243; custom_margin=&#8221;|||&#8221; custom_padding=&#8221;50px|0px|6px|0px|false|false&#8221;][et_pb_row column_structure=&#8221;2_5,3_5&#8243; _builder_version=&#8221;3.25&#8243; width=&#8221;90%&#8221; max_width=&#8221;90%&#8221; module_alignment=&#8221;center&#8221; custom_margin=&#8221;|||&#8221; custom_padding=&#8221;27px|0px|3px|0px|false|false&#8221; animation_style=&#8221;fade&#8221; use_custom_width=&#8221;on&#8221; width_unit=&#8221;off&#8221; custom_width_percent=&#8221;90%&#8221;][et_pb_column type=&#8221;2_5&#8243; _builder_version=&#8221;3.25&#8243; custom_padding=&#8221;||40px|6%&#8221; custom_padding__hover=&#8221;|||&#8221;][et_pb_text module_id=&#8221;CFC&#8221; _builder_version=&#8221;3.27.4&#8243; text_font=&#8221;||||||||&#8221; header_font=&#8221;||||||||&#8221; header_2_font=&#8221;Times New Roman|700|||||||&#8221; header_2_font_size=&#8221;38px&#8221; header_2_letter_spacing=&#8221;1px&#8221; header_2_line_height=&#8221;1.4em&#8221; header_3_font=&#8221;Verdana|700||on|||||&#8221; header_3_text_color=&#8221;#edbb5f&#8221; header_3_font_size=&#8221;14px&#8221; header_3_letter_spacing=&#8221;1px&#8221; header_3_line_height=&#8221;2em&#8221; max_width=&#8221;550px&#8221;]<\/p>\n<h3>Wirtschaftsstruktur<\/h3>\n<h2>Breit diversifiziert<\/h2>\n<p>[\/et_pb_text][et_pb_divider color=&#8221;#edbb5f&#8221; divider_weight=&#8221;2px&#8221; _builder_version=&#8221;3.2&#8243; max_width=&#8221;60px&#8221; module_alignment=&#8221;left&#8221; height=&#8221;2px&#8221;][\/et_pb_divider][et_pb_text _builder_version=&#8221;3.27.4&#8243; text_font=&#8221;Verdana|600|||||||&#8221; text_font_size=&#8221;16px&#8221; text_line_height=&#8221;1.8em&#8221; ul_font=&#8221;||||||||&#8221; ol_font=&#8221;||||||||&#8221; max_width=&#8221;550px&#8221;]<\/p>\n<p>Mauritius ist ein Land im oberen mittleren Einkommenssegment mit Wirtschaftsaktivit\u00e4ten, die sehr gleichm\u00e4\u00dfig \u00fcber viele Sektoren verteilt sind. Das macht die Volkswirtschaft robust und wenig anf\u00e4llig gegen\u00fcber potentiellen externen Schocks.<\/p>\n<p>[\/et_pb_text][et_pb_text _builder_version=&#8221;3.27.4&#8243; text_font=&#8221;||||||||&#8221; ul_font=&#8221;||||||||&#8221; ul_line_height=&#8221;1.5em&#8221;]<\/p>\n<ul>\n<li>Prim\u00e4rer Sektor (Landwirtschaft, Forstwirtschaft, Fischwirtschaft, Bergbau): 4 %<\/li>\n<li>Sekund\u00e4rer Sektor (Industrie): 21,8 %<\/li>\n<li>Terti\u00e4rer Sektor (Dienstleistungen): 74,1 %<\/li>\n<\/ul>\n<p><strong>Andere aggregierte Zahlen:<br \/> <\/strong><\/p>\n<ul>\n<li>Exportorientierte Unternehmen: 4.9%<\/li>\n<li>Tourismus: 8,0%<\/li>\n<li>ICT: 5,6%<\/li>\n<li>Global Business: 5,7%<\/li>\n<\/ul>\n<p>[\/et_pb_text][\/et_pb_column][et_pb_column type=&#8221;3_5&#8243; _builder_version=&#8221;3.25&#8243; custom_padding=&#8221;|||&#8221; custom_padding__hover=&#8221;|||&#8221;][et_pb_image src=&#8221;https:\/\/pro-mauritius.com\/wp-content\/uploads\/2018\/12\/GDP_sectors.png&#8221; align_tablet=&#8221;center&#8221; align_phone=&#8221;&#8221; align_last_edited=&#8221;on|desktop&#8221; _builder_version=&#8221;3.23&#8243; box_shadow_style=&#8221;preset1&#8243;][\/et_pb_image][et_pb_text _builder_version=&#8221;3.27.4&#8243; text_font=&#8221;||||||||&#8221; ul_font=&#8221;||||||||&#8221; ul_line_height=&#8221;1.5em&#8221;]<\/p>\n<p><strong>Prozentuale Verteilung der Bruttowertzuw\u00e4chse nach Industriegruppen zu aktuellen Preisen, 2017<\/strong><\/p>\n<p><span style=\"font-size: small;\">(<span id=\"logoTxt\"><span class=\"MinistryDescription\">Datenquelle: Statistics Mauritius, unter der \u00c4gide des Ministeriums f\u00fcr Finanzen und wirtschaftliche Entwicklung)<\/span><\/span><\/span><\/p>\n<p>[\/et_pb_text][\/et_pb_column][\/et_pb_row][\/et_pb_section][et_pb_section fb_built=&#8221;1&#8243; admin_label=&#8221;Feature &#8211; Image Right&#8221; _builder_version=&#8221;3.22&#8243; custom_margin=&#8221;|||&#8221; custom_padding=&#8221;50px|0px|6px|0px|false|false&#8221;][et_pb_row column_structure=&#8221;1_2,1_2&#8243; _builder_version=&#8221;3.25&#8243; width=&#8221;90%&#8221; max_width=&#8221;90%&#8221; module_alignment=&#8221;center&#8221; custom_margin=&#8221;|||&#8221; custom_padding=&#8221;27px|0px|3px|0px|false|false&#8221; animation_style=&#8221;fade&#8221; use_custom_width=&#8221;on&#8221; width_unit=&#8221;off&#8221; custom_width_percent=&#8221;90%&#8221;][et_pb_column type=&#8221;1_2&#8243; _builder_version=&#8221;3.25&#8243; custom_padding=&#8221;||40px|6%&#8221; custom_padding__hover=&#8221;|||&#8221;][et_pb_text module_id=&#8221;CFC&#8221; _builder_version=&#8221;3.27.4&#8243; text_font=&#8221;||||||||&#8221; header_font=&#8221;||||||||&#8221; header_2_font=&#8221;Times New Roman|700|||||||&#8221; header_2_font_size=&#8221;38px&#8221; header_2_letter_spacing=&#8221;1px&#8221; header_2_line_height=&#8221;1.4em&#8221; header_3_font=&#8221;Verdana|700||on|||||&#8221; header_3_text_color=&#8221;#edbb5f&#8221; header_3_font_size=&#8221;14px&#8221; header_3_letter_spacing=&#8221;1px&#8221; header_3_line_height=&#8221;2em&#8221; max_width=&#8221;550px&#8221;]<\/p>\n<h3>Schl\u00fcsselsektoren<\/h3>\n<h2>Finanzdienstleistungen geh\u00f6ren die Zukunft<\/h2>\n<p>[\/et_pb_text][et_pb_divider color=&#8221;#edbb5f&#8221; divider_weight=&#8221;2px&#8221; _builder_version=&#8221;3.2&#8243; max_width=&#8221;60px&#8221; module_alignment=&#8221;left&#8221; height=&#8221;2px&#8221;][\/et_pb_divider][et_pb_text _builder_version=&#8221;3.27.4&#8243; text_font=&#8221;Verdana|600|||||||&#8221; text_font_size=&#8221;16px&#8221; text_line_height=&#8221;1.8em&#8221; ul_font=&#8221;||||||||&#8221; ol_font=&#8221;||||||||&#8221; max_width=&#8221;550px&#8221;]<\/p>\n<p>Aktivit\u00e4ten im Finanz- und Versicherungsbereich zeigten in 2018 das st\u00e4rkste Wachstum, gefolgt von ICT, Tourismus und Handel.<\/p>\n<p>[\/et_pb_text][\/et_pb_column][et_pb_column type=&#8221;1_2&#8243; _builder_version=&#8221;3.25&#8243; custom_padding=&#8221;|||&#8221; custom_padding__hover=&#8221;|||&#8221;][et_pb_image src=&#8221;https:\/\/pro-mauritius.com\/wp-content\/uploads\/2018\/12\/sector_growth_2018.png&#8221; align_tablet=&#8221;center&#8221; align_phone=&#8221;&#8221; align_last_edited=&#8221;on|desktop&#8221; _builder_version=&#8221;3.23&#8243; box_shadow_style=&#8221;preset1&#8243;][\/et_pb_image][et_pb_text _builder_version=&#8221;3.27.4&#8243; text_font=&#8221;||||||||&#8221; ul_font=&#8221;||||||||&#8221; ul_line_height=&#8221;1.5em&#8221;]<\/p>\n<p><strong>Wachstumsraten der wichtigsten Wirtschaftssektoren in 2018<\/strong><\/p>\n<p>(Quelle: Financial Services Commission, Mauritius<span id=\"logoTxt\"><span class=\"MinistryDescription\">)<\/span><\/span><\/p>\n<p>[\/et_pb_text][\/et_pb_column][\/et_pb_row][\/et_pb_section][et_pb_section fb_built=&#8221;1&#8243; admin_label=&#8221;Feature &#8211; Image Right&#8221; _builder_version=&#8221;3.22&#8243; custom_margin=&#8221;|||&#8221; custom_padding=&#8221;50px|0px|6px|0px|false|false&#8221;][et_pb_row column_structure=&#8221;2_5,3_5&#8243; _builder_version=&#8221;3.25&#8243; width=&#8221;90%&#8221; max_width=&#8221;90%&#8221; module_alignment=&#8221;center&#8221; custom_margin=&#8221;|||&#8221; custom_padding=&#8221;27px|0px|3px|0px|false|false&#8221; animation_style=&#8221;fade&#8221; use_custom_width=&#8221;on&#8221; width_unit=&#8221;off&#8221; custom_width_percent=&#8221;90%&#8221;][et_pb_column type=&#8221;2_5&#8243; _builder_version=&#8221;3.25&#8243; custom_padding=&#8221;||40px|6%&#8221; custom_padding__hover=&#8221;|||&#8221;][et_pb_text module_id=&#8221;exit-tax&#8221; _builder_version=&#8221;3.27.4&#8243; text_font=&#8221;||||||||&#8221; header_font=&#8221;||||||||&#8221; header_2_font=&#8221;Times New Roman|700|||||||&#8221; header_2_font_size=&#8221;38px&#8221; header_2_letter_spacing=&#8221;1px&#8221; header_2_line_height=&#8221;1.4em&#8221; header_3_font=&#8221;Verdana|700||on|||||&#8221; header_3_text_color=&#8221;#edbb5f&#8221; header_3_font_size=&#8221;14px&#8221; header_3_letter_spacing=&#8221;1px&#8221; header_3_line_height=&#8221;2em&#8221; max_width=&#8221;550px&#8221;]<\/p>\n<h3>Makro\u00f6konomische Indikatoren<\/h3>\n<h2>Finanzielle Situation<\/h2>\n<p>[\/et_pb_text][et_pb_image src=&#8221;https:\/\/pro-mauritius.com\/wp-content\/uploads\/2018\/12\/voila_hotel.jpg&#8221; show_bottom_space=&#8221;off&#8221; align_tablet=&#8221;center&#8221; align_phone=&#8221;&#8221; align_last_edited=&#8221;on|desktop&#8221; _builder_version=&#8221;3.23&#8243;][\/et_pb_image][\/et_pb_column][et_pb_column type=&#8221;3_5&#8243; _builder_version=&#8221;3.25&#8243; custom_padding=&#8221;|||&#8221; custom_padding__hover=&#8221;|||&#8221;][et_pb_text _builder_version=&#8221;4.8.1&#8243; text_font=&#8221;||||||||&#8221; text_font_size=&#8221;16px&#8221; ul_font=&#8221;||||||||&#8221; ul_line_height=&#8221;1.5em&#8221;]<\/p>\n<p><strong>Die Wirtschafts- und Finanzdaten zeigen deutlich, dass sich Mauritius vor der Corona-Pandemie in einer finanziell gesunden Situation befand; seit 2020 haben sich manche Daten jedoch verschlechtert:<\/strong><\/p>\n<ul>\n<li style=\"list-style-type: none;\">\n<ul>\n<li>Bev\u00f6lkerung: 1,38 Millionen Einwohner (Jul 2021e)<\/li>\n<li>Wirtschaftswachstum (BIP): -14,9 % (2020)<\/li>\n<li>BIP pro Einwohner (Kaufkraftparit\u00e4t): 22.989 USD (Dez 2019)<\/li>\n<li>Inflation 2,4% (Mai 2021)<\/li>\n<li>Budgetdefizit (% vom BIP): 13,6 % (Dez 2020)<\/li>\n<li>\u00d6ffentliche Verschuldung (% vom BIP): 73,4% (Dez 2020)<\/li>\n<li>Auslandsverschuldung (% vom BIP): 30,9 % (M\u00e4r 2021e)<\/li>\n<li>Konsumentenpreisindex: +3,2 % (2018e)<\/li>\n<li>Sparquote (% vom BIP zu Marktpreisen): 10,9 % (2017)<\/li>\n<li>Hauptimportl\u00e4nder: China 17 %,\u00a0Indien 14 %, S\u00fcdafrika 8,2 %, VAE 7,4 %, Frankreich 7,1 % (2019)<\/li>\n<li>Hauptexportl\u00e4nder: Frankreich 13 %, Vereinigtes K\u00f6nigreich 11 %, S\u00fcdafrika 11 %, USA 11 %,\u00a0 Madagaskar 7,1 %; Italien 5,5 %, Spanien 4,5 %\u00a0 (2019)<\/li>\n<li>Devisenreserven inklusive Gold: 7,59 Milliarden USD (Mai 2021)<\/li>\n<li>Importdeckung durch W\u00e4hrungsreserven und Gold: 20 Monate (2021e)<\/li>\n<li>Arbeitslosenquote: 6,65 % (2019)<\/li>\n<\/ul>\n<\/li>\n<\/ul>\n<p>&nbsp;<\/p>\n<p>[\/et_pb_text][\/et_pb_column][\/et_pb_row][\/et_pb_section]<\/p>\n","protected":false},"excerpt":{"rendered":"<p>&nbsp; &nbsp; Mauritius hat eine dynamische Wirtschaft mit einer eindrucksvollen Historie nachhaltigen Wachstums. Mit seinem technologieorientierten Ansatz setzt sich das Land an die Spitze in Afrika. &nbsp;Nachhaltiges Wachstum Weltrekord: Keine Rezession in 39 JahrenMauritius geh\u00f6rt zu den sehr wenigen L\u00e4ndern in der Welt, die \u00fcber mehr als drei Jahrzehnten ein ununterbrochenes j\u00e4hrliches Wirtschaftswachstum verzeichnen. Von [&hellip;]<\/p>\n","protected":false},"author":1,"featured_media":0,"parent":1338,"menu_order":0,"comment_status":"closed","ping_status":"closed","template":"","meta":{"_et_pb_use_builder":"on","_et_pb_old_content":"","_et_gb_content_width":""},"yoast_head":"<!-- This site is optimized with the Yoast SEO plugin v17.9 - https:\/\/yoast.com\/wordpress\/plugins\/seo\/ -->\n<title>Volkswirtschaft Mauritius: Makro\u00f6konomische Indikatoren - Pro Mauritius<\/title>\n<meta name=\"description\" content=\"Profil der Volkswirtschaft Mauritius mit Wachstumsdynamik, Wirtschaftsstruktur, makro\u00f6konomischen Indikatoren und Finanzkennzahlen\" \/>\n<meta name=\"robots\" content=\"index, follow, max-snippet:-1, max-image-preview:large, max-video-preview:-1\" \/>\n<link rel=\"canonical\" href=\"https:\/\/pro-mauritius.com\/home\/mauritius\/volkswirtschaft\/\" \/>\n<meta property=\"og:locale\" content=\"en_US\" \/>\n<meta property=\"og:type\" content=\"article\" \/>\n<meta property=\"og:title\" content=\"Volkswirtschaft Mauritius: Makro\u00f6konomische Indikatoren - Pro Mauritius\" \/>\n<meta property=\"og:description\" content=\"Profil der Volkswirtschaft Mauritius mit Wachstumsdynamik, Wirtschaftsstruktur, makro\u00f6konomischen Indikatoren und Finanzkennzahlen\" \/>\n<meta property=\"og:url\" content=\"https:\/\/pro-mauritius.com\/home\/mauritius\/volkswirtschaft\/\" \/>\n<meta property=\"og:site_name\" content=\"Pro Mauritius\" \/>\n<meta property=\"article:modified_time\" content=\"2021-08-13T12:32:30+00:00\" \/>\n<meta name=\"twitter:card\" content=\"summary_large_image\" \/>\n<meta name=\"twitter:label1\" content=\"Est. reading time\" \/>\n\t<meta name=\"twitter:data1\" content=\"9 minutes\" \/>\n<script type=\"application\/ld+json\" class=\"yoast-schema-graph\">{\"@context\":\"https:\/\/schema.org\",\"@graph\":[{\"@type\":\"WebSite\",\"@id\":\"https:\/\/pro-mauritius.com\/home\/#website\",\"url\":\"https:\/\/pro-mauritius.com\/home\/\",\"name\":\"Pro Mauritius\",\"description\":\"One-stop Consulting for companies, entrepreneurs and expats relocating to Mauritius\",\"potentialAction\":[{\"@type\":\"SearchAction\",\"target\":{\"@type\":\"EntryPoint\",\"urlTemplate\":\"https:\/\/pro-mauritius.com\/home\/?s={search_term_string}\"},\"query-input\":\"required name=search_term_string\"}],\"inLanguage\":\"en-US\"},{\"@type\":\"WebPage\",\"@id\":\"https:\/\/pro-mauritius.com\/home\/mauritius\/volkswirtschaft\/#webpage\",\"url\":\"https:\/\/pro-mauritius.com\/home\/mauritius\/volkswirtschaft\/\",\"name\":\"Volkswirtschaft Mauritius: Makro\\u00f6konomische Indikatoren - Pro Mauritius\",\"isPartOf\":{\"@id\":\"https:\/\/pro-mauritius.com\/home\/#website\"},\"datePublished\":\"2019-01-12T13:02:21+00:00\",\"dateModified\":\"2021-08-13T12:32:30+00:00\",\"description\":\"Profil der Volkswirtschaft Mauritius mit Wachstumsdynamik, Wirtschaftsstruktur, makro\\u00f6konomischen Indikatoren und Finanzkennzahlen\",\"breadcrumb\":{\"@id\":\"https:\/\/pro-mauritius.com\/home\/mauritius\/volkswirtschaft\/#breadcrumb\"},\"inLanguage\":\"en-US\",\"potentialAction\":[{\"@type\":\"ReadAction\",\"target\":[\"https:\/\/pro-mauritius.com\/home\/mauritius\/volkswirtschaft\/\"]}]},{\"@type\":\"BreadcrumbList\",\"@id\":\"https:\/\/pro-mauritius.com\/home\/mauritius\/volkswirtschaft\/#breadcrumb\",\"itemListElement\":[{\"@type\":\"ListItem\",\"position\":1,\"name\":\"Home\",\"item\":\"https:\/\/pro-mauritius.com\/home\/\"},{\"@type\":\"ListItem\",\"position\":2,\"name\":\"Mauritius\",\"item\":\"https:\/\/pro-mauritius.com\/home\/mauritius\/\"},{\"@type\":\"ListItem\",\"position\":3,\"name\":\"Volkswirtschaft\"}]}]}<\/script>\n<!-- \/ Yoast SEO plugin. -->","yoast_head_json":{"title":"Volkswirtschaft Mauritius: Makro\u00f6konomische Indikatoren - Pro Mauritius","description":"Profil der Volkswirtschaft Mauritius mit Wachstumsdynamik, Wirtschaftsstruktur, makro\u00f6konomischen Indikatoren und Finanzkennzahlen","robots":{"index":"index","follow":"follow","max-snippet":"max-snippet:-1","max-image-preview":"max-image-preview:large","max-video-preview":"max-video-preview:-1"},"canonical":"https:\/\/pro-mauritius.com\/home\/mauritius\/volkswirtschaft\/","og_locale":"en_US","og_type":"article","og_title":"Volkswirtschaft Mauritius: Makro\u00f6konomische Indikatoren - Pro Mauritius","og_description":"Profil der Volkswirtschaft Mauritius mit Wachstumsdynamik, Wirtschaftsstruktur, makro\u00f6konomischen Indikatoren und Finanzkennzahlen","og_url":"https:\/\/pro-mauritius.com\/home\/mauritius\/volkswirtschaft\/","og_site_name":"Pro Mauritius","article_modified_time":"2021-08-13T12:32:30+00:00","twitter_card":"summary_large_image","twitter_misc":{"Est. reading time":"9 minutes"},"schema":{"@context":"https:\/\/schema.org","@graph":[{"@type":"WebSite","@id":"https:\/\/pro-mauritius.com\/home\/#website","url":"https:\/\/pro-mauritius.com\/home\/","name":"Pro Mauritius","description":"One-stop Consulting for companies, entrepreneurs and expats relocating to Mauritius","potentialAction":[{"@type":"SearchAction","target":{"@type":"EntryPoint","urlTemplate":"https:\/\/pro-mauritius.com\/home\/?s={search_term_string}"},"query-input":"required name=search_term_string"}],"inLanguage":"en-US"},{"@type":"WebPage","@id":"https:\/\/pro-mauritius.com\/home\/mauritius\/volkswirtschaft\/#webpage","url":"https:\/\/pro-mauritius.com\/home\/mauritius\/volkswirtschaft\/","name":"Volkswirtschaft Mauritius: Makro\u00f6konomische Indikatoren - Pro Mauritius","isPartOf":{"@id":"https:\/\/pro-mauritius.com\/home\/#website"},"datePublished":"2019-01-12T13:02:21+00:00","dateModified":"2021-08-13T12:32:30+00:00","description":"Profil der Volkswirtschaft Mauritius mit Wachstumsdynamik, Wirtschaftsstruktur, makro\u00f6konomischen Indikatoren und Finanzkennzahlen","breadcrumb":{"@id":"https:\/\/pro-mauritius.com\/home\/mauritius\/volkswirtschaft\/#breadcrumb"},"inLanguage":"en-US","potentialAction":[{"@type":"ReadAction","target":["https:\/\/pro-mauritius.com\/home\/mauritius\/volkswirtschaft\/"]}]},{"@type":"BreadcrumbList","@id":"https:\/\/pro-mauritius.com\/home\/mauritius\/volkswirtschaft\/#breadcrumb","itemListElement":[{"@type":"ListItem","position":1,"name":"Home","item":"https:\/\/pro-mauritius.com\/home\/"},{"@type":"ListItem","position":2,"name":"Mauritius","item":"https:\/\/pro-mauritius.com\/home\/mauritius\/"},{"@type":"ListItem","position":3,"name":"Volkswirtschaft"}]}]}},"_links":{"self":[{"href":"https:\/\/pro-mauritius.com\/home\/wp-json\/wp\/v2\/pages\/1350"}],"collection":[{"href":"https:\/\/pro-mauritius.com\/home\/wp-json\/wp\/v2\/pages"}],"about":[{"href":"https:\/\/pro-mauritius.com\/home\/wp-json\/wp\/v2\/types\/page"}],"author":[{"embeddable":true,"href":"https:\/\/pro-mauritius.com\/home\/wp-json\/wp\/v2\/users\/1"}],"replies":[{"embeddable":true,"href":"https:\/\/pro-mauritius.com\/home\/wp-json\/wp\/v2\/comments?post=1350"}],"version-history":[{"count":10,"href":"https:\/\/pro-mauritius.com\/home\/wp-json\/wp\/v2\/pages\/1350\/revisions"}],"predecessor-version":[{"id":3083,"href":"https:\/\/pro-mauritius.com\/home\/wp-json\/wp\/v2\/pages\/1350\/revisions\/3083"}],"up":[{"embeddable":true,"href":"https:\/\/pro-mauritius.com\/home\/wp-json\/wp\/v2\/pages\/1338"}],"wp:attachment":[{"href":"https:\/\/pro-mauritius.com\/home\/wp-json\/wp\/v2\/media?parent=1350"}],"curies":[{"name":"wp","href":"https:\/\/api.w.org\/{rel}","templated":true}]}}