{"id":1336,"date":"2019-01-12T16:22:41","date_gmt":"2019-01-12T12:22:41","guid":{"rendered":"https:\/\/pro-mauritius.com\/?page_id=1336"},"modified":"2022-12-01T17:21:07","modified_gmt":"2022-12-01T13:21:07","slug":"rechtsform","status":"publish","type":"page","link":"https:\/\/pro-mauritius.com\/home\/rechtsform\/","title":{"rendered":"Rechtsformen"},"content":{"rendered":"<p>[et_pb_section fb_built=&#8221;1&#8243; admin_label=&#8221;FAQ&#8221; _builder_version=&#8221;3.22&#8243; custom_padding=&#8221;30px|0px|10px|0px|false|false&#8221;][et_pb_row column_structure=&#8221;2_5,3_5&#8243; use_custom_gutter=&#8221;on&#8221; gutter_width=&#8221;4&#8243; _builder_version=&#8221;3.25&#8243; custom_padding=&#8221;50px|0px|60px|0px|false|false&#8221; animation_style=&#8221;fade&#8221; locked=&#8221;off&#8221;][et_pb_column type=&#8221;2_5&#8243; _builder_version=&#8221;3.25&#8243; custom_padding=&#8221;|||&#8221; custom_padding__hover=&#8221;|||&#8221;][et_pb_text _builder_version=&#8221;3.27.4&#8243; text_font=&#8221;||||||||&#8221; header_font=&#8221;|700|||||||&#8221; header_font_size=&#8221;38px&#8221; header_line_height=&#8221;1.3em&#8221; header_2_font=&#8221;Times New Roman|700|||||||&#8221; header_2_font_size=&#8221;38px&#8221; header_2_letter_spacing=&#8221;1px&#8221; header_2_line_height=&#8221;1.4em&#8221; header_3_font=&#8221;Verdana|700||on|||||&#8221; header_3_text_color=&#8221;#edbb5f&#8221; header_3_font_size=&#8221;14px&#8221; header_3_letter_spacing=&#8221;1px&#8221; header_3_line_height=&#8221;2em&#8221; header_4_font=&#8221;||||||||&#8221; header_5_font=&#8221;||||||||&#8221; header_6_font=&#8221;||||||||&#8221; text_orientation=&#8221;center&#8221; max_width=&#8221;1080px&#8221; module_alignment=&#8221;center&#8221; custom_margin=&#8221;||2px|&#8221;]<\/p>\n<h3><\/h3>\n<h1>\u00a0Gr\u00fcndung von Gesellschaften in Mauritius<\/h1>\n<p>[\/et_pb_text][et_pb_divider color=&#8221;#edbb5f&#8221; divider_weight=&#8221;2px&#8221; _builder_version=&#8221;3.2&#8243; max_width=&#8221;60px&#8221; module_alignment=&#8221;center&#8221; height=&#8221;2px&#8221;][\/et_pb_divider][et_pb_text _builder_version=&#8221;3.27.4&#8243; text_font=&#8221;||||||||&#8221;]<\/p>\n<p>Rechtsformen und Gesellschaftsarten stehen in Mauritius in gro\u00dfer Vielfalt zur Verf\u00fcgung.<\/p>\n<p>Meine Partner und ich bieten innovative L\u00f6sungen an f\u00fcr institutionelle und private Investoren, Gesch\u00e4ftsinhaber, multinationale Unternehmen, Finanzinstitute und Family Offices.<\/p>\n<p>[\/et_pb_text][\/et_pb_column][et_pb_column type=&#8221;3_5&#8243; _builder_version=&#8221;3.25&#8243; custom_padding=&#8221;|||&#8221; custom_padding__hover=&#8221;|||&#8221;][et_pb_video src=&#8221;https:\/\/youtu.be\/XHhkW-hrBlU&#8221; image_src=&#8221;https:\/\/pro-mauritius.com\/wp-content\/uploads\/2022\/12\/Unternehmensgrundung-Intro-Thumbnail.jpg&#8221; _builder_version=&#8221;4.8.1&#8243; _module_preset=&#8221;default&#8221; hover_enabled=&#8221;0&#8243; sticky_enabled=&#8221;0&#8243;][\/et_pb_video][\/et_pb_column][\/et_pb_row][et_pb_row column_structure=&#8221;1_3,1_3,1_3&#8243; _builder_version=&#8221;3.25&#8243; custom_padding=&#8221;27px|0px|47px|0px|false|false&#8221;][et_pb_column type=&#8221;1_3&#8243; _builder_version=&#8221;3.25&#8243; custom_padding=&#8221;|||&#8221; custom_padding__hover=&#8221;|||&#8221;][et_pb_blurb title=&#8221;Ziele&#8221; use_icon=&#8221;on&#8221; font_icon=&#8221;%%166%%&#8221; icon_placement=&#8221;left&#8221; use_icon_font_size=&#8221;on&#8221; icon_font_size=&#8221;40px&#8221; _builder_version=&#8221;4.8.1&#8243; header_font=&#8221;|700|||||||&#8221; header_line_height=&#8221;1.5em&#8221; body_font=&#8221;||||||||&#8221; custom_margin=&#8221;0px|||0px&#8221; custom_padding=&#8221;20px|5px|20px|20px&#8221; box_shadow_style=&#8221;preset1&#8243;]<\/p>\n<p>&nbsp;<\/p>\n<p>Was wollen Sie mit Ihrer Gr\u00fcndung erreichen?<\/p>\n<p>Welche Rechtsform bzw. Struktur passt zu Ihren Pl\u00e4nen?<\/p>\n<p>Einfluss Ihrer aktuellen und zuk\u00fcnftigen Situation<\/p>\n<p>Steuerliche Kriterien<\/p>\n<p>[\/et_pb_blurb][et_pb_video src=&#8221;https:\/\/youtu.be\/ZsmiztggmcU&#8221; image_src=&#8221;https:\/\/pro-mauritius.com\/wp-content\/uploads\/2022\/11\/UG-1-Thumbnail.jpg&#8221; _builder_version=&#8221;4.8.1&#8243; _module_preset=&#8221;default&#8221;][\/et_pb_video][\/et_pb_column][et_pb_column type=&#8221;1_3&#8243; _builder_version=&#8221;3.25&#8243; custom_padding=&#8221;|||&#8221; custom_padding__hover=&#8221;|||&#8221;][et_pb_blurb title=&#8221;Unternehmen&#8221; use_icon=&#8221;on&#8221; font_icon=&#8221;%%144%%&#8221; icon_placement=&#8221;left&#8221; use_icon_font_size=&#8221;on&#8221; icon_font_size=&#8221;40px&#8221; _builder_version=&#8221;4.8.1&#8243; header_font=&#8221;|700|||||||&#8221; header_line_height=&#8221;1.5em&#8221; body_font=&#8221;||||||||&#8221; custom_margin=&#8221;0px|||0px&#8221; custom_padding=&#8221;20px|5px|20px|20px&#8221; box_shadow_style=&#8221;preset1&#8243;]<\/p>\n<p>&nbsp;<\/p>\n<p>Domestic Company<\/p>\n<p>Global Business Company<\/p>\n<p>Authorized Company<\/p>\n<p>Protected Cell Company<\/p>\n<p>Variable Capital Company<\/p>\n<p>Limited Partnership<\/p>\n<p>[\/et_pb_blurb][et_pb_video src=&#8221;https:\/\/youtu.be\/HH5uFF-6RFY&#8221; image_src=&#8221;https:\/\/pro-mauritius.com\/wp-content\/uploads\/2022\/11\/UG-2-Thumbnail.jpg&#8221; _builder_version=&#8221;4.8.1&#8243; _module_preset=&#8221;default&#8221;][\/et_pb_video][et_pb_button button_url=&#8221;https:\/\/pro-mauritius.com\/rechtsformen\/unternehmen\/&#8221; button_text=&#8221;Mehr \u2026&#8221; button_alignment=&#8221;center&#8221; _builder_version=&#8221;3.19.4&#8243; custom_button=&#8221;on&#8221; button_text_size=&#8221;16px&#8221; button_font=&#8221;||||||||&#8221; button_text_size__hover_enabled=&#8221;off&#8221; button_one_text_size__hover_enabled=&#8221;off&#8221; button_two_text_size__hover_enabled=&#8221;off&#8221; button_text_color__hover_enabled=&#8221;off&#8221; button_one_text_color__hover_enabled=&#8221;off&#8221; button_two_text_color__hover_enabled=&#8221;off&#8221; button_border_width__hover_enabled=&#8221;off&#8221; button_one_border_width__hover_enabled=&#8221;off&#8221; button_two_border_width__hover_enabled=&#8221;off&#8221; button_border_color__hover_enabled=&#8221;off&#8221; button_one_border_color__hover_enabled=&#8221;off&#8221; button_two_border_color__hover_enabled=&#8221;off&#8221; button_border_radius__hover_enabled=&#8221;off&#8221; button_one_border_radius__hover_enabled=&#8221;off&#8221; button_two_border_radius__hover_enabled=&#8221;off&#8221; button_letter_spacing__hover_enabled=&#8221;off&#8221; button_one_letter_spacing__hover_enabled=&#8221;off&#8221; button_two_letter_spacing__hover_enabled=&#8221;off&#8221; button_bg_color__hover_enabled=&#8221;off&#8221; button_one_bg_color__hover_enabled=&#8221;off&#8221; button_two_bg_color__hover_enabled=&#8221;off&#8221;][\/et_pb_button][\/et_pb_column][et_pb_column type=&#8221;1_3&#8243; _builder_version=&#8221;3.25&#8243; custom_padding=&#8221;|||&#8221; custom_padding__hover=&#8221;|||&#8221;][et_pb_blurb title=&#8221;Trusts &#038; Stiftungen&#8221; use_icon=&#8221;on&#8221; font_icon=&#8221;%%72%%&#8221; icon_placement=&#8221;left&#8221; use_icon_font_size=&#8221;on&#8221; icon_font_size=&#8221;40px&#8221; _builder_version=&#8221;3.19.4&#8243; header_font=&#8221;|700|||||||&#8221; header_line_height=&#8221;1.5em&#8221; body_font=&#8221;||||||||&#8221; custom_margin=&#8221;0px|||0px&#8221; custom_padding=&#8221;20px|5px|20px|20px&#8221; box_shadow_style=&#8221;preset1&#8243;]<\/p>\n<p>&nbsp;<\/p>\n<p>Private Trusts<\/p>\n<p>Corporate Trusts<\/p>\n<p>Charitable Trusts<\/p>\n<p>Purpose Trusts<\/p>\n<p>Charitable Foundations<\/p>\n<p>Non-charitable Foundations<\/p>\n<p>[\/et_pb_blurb][et_pb_video src=&#8221;https:\/\/youtu.be\/8cPMErCme4Y&#8221; image_src=&#8221;https:\/\/pro-mauritius.com\/wp-content\/uploads\/2022\/11\/UG-3-Thumbnail.jpg&#8221; _builder_version=&#8221;4.8.1&#8243; _module_preset=&#8221;default&#8221;][\/et_pb_video][et_pb_button button_url=&#8221;https:\/\/pro-mauritius.com\/rechtsformen\/trusts-stiftungen&#8221; button_text=&#8221;Mehr \u2026&#8221; button_alignment=&#8221;center&#8221; _builder_version=&#8221;3.19.4&#8243; custom_button=&#8221;on&#8221; button_text_size=&#8221;16px&#8221; button_font=&#8221;||||||||&#8221; button_text_size__hover_enabled=&#8221;off&#8221; button_one_text_size__hover_enabled=&#8221;off&#8221; button_two_text_size__hover_enabled=&#8221;off&#8221; button_text_color__hover_enabled=&#8221;off&#8221; button_one_text_color__hover_enabled=&#8221;off&#8221; button_two_text_color__hover_enabled=&#8221;off&#8221; button_border_width__hover_enabled=&#8221;off&#8221; button_one_border_width__hover_enabled=&#8221;off&#8221; button_two_border_width__hover_enabled=&#8221;off&#8221; button_border_color__hover_enabled=&#8221;off&#8221; button_one_border_color__hover_enabled=&#8221;off&#8221; button_two_border_color__hover_enabled=&#8221;off&#8221; button_border_radius__hover_enabled=&#8221;off&#8221; button_one_border_radius__hover_enabled=&#8221;off&#8221; button_two_border_radius__hover_enabled=&#8221;off&#8221; button_letter_spacing__hover_enabled=&#8221;off&#8221; button_one_letter_spacing__hover_enabled=&#8221;off&#8221; button_two_letter_spacing__hover_enabled=&#8221;off&#8221; button_bg_color__hover_enabled=&#8221;off&#8221; button_one_bg_color__hover_enabled=&#8221;off&#8221; button_two_bg_color__hover_enabled=&#8221;off&#8221;][\/et_pb_button][\/et_pb_column][\/et_pb_row][et_pb_row column_structure=&#8221;1_3,1_3,1_3&#8243; _builder_version=&#8221;3.25&#8243; custom_padding=&#8221;27px|0px|47px|0px|false|false&#8221;][et_pb_column type=&#8221;1_3&#8243; _builder_version=&#8221;3.25&#8243; custom_padding=&#8221;|||&#8221; custom_padding__hover=&#8221;|||&#8221;][et_pb_blurb title=&#8221;Finanzdienstleistungen&#8221; use_icon=&#8221;on&#8221; font_icon=&#8221;%%155%%&#8221; icon_placement=&#8221;left&#8221; use_icon_font_size=&#8221;on&#8221; icon_font_size=&#8221;40px&#8221; _builder_version=&#8221;3.19.4&#8243; header_font=&#8221;|700|||||||&#8221; header_line_height=&#8221;1.5em&#8221; body_font=&#8221;||||||||&#8221; custom_margin=&#8221;0px|||0px&#8221; custom_padding=&#8221;20px|20px|20px|20px&#8221; box_shadow_style=&#8221;preset1&#8243;]<\/p>\n<p>&nbsp;<\/p>\n<p>Collective Investment Schemes<\/p>\n<p>Closed-end Funds<\/p>\n<p>Captive Insurance company<\/p>\n<p>Asset Management<\/p>\n<p>CIS Manager<\/p>\n<p>Investment Bank<\/p>\n<p>[\/et_pb_blurb][et_pb_video src=&#8221;https:\/\/youtu.be\/PA6nq_5sIrI&#8221; image_src=&#8221;https:\/\/pro-mauritius.com\/wp-content\/uploads\/2022\/11\/UG-4-Thumbnail.jpg&#8221; _builder_version=&#8221;4.8.1&#8243; _module_preset=&#8221;default&#8221;][\/et_pb_video][et_pb_button button_url=&#8221;https:\/\/pro-mauritius.com\/rechtsformen\/finanzdienstleistungen\/&#8221; button_text=&#8221;Mehr \u2026&#8221; button_alignment=&#8221;center&#8221; _builder_version=&#8221;3.19.4&#8243; custom_button=&#8221;on&#8221; button_text_size=&#8221;16px&#8221; button_font=&#8221;||||||||&#8221; button_text_size__hover_enabled=&#8221;off&#8221; button_one_text_size__hover_enabled=&#8221;off&#8221; button_two_text_size__hover_enabled=&#8221;off&#8221; button_text_color__hover_enabled=&#8221;off&#8221; button_one_text_color__hover_enabled=&#8221;off&#8221; button_two_text_color__hover_enabled=&#8221;off&#8221; button_border_width__hover_enabled=&#8221;off&#8221; button_one_border_width__hover_enabled=&#8221;off&#8221; button_two_border_width__hover_enabled=&#8221;off&#8221; button_border_color__hover_enabled=&#8221;off&#8221; button_one_border_color__hover_enabled=&#8221;off&#8221; button_two_border_color__hover_enabled=&#8221;off&#8221; button_border_radius__hover_enabled=&#8221;off&#8221; button_one_border_radius__hover_enabled=&#8221;off&#8221; button_two_border_radius__hover_enabled=&#8221;off&#8221; button_letter_spacing__hover_enabled=&#8221;off&#8221; button_one_letter_spacing__hover_enabled=&#8221;off&#8221; button_two_letter_spacing__hover_enabled=&#8221;off&#8221; button_bg_color__hover_enabled=&#8221;off&#8221; button_one_bg_color__hover_enabled=&#8221;off&#8221; button_two_bg_color__hover_enabled=&#8221;off&#8221;][\/et_pb_button][\/et_pb_column][et_pb_column type=&#8221;1_3&#8243; _builder_version=&#8221;3.25&#8243; custom_padding=&#8221;|||&#8221; custom_padding__hover=&#8221;|||&#8221;][et_pb_blurb title=&#8221;Besteuerung&#8221; use_icon=&#8221;on&#8221; font_icon=&#8221;%%163%%&#8221; icon_placement=&#8221;left&#8221; use_icon_font_size=&#8221;on&#8221; icon_font_size=&#8221;40px&#8221; _builder_version=&#8221;4.8.1&#8243; header_font=&#8221;|700|||||||&#8221; header_line_height=&#8221;1.5em&#8221; body_font=&#8221;||||||||&#8221; custom_margin=&#8221;0px|||0px&#8221; custom_padding=&#8221;20px|20px|20px|20px&#8221; box_shadow_style=&#8221;preset1&#8243;]<\/p>\n<p>&nbsp;<\/p>\n<p>Corporate tax: 15 % flat<\/p>\n<p>Corporate tax: 3 % on some activities<\/p>\n<p>No capital gains tax<\/p>\n<p>No withholding tax on dividends<\/p>\n<p>No inheritance tax<\/p>\n<p>[\/et_pb_blurb][et_pb_video src=&#8221;https:\/\/youtu.be\/Si_pNb8W-s8&#8243; image_src=&#8221;https:\/\/pro-mauritius.com\/wp-content\/uploads\/2022\/11\/UG-5-Thumbnail.jpg&#8221; _builder_version=&#8221;4.8.1&#8243; _module_preset=&#8221;default&#8221;][\/et_pb_video][et_pb_button button_url=&#8221;https:\/\/pro-mauritius.com\/home\/steuern\/&#8221; button_text=&#8221;Mehr \u2026&#8221; button_alignment=&#8221;center&#8221; _builder_version=&#8221;4.8.1&#8243; custom_button=&#8221;on&#8221; button_text_size=&#8221;16px&#8221; button_font=&#8221;||||||||&#8221; button_text_size__hover_enabled=&#8221;off&#8221; button_one_text_size__hover_enabled=&#8221;off&#8221; button_two_text_size__hover_enabled=&#8221;off&#8221; button_text_color__hover_enabled=&#8221;off&#8221; button_one_text_color__hover_enabled=&#8221;off&#8221; button_two_text_color__hover_enabled=&#8221;off&#8221; button_border_width__hover_enabled=&#8221;off&#8221; button_one_border_width__hover_enabled=&#8221;off&#8221; button_two_border_width__hover_enabled=&#8221;off&#8221; button_border_color__hover_enabled=&#8221;off&#8221; button_one_border_color__hover_enabled=&#8221;off&#8221; button_two_border_color__hover_enabled=&#8221;off&#8221; button_border_radius__hover_enabled=&#8221;off&#8221; button_one_border_radius__hover_enabled=&#8221;off&#8221; button_two_border_radius__hover_enabled=&#8221;off&#8221; button_letter_spacing__hover_enabled=&#8221;off&#8221; button_one_letter_spacing__hover_enabled=&#8221;off&#8221; button_two_letter_spacing__hover_enabled=&#8221;off&#8221; button_bg_color__hover_enabled=&#8221;off&#8221; button_one_bg_color__hover_enabled=&#8221;off&#8221; button_two_bg_color__hover_enabled=&#8221;off&#8221;][\/et_pb_button][\/et_pb_column][et_pb_column type=&#8221;1_3&#8243; _builder_version=&#8221;3.25&#8243; custom_padding=&#8221;|||&#8221; custom_padding__hover=&#8221;|||&#8221;][et_pb_blurb title=&#8221;Gr\u00fcndung in 5 Schritten&#8221; use_icon=&#8221;on&#8221; font_icon=&#8221;%%157%%&#8221; icon_placement=&#8221;left&#8221; use_icon_font_size=&#8221;on&#8221; icon_font_size=&#8221;40px&#8221; _builder_version=&#8221;4.8.1&#8243; header_font=&#8221;|700|||||||&#8221; header_line_height=&#8221;1.5em&#8221; body_font=&#8221;||||||||&#8221; custom_margin=&#8221;0px|||0px&#8221; custom_padding=&#8221;20px|20px|20px|20px&#8221; box_shadow_style=&#8221;preset1&#8243;]<\/p>\n<p>&nbsp;<\/p>\n<p>1. Struktur festlegen<\/p>\n<p>2. Dokumente einreichen<\/p>\n<p>3. Dokumentenpr\u00fcfung und Antragstellung bei Beh\u00f6rden<\/p>\n<p>4. Original-Dokumente nach Mauritius schicken<\/p>\n<p>5. Bankkontoer\u00f6ffnung nach erfolgter Registrierung<\/p>\n<p>[\/et_pb_blurb][et_pb_video src=&#8221;https:\/\/youtu.be\/Blw1GrBJmKg&#8221; image_src=&#8221;https:\/\/pro-mauritius.com\/wp-content\/uploads\/2022\/11\/UG-6-Thumbnail.jpg&#8221; _builder_version=&#8221;4.8.1&#8243; _module_preset=&#8221;default&#8221;][\/et_pb_video][\/et_pb_column][\/et_pb_row][\/et_pb_section]<\/p>\n","protected":false},"excerpt":{"rendered":"<p>\u00a0Gr\u00fcndung von Gesellschaften in MauritiusRechtsformen und Gesellschaftsarten stehen in Mauritius in gro\u00dfer Vielfalt zur Verf\u00fcgung. Meine Partner und ich bieten innovative L\u00f6sungen an f\u00fcr institutionelle und private Investoren, Gesch\u00e4ftsinhaber, multinationale Unternehmen, Finanzinstitute und Family Offices.&nbsp; Was wollen Sie mit Ihrer Gr\u00fcndung erreichen? Welche Rechtsform bzw. Struktur passt zu Ihren Pl\u00e4nen? Einfluss Ihrer aktuellen und zuk\u00fcnftigen [&hellip;]<\/p>\n","protected":false},"author":1,"featured_media":0,"parent":0,"menu_order":0,"comment_status":"closed","ping_status":"closed","template":"","meta":{"_et_pb_use_builder":"on","_et_pb_old_content":"","_et_gb_content_width":""},"yoast_head":"<!-- This site is optimized with the Yoast SEO plugin v17.9 - https:\/\/yoast.com\/wordpress\/plugins\/seo\/ -->\n<title>Mauritius: Rechtsformen in der \u00dcbersicht - Pro Mauritius<\/title>\n<meta name=\"description\" content=\"Rechts- und Gesellschaftsformen im \u00dcberblick: Wie k\u00f6nnen wir Ihnen beim Aufbau von Strukturen in Mauritius behilflich sein?\" \/>\n<meta name=\"robots\" content=\"index, follow, max-snippet:-1, max-image-preview:large, max-video-preview:-1\" \/>\n<link rel=\"canonical\" href=\"https:\/\/pro-mauritius.com\/home\/rechtsform\/\" \/>\n<meta property=\"og:locale\" content=\"en_US\" \/>\n<meta property=\"og:type\" content=\"article\" \/>\n<meta property=\"og:title\" content=\"Mauritius: Rechtsformen in der \u00dcbersicht - Pro Mauritius\" \/>\n<meta property=\"og:description\" content=\"Rechts- und Gesellschaftsformen im \u00dcberblick: Wie k\u00f6nnen wir Ihnen beim Aufbau von Strukturen in Mauritius behilflich sein?\" \/>\n<meta property=\"og:url\" content=\"https:\/\/pro-mauritius.com\/home\/rechtsform\/\" \/>\n<meta property=\"og:site_name\" content=\"Pro Mauritius\" \/>\n<meta property=\"article:modified_time\" content=\"2022-12-01T13:21:07+00:00\" \/>\n<meta name=\"twitter:card\" content=\"summary_large_image\" \/>\n<meta name=\"twitter:label1\" content=\"Est. reading time\" \/>\n\t<meta name=\"twitter:data1\" content=\"3 minutes\" \/>\n<script type=\"application\/ld+json\" class=\"yoast-schema-graph\">{\"@context\":\"https:\/\/schema.org\",\"@graph\":[{\"@type\":\"WebSite\",\"@id\":\"https:\/\/pro-mauritius.com\/home\/#website\",\"url\":\"https:\/\/pro-mauritius.com\/home\/\",\"name\":\"Pro Mauritius\",\"description\":\"One-stop Consulting for companies, entrepreneurs and expats relocating to Mauritius\",\"potentialAction\":[{\"@type\":\"SearchAction\",\"target\":{\"@type\":\"EntryPoint\",\"urlTemplate\":\"https:\/\/pro-mauritius.com\/home\/?s={search_term_string}\"},\"query-input\":\"required name=search_term_string\"}],\"inLanguage\":\"en-US\"},{\"@type\":\"WebPage\",\"@id\":\"https:\/\/pro-mauritius.com\/home\/rechtsform\/#webpage\",\"url\":\"https:\/\/pro-mauritius.com\/home\/rechtsform\/\",\"name\":\"Mauritius: Rechtsformen in der \\u00dcbersicht - Pro Mauritius\",\"isPartOf\":{\"@id\":\"https:\/\/pro-mauritius.com\/home\/#website\"},\"datePublished\":\"2019-01-12T12:22:41+00:00\",\"dateModified\":\"2022-12-01T13:21:07+00:00\",\"description\":\"Rechts- und Gesellschaftsformen im \\u00dcberblick: Wie k\\u00f6nnen wir Ihnen beim Aufbau von Strukturen in Mauritius behilflich sein?\",\"breadcrumb\":{\"@id\":\"https:\/\/pro-mauritius.com\/home\/rechtsform\/#breadcrumb\"},\"inLanguage\":\"en-US\",\"potentialAction\":[{\"@type\":\"ReadAction\",\"target\":[\"https:\/\/pro-mauritius.com\/home\/rechtsform\/\"]}]},{\"@type\":\"BreadcrumbList\",\"@id\":\"https:\/\/pro-mauritius.com\/home\/rechtsform\/#breadcrumb\",\"itemListElement\":[{\"@type\":\"ListItem\",\"position\":1,\"name\":\"Home\",\"item\":\"https:\/\/pro-mauritius.com\/home\/\"},{\"@type\":\"ListItem\",\"position\":2,\"name\":\"Rechtsformen\"}]}]}<\/script>\n<!-- \/ Yoast SEO plugin. -->","yoast_head_json":{"title":"Mauritius: Rechtsformen in der \u00dcbersicht - Pro Mauritius","description":"Rechts- und Gesellschaftsformen im \u00dcberblick: Wie k\u00f6nnen wir Ihnen beim Aufbau von Strukturen in Mauritius behilflich sein?","robots":{"index":"index","follow":"follow","max-snippet":"max-snippet:-1","max-image-preview":"max-image-preview:large","max-video-preview":"max-video-preview:-1"},"canonical":"https:\/\/pro-mauritius.com\/home\/rechtsform\/","og_locale":"en_US","og_type":"article","og_title":"Mauritius: Rechtsformen in der \u00dcbersicht - Pro Mauritius","og_description":"Rechts- und Gesellschaftsformen im \u00dcberblick: Wie k\u00f6nnen wir Ihnen beim Aufbau von Strukturen in Mauritius behilflich sein?","og_url":"https:\/\/pro-mauritius.com\/home\/rechtsform\/","og_site_name":"Pro Mauritius","article_modified_time":"2022-12-01T13:21:07+00:00","twitter_card":"summary_large_image","twitter_misc":{"Est. reading time":"3 minutes"},"schema":{"@context":"https:\/\/schema.org","@graph":[{"@type":"WebSite","@id":"https:\/\/pro-mauritius.com\/home\/#website","url":"https:\/\/pro-mauritius.com\/home\/","name":"Pro Mauritius","description":"One-stop Consulting for companies, entrepreneurs and expats relocating to Mauritius","potentialAction":[{"@type":"SearchAction","target":{"@type":"EntryPoint","urlTemplate":"https:\/\/pro-mauritius.com\/home\/?s={search_term_string}"},"query-input":"required name=search_term_string"}],"inLanguage":"en-US"},{"@type":"WebPage","@id":"https:\/\/pro-mauritius.com\/home\/rechtsform\/#webpage","url":"https:\/\/pro-mauritius.com\/home\/rechtsform\/","name":"Mauritius: Rechtsformen in der \u00dcbersicht - Pro Mauritius","isPartOf":{"@id":"https:\/\/pro-mauritius.com\/home\/#website"},"datePublished":"2019-01-12T12:22:41+00:00","dateModified":"2022-12-01T13:21:07+00:00","description":"Rechts- und Gesellschaftsformen im \u00dcberblick: Wie k\u00f6nnen wir Ihnen beim Aufbau von Strukturen in Mauritius behilflich sein?","breadcrumb":{"@id":"https:\/\/pro-mauritius.com\/home\/rechtsform\/#breadcrumb"},"inLanguage":"en-US","potentialAction":[{"@type":"ReadAction","target":["https:\/\/pro-mauritius.com\/home\/rechtsform\/"]}]},{"@type":"BreadcrumbList","@id":"https:\/\/pro-mauritius.com\/home\/rechtsform\/#breadcrumb","itemListElement":[{"@type":"ListItem","position":1,"name":"Home","item":"https:\/\/pro-mauritius.com\/home\/"},{"@type":"ListItem","position":2,"name":"Rechtsformen"}]}]}},"_links":{"self":[{"href":"https:\/\/pro-mauritius.com\/home\/wp-json\/wp\/v2\/pages\/1336"}],"collection":[{"href":"https:\/\/pro-mauritius.com\/home\/wp-json\/wp\/v2\/pages"}],"about":[{"href":"https:\/\/pro-mauritius.com\/home\/wp-json\/wp\/v2\/types\/page"}],"author":[{"embeddable":true,"href":"https:\/\/pro-mauritius.com\/home\/wp-json\/wp\/v2\/users\/1"}],"replies":[{"embeddable":true,"href":"https:\/\/pro-mauritius.com\/home\/wp-json\/wp\/v2\/comments?post=1336"}],"version-history":[{"count":20,"href":"https:\/\/pro-mauritius.com\/home\/wp-json\/wp\/v2\/pages\/1336\/revisions"}],"predecessor-version":[{"id":4164,"href":"https:\/\/pro-mauritius.com\/home\/wp-json\/wp\/v2\/pages\/1336\/revisions\/4164"}],"wp:attachment":[{"href":"https:\/\/pro-mauritius.com\/home\/wp-json\/wp\/v2\/media?parent=1336"}],"curies":[{"name":"wp","href":"https:\/\/api.w.org\/{rel}","templated":true}]}}